{"id":1707,"date":"2023-05-10T14:53:14","date_gmt":"2023-05-10T14:53:14","guid":{"rendered":"https:\/\/www.helenharperbaby.com\/?page_id=1707"},"modified":"2023-06-22T08:29:16","modified_gmt":"2023-06-22T08:29:16","slug":"pravni-upozorneni","status":"publish","type":"page","link":"https:\/\/www.helenharperbaby.com\/cs\/pravni-upozorneni\/","title":{"rendered":"Pr\u00e1vn\u00ed upozorn\u011bn\u00ed"},"content":{"rendered":"<div class=\"wpb-content-wrapper\"><p>[vc_row][vc_column width=&#8220;1\/1&#8243;][uncode_breadcrumbs][\/vc_column][\/vc_row][vc_row row_height_percent=&#8220;0&#8243; override_padding=&#8220;yes&#8220; h_padding=&#8220;2&#8243; top_padding=&#8220;2&#8243; bottom_padding=&#8220;4&#8243; overlay_alpha=&#8220;50&#8243; gutter_size=&#8220;3&#8243; column_width_percent=&#8220;100&#8243; shift_y=&#8220;0&#8243; z_index=&#8220;0&#8243; uncode_shortcode_id=&#8220;105173&#8243;][vc_column width=&#8220;1\/1&#8243;][vc_custom_heading uncode_shortcode_id=&#8220;111273&#8243;]Pr\u00e1vn\u00ed upozorn\u011bn\u00ed[\/vc_custom_heading][vc_column_text uncode_shortcode_id=&#8220;565753&#8243;]<strong>Pr\u00e1vnick\u00e1 osoba<\/strong>: Ontex BV<\/p>\n<p><strong>Registra\u010dn\u00ed \u010d\u00edslo<\/strong>: 0419.457.296<\/p>\n<p><strong>S\u00eddlo<\/strong>:<\/p>\n<p>Genthof 5<br \/>\n9255 Buggenhout<\/p>\n<p><strong>DI\u010c<\/strong>: BE0419457296<\/p>\n<p><strong>Tel<\/strong>: \u2013 Fax: +32 53 33 36 00<br \/>\n<strong>E-mail<\/strong>: ontexinternational@ontexglobal.com<\/p>\n<p><strong>Spr\u00e1vce publikac\u00ed<\/strong>: Chiara Alleva, Marketing Manager CEE-CMF-Nordics<\/p>\n<p><strong>Hostitel webu<\/strong>:<br \/>\nWP Engine<br \/>\nIrongate House, 22-30 Duke\u2019s Place<br \/>\nLond\u00fdn, EC3A 7LP Velk\u00e1 Brit\u00e1nie[\/vc_column_text][\/vc_column][\/vc_row]<\/p>\n<\/div>","protected":false},"excerpt":{"rendered":"<p>Pod\u00edvejte se na na\u0161e pr\u00e1vn\u00ed upozorn\u011bn\u00ed.<\/p>\n","protected":false},"author":3,"featured_media":0,"parent":0,"menu_order":0,"comment_status":"closed","ping_status":"closed","template":"","meta":{"_acf_changed":false,"footnotes":""},"class_list":["post-1707","page","type-page","status-publish","hentry"],"acf":[],"yoast_head":"<!-- This site is optimized with the Yoast SEO Premium plugin v27.5 (Yoast SEO v27.5) - https:\/\/yoast.com\/product\/yoast-seo-premium-wordpress\/ -->\n<title>Pr\u00e1vn\u00ed upozorn\u011bn\u00ed &#183; Helen Harper Soft and Dry<\/title>\n<meta name=\"description\" content=\"Pod\u00edvejte se na na\u0161e pr\u00e1vn\u00ed upozorn\u011bn\u00ed.\" \/>\n<meta name=\"robots\" content=\"index, follow, max-snippet:-1, max-image-preview:large, max-video-preview:-1\" \/>\n<link rel=\"canonical\" href=\"https:\/\/www.helenharperbaby.com\/cs\/pravni-upozorneni\/\" \/>\n<meta property=\"og:locale\" content=\"cs_CZ\" \/>\n<meta property=\"og:type\" content=\"article\" \/>\n<meta property=\"og:title\" content=\"Pr\u00e1vn\u00ed upozorn\u011bn\u00ed\" \/>\n<meta property=\"og:description\" content=\"Pod\u00edvejte se na na\u0161e pr\u00e1vn\u00ed upozorn\u011bn\u00ed.\" \/>\n<meta property=\"og:url\" content=\"https:\/\/www.helenharperbaby.com\/cs\/pravni-upozorneni\/\" \/>\n<meta property=\"og:site_name\" content=\"Helen Harper Soft and Dry\" \/>\n<meta property=\"article:modified_time\" content=\"2023-06-22T08:29:16+00:00\" \/>\n<meta property=\"og:image\" content=\"https:\/\/www.helenharperbaby.com\/wp-content\/uploads\/2023\/05\/Helen_harper_soft_dry_main_image.jpg\" \/>\n\t<meta property=\"og:image:width\" content=\"1200\" \/>\n\t<meta property=\"og:image:height\" content=\"675\" \/>\n\t<meta property=\"og:image:type\" content=\"image\/jpeg\" \/>\n<meta name=\"twitter:card\" content=\"summary_large_image\" \/>\n<meta name=\"twitter:label1\" content=\"Odhadovan\u00e1 doba \u010dten\u00ed\" \/>\n\t<meta name=\"twitter:data1\" content=\"1 minuta\" \/>\n<script type=\"application\/ld+json\" class=\"yoast-schema-graph\">{\"@context\":\"https:\\\/\\\/schema.org\",\"@graph\":[{\"@type\":\"WebPage\",\"@id\":\"https:\\\/\\\/www.helenharperbaby.com\\\/cs\\\/pravni-upozorneni\\\/\",\"url\":\"https:\\\/\\\/www.helenharperbaby.com\\\/cs\\\/pravni-upozorneni\\\/\",\"name\":\"Pr\u00e1vn\u00ed upozorn\u011bn\u00ed &#183; Helen Harper Soft and Dry\",\"isPartOf\":{\"@id\":\"https:\\\/\\\/www.helenharperbaby.com\\\/cs\\\/#website\"},\"datePublished\":\"2023-05-10T14:53:14+00:00\",\"dateModified\":\"2023-06-22T08:29:16+00:00\",\"description\":\"Pod\u00edvejte se na na\u0161e pr\u00e1vn\u00ed upozorn\u011bn\u00ed.\",\"breadcrumb\":{\"@id\":\"https:\\\/\\\/www.helenharperbaby.com\\\/cs\\\/pravni-upozorneni\\\/#breadcrumb\"},\"inLanguage\":\"cs\",\"potentialAction\":[{\"@type\":\"ReadAction\",\"target\":[\"https:\\\/\\\/www.helenharperbaby.com\\\/cs\\\/pravni-upozorneni\\\/\"]}]},{\"@type\":\"BreadcrumbList\",\"@id\":\"https:\\\/\\\/www.helenharperbaby.com\\\/cs\\\/pravni-upozorneni\\\/#breadcrumb\",\"itemListElement\":[{\"@type\":\"ListItem\",\"position\":1,\"name\":\"Home\",\"item\":\"https:\\\/\\\/www.helenharperbaby.com\\\/cs\\\/\"},{\"@type\":\"ListItem\",\"position\":2,\"name\":\"Pr\u00e1vn\u00ed upozorn\u011bn\u00ed\"}]},{\"@type\":\"WebSite\",\"@id\":\"https:\\\/\\\/www.helenharperbaby.com\\\/cs\\\/#website\",\"url\":\"https:\\\/\\\/www.helenharperbaby.com\\\/cs\\\/\",\"name\":\"Helen Harper Baby\",\"description\":\"For moments of pure happiness.\",\"publisher\":{\"@id\":\"https:\\\/\\\/www.helenharperbaby.com\\\/cs\\\/#organization\"},\"potentialAction\":[{\"@type\":\"SearchAction\",\"target\":{\"@type\":\"EntryPoint\",\"urlTemplate\":\"https:\\\/\\\/www.helenharperbaby.com\\\/cs\\\/?s={search_term_string}\"},\"query-input\":{\"@type\":\"PropertyValueSpecification\",\"valueRequired\":true,\"valueName\":\"search_term_string\"}}],\"inLanguage\":\"cs\"},{\"@type\":\"Organization\",\"@id\":\"https:\\\/\\\/www.helenharperbaby.com\\\/cs\\\/#organization\",\"name\":\"Helen Harper Baby\",\"url\":\"https:\\\/\\\/www.helenharperbaby.com\\\/cs\\\/\",\"logo\":{\"@type\":\"ImageObject\",\"inLanguage\":\"cs\",\"@id\":\"https:\\\/\\\/www.helenharperbaby.com\\\/cs\\\/#\\\/schema\\\/logo\\\/image\\\/\",\"url\":\"https:\\\/\\\/www.helenharperbaby.com\\\/wp-content\\\/uploads\\\/2023\\\/04\\\/hh-logo.png\",\"contentUrl\":\"https:\\\/\\\/www.helenharperbaby.com\\\/wp-content\\\/uploads\\\/2023\\\/04\\\/hh-logo.png\",\"width\":350,\"height\":227,\"caption\":\"Helen Harper Baby\"},\"image\":{\"@id\":\"https:\\\/\\\/www.helenharperbaby.com\\\/cs\\\/#\\\/schema\\\/logo\\\/image\\\/\"}}]}<\/script>\n<!-- \/ Yoast SEO Premium plugin. -->","yoast_head_json":{"title":"Pr\u00e1vn\u00ed upozorn\u011bn\u00ed &#183; Helen Harper Soft and Dry","description":"Pod\u00edvejte se na na\u0161e pr\u00e1vn\u00ed upozorn\u011bn\u00ed.","robots":{"index":"index","follow":"follow","max-snippet":"max-snippet:-1","max-image-preview":"max-image-preview:large","max-video-preview":"max-video-preview:-1"},"canonical":"https:\/\/www.helenharperbaby.com\/cs\/pravni-upozorneni\/","og_locale":"cs_CZ","og_type":"article","og_title":"Pr\u00e1vn\u00ed upozorn\u011bn\u00ed","og_description":"Pod\u00edvejte se na na\u0161e pr\u00e1vn\u00ed upozorn\u011bn\u00ed.","og_url":"https:\/\/www.helenharperbaby.com\/cs\/pravni-upozorneni\/","og_site_name":"Helen Harper Soft and Dry","article_modified_time":"2023-06-22T08:29:16+00:00","og_image":[{"width":1200,"height":675,"url":"https:\/\/www.helenharperbaby.com\/wp-content\/uploads\/2023\/05\/Helen_harper_soft_dry_main_image.jpg","type":"image\/jpeg"}],"twitter_card":"summary_large_image","twitter_misc":{"Odhadovan\u00e1 doba \u010dten\u00ed":"1 minuta"},"schema":{"@context":"https:\/\/schema.org","@graph":[{"@type":"WebPage","@id":"https:\/\/www.helenharperbaby.com\/cs\/pravni-upozorneni\/","url":"https:\/\/www.helenharperbaby.com\/cs\/pravni-upozorneni\/","name":"Pr\u00e1vn\u00ed upozorn\u011bn\u00ed &#183; Helen Harper Soft and Dry","isPartOf":{"@id":"https:\/\/www.helenharperbaby.com\/cs\/#website"},"datePublished":"2023-05-10T14:53:14+00:00","dateModified":"2023-06-22T08:29:16+00:00","description":"Pod\u00edvejte se na na\u0161e pr\u00e1vn\u00ed upozorn\u011bn\u00ed.","breadcrumb":{"@id":"https:\/\/www.helenharperbaby.com\/cs\/pravni-upozorneni\/#breadcrumb"},"inLanguage":"cs","potentialAction":[{"@type":"ReadAction","target":["https:\/\/www.helenharperbaby.com\/cs\/pravni-upozorneni\/"]}]},{"@type":"BreadcrumbList","@id":"https:\/\/www.helenharperbaby.com\/cs\/pravni-upozorneni\/#breadcrumb","itemListElement":[{"@type":"ListItem","position":1,"name":"Home","item":"https:\/\/www.helenharperbaby.com\/cs\/"},{"@type":"ListItem","position":2,"name":"Pr\u00e1vn\u00ed upozorn\u011bn\u00ed"}]},{"@type":"WebSite","@id":"https:\/\/www.helenharperbaby.com\/cs\/#website","url":"https:\/\/www.helenharperbaby.com\/cs\/","name":"Helen Harper Baby","description":"For moments of pure happiness.","publisher":{"@id":"https:\/\/www.helenharperbaby.com\/cs\/#organization"},"potentialAction":[{"@type":"SearchAction","target":{"@type":"EntryPoint","urlTemplate":"https:\/\/www.helenharperbaby.com\/cs\/?s={search_term_string}"},"query-input":{"@type":"PropertyValueSpecification","valueRequired":true,"valueName":"search_term_string"}}],"inLanguage":"cs"},{"@type":"Organization","@id":"https:\/\/www.helenharperbaby.com\/cs\/#organization","name":"Helen Harper Baby","url":"https:\/\/www.helenharperbaby.com\/cs\/","logo":{"@type":"ImageObject","inLanguage":"cs","@id":"https:\/\/www.helenharperbaby.com\/cs\/#\/schema\/logo\/image\/","url":"https:\/\/www.helenharperbaby.com\/wp-content\/uploads\/2023\/04\/hh-logo.png","contentUrl":"https:\/\/www.helenharperbaby.com\/wp-content\/uploads\/2023\/04\/hh-logo.png","width":350,"height":227,"caption":"Helen Harper Baby"},"image":{"@id":"https:\/\/www.helenharperbaby.com\/cs\/#\/schema\/logo\/image\/"}}]}},"_links":{"self":[{"href":"https:\/\/www.helenharperbaby.com\/cs\/wp-json\/wp\/v2\/pages\/1707","targetHints":{"allow":["GET"]}}],"collection":[{"href":"https:\/\/www.helenharperbaby.com\/cs\/wp-json\/wp\/v2\/pages"}],"about":[{"href":"https:\/\/www.helenharperbaby.com\/cs\/wp-json\/wp\/v2\/types\/page"}],"author":[{"embeddable":true,"href":"https:\/\/www.helenharperbaby.com\/cs\/wp-json\/wp\/v2\/users\/3"}],"replies":[{"embeddable":true,"href":"https:\/\/www.helenharperbaby.com\/cs\/wp-json\/wp\/v2\/comments?post=1707"}],"version-history":[{"count":0,"href":"https:\/\/www.helenharperbaby.com\/cs\/wp-json\/wp\/v2\/pages\/1707\/revisions"}],"wp:attachment":[{"href":"https:\/\/www.helenharperbaby.com\/cs\/wp-json\/wp\/v2\/media?parent=1707"}],"curies":[{"name":"wp","href":"https:\/\/api.w.org\/{rel}","templated":true}]}}