{"id":1848,"date":"2023-04-25T17:59:56","date_gmt":"2023-04-25T17:59:56","guid":{"rendered":"https:\/\/www.helenharperbaby.com\/?page_id=1848"},"modified":"2023-06-22T06:55:49","modified_gmt":"2023-06-22T06:55:49","slug":"kde-koupit","status":"publish","type":"page","link":"https:\/\/www.helenharperbaby.com\/cs\/kde-koupit\/","title":{"rendered":"Kde koupit"},"content":{"rendered":"<div class=\"wpb-content-wrapper\"><p>[vc_row][vc_column width=&#8220;1\/1&#8243;][uncode_breadcrumbs][\/vc_column][\/vc_row][vc_row row_height_percent=&#8220;0&#8243; overlay_alpha=&#8220;50&#8243; gutter_size=&#8220;3&#8243; column_width_percent=&#8220;100&#8243; shift_y=&#8220;0&#8243; z_index=&#8220;0&#8243; uncode_shortcode_id=&#8220;187334&#8243;][vc_column column_width_percent=&#8220;100&#8243; align_horizontal=&#8220;align_center&#8220; gutter_size=&#8220;3&#8243; overlay_alpha=&#8220;50&#8243; shift_x=&#8220;0&#8243; shift_y=&#8220;0&#8243; shift_y_down=&#8220;0&#8243; z_index=&#8220;0&#8243; medium_width=&#8220;0&#8243; mobile_width=&#8220;0&#8243; width=&#8220;1\/1&#8243; uncode_shortcode_id=&#8220;531639&#8243;][vc_custom_heading text_size=&#8220;h1&#8243; uncode_shortcode_id=&#8220;170966&#8243; el_class=&#8220;center page-title&#8220;]KDE KOUPIT ONLINE[\/vc_custom_heading][\/vc_column][\/vc_row][vc_row row_height_percent=&#8220;0&#8243; override_padding=&#8220;yes&#8220; h_padding=&#8220;2&#8243; top_padding=&#8220;2&#8243; bottom_padding=&#8220;2&#8243; overlay_alpha=&#8220;50&#8243; gutter_size=&#8220;3&#8243; column_width_percent=&#8220;100&#8243; shift_y=&#8220;0&#8243; z_index=&#8220;0&#8243; uncode_shortcode_id=&#8220;179945&#8243; el_id=&#8220;hh-stores-block&#8220;][vc_column column_width_percent=&#8220;100&#8243; align_horizontal=&#8220;align_center&#8220; gutter_size=&#8220;3&#8243; overlay_alpha=&#8220;50&#8243; shift_x=&#8220;0&#8243; shift_y=&#8220;0&#8243; shift_y_down=&#8220;0&#8243; z_index=&#8220;0&#8243; medium_width=&#8220;0&#8243; mobile_width=&#8220;0&#8243; width=&#8220;1\/1&#8243; uncode_shortcode_id=&#8220;173502&#8243; el_class=&#8220;baby-club-bg hh-card-boxes&#8220;][vc_row_inner row_inner_height_percent=&#8220;0&#8243; overlay_alpha=&#8220;50&#8243; equal_height=&#8220;yes&#8220; gutter_size=&#8220;3&#8243; shift_y=&#8220;0&#8243; z_index=&#8220;0&#8243; uncode_shortcode_id=&#8220;211548&#8243;][vc_column_inner column_width_percent=&#8220;100&#8243; position_vertical=&#8220;middle&#8220; align_horizontal=&#8220;align_center&#8220; gutter_size=&#8220;3&#8243; overlay_alpha=&#8220;50&#8243; shift_x=&#8220;0&#8243; shift_y=&#8220;0&#8243; shift_y_down=&#8220;0&#8243; z_index=&#8220;0&#8243; medium_width=&#8220;0&#8243; mobile_width=&#8220;0&#8243; width=&#8220;1\/2&#8243; uncode_shortcode_id=&#8220;108468&#8243; el_class=&#8220;hh-card&#8220;][vc_single_image media=&#8220;2013&#8243; media_width_percent=&#8220;100&#8243; uncode_shortcode_id=&#8220;931119&#8243;][vc_custom_heading text_color=&#8220;color-nhtu&#8220; heading_semantic=&#8220;div&#8220; text_size=&#8220;h4&#8243; uncode_shortcode_id=&#8220;250982&#8243; text_color_type=&#8220;uncode-palette&#8220; el_class=&#8220;m-0&#8243;]Bezvaplenky[\/vc_custom_heading][vc_button button_color=&#8220;color-magenta&#8220; radius=&#8220;btn-round&#8220; hover_fx=&#8220;full-colored&#8220; border_width=&#8220;0&#8243; icon_position=&#8220;right&#8220; scale_mobile=&#8220;no&#8220; link=&#8220;url:https%3A%2F%2Fwww.bezvaplenky.cz%2F%20|title:Bezvaplenky|target:_blank|rel:nofollow&#8220; el_class=&#8220;hh-btn-secondary hh-btn center btn-lowercase&#8220; uncode_shortcode_id=&#8220;125628&#8243; button_color_type=&#8220;uncode-palette&#8220; icon=&#8220;fa fa-chevron-right3&#8243;]Nav\u0161tiv web[\/vc_button][\/vc_column_inner][vc_column_inner column_width_percent=&#8220;100&#8243; position_vertical=&#8220;middle&#8220; align_horizontal=&#8220;align_center&#8220; gutter_size=&#8220;3&#8243; overlay_alpha=&#8220;50&#8243; shift_x=&#8220;0&#8243; shift_y=&#8220;0&#8243; shift_y_down=&#8220;0&#8243; z_index=&#8220;0&#8243; medium_width=&#8220;0&#8243; mobile_width=&#8220;0&#8243; width=&#8220;1\/2&#8243; uncode_shortcode_id=&#8220;114738&#8243; el_class=&#8220;hh-card&#8220;][vc_single_image media=&#8220;2019&#8243; media_width_percent=&#8220;100&#8243; uncode_shortcode_id=&#8220;160506&#8243;][vc_custom_heading text_color=&#8220;color-nhtu&#8220; heading_semantic=&#8220;div&#8220; text_size=&#8220;h4&#8243; uncode_shortcode_id=&#8220;822225&#8243; text_color_type=&#8220;uncode-palette&#8220; el_class=&#8220;m-0&#8243;]Bonaple[\/vc_custom_heading][vc_button button_color=&#8220;color-magenta&#8220; radius=&#8220;btn-round&#8220; hover_fx=&#8220;full-colored&#8220; border_width=&#8220;0&#8243; icon_position=&#8220;right&#8220; scale_mobile=&#8220;no&#8220; link=&#8220;url:https%3A%2F%2Fwww.bonaple.hu|title:Bonaple|target:_blank|rel:nofollow&#8220; el_class=&#8220;hh-btn-secondary hh-btn center btn-lowercase&#8220; uncode_shortcode_id=&#8220;771231&#8243; button_color_type=&#8220;uncode-palette&#8220; icon=&#8220;fa fa-chevron-right3&#8243;]Nav\u0161tiv web[\/vc_button][\/vc_column_inner][\/vc_row_inner][vc_empty_space empty_h=&#8220;4&#8243;][\/vc_column][\/vc_row]<\/p>\n<\/div>","protected":false},"excerpt":{"rendered":"<p>Pod\u00edvej se, kter\u00e9 m\u00edsto je pro tv\u016fj n\u00e1kup produkt\u016f Helen Harper v prodejn\u011b nebo online nejlep\u0161\u00ed. Kontaktuj n\u00e1s, pokud pot\u0159ebuje\u0161 pomoci s hled\u00e1n\u00edm nejbli\u017e\u0161\u00ed prodejny.<\/p>\n","protected":false},"author":2,"featured_media":0,"parent":0,"menu_order":0,"comment_status":"closed","ping_status":"closed","template":"","meta":{"_acf_changed":false,"footnotes":""},"class_list":["post-1848","page","type-page","status-publish","hentry"],"acf":[],"yoast_head":"<!-- This site is optimized with the Yoast SEO Premium plugin v27.3 (Yoast SEO v27.3) - https:\/\/yoast.com\/product\/yoast-seo-premium-wordpress\/ -->\n<title>Kde koupit &#183; Helen Harper Soft and Dry<\/title>\n<meta name=\"description\" content=\"Pod\u00edvej se, kter\u00e9 m\u00edsto je pro tv\u016fj n\u00e1kup produkt\u016f Helen Harper v prodejn\u011b nebo online nejlep\u0161\u00ed. Kontaktuj n\u00e1s, pokud pot\u0159ebuje\u0161 pomoci s hled\u00e1n\u00edm nejbli\u017e\u0161\u00ed prodejny.\" \/>\n<meta name=\"robots\" content=\"index, follow, max-snippet:-1, max-image-preview:large, max-video-preview:-1\" \/>\n<link rel=\"canonical\" href=\"https:\/\/www.helenharperbaby.com\/cs\/kde-koupit\/\" \/>\n<meta property=\"og:locale\" content=\"cs_CZ\" \/>\n<meta property=\"og:type\" content=\"article\" \/>\n<meta property=\"og:title\" content=\"Kde koupit\" \/>\n<meta property=\"og:description\" content=\"Pod\u00edvej se, kter\u00e9 m\u00edsto je pro tv\u016fj n\u00e1kup produkt\u016f Helen Harper v prodejn\u011b nebo online nejlep\u0161\u00ed. Kontaktuj n\u00e1s, pokud pot\u0159ebuje\u0161 pomoci s hled\u00e1n\u00edm nejbli\u017e\u0161\u00ed prodejny.\" \/>\n<meta property=\"og:url\" content=\"https:\/\/www.helenharperbaby.com\/cs\/kde-koupit\/\" \/>\n<meta property=\"og:site_name\" content=\"Helen Harper Soft and Dry\" \/>\n<meta property=\"article:modified_time\" content=\"2023-06-22T06:55:49+00:00\" \/>\n<meta property=\"og:image\" content=\"https:\/\/www.helenharperbaby.com\/wp-content\/uploads\/2023\/05\/Helen_harper_soft_dry_main_image.jpg\" \/>\n\t<meta property=\"og:image:width\" content=\"1200\" \/>\n\t<meta property=\"og:image:height\" content=\"675\" \/>\n\t<meta property=\"og:image:type\" content=\"image\/jpeg\" \/>\n<meta name=\"twitter:card\" content=\"summary_large_image\" \/>\n<meta name=\"twitter:label1\" content=\"Odhadovan\u00e1 doba \u010dten\u00ed\" \/>\n\t<meta name=\"twitter:data1\" content=\"1 minuta\" \/>\n<script type=\"application\/ld+json\" class=\"yoast-schema-graph\">{\"@context\":\"https:\\\/\\\/schema.org\",\"@graph\":[{\"@type\":\"WebPage\",\"@id\":\"https:\\\/\\\/www.helenharperbaby.com\\\/cs\\\/kde-koupit\\\/\",\"url\":\"https:\\\/\\\/www.helenharperbaby.com\\\/cs\\\/kde-koupit\\\/\",\"name\":\"Kde koupit &#183; Helen Harper Soft and Dry\",\"isPartOf\":{\"@id\":\"https:\\\/\\\/www.helenharperbaby.com\\\/cs\\\/#website\"},\"datePublished\":\"2023-04-25T17:59:56+00:00\",\"dateModified\":\"2023-06-22T06:55:49+00:00\",\"description\":\"Pod\u00edvej se, kter\u00e9 m\u00edsto je pro tv\u016fj n\u00e1kup produkt\u016f Helen Harper v prodejn\u011b nebo online nejlep\u0161\u00ed. Kontaktuj n\u00e1s, pokud pot\u0159ebuje\u0161 pomoci s hled\u00e1n\u00edm nejbli\u017e\u0161\u00ed prodejny.\",\"breadcrumb\":{\"@id\":\"https:\\\/\\\/www.helenharperbaby.com\\\/cs\\\/kde-koupit\\\/#breadcrumb\"},\"inLanguage\":\"cs\",\"potentialAction\":[{\"@type\":\"ReadAction\",\"target\":[\"https:\\\/\\\/www.helenharperbaby.com\\\/cs\\\/kde-koupit\\\/\"]}]},{\"@type\":\"BreadcrumbList\",\"@id\":\"https:\\\/\\\/www.helenharperbaby.com\\\/cs\\\/kde-koupit\\\/#breadcrumb\",\"itemListElement\":[{\"@type\":\"ListItem\",\"position\":1,\"name\":\"Home\",\"item\":\"https:\\\/\\\/www.helenharperbaby.com\\\/cs\\\/\"},{\"@type\":\"ListItem\",\"position\":2,\"name\":\"Kde koupit\"}]},{\"@type\":\"WebSite\",\"@id\":\"https:\\\/\\\/www.helenharperbaby.com\\\/cs\\\/#website\",\"url\":\"https:\\\/\\\/www.helenharperbaby.com\\\/cs\\\/\",\"name\":\"Helen Harper Baby\",\"description\":\"For moments of pure happiness.\",\"publisher\":{\"@id\":\"https:\\\/\\\/www.helenharperbaby.com\\\/cs\\\/#organization\"},\"potentialAction\":[{\"@type\":\"SearchAction\",\"target\":{\"@type\":\"EntryPoint\",\"urlTemplate\":\"https:\\\/\\\/www.helenharperbaby.com\\\/cs\\\/?s={search_term_string}\"},\"query-input\":{\"@type\":\"PropertyValueSpecification\",\"valueRequired\":true,\"valueName\":\"search_term_string\"}}],\"inLanguage\":\"cs\"},{\"@type\":\"Organization\",\"@id\":\"https:\\\/\\\/www.helenharperbaby.com\\\/cs\\\/#organization\",\"name\":\"Helen Harper Baby\",\"url\":\"https:\\\/\\\/www.helenharperbaby.com\\\/cs\\\/\",\"logo\":{\"@type\":\"ImageObject\",\"inLanguage\":\"cs\",\"@id\":\"https:\\\/\\\/www.helenharperbaby.com\\\/cs\\\/#\\\/schema\\\/logo\\\/image\\\/\",\"url\":\"https:\\\/\\\/www.helenharperbaby.com\\\/wp-content\\\/uploads\\\/2023\\\/04\\\/hh-logo.png\",\"contentUrl\":\"https:\\\/\\\/www.helenharperbaby.com\\\/wp-content\\\/uploads\\\/2023\\\/04\\\/hh-logo.png\",\"width\":350,\"height\":227,\"caption\":\"Helen Harper Baby\"},\"image\":{\"@id\":\"https:\\\/\\\/www.helenharperbaby.com\\\/cs\\\/#\\\/schema\\\/logo\\\/image\\\/\"}}]}<\/script>\n<!-- \/ Yoast SEO Premium plugin. -->","yoast_head_json":{"title":"Kde koupit &#183; Helen Harper Soft and Dry","description":"Pod\u00edvej se, kter\u00e9 m\u00edsto je pro tv\u016fj n\u00e1kup produkt\u016f Helen Harper v prodejn\u011b nebo online nejlep\u0161\u00ed. Kontaktuj n\u00e1s, pokud pot\u0159ebuje\u0161 pomoci s hled\u00e1n\u00edm nejbli\u017e\u0161\u00ed prodejny.","robots":{"index":"index","follow":"follow","max-snippet":"max-snippet:-1","max-image-preview":"max-image-preview:large","max-video-preview":"max-video-preview:-1"},"canonical":"https:\/\/www.helenharperbaby.com\/cs\/kde-koupit\/","og_locale":"cs_CZ","og_type":"article","og_title":"Kde koupit","og_description":"Pod\u00edvej se, kter\u00e9 m\u00edsto je pro tv\u016fj n\u00e1kup produkt\u016f Helen Harper v prodejn\u011b nebo online nejlep\u0161\u00ed. Kontaktuj n\u00e1s, pokud pot\u0159ebuje\u0161 pomoci s hled\u00e1n\u00edm nejbli\u017e\u0161\u00ed prodejny.","og_url":"https:\/\/www.helenharperbaby.com\/cs\/kde-koupit\/","og_site_name":"Helen Harper Soft and Dry","article_modified_time":"2023-06-22T06:55:49+00:00","og_image":[{"width":1200,"height":675,"url":"https:\/\/www.helenharperbaby.com\/wp-content\/uploads\/2023\/05\/Helen_harper_soft_dry_main_image.jpg","type":"image\/jpeg"}],"twitter_card":"summary_large_image","twitter_misc":{"Odhadovan\u00e1 doba \u010dten\u00ed":"1 minuta"},"schema":{"@context":"https:\/\/schema.org","@graph":[{"@type":"WebPage","@id":"https:\/\/www.helenharperbaby.com\/cs\/kde-koupit\/","url":"https:\/\/www.helenharperbaby.com\/cs\/kde-koupit\/","name":"Kde koupit &#183; Helen Harper Soft and Dry","isPartOf":{"@id":"https:\/\/www.helenharperbaby.com\/cs\/#website"},"datePublished":"2023-04-25T17:59:56+00:00","dateModified":"2023-06-22T06:55:49+00:00","description":"Pod\u00edvej se, kter\u00e9 m\u00edsto je pro tv\u016fj n\u00e1kup produkt\u016f Helen Harper v prodejn\u011b nebo online nejlep\u0161\u00ed. Kontaktuj n\u00e1s, pokud pot\u0159ebuje\u0161 pomoci s hled\u00e1n\u00edm nejbli\u017e\u0161\u00ed prodejny.","breadcrumb":{"@id":"https:\/\/www.helenharperbaby.com\/cs\/kde-koupit\/#breadcrumb"},"inLanguage":"cs","potentialAction":[{"@type":"ReadAction","target":["https:\/\/www.helenharperbaby.com\/cs\/kde-koupit\/"]}]},{"@type":"BreadcrumbList","@id":"https:\/\/www.helenharperbaby.com\/cs\/kde-koupit\/#breadcrumb","itemListElement":[{"@type":"ListItem","position":1,"name":"Home","item":"https:\/\/www.helenharperbaby.com\/cs\/"},{"@type":"ListItem","position":2,"name":"Kde koupit"}]},{"@type":"WebSite","@id":"https:\/\/www.helenharperbaby.com\/cs\/#website","url":"https:\/\/www.helenharperbaby.com\/cs\/","name":"Helen Harper Baby","description":"For moments of pure happiness.","publisher":{"@id":"https:\/\/www.helenharperbaby.com\/cs\/#organization"},"potentialAction":[{"@type":"SearchAction","target":{"@type":"EntryPoint","urlTemplate":"https:\/\/www.helenharperbaby.com\/cs\/?s={search_term_string}"},"query-input":{"@type":"PropertyValueSpecification","valueRequired":true,"valueName":"search_term_string"}}],"inLanguage":"cs"},{"@type":"Organization","@id":"https:\/\/www.helenharperbaby.com\/cs\/#organization","name":"Helen Harper Baby","url":"https:\/\/www.helenharperbaby.com\/cs\/","logo":{"@type":"ImageObject","inLanguage":"cs","@id":"https:\/\/www.helenharperbaby.com\/cs\/#\/schema\/logo\/image\/","url":"https:\/\/www.helenharperbaby.com\/wp-content\/uploads\/2023\/04\/hh-logo.png","contentUrl":"https:\/\/www.helenharperbaby.com\/wp-content\/uploads\/2023\/04\/hh-logo.png","width":350,"height":227,"caption":"Helen Harper Baby"},"image":{"@id":"https:\/\/www.helenharperbaby.com\/cs\/#\/schema\/logo\/image\/"}}]}},"_links":{"self":[{"href":"https:\/\/www.helenharperbaby.com\/cs\/wp-json\/wp\/v2\/pages\/1848","targetHints":{"allow":["GET"]}}],"collection":[{"href":"https:\/\/www.helenharperbaby.com\/cs\/wp-json\/wp\/v2\/pages"}],"about":[{"href":"https:\/\/www.helenharperbaby.com\/cs\/wp-json\/wp\/v2\/types\/page"}],"author":[{"embeddable":true,"href":"https:\/\/www.helenharperbaby.com\/cs\/wp-json\/wp\/v2\/users\/2"}],"replies":[{"embeddable":true,"href":"https:\/\/www.helenharperbaby.com\/cs\/wp-json\/wp\/v2\/comments?post=1848"}],"version-history":[{"count":0,"href":"https:\/\/www.helenharperbaby.com\/cs\/wp-json\/wp\/v2\/pages\/1848\/revisions"}],"wp:attachment":[{"href":"https:\/\/www.helenharperbaby.com\/cs\/wp-json\/wp\/v2\/media?parent=1848"}],"curies":[{"name":"wp","href":"https:\/\/api.w.org\/{rel}","templated":true}]}}