{"id":1993,"date":"2023-05-10T14:53:23","date_gmt":"2023-05-10T14:53:23","guid":{"rendered":"https:\/\/www.helenharperbaby.com\/?page_id=1993"},"modified":"2023-06-22T08:28:28","modified_gmt":"2023-06-22T08:28:28","slug":"zasady-pouzivani-souboru-cookie","status":"publish","type":"page","link":"https:\/\/www.helenharperbaby.com\/cs\/zasady-pouzivani-souboru-cookie\/","title":{"rendered":"Z\u00e1sady pou\u017e\u00edv\u00e1n\u00ed soubor\u016f cookie"},"content":{"rendered":"<div class=\"wpb-content-wrapper\"><p>[vc_row][vc_column width=&#8220;1\/1&#8243;][uncode_breadcrumbs][\/vc_column][\/vc_row][vc_row row_height_percent=&#8220;0&#8243; override_padding=&#8220;yes&#8220; h_padding=&#8220;2&#8243; top_padding=&#8220;2&#8243; bottom_padding=&#8220;4&#8243; overlay_alpha=&#8220;50&#8243; gutter_size=&#8220;3&#8243; column_width_percent=&#8220;100&#8243; shift_y=&#8220;0&#8243; z_index=&#8220;0&#8243; uncode_shortcode_id=&#8220;171431&#8243;][vc_column width=&#8220;1\/1&#8243;][vc_custom_heading uncode_shortcode_id=&#8220;789043&#8243;]Z\u00e1sady pou\u017e\u00edv\u00e1n\u00ed soubor\u016f cookie [\/vc_custom_heading][vc_column_text uncode_shortcode_id=&#8220;213528&#8243;]Tento web pou\u017e\u00edv\u00e1 soubory cookie. Tyto z\u00e1sady poskytuj\u00ed informace o tom, pro\u010d pou\u017e\u00edv\u00e1me soubory cookie a jak je m\u016f\u017eete spravovat.<\/p>\n<p><strong>Co je soubor cookie?<\/strong><br \/>\n\u201eCookie\u201c je soubor omezen\u00e9 velikosti, kter\u00fd se obecn\u011b skl\u00e1d\u00e1 z p\u00edsmen a \u010d\u00edslic a je odes\u00edl\u00e1n internetov\u00fdm serverem do souboru cookie prohl\u00ed\u017ee\u010de um\u00edst\u011bn\u00e9ho na pevn\u00e9m disku va\u0161eho po\u010d\u00edta\u010de (nebo jin\u00e9ho za\u0159\u00edzen\u00ed p\u0159ipojen\u00e9ho k internetu, nap\u0159. smartphonu nebo tabletu), kdy\u017e si prohl\u00ed\u017e\u00edte tento web.<\/p>\n<p>Soubor cookie obecn\u011b obsahuje n\u00e1zev webov\u00e9 str\u00e1nky, ze kter\u00e9 poch\u00e1z\u00ed, sv\u016fj \u017eivotn\u00ed cyklus (dobu, po kterou z\u016fst\u00e1v\u00e1 ve va\u0161em za\u0159\u00edzen\u00ed) a hodnotu, kterou je obecn\u011b n\u00e1hodn\u011b generovan\u00e9 jedine\u010dn\u00e9 \u010d\u00edslo.<\/p>\n<p>Pou\u017eity mohou b\u00fdt dva typy soubor\u016f cookie: do\u010dasn\u00e9 soubory cookie a trval\u00e9 soubory cookie. Do\u010dasn\u00e9 soubory cookie se na konci relace prohl\u00ed\u017een\u00ed automaticky vyma\u017eou. Trval\u00e9 soubory cookie z\u016fst\u00e1vaj\u00ed ve va\u0161em za\u0159\u00edzen\u00ed d\u00e9le, po dobu, kter\u00e1 je specifick\u00e1 pro ka\u017ed\u00fd soubor cookie, a z\u016fst\u00e1vaj\u00ed v platnosti a\u017e do data vypr\u0161en\u00ed jejich platnosti (pokud je u\u017eivatel p\u0159edem nevyma\u017ee).<\/p>\n<p>Soubory cookie mohou b\u00fdt pou\u017e\u00edv\u00e1ny webov\u00fdmi servery k identifikaci a sledov\u00e1n\u00ed u\u017eivatel\u016f p\u0159i proch\u00e1zen\u00ed r\u016fzn\u00fdch str\u00e1nek webu a k identifikaci u\u017eivatel\u016f, kte\u0159\u00ed se na jejich web vracej\u00ed.<\/p>\n<p>Soubory cookie neobsahuj\u00ed informace, kter\u00e9 umo\u017e\u0148uj\u00ed va\u0161i osobn\u00ed identifikaci, ale n\u011bkter\u00e9 osobn\u00ed \u00fadaje o v\u00e1s, kter\u00e9 spole\u010dnost ukl\u00e1d\u00e1, mohou souviset s informacemi ulo\u017een\u00fdmi v souborech cookie a z nich obdr\u017een\u00fdmi. Dal\u0161\u00ed informace o tom, jak jsou va\u0161e osobn\u00ed \u00fadaje zpracov\u00e1v\u00e1ny, naleznete v na\u0161ich Z\u00e1sad\u00e1ch ochrany osobn\u00edch \u00fadaj\u016f.<\/p>\n<p><strong>Pro\u010d tento web pou\u017e\u00edv\u00e1 soubory cookie? <\/strong><br \/>\nMnoho soubor\u016f cookie z tohoto webu prov\u00e1d\u00ed z\u00e1kladn\u00ed funkce nebo slu\u017eby, kter\u00e9 jste po\u017eadovali, nebo n\u00e1m umo\u017e\u0148uj\u00ed zajistit bezpe\u010dnost, jak je uvedeno v tabulce n\u00ed\u017ee.<\/p>\n<p>Spole\u010dnost Ontex a jej\u00ed dodavatel\u00e9 slu\u017eeb mohou pou\u017e\u00edvat soubory cookie ke shroma\u017e\u010fov\u00e1n\u00ed souhrnn\u00fdch dat, aby zajistili \u0159\u00e1dnou spr\u00e1vu sv\u00fdch web\u016f a zlep\u0161ili jejich prohl\u00ed\u017een\u00ed. Tato za\u0159\u00edzen\u00ed m\u016f\u017eeme pou\u017e\u00edt ke sledov\u00e1n\u00ed informac\u00ed v na\u0161ich syst\u00e9mech a identifikaci kategori\u00ed n\u00e1v\u0161t\u011bvn\u00edk\u016f podle prvk\u016f, jako je IP adresa, dom\u00e9na, typ prohl\u00ed\u017ee\u010de a prohl\u00ed\u017een\u00e9 str\u00e1nky. Tyto informace jsou p\u0159ed\u00e1v\u00e1ny na\u0161im webmaster\u016fm, kte\u0159\u00ed je pou\u017e\u00edvaj\u00ed k anal\u00fdze po\u010dtu n\u00e1v\u0161t\u011bvn\u00edk\u016f v r\u016fzn\u00fdch \u010d\u00e1stech webu a zaji\u0161\u0165uj\u00ed tak, \u017ee na\u0161e webov\u00e9 str\u00e1nky jsou st\u00e1le u\u017eite\u010dn\u00fdm a efektivn\u00edm zdrojem informac\u00ed.<\/p>\n<p><strong>Jak\u00fd typ souboru cookie tato str\u00e1nka pou\u017e\u00edv\u00e1? <\/strong><br \/>\nV tabulce n\u00ed\u017ee jsou uvedeny r\u016fzn\u00e9 typy soubor\u016f cookie, kter\u00e9 spole\u010dnost Ontex na tomto webu pou\u017e\u00edv\u00e1, a tak\u00e9 jejich \u00fa\u010del (\u00fa\u010dely) a \u017eivotn\u00ed cyklus.<\/p>\n<ul>\n<li>Funk\u010dn\u00ed soubory cookie<\/li>\n<\/ul>\n<p>Tyto soubory cookie umo\u017e\u0148uj\u00ed optim\u00e1ln\u00ed fungov\u00e1n\u00ed webu. M\u016f\u017eete je odm\u00edtnout a smazat prost\u0159ednictv\u00edm nastaven\u00ed prohl\u00ed\u017ee\u010de. M\u016f\u017ee to v\u0161ak negativn\u011b ovlivnit v\u00e1\u0161 u\u017eivatelsk\u00fd z\u00e1\u017eitek. [\/vc_column_text][vc_raw_html]JTNDZGl2JTIwY2xhc3MlM0QlMjJjdXN0b20tY29va2llLXRhYmxlJTIyJTNFJTBBJTNDZGl2JTIwY2xhc3MlM0QlMjJjdXN0b20tY29va2llLWhlYWRlcnMlMjBjdXN0b20tY29va2llLXJvdyUyMiUzRSUwQSUzQ2RpdiUzRU4lQzMlQTF6ZXYlMjBjb29raWUlM0MlMkZkaXYlM0UlMEElM0NkaXYlM0UlQzMlOUElQzQlOERlbCUyMGNvb2tpZSUzQyUyRmRpdiUzRSUwQSUzQ2RpdiUzRSVDNSVCRGl2b3Rub3N0JTIwY29va2llJTNDJTJGZGl2JTNFJTBBJTNDJTJGZGl2JTNFJTBBJTNDZGl2JTIwY2xhc3MlM0QlMjJjdXN0b20tY29va2llLXJvdyUyMiUzRSUwQSUzQ2RpdiUyMGNsYXNzJTNEJTIyY29va2llLW5hbWUlMjIlM0VBdXRlbnRpemElQzQlOERuJUMzJUFEJTIwY29va2llJTNBJTIwSURSRUxBQ0UlM0MlMkZkaXYlM0UlMEElM0NkaXYlMjBjbGFzcyUzRCUyMmNvb2tpZS1wdXJwb3NlJTIyJTNFVGVudG8lMjBzb3Vib3IlMjBjb29raWUlMjBkZWZpbnVqZSUyMHAlQzUlOTlpaGxhJUM1JUExb3ZhYyVDMyVBRCUyMGptJUMzJUE5bm8lMjBwcm8lMjBqZWRudSUyMHJlbGFjaSUyMGElMjB1bW8lQzUlQkUlQzUlODh1amUlMjB1bG8lQzUlQkVlbiVDMyVBRCUyMHN0YXZ1JTIwdSVDNSVCRWl2YXRlbGUlMjBzb3V2aXNlaiVDMyVBRGMlQzMlQURobyUyMHMlMjBwbyVDNSVCRWFkYXZreSUyMHQlQzMlQkRrYWolQzMlQURjJUMzJUFEJTIwc2UlMjBzdHIlQzMlQTFua3kuJTNDJTJGZGl2JTNFJTBBJTNDZGl2JTIwY2xhc3MlM0QlMjJjb29raWUtZHVyYXRpb24lMjIlM0VSZWxhY2UlM0MlMkZkaXYlM0UlMEElM0MlMkZkaXYlM0UlMEElMEElM0NkaXYlMjBjbGFzcyUzRCUyMmN1c3RvbS1jb29raWUtcm93JTIyJTNFJTBBJTNDZGl2JTIwY2xhc3MlM0QlMjJjb29raWUtbmFtZSUyMiUzRVByZWZlcmVuJUM0JThEbiVDMyVBRCUyMGNvb2tpZSUzQSUyMGNvb2tpZSUyMHNob2R5JTNDJTJGZGl2JTNFJTBBJTNDZGl2JTIwY2xhc3MlM0QlMjJjb29raWUtcHVycG9zZSUyMiUzRVRlbnRvJTIwc291Ym9yJTIwY29va2llJTIwbiVDMyVBMW0lMjB1bW8lQzUlQkUlQzUlODh1amUlMjB1a2wlQzMlQTFkYXQlMjBzb3Vib3J5JTIwY29va2llJTJDJTIwa3RlciVDMyVBOSUyMHUlQzUlQkVpdmF0ZWwlMjBwJUM1JTk5aWphbC4lM0MlMkZkaXYlM0UlMEElM0NkaXYlMjBjbGFzcyUzRCUyMmNvb2tpZS1kdXJhdGlvbiUyMiUzRVJlbGFjZSUzQyUyRmRpdiUzRSUwQSUzQyUyRmRpdiUzRSUwQSUwQSUzQ2RpdiUyMGNsYXNzJTNEJTIyY3VzdG9tLWNvb2tpZS1yb3clMjIlM0UlMEElM0NkaXYlMjBjbGFzcyUzRCUyMmNvb2tpZS1uYW1lJTIyJTNFU3RvcHklM0MlMkZkaXYlM0UlMEElM0NkaXYlMjBjbGFzcyUzRCUyMmNvb2tpZS1wdXJwb3NlJTIyJTNFVGVudG8lMjBzb3Vib3IlMjBjb29raWUlMjBuJUMzJUExbSUyMHVtbyVDNSVCRSVDNSU4OHVqZSUyMG1vbml0b3JvdmF0JTJDJTIwa3RlciVDMyVBOSUyMHByb2R1a3R5JTIwanNvdSUyMHByb2hsJUMzJUFEJUM1JUJFZW55LiUzQyUyRmRpdiUzRSUwQSUzQ2RpdiUyMGNsYXNzJTNEJTIyY29va2llLWR1cmF0aW9uJTIyJTNFMTMlMjBtJUM0JTlCcyVDMyVBRGMlQzUlQUYlM0MlMkZkaXYlM0UlMEElM0MlMkZkaXYlM0UlMEElMEElM0NkaXYlMjBjbGFzcyUzRCUyMmN1c3RvbS1jb29raWUtcm93JTIyJTNFJTBBJTNDZGl2JTIwY2xhc3MlM0QlMjJjb29raWUtbmFtZSUyMiUzRUdvb2dsZSUyMHJlQ0FQVENIQSUzQyUyRmRpdiUzRSUwQSUzQ2RpdiUyMGNsYXNzJTNEJTIyY29va2llLXB1cnBvc2UlMjIlM0VUVGVudG8lMjBwbHVnaW4lMjB6a29udHJvbHVqZSUyQyUyMHpkYSUyMGpzdGUlMjBvc29iYSUyQyUyMGFieSUyMHNlJTIwemFiciVDMyVBMW5pbG8lMjAlMjh6bmUlMjl1JUM1JUJFJUMzJUFEdiVDMyVBMW4lQzMlQUQlMjBuJUM0JTlCa3RlciVDMyVCRGNoJTIwZnVua2MlQzMlQUQlMjB3ZWJ1JTIwc3BhbW92JUMzJUJEbWklMjByb2JvdHklMjAlMjh6ZWptJUMzJUE5bmElMjBrb21lbnQlQzMlQTElQzUlOTklQzUlQUYlMjkuJTIwVG90byUyMHNocm9tYSVDNSVCRSVDNCU4Rm92JUMzJUExbiVDMyVBRCUyMCVDMyVCQWRhaiVDNSVBRiUyMHBvZGwlQzMlQTloJUMzJUExJTIwcCVDNSU5OWVkcGlzJUM1JUFGbSUyMG8lMjBvY2hyYW4lQzQlOUIlMjAlQzMlQkFkYWolQzUlQUYlMjBzcG9sZSVDNCU4RG5vc3RpJTIwR29vZ2xlJTIwJTI4R29vZ2xlJTIwSW5jLiUyOS4lMjBEYWwlQzUlQTElQzMlQUQlMjBpbmZvcm1hY2UlMjBvJTIweiVDMyVBMXNhZCVDMyVBMWNoJTIwb2NocmFueSUyMG9zb2JuJUMzJUFEY2glMjAlQzMlQkFkYWolQzUlQUYlMjBzcG9sZSVDNCU4RG5vc3RpJTIwR29vZ2xlJTIwbmFsZXpuZXRlJTIwbmElMjBhZHJlc2UlM0ElMjAlM0NhJTIwaHJlZiUzRCUyMmh0dHBzJTNBJTJGJTJGcG9saWNpZXMuZ29vZ2xlLmNvbSUyRnByaXZhY3klM0ZobCUzRGVuJTIyJTIwdGFyZ2V0JTNEJTIyX2JsYW5rJTIyJTIwcmVsJTNEJTIybm9vcGVuZXIlMjBub3JlZmVycmVyJTIyJTNFWiVDMyVBMXNhZHklMjBvY2hyYW55JTIwb3NvYm4lQzMlQURjaCUyMCVDMyVCQWRhaiVDNSVBRiUyMHNwb2xlJUM0JThEbm9zdGklMjBHb29nbGUlM0MlMkZhJTNFJTNDJTJGZGl2JTNFJTBBJTNDZGl2JTIwY2xhc3MlM0QlMjJjb29raWUtZHVyYXRpb24lMjIlM0VSZWxhY2UlM0MlMkZkaXYlM0UlMEElM0MlMkZkaXYlM0UlMEElM0MlMkZkaXYlM0U=[\/vc_raw_html][vc_column_text uncode_shortcode_id=&#8220;143122&#8243;]<\/p>\n<ul>\n<li>Analytick\u00e9 soubory cookie<\/li>\n<\/ul>\n<p>Abychom web p\u0159izp\u016fsobili pot\u0159eb\u00e1m jeho n\u00e1v\u0161t\u011bvn\u00edk\u016f, pou\u017e\u00edv\u00e1me Google Analytics k m\u011b\u0159en\u00ed po\u010dtu n\u00e1v\u0161t\u011bv, po\u010dtu zobrazen\u00fdch str\u00e1nek, aktivity n\u00e1v\u0161t\u011bvn\u00edk\u016f na\u0161eho webu a frekvence, s jakou se n\u00e1v\u0161t\u011bvn\u00edci vracej\u00ed. Google Analytics je slu\u017eba webov\u00e9 anal\u00fdzy poskytovan\u00e1 spole\u010dnost\u00ed Google, Inc. (Google). Tento n\u00e1stroj generuje n\u00e1sleduj\u00edc\u00ed soubory cookie:[\/vc_column_text][vc_raw_html]JTNDZGl2JTIwY2xhc3MlM0QlMjJjdXN0b20tY29va2llLXRhYmxlJTIyJTNFJTBBJTNDZGl2JTIwY2xhc3MlM0QlMjJjdXN0b20tY29va2llLWhlYWRlcnMlMjBjdXN0b20tY29va2llLXJvdyUyMiUzRSUwQSUzQ2RpdiUzRU4lQzMlQTF6ZXYlMjBjb29raWUlM0MlMkZkaXYlM0UlMEElM0NkaXYlM0UlQzMlOUElQzQlOERlbCUyMGNvb2tpZSUzQyUyRmRpdiUzRSUwQSUzQ2RpdiUzRSVDNSVCRGl2b3Rub3N0JTIwY29va2llJTNDJTJGZGl2JTNFJTBBJTNDJTJGZGl2JTNFJTBBJTNDZGl2JTIwY2xhc3MlM0QlMjJjdXN0b20tY29va2llLXJvdyUyMiUzRSUwQSUzQ2RpdiUyMGNsYXNzJTNEJTIyY29va2llLW5hbWUlMjIlM0VfdXRtYiUzQyUyRmRpdiUzRSUwQSUzQ2RpdiUyMGNsYXNzJTNEJTIyY29va2llLXB1cnBvc2UlMjIlM0VUZW50byUyMHNvdWJvciUyMGNvb2tpZSUyMHVtbyVDNSVCRSVDNSU4OHVqZSUyMHZ5dHZvJUM1JTk5ZW4lQzMlQUQlMjBhJTIwcmVhbGl6b3YlQzMlQTFuJUMzJUFEJTIwdSVDNSVCRWl2YXRlbHNrJUMzJUE5JTIwcmVsYWNlLiUzQyUyRmRpdiUzRSUwQSUzQ2RpdiUyMGNsYXNzJTNEJTIyY29va2llLWR1cmF0aW9uJTIyJTNFUmVsYWNlJTNDJTJGZGl2JTNFJTBBJTNDJTJGZGl2JTNFJTBBJTBBJTNDZGl2JTIwY2xhc3MlM0QlMjJjdXN0b20tY29va2llLXJvdyUyMiUzRSUwQSUzQ2RpdiUyMGNsYXNzJTNEJTIyY29va2llLW5hbWUlMjIlM0VfdXRtYyUzQyUyRmRpdiUzRSUwQSUzQ2RpdiUyMGNsYXNzJTNEJTIyY29va2llLXB1cnBvc2UlMjIlM0VUZW50byUyMHNvdWJvciUyMGNvb2tpZSUyMG4lQzMlQTFtJTIwdW1vJUM1JUJFJUM1JTg4dWplJTIwdXIlQzQlOERpdCUyQyUyMHpkYSUyMHUlQzUlQkVpdmF0ZWwlMjB2eSVDNSVCRWFkdWplJTIwdnl0dm8lQzUlOTllbiVDMyVBRCUyMG5vdiVDMyVBOSUyMHJlbGFjZSUyMCVDNCU4RGklMjBuaWtvbGkuJTNDJTJGZGl2JTNFJTBBJTNDZGl2JTIwY2xhc3MlM0QlMjJjb29raWUtZHVyYXRpb24lMjIlM0VSZWxhY2UlM0MlMkZkaXYlM0UlMEElM0MlMkZkaXYlM0UlMEElMEElM0NkaXYlMjBjbGFzcyUzRCUyMmN1c3RvbS1jb29raWUtcm93JTIyJTNFJTBBJTNDZGl2JTIwY2xhc3MlM0QlMjJjb29raWUtbmFtZSUyMiUzRV91dG10JTNDJTJGZGl2JTNFJTBBJTNDZGl2JTIwY2xhc3MlM0QlMjJjb29raWUtcHVycG9zZSUyMiUzRVRlbnRvJTIwc291Ym9yJTIwY29va2llJTIwb3puYSVDNCU4RHVqZSUyMHR5cCUyMHBvJUM1JUJFYWRhdmt1LiUzQyUyRmRpdiUzRSUwQSUzQ2RpdiUyMGNsYXNzJTNEJTIyY29va2llLWR1cmF0aW9uJTIyJTNFUmVsYWNlJTNDJTJGZGl2JTNFJTBBJTNDJTJGZGl2JTNFJTBBJTBBJTNDZGl2JTIwY2xhc3MlM0QlMjJjdXN0b20tY29va2llLXJvdyUyMiUzRSUwQSUzQ2RpdiUyMGNsYXNzJTNEJTIyY29va2llLW5hbWUlMjIlM0VfdXRteiUzQyUyRmRpdiUzRSUwQSUzQ2RpdiUyMGNsYXNzJTNEJTIyY29va2llLXB1cnBvc2UlMjIlM0VUZW50byUyMHNvdWJvciUyMGNvb2tpZSUyMG4lQzMlQTFtJTIwdW1vJUM1JUJFJUM1JTg4dWplJTIwdWtsJUMzJUExZGF0JTIwdHlwJTIwdHJhc3klMkMlMjBrdGVyb3UlMjBuJUMzJUExdiVDNSVBMXQlQzQlOUJ2biVDMyVBRGslMjBwb3UlQzUlQkUlQzMlQUR2JUMzJUExJTIwayUyMGRvc2ElQzUlQkVlbiVDMyVBRCUyMHAlQzUlOTklQzMlQURzdHVwdSUyMG5hJTIwd2ViLiUzQyUyRmRpdiUzRSUwQSUzQ2RpdiUyMGNsYXNzJTNEJTIyY29va2llLWR1cmF0aW9uJTIyJTNFNiUyMG0lQzQlOUJzJUMzJUFEYyVDNSVBRiUzQyUyRmRpdiUzRSUwQSUzQyUyRmRpdiUzRSUwQSUzQyUyRmRpdiUzRQ==[\/vc_raw_html][vc_column_text uncode_shortcode_id=&#8220;580725&#8243;]<\/p>\n<ul>\n<li>V\u00fdkonnostn\u00ed soubory cookie<\/li>\n<\/ul>\n<p>[\/vc_column_text][vc_raw_html]JTNDZGl2JTIwY2xhc3MlM0QlMjJjdXN0b20tY29va2llLXRhYmxlJTIyJTNFJTBBJTNDZGl2JTIwY2xhc3MlM0QlMjJjdXN0b20tY29va2llLWhlYWRlcnMlMjBjdXN0b20tY29va2llLXJvdyUyMiUzRSUwQSUzQ2RpdiUzRU4lQzMlQTF6ZXYlMjBjb29raWUlMjAlM0MlMkZkaXYlM0UlMEElM0NkaXYlM0UlQzMlOUElQzQlOERlbCUyMGNvb2tpZSUyMCUzQyUyRmRpdiUzRSUwQSUzQ2RpdiUzRSVDNSVCRGl2b3Rub3N0JTIwY29va2llJTNDJTJGZGl2JTNFJTBBJTNDJTJGZGl2JTNFJTBBJTNDZGl2JTIwY2xhc3MlM0QlMjJjdXN0b20tY29va2llLXJvdyUyMiUzRSUwQSUzQ2RpdiUyMGNsYXNzJTNEJTIyY29va2llLW5hbWUlMjIlM0VQJUM1JTk5ZWhyJUMzJUExdmElQzQlOEQlMjB2aWRlYSUyMFZpbWVvJTNDJTJGZGl2JTNFJTBBJTNDZGl2JTIwY2xhc3MlM0QlMjJjb29raWUtcHVycG9zZSUyMiUzRVZsbyVDNSVCRWl0ZWxuJUMzJUJEJTIwcCVDNSU5OWVociVDMyVBMXZhJUM0JThEJTIwdmlkZWEuJTIwUHJvJTIwdiVDMyVBRGNlJTIwaW5mb3JtYWMlQzMlQUQlMjBuYXYlQzUlQTF0aXZ0ZSUyMHdlYm92b3UlMjBzdHIlQzMlQTFua3UlRTIlODAlQUYlM0NhJTIwaHJlZiUzRCUyMmh0dHBzJTNBJTJGJTJGdmltZW8uY29tJTJGY29va2llX3BvbGljeSUyMiUzRVZpbWVvJTNDJTJGYSUzRS4lM0MlMkZkaXYlM0UlMEElM0NkaXYlMjBjbGFzcyUzRCUyMmNvb2tpZS1kdXJhdGlvbiUyMiUzRVJlbGFjZSUzQyUyRmRpdiUzRSUwQSUzQyUyRmRpdiUzRSUwQSUwQSUzQyUyRmRpdiUzRQ==[\/vc_raw_html][vc_column_text uncode_shortcode_id=&#8220;903474&#8243;]<strong>Jak m\u016f\u017eete spravovat soubory cookie pou\u017e\u00edvan\u00e9 webem?<\/strong><br \/>\nPokud si p\u0159ejete odm\u00edtnout pou\u017e\u00edv\u00e1n\u00ed soubor\u016f cookie webem nebo pokud si p\u0159ejete smazat nebo povolit nov\u00e9 soubory cookie na sv\u00e9m za\u0159\u00edzen\u00ed, m\u016f\u017eete upravit nastaven\u00ed sv\u00e9ho prohl\u00ed\u017ee\u010de tak, aby soubory cookie blokoval nebo aby v\u00e1s upozornil, kdy\u017e jsou soubory cookie odesl\u00e1ny do va\u0161eho za\u0159\u00edzen\u00ed. Soubory cookie mohou b\u00fdt spravov\u00e1ny r\u016fzn\u00fdmi zp\u016fsoby. Dal\u0161\u00ed informace o tom, jak nastavit nebo upravit nastaven\u00ed prohl\u00ed\u017ee\u010de, naleznete v pokynech k prohl\u00ed\u017ee\u010di:<\/p>\n<p>\u2013 <a href=\"http:\/\/windows.microsoft.com\/en-US\/windows-vista\/How-to-manage-cookies-in-Internet-Explorer-9\">Internet Explorer<\/a><\/p>\n<p>\u2013 <a href=\"http:\/\/support.google.com\/chrome\/bin\/answer.py?hl=en-GB&amp;hlrm=nl&amp;answer=95647\">Chrome<\/a><\/p>\n<p>\u2013 <a href=\"http:\/\/support.mozilla.org\/en-US\/kb\/enable-and-disable-cookies-website-preferences?s=cookies&amp;r=5&amp;as=s\">Firefox<\/a><\/p>\n<p>\u2013 <a href=\"http:\/\/support.apple.com\/kb\/PH5042\">Safari<\/a><\/p>\n<p>Pokud zak\u00e1\u017eete soubory cookie pou\u017e\u00edvan\u00e9 webem nebo vyma\u017eete soubory cookie, kter\u00e9 ji\u017e web nainstaloval do va\u0161eho za\u0159\u00edzen\u00ed, m\u016f\u017ee to m\u00edt dopad na va\u0161e proch\u00e1zen\u00ed webu (nap\u0159\u00edklad nebudete moci prohl\u00ed\u017eet ur\u010dit\u00e9 \u010d\u00e1sti webu nebo p\u0159ij\u00edmat personalizovan\u00e9 informace p\u0159i prohl\u00ed\u017een\u00ed webu).<\/p>\n<p><strong>Aktualizace aktu\u00e1ln\u00edch Z\u00e1sad pou\u017e\u00edv\u00e1n\u00ed soubor\u016f cookie <\/strong><br \/>\nV p\u0159\u00edpad\u011b, \u017ee Ontex uprav\u00ed sv\u00e9 postupy t\u00fdkaj\u00edc\u00ed se soubor\u016f cookie, budou tyto \u00fapravy za\u010dlen\u011bny do aktualizovan\u00e9 verze t\u011bchto z\u00e1sad. O t\u011bchto zm\u011bn\u00e1ch v\u00e1s budeme tak\u00e9 informovat aktualizac\u00ed data, kdy z\u00e1sady vstupuj\u00ed v platnost v horn\u00ed \u010d\u00e1sti t\u011bchto z\u00e1sad. Spole\u010dnost Ontex si vyhrazuje pr\u00e1vo tyto z\u00e1sady pravideln\u011b upravovat s c\u00edlem zohlednit technologick\u00fd pokrok, zm\u011bny v legislativ\u011b a na\u0159\u00edzen\u00edch a dobr\u00e9 obchodn\u00ed praxi, ani\u017e by t\u00edm byla dot\u010dena va\u0161e pr\u00e1va v r\u00e1mci aktu\u00e1ln\u00ed legislativy. [\/vc_column_text][\/vc_column][\/vc_row]<\/p>\n<\/div>","protected":false},"excerpt":{"rendered":"<p>Tento web pou\u017e\u00edv\u00e1 soubory cookie. Tyto z\u00e1sady poskytuj\u00ed informace o tom, pro\u010d pou\u017e\u00edv\u00e1me soubory cookie a jak je m\u016f\u017eete spravovat.<\/p>\n","protected":false},"author":3,"featured_media":0,"parent":0,"menu_order":0,"comment_status":"closed","ping_status":"closed","template":"","meta":{"_acf_changed":false,"footnotes":""},"class_list":["post-1993","page","type-page","status-publish","hentry"],"acf":[],"yoast_head":"<!-- This site is optimized with the Yoast SEO Premium plugin v27.3 (Yoast SEO v27.3) - https:\/\/yoast.com\/product\/yoast-seo-premium-wordpress\/ -->\n<title>Z\u00e1sady pou\u017e\u00edv\u00e1n\u00ed soubor\u016f cookie &#183; Helen Harper Soft and Dry<\/title>\n<meta name=\"description\" content=\"Tento web pou\u017e\u00edv\u00e1 soubory cookie. Tyto z\u00e1sady poskytuj\u00ed informace o tom, pro\u010d pou\u017e\u00edv\u00e1me soubory cookie a jak je m\u016f\u017eete spravovat.\" \/>\n<meta name=\"robots\" content=\"index, follow, max-snippet:-1, max-image-preview:large, max-video-preview:-1\" \/>\n<link rel=\"canonical\" href=\"https:\/\/www.helenharperbaby.com\/cs\/zasady-pouzivani-souboru-cookie\/\" \/>\n<meta property=\"og:locale\" content=\"cs_CZ\" \/>\n<meta property=\"og:type\" content=\"article\" \/>\n<meta property=\"og:title\" content=\"Z\u00e1sady pou\u017e\u00edv\u00e1n\u00ed soubor\u016f cookie\" \/>\n<meta property=\"og:description\" content=\"Tento web pou\u017e\u00edv\u00e1 soubory cookie. Tyto z\u00e1sady poskytuj\u00ed informace o tom, pro\u010d pou\u017e\u00edv\u00e1me soubory cookie a jak je m\u016f\u017eete spravovat.\" \/>\n<meta property=\"og:url\" content=\"https:\/\/www.helenharperbaby.com\/cs\/zasady-pouzivani-souboru-cookie\/\" \/>\n<meta property=\"og:site_name\" content=\"Helen Harper Soft and Dry\" \/>\n<meta property=\"article:modified_time\" content=\"2023-06-22T08:28:28+00:00\" \/>\n<meta property=\"og:image\" content=\"https:\/\/www.helenharperbaby.com\/wp-content\/uploads\/2023\/05\/Helen_harper_soft_dry_main_image.jpg\" \/>\n\t<meta property=\"og:image:width\" content=\"1200\" \/>\n\t<meta property=\"og:image:height\" content=\"675\" \/>\n\t<meta property=\"og:image:type\" content=\"image\/jpeg\" \/>\n<meta name=\"twitter:card\" content=\"summary_large_image\" \/>\n<meta name=\"twitter:label1\" content=\"Odhadovan\u00e1 doba \u010dten\u00ed\" \/>\n\t<meta name=\"twitter:data1\" content=\"3 minuty\" \/>\n<script type=\"application\/ld+json\" class=\"yoast-schema-graph\">{\"@context\":\"https:\\\/\\\/schema.org\",\"@graph\":[{\"@type\":\"WebPage\",\"@id\":\"https:\\\/\\\/www.helenharperbaby.com\\\/cs\\\/zasady-pouzivani-souboru-cookie\\\/\",\"url\":\"https:\\\/\\\/www.helenharperbaby.com\\\/cs\\\/zasady-pouzivani-souboru-cookie\\\/\",\"name\":\"Z\u00e1sady pou\u017e\u00edv\u00e1n\u00ed soubor\u016f cookie &#183; Helen Harper Soft and Dry\",\"isPartOf\":{\"@id\":\"https:\\\/\\\/www.helenharperbaby.com\\\/cs\\\/#website\"},\"datePublished\":\"2023-05-10T14:53:23+00:00\",\"dateModified\":\"2023-06-22T08:28:28+00:00\",\"description\":\"Tento web pou\u017e\u00edv\u00e1 soubory cookie. Tyto z\u00e1sady poskytuj\u00ed informace o tom, pro\u010d pou\u017e\u00edv\u00e1me soubory cookie a jak je m\u016f\u017eete spravovat.\",\"breadcrumb\":{\"@id\":\"https:\\\/\\\/www.helenharperbaby.com\\\/cs\\\/zasady-pouzivani-souboru-cookie\\\/#breadcrumb\"},\"inLanguage\":\"cs\",\"potentialAction\":[{\"@type\":\"ReadAction\",\"target\":[\"https:\\\/\\\/www.helenharperbaby.com\\\/cs\\\/zasady-pouzivani-souboru-cookie\\\/\"]}]},{\"@type\":\"BreadcrumbList\",\"@id\":\"https:\\\/\\\/www.helenharperbaby.com\\\/cs\\\/zasady-pouzivani-souboru-cookie\\\/#breadcrumb\",\"itemListElement\":[{\"@type\":\"ListItem\",\"position\":1,\"name\":\"Home\",\"item\":\"https:\\\/\\\/www.helenharperbaby.com\\\/cs\\\/\"},{\"@type\":\"ListItem\",\"position\":2,\"name\":\"Z\u00e1sady pou\u017e\u00edv\u00e1n\u00ed soubor\u016f cookie\"}]},{\"@type\":\"WebSite\",\"@id\":\"https:\\\/\\\/www.helenharperbaby.com\\\/cs\\\/#website\",\"url\":\"https:\\\/\\\/www.helenharperbaby.com\\\/cs\\\/\",\"name\":\"Helen Harper Baby\",\"description\":\"For moments of pure happiness.\",\"publisher\":{\"@id\":\"https:\\\/\\\/www.helenharperbaby.com\\\/cs\\\/#organization\"},\"potentialAction\":[{\"@type\":\"SearchAction\",\"target\":{\"@type\":\"EntryPoint\",\"urlTemplate\":\"https:\\\/\\\/www.helenharperbaby.com\\\/cs\\\/?s={search_term_string}\"},\"query-input\":{\"@type\":\"PropertyValueSpecification\",\"valueRequired\":true,\"valueName\":\"search_term_string\"}}],\"inLanguage\":\"cs\"},{\"@type\":\"Organization\",\"@id\":\"https:\\\/\\\/www.helenharperbaby.com\\\/cs\\\/#organization\",\"name\":\"Helen Harper Baby\",\"url\":\"https:\\\/\\\/www.helenharperbaby.com\\\/cs\\\/\",\"logo\":{\"@type\":\"ImageObject\",\"inLanguage\":\"cs\",\"@id\":\"https:\\\/\\\/www.helenharperbaby.com\\\/cs\\\/#\\\/schema\\\/logo\\\/image\\\/\",\"url\":\"https:\\\/\\\/www.helenharperbaby.com\\\/wp-content\\\/uploads\\\/2023\\\/04\\\/hh-logo.png\",\"contentUrl\":\"https:\\\/\\\/www.helenharperbaby.com\\\/wp-content\\\/uploads\\\/2023\\\/04\\\/hh-logo.png\",\"width\":350,\"height\":227,\"caption\":\"Helen Harper Baby\"},\"image\":{\"@id\":\"https:\\\/\\\/www.helenharperbaby.com\\\/cs\\\/#\\\/schema\\\/logo\\\/image\\\/\"}}]}<\/script>\n<!-- \/ Yoast SEO Premium plugin. -->","yoast_head_json":{"title":"Z\u00e1sady pou\u017e\u00edv\u00e1n\u00ed soubor\u016f cookie &#183; Helen Harper Soft and Dry","description":"Tento web pou\u017e\u00edv\u00e1 soubory cookie. Tyto z\u00e1sady poskytuj\u00ed informace o tom, pro\u010d pou\u017e\u00edv\u00e1me soubory cookie a jak je m\u016f\u017eete spravovat.","robots":{"index":"index","follow":"follow","max-snippet":"max-snippet:-1","max-image-preview":"max-image-preview:large","max-video-preview":"max-video-preview:-1"},"canonical":"https:\/\/www.helenharperbaby.com\/cs\/zasady-pouzivani-souboru-cookie\/","og_locale":"cs_CZ","og_type":"article","og_title":"Z\u00e1sady pou\u017e\u00edv\u00e1n\u00ed soubor\u016f cookie","og_description":"Tento web pou\u017e\u00edv\u00e1 soubory cookie. Tyto z\u00e1sady poskytuj\u00ed informace o tom, pro\u010d pou\u017e\u00edv\u00e1me soubory cookie a jak je m\u016f\u017eete spravovat.","og_url":"https:\/\/www.helenharperbaby.com\/cs\/zasady-pouzivani-souboru-cookie\/","og_site_name":"Helen Harper Soft and Dry","article_modified_time":"2023-06-22T08:28:28+00:00","og_image":[{"width":1200,"height":675,"url":"https:\/\/www.helenharperbaby.com\/wp-content\/uploads\/2023\/05\/Helen_harper_soft_dry_main_image.jpg","type":"image\/jpeg"}],"twitter_card":"summary_large_image","twitter_misc":{"Odhadovan\u00e1 doba \u010dten\u00ed":"3 minuty"},"schema":{"@context":"https:\/\/schema.org","@graph":[{"@type":"WebPage","@id":"https:\/\/www.helenharperbaby.com\/cs\/zasady-pouzivani-souboru-cookie\/","url":"https:\/\/www.helenharperbaby.com\/cs\/zasady-pouzivani-souboru-cookie\/","name":"Z\u00e1sady pou\u017e\u00edv\u00e1n\u00ed soubor\u016f cookie &#183; Helen Harper Soft and Dry","isPartOf":{"@id":"https:\/\/www.helenharperbaby.com\/cs\/#website"},"datePublished":"2023-05-10T14:53:23+00:00","dateModified":"2023-06-22T08:28:28+00:00","description":"Tento web pou\u017e\u00edv\u00e1 soubory cookie. Tyto z\u00e1sady poskytuj\u00ed informace o tom, pro\u010d pou\u017e\u00edv\u00e1me soubory cookie a jak je m\u016f\u017eete spravovat.","breadcrumb":{"@id":"https:\/\/www.helenharperbaby.com\/cs\/zasady-pouzivani-souboru-cookie\/#breadcrumb"},"inLanguage":"cs","potentialAction":[{"@type":"ReadAction","target":["https:\/\/www.helenharperbaby.com\/cs\/zasady-pouzivani-souboru-cookie\/"]}]},{"@type":"BreadcrumbList","@id":"https:\/\/www.helenharperbaby.com\/cs\/zasady-pouzivani-souboru-cookie\/#breadcrumb","itemListElement":[{"@type":"ListItem","position":1,"name":"Home","item":"https:\/\/www.helenharperbaby.com\/cs\/"},{"@type":"ListItem","position":2,"name":"Z\u00e1sady pou\u017e\u00edv\u00e1n\u00ed soubor\u016f cookie"}]},{"@type":"WebSite","@id":"https:\/\/www.helenharperbaby.com\/cs\/#website","url":"https:\/\/www.helenharperbaby.com\/cs\/","name":"Helen Harper Baby","description":"For moments of pure happiness.","publisher":{"@id":"https:\/\/www.helenharperbaby.com\/cs\/#organization"},"potentialAction":[{"@type":"SearchAction","target":{"@type":"EntryPoint","urlTemplate":"https:\/\/www.helenharperbaby.com\/cs\/?s={search_term_string}"},"query-input":{"@type":"PropertyValueSpecification","valueRequired":true,"valueName":"search_term_string"}}],"inLanguage":"cs"},{"@type":"Organization","@id":"https:\/\/www.helenharperbaby.com\/cs\/#organization","name":"Helen Harper Baby","url":"https:\/\/www.helenharperbaby.com\/cs\/","logo":{"@type":"ImageObject","inLanguage":"cs","@id":"https:\/\/www.helenharperbaby.com\/cs\/#\/schema\/logo\/image\/","url":"https:\/\/www.helenharperbaby.com\/wp-content\/uploads\/2023\/04\/hh-logo.png","contentUrl":"https:\/\/www.helenharperbaby.com\/wp-content\/uploads\/2023\/04\/hh-logo.png","width":350,"height":227,"caption":"Helen Harper Baby"},"image":{"@id":"https:\/\/www.helenharperbaby.com\/cs\/#\/schema\/logo\/image\/"}}]}},"_links":{"self":[{"href":"https:\/\/www.helenharperbaby.com\/cs\/wp-json\/wp\/v2\/pages\/1993","targetHints":{"allow":["GET"]}}],"collection":[{"href":"https:\/\/www.helenharperbaby.com\/cs\/wp-json\/wp\/v2\/pages"}],"about":[{"href":"https:\/\/www.helenharperbaby.com\/cs\/wp-json\/wp\/v2\/types\/page"}],"author":[{"embeddable":true,"href":"https:\/\/www.helenharperbaby.com\/cs\/wp-json\/wp\/v2\/users\/3"}],"replies":[{"embeddable":true,"href":"https:\/\/www.helenharperbaby.com\/cs\/wp-json\/wp\/v2\/comments?post=1993"}],"version-history":[{"count":0,"href":"https:\/\/www.helenharperbaby.com\/cs\/wp-json\/wp\/v2\/pages\/1993\/revisions"}],"wp:attachment":[{"href":"https:\/\/www.helenharperbaby.com\/cs\/wp-json\/wp\/v2\/media?parent=1993"}],"curies":[{"name":"wp","href":"https:\/\/api.w.org\/{rel}","templated":true}]}}