{"id":2001,"date":"2023-04-25T17:59:44","date_gmt":"2023-04-25T17:59:44","guid":{"rendered":"https:\/\/www.helenharperbaby.com\/?page_id=2001"},"modified":"2023-06-21T14:12:54","modified_gmt":"2023-06-21T14:12:54","slug":"o-helen-harper","status":"publish","type":"page","link":"https:\/\/www.helenharperbaby.com\/cs\/o-helen-harper\/","title":{"rendered":"O Helen Harper"},"content":{"rendered":"<div class=\"wpb-content-wrapper\"><p>[vc_row row_height_percent=&#8220;0&#8243; override_padding=&#8220;yes&#8220; h_padding=&#8220;2&#8243; top_padding=&#8220;0&#8243; bottom_padding=&#8220;0&#8243; back_image=&#8220;83&#8243; back_repeat=&#8220;no-repeat&#8220; back_position=&#8220;right top&#8220; overlay_alpha=&#8220;50&#8243; gutter_size=&#8220;3&#8243; column_width_percent=&#8220;100&#8243; shift_y=&#8220;0&#8243; z_index=&#8220;0&#8243; uncode_shortcode_id=&#8220;104165&#8243; el_class=&#8220;hh-hero-banner&#8220; back_size=&#8220;contain&#8220;][vc_column width=&#8220;1\/2&#8243;][vc_raw_html]JTNDaW1nJTIwc3JjJTNEJTIyJTJGd3AtY29udGVudCUyRnVwbG9hZHMlMkYyMDIzJTJGMDUlMkZoZWxlbl9oYXJwZXJfc29mdF9kcnlfcG9sYXJvaWRzX2JsdWUucG5nJTIyJTIwYWx0JTNEJTIyQmFieSUyMHBvbGFyb2lkcyUyMiUyMGNsYXNzJTNEJTIyaGgtaGVyby1wb2xhcm9pZHMlMjIlMkYlM0U=[\/vc_raw_html][\/vc_column][vc_column width=&#8220;1\/2&#8243;][vc_custom_heading text_font=&#8220;font-heading-font&#8220; text_size=&#8220;h1&#8243; text_weight=&#8220;500&#8243; text_transform=&#8220;uppercase&#8220; uncode_shortcode_id=&#8220;125999&#8243; el_class=&#8220;hh-hero-heading hh-hero-subtitle-blue&#8220; subheading=&#8220;\u201ePRO CHV\u00cdLE \u010cIR\u00c9HO \u0160T\u011aST\u00cd.\u201c&#8220;]O Helen Harper[\/vc_custom_heading][\/vc_column][\/vc_row][vc_row][vc_column width=&#8220;1\/1&#8243;][uncode_breadcrumbs][\/vc_column][\/vc_row][vc_row row_height_percent=&#8220;0&#8243; override_padding=&#8220;yes&#8220; h_padding=&#8220;2&#8243; top_padding=&#8220;2&#8243; bottom_padding=&#8220;3&#8243; overlay_alpha=&#8220;50&#8243; gutter_size=&#8220;3&#8243; column_width_percent=&#8220;100&#8243; shift_y=&#8220;0&#8243; z_index=&#8220;0&#8243; uncode_shortcode_id=&#8220;975453&#8243; el_id=&#8220;hh-about-belief&#8220;][vc_column column_width_percent=&#8220;100&#8243; align_horizontal=&#8220;align_center&#8220; gutter_size=&#8220;3&#8243; overlay_alpha=&#8220;50&#8243; shift_x=&#8220;0&#8243; shift_y=&#8220;0&#8243; shift_y_down=&#8220;0&#8243; z_index=&#8220;0&#8243; medium_width=&#8220;0&#8243; mobile_width=&#8220;0&#8243; width=&#8220;1\/1&#8243; uncode_shortcode_id=&#8220;201733&#8243;][vc_custom_heading uncode_shortcode_id=&#8220;838934&#8243; el_class=&#8220;center&#8220;]Na\u0161e p\u0159esv\u011bd\u010den\u00ed[\/vc_custom_heading][vc_column_text uncode_shortcode_id=&#8220;491499&#8243;]\u200bPro m\u00e1mu a t\u00e1tu nen\u00ed nic d\u016fle\u017eit\u011bj\u0161\u00edho, ne\u017e vid\u011bt sv\u00e9 d\u011b\u0165\u00e1tko \u0161\u0165astn\u00e9. D\u00edt\u011b je \u0161\u0165astn\u00e9,<br \/>\nkdy\u017e se c\u00edt\u00ed pohodln\u011b a m\u016f\u017ee si tak naplno u\u017e\u00edvat sv\u00e9 ka\u017edodenn\u00ed objevy.<\/p>\n<p>Zna\u010dka Helen Harper nab\u00edz\u00ed vysoce kvalitn\u00ed produkty pro p\u00e9\u010di o miminko, navr\u017een\u00e9 podle evropsk\u00fdch standard\u016f s c\u00edlem pokr\u00fdt ve\u0161ker\u00e9 pot\u0159eby \u200b<br \/>\nd\u011bt\u00ed a rodi\u010d\u016f.\u200b<\/p>\n<p>V\u00edce pohodl\u00ed pro miminka, v\u00edce v\u00fdhod pro rodi\u010de![\/vc_column_text][\/vc_column][\/vc_row][vc_row row_height_percent=&#8220;0&#8243; override_padding=&#8220;yes&#8220; h_padding=&#8220;2&#8243; top_padding=&#8220;2&#8243; bottom_padding=&#8220;3&#8243; overlay_alpha=&#8220;50&#8243; gutter_size=&#8220;2&#8243; column_width_percent=&#8220;100&#8243; shift_y=&#8220;0&#8243; z_index=&#8220;0&#8243; uncode_shortcode_id=&#8220;143835&#8243;][vc_column column_width_percent=&#8220;100&#8243; gutter_size=&#8220;3&#8243; overlay_alpha=&#8220;50&#8243; shift_x=&#8220;0&#8243; shift_y=&#8220;0&#8243; shift_y_down=&#8220;0&#8243; z_index=&#8220;0&#8243; medium_width=&#8220;0&#8243; mobile_width=&#8220;0&#8243; width=&#8220;1\/2&#8243; uncode_shortcode_id=&#8220;166364&#8243;][vc_custom_heading uncode_shortcode_id=&#8220;833922&#8243; el_class=&#8220;hh-mobile&#8220;]Kdo je Helen Harper?[\/vc_custom_heading][vc_single_image media=&#8220;85&#8243; media_width_percent=&#8220;100&#8243; shape=&#8220;img-round&#8220; radius=&#8220;std&#8220; uncode_shortcode_id=&#8220;200673&#8243; el_class=&#8220;m-0&#8243;][\/vc_column][vc_column column_width_percent=&#8220;100&#8243; gutter_size=&#8220;3&#8243; overlay_alpha=&#8220;50&#8243; shift_x=&#8220;0&#8243; shift_y=&#8220;0&#8243; shift_y_down=&#8220;0&#8243; z_index=&#8220;0&#8243; medium_width=&#8220;0&#8243; mobile_width=&#8220;0&#8243; width=&#8220;1\/2&#8243; uncode_shortcode_id=&#8220;983574&#8243;][vc_custom_heading uncode_shortcode_id=&#8220;696858&#8243; el_class=&#8220;hh-desktop&#8220;]Kdo je Helen Harper?[\/vc_custom_heading][vc_column_text text_color=&#8220;color-dark-blue&#8220; uncode_shortcode_id=&#8220;690559&#8243; text_color_type=&#8220;uncode-palette&#8220;]Helen Harper je tvoje nejlep\u0161\u00ed kamar\u00e1dka, jin\u00e1 maminka odvedle nebo pan\u00ed, kter\u00e1 m\u00e1 sv\u00e9 d\u00edt\u011b ve stejn\u00e9 \u0161kolce jako ty. Je to matka a otec, kter\u00e9 vid\u00edte, jak vod\u00ed d\u011bti do parku a hraj\u00ed si s nimi, nebo ti, kdo nakupuj\u00ed potraviny s d\u00edt\u011btem v n\u00e1kupn\u00edm voz\u00edku. Helen Harper ji ty.<\/p>\n<p>Na\u0161i zna\u010dku Helen Harper jsme vytvo\u0159ili s my\u0161lenkou, \u017ee ten, koho na za\u010d\u00e1tku na\u0161\u00ed cesty coby rodi\u010d pot\u0159ebujeme nejv\u00edc, je nejlep\u0161\u00ed p\u0159\u00edtel, kter\u00e9mu m\u016f\u017eeme d\u016fv\u011b\u0159ovat. P\u0159\u00edtel, na kter\u00e9ho se m\u016f\u017eeme spolehnout v nouzi, kdy\u017e pot\u0159ebujeme radu, kdy\u017e pot\u0159ebujeme n\u011bkoho, kdo n\u00e1m \u0159ekne pravdu.\u200b<\/p>\n<p>Takov\u00e1 je Helen Harper: je tvou nejlep\u0161\u00ed p\u0159\u00edtelkyn\u00ed, co se t\u00fd\u010de produkt\u016f pro d\u011bti, v\u017edy je na tv\u00e9 stran\u011b, aby ti poskytla ten nejlep\u0161\u00ed produkt na trhu. Chceme ti d\u00e1t p\u0159\u00edle\u017eitost soust\u0159edit se na \u0161\u0165astn\u00e9 chv\u00edle se tv\u00fdm d\u00edt\u011btem a u\u017e\u00edvat si \u010das bez stresu. Proto\u017ee \u0161\u0165astn\u00e9 chv\u00edle s d\u00edt\u011btem je to, na \u010dem n\u00e1m z\u00e1le\u017e\u00ed. O zbytek se postar\u00e1me my.\u200b[\/vc_column_text][\/vc_column][\/vc_row][vc_row row_height_percent=&#8220;0&#8243; override_padding=&#8220;yes&#8220; h_padding=&#8220;2&#8243; top_padding=&#8220;3&#8243; bottom_padding=&#8220;5&#8243; overlay_alpha=&#8220;50&#8243; gutter_size=&#8220;3&#8243; column_width_percent=&#8220;100&#8243; shift_y=&#8220;0&#8243; z_index=&#8220;0&#8243; uncode_shortcode_id=&#8220;837269&#8243; el_class=&#8220;hh-purple-row&#8220; el_id=&#8220;hh-about-values&#8220;][vc_column column_width_percent=&#8220;100&#8243; align_horizontal=&#8220;align_center&#8220; gutter_size=&#8220;3&#8243; overlay_alpha=&#8220;50&#8243; shift_x=&#8220;0&#8243; shift_y=&#8220;0&#8243; shift_y_down=&#8220;0&#8243; z_index=&#8220;0&#8243; medium_width=&#8220;0&#8243; mobile_width=&#8220;0&#8243; width=&#8220;1\/1&#8243; uncode_shortcode_id=&#8220;101576&#8243;][vc_custom_heading uncode_shortcode_id=&#8220;136760&#8243; el_class=&#8220;center&#8220;]Na\u0161e hodnoty[\/vc_custom_heading][vc_empty_space empty_h=&#8220;2&#8243;][uncode_block id=&#8220;27&#8243; inside_column=&#8220;yes&#8220;][\/vc_column][\/vc_row][vc_row row_height_percent=&#8220;0&#8243; override_padding=&#8220;yes&#8220; h_padding=&#8220;0&#8243; top_padding=&#8220;0&#8243; bottom_padding=&#8220;0&#8243; back_color=&#8220;color-light-blue&#8220; overlay_alpha=&#8220;50&#8243; gutter_size=&#8220;3&#8243; column_width_percent=&#8220;100&#8243; shift_y=&#8220;0&#8243; z_index=&#8220;0&#8243; uncode_shortcode_id=&#8220;189592&#8243; back_color_type=&#8220;uncode-palette&#8220; el_class=&#8220;hh-media-up&#8220;][vc_column width=&#8220;1\/2&#8243;][vc_custom_heading uncode_shortcode_id=&#8220;669345&#8243; el_class=&#8220;hh-mobile&#8220;]O v\u00fdrob\u011b[\/vc_custom_heading][vc_raw_html]JTNDaW1nJTIwc3JjJTNEJTIyJTJGd3AtY29udGVudCUyRnVwbG9hZHMlMkYyMDIzJTJGMDQlMkZwb2xhcm9pZHMtNS5wbmclMjIlMjBhbHQlM0QlMjJCYWJ5JTIwcG9sYXJvaWRzJTIyJTIwY2xhc3MlM0QlMjJoaC1oZXJvLXBvbGFyb2lkcyUyMiUyRiUzRQ==[\/vc_raw_html][\/vc_column][vc_column column_width_percent=&#8220;100&#8243; gutter_size=&#8220;3&#8243; overlay_alpha=&#8220;50&#8243; shift_x=&#8220;0&#8243; shift_y=&#8220;0&#8243; shift_y_down=&#8220;0&#8243; z_index=&#8220;0&#8243; medium_width=&#8220;0&#8243; mobile_width=&#8220;0&#8243; width=&#8220;1\/2&#8243; uncode_shortcode_id=&#8220;473379&#8243; el_class=&#8220;hh-text-column&#8220;][vc_custom_heading uncode_shortcode_id=&#8220;182861&#8243; el_class=&#8220;hh-desktop&#8220;]O v\u00fdrob\u011b[\/vc_custom_heading][vc_column_text text_color=&#8220;color-dark-blue&#8220; uncode_shortcode_id=&#8220;161224&#8243; text_color_type=&#8220;uncode-palette&#8220;]Helen Harper je zna\u010dka spole\u010dnosti Ontex.\u200b<\/p>\n<p>Ontex je p\u0159edn\u00ed mezin\u00e1rodn\u00ed skupina vyr\u00e1b\u011bj\u00edc\u00ed produkty pro osobn\u00ed hygienu. Navrhujeme a vyr\u00e1b\u00edme vysoce kvalitn\u00ed produkty pro p\u00e9\u010di o d\u011bti, \u017eeny a dosp\u011bl\u00e9 a jsme partnery pro spot\u0159ebitele, maloobchodn\u00edky a poskytovatele institucion\u00e1ln\u00ed a soukrom\u00e9 zdravotn\u00ed p\u00e9\u010de po cel\u00e9m sv\u011bt\u011b.<\/p>\n<p>Produkty Helen Harper se vyr\u00e1b\u011bj\u00ed v z\u00e1vodech Ontex v Evrop\u011b. \u200b<\/p>\n<p>Na\u0161e spole\u010dnost se \u0159\u00edd\u00ed na\u0161imi etick\u00fdmi z\u00e1sadami zalo\u017een\u00fdmi na bezpe\u010dnosti, kvalit\u011b a spokojenosti z\u00e1kazn\u00edka. Na\u0161ich lid\u00ed, kte\u0159\u00ed jsou srdcem ve\u0161ker\u00e9 na\u0161\u00ed \u010dinnosti, si cen\u00edme nejv\u00edce.[\/vc_column_text][vc_button button_color=&#8220;color-magenta&#8220; radius=&#8220;btn-round&#8220; hover_fx=&#8220;full-colored&#8220; border_width=&#8220;0&#8243; icon_position=&#8220;right&#8220; scale_mobile=&#8220;no&#8220; link=&#8220;url:https%3A%2F%2Fontex.com%2F|title:About|target:_blank|rel:nofollow&#8220; el_class=&#8220;hh-btn-secondary hh-btn center&#8220; uncode_shortcode_id=&#8220;211954&#8243; button_color_type=&#8220;uncode-palette&#8220; icon=&#8220;fa fa-chevron-right3&#8243;]Nav\u0161tivte Ontex.com[\/vc_button][\/vc_column][\/vc_row][vc_row row_height_percent=&#8220;0&#8243; override_padding=&#8220;yes&#8220; h_padding=&#8220;4&#8243; top_padding=&#8220;4&#8243; bottom_padding=&#8220;3&#8243; overlay_alpha=&#8220;50&#8243; gutter_size=&#8220;3&#8243; column_width_percent=&#8220;100&#8243; shift_y=&#8220;0&#8243; z_index=&#8220;0&#8243; uncode_shortcode_id=&#8220;200995&#8243;][vc_column column_width_percent=&#8220;100&#8243; align_horizontal=&#8220;align_center&#8220; gutter_size=&#8220;3&#8243; overlay_alpha=&#8220;50&#8243; shift_x=&#8220;0&#8243; shift_y=&#8220;0&#8243; shift_y_down=&#8220;0&#8243; z_index=&#8220;0&#8243; medium_width=&#8220;0&#8243; mobile_width=&#8220;0&#8243; width=&#8220;1\/1&#8243; uncode_shortcode_id=&#8220;102591&#8243;][vc_custom_heading uncode_shortcode_id=&#8220;210550&#8243;]Pod\u00edvejte se na na\u0161e produktov\u00e9 video[\/vc_custom_heading][vc_empty_space empty_h=&#8220;1&#8243;][vc_raw_html el_class=&#8220;hh-video&#8220;]JTNDaWZyYW1lJTIwY2xhc3MlM0QlMjJoaC1pZnJhbWUlMjIlMjBzcmMlM0QlMjJodHRwcyUzQSUyRiUyRnBsYXllci52aW1lby5jb20lMkZ2aWRlbyUyRjgyMDAwNjg5MCUzRmglM0Q4Yzc0NGMxODE3JTIyJTIwZnJhbWVib3JkZXIlM0QlMjIwJTIyJTIwYWxsb3clM0QlMjJmdWxsc2NyZWVuJTNCJTIwcGljdHVyZS1pbi1waWN0dXJlJTIyJTIwYWxsb3dmdWxsc2NyZWVuJTNEJTIyJTIyJTIwJTIwdGl0bGUlM0QlMjJIZWxlbiUyMEhhcnAlNUJlciUyMFByb2R1Y3Rpb24lMjBWaWRlbyUyMiUyMGRhdGEtcmVhZHklM0QlMjJ0cnVlJTIyJTNFJTNDJTJGaWZyYW1lJTNF[\/vc_raw_html][\/vc_column][\/vc_row][vc_row row_height_percent=&#8220;0&#8243; override_padding=&#8220;yes&#8220; h_padding=&#8220;0&#8243; top_padding=&#8220;0&#8243; bottom_padding=&#8220;0&#8243; back_color=&#8220;color-light-purple&#8220; overlay_alpha=&#8220;50&#8243; gutter_size=&#8220;3&#8243; column_width_percent=&#8220;100&#8243; shift_y=&#8220;0&#8243; z_index=&#8220;0&#8243; inverted_device_order=&#8220;yes&#8220; uncode_shortcode_id=&#8220;323620&#8243; back_color_type=&#8220;uncode-palette&#8220; el_id=&#8220;hh-join-block&#8220; el_class=&#8220;hh-media-up-small&#8220;][vc_column column_width_percent=&#8220;100&#8243; gutter_size=&#8220;3&#8243; overlay_alpha=&#8220;50&#8243; shift_x=&#8220;0&#8243; shift_y=&#8220;0&#8243; shift_y_down=&#8220;0&#8243; z_index=&#8220;0&#8243; medium_width=&#8220;0&#8243; mobile_width=&#8220;0&#8243; width=&#8220;1\/2&#8243; uncode_shortcode_id=&#8220;157452&#8243; el_class=&#8220;hh-larger-half hh-text-column&#8220;][vc_custom_heading uncode_shortcode_id=&#8220;400552&#8243; el_class=&#8220;hh-desktop&#8220;]P\u0159idej se k n\u00e1m a dal\u0161\u00edm mamink\u00e1m a tat\u00ednk\u016fm[\/vc_custom_heading][vc_column_text text_color=&#8220;color-nhtu&#8220; uncode_shortcode_id=&#8220;161691&#8243; text_color_type=&#8220;uncode-palette&#8220;]P\u0159ipoj se k na\u0161\u00ed komunit\u011b maminek a tat\u00ednku na soci\u00e1ln\u00edch s\u00edt\u00edch. Bu\u010f nabl\u00edzku komunit\u011b, kter\u00e1 se zaj\u00edm\u00e1 a d\u011bl\u00ed se o rady t\u00fdkaj\u00edc\u00ed se ka\u017edodenn\u00edho \u017eivota s d\u011b\u0165\u00e1tkem.\u200b<\/p>\n<p>Sd\u00edl\u00edme na\u0161e emoce, obr\u00e1zky a tipy: p\u0159ipoj se k na\u0161\u00ed roz\u0161\u00ed\u0159en\u00e9 rodin\u011b a nev\u00e1hej p\u0159idat koment\u00e1\u0159! Ob\u010das zde tak\u00e9 najde\u0161 promo akce, hry a d\u00e1rky.<\/p>\n<p>M\u00e1\u0161 n\u011bjak\u00e9 dotazy? KONTAKTUJ N\u00c1S.[\/vc_column_text][uncode_block id=&#8220;90&#8243; inside_column=&#8220;yes&#8220;][\/vc_column][vc_column column_width_percent=&#8220;100&#8243; gutter_size=&#8220;3&#8243; overlay_alpha=&#8220;50&#8243; shift_x=&#8220;0&#8243; shift_y=&#8220;0&#8243; shift_y_down=&#8220;0&#8243; z_index=&#8220;0&#8243; medium_width=&#8220;0&#8243; mobile_width=&#8220;0&#8243; width=&#8220;1\/2&#8243; uncode_shortcode_id=&#8220;272383&#8243; el_class=&#8220;hh-smaller-half&#8220;][vc_custom_heading uncode_shortcode_id=&#8220;207807&#8243; el_class=&#8220;hh-mobile&#8220;]P\u0159idej se k n\u00e1m a dal\u0161\u00edm mamink\u00e1m a tat\u00ednk\u016fm[\/vc_custom_heading][vc_raw_html]JTNDaW1nJTIwc3JjJTNEJTIyJTJGd3AtY29udGVudCUyRnVwbG9hZHMlMkYyMDIzJTJGMDUlMkZIZWxlbl9IYXJwZXJfU29mdF9Ecnlfam9pbl91c19zb2NpYWxfbWVkaWEucG5nJTIyJTIwYWx0JTNEJTIyQmFieSUyMHBvbGFyb2lkcyUyMiUyMGNsYXNzJTNEJTIyaGgtaGVyby1wb2xhcm9pZHMlMjIlMkYlM0U=[\/vc_raw_html][\/vc_column][\/vc_row][vc_row][vc_column width=&#8220;1\/1&#8243;][vc_empty_space empty_h=&#8220;2&#8243; el_class=&#8220;hh-desktop&#8220;][\/vc_column][\/vc_row][vc_row][vc_column width=&#8220;1\/1&#8243;][uncode_block id=&#8220;69&#8243;][\/vc_column][\/vc_row][vc_row row_height_percent=&#8220;0&#8243; override_padding=&#8220;yes&#8220; h_padding=&#8220;2&#8243; top_padding=&#8220;0&#8243; bottom_padding=&#8220;2&#8243; overlay_alpha=&#8220;50&#8243; gutter_size=&#8220;3&#8243; column_width_percent=&#8220;100&#8243; shift_y=&#8220;0&#8243; z_index=&#8220;0&#8243; uncode_shortcode_id=&#8220;190742&#8243;][vc_column width=&#8220;1\/1&#8243;][vc_empty_space empty_h=&#8220;2&#8243; el_class=&#8220;hh-desktop&#8220;][\/vc_column][\/vc_row]<\/p>\n<\/div>","protected":false},"excerpt":{"rendered":"<p>Na\u0161i zna\u010dku Helen Harper jsme vytvo\u0159il, proto\u017ee ten, koho na za\u010d\u00e1tku na\u0161\u00ed cesty coby rodi\u010d pot\u0159ebujeme nejv\u00edc, je nejlep\u0161\u00ed p\u0159\u00edtel, kter\u00e9mu m\u016f\u017eeme d\u016fv\u011b\u0159ovat.<\/p>\n","protected":false},"author":4,"featured_media":0,"parent":0,"menu_order":0,"comment_status":"closed","ping_status":"closed","template":"","meta":{"_acf_changed":false,"footnotes":""},"class_list":["post-2001","page","type-page","status-publish","hentry"],"acf":[],"yoast_head":"<!-- This site is optimized with the Yoast SEO Premium plugin v27.4 (Yoast SEO v27.4) - https:\/\/yoast.com\/product\/yoast-seo-premium-wordpress\/ -->\n<title>O Helen Harper &#183; Helen Harper Soft and Dry<\/title>\n<meta name=\"description\" content=\"Na\u0161i zna\u010dku Helen Harper jsme vytvo\u0159il, proto\u017ee ten, koho na za\u010d\u00e1tku na\u0161\u00ed cesty coby rodi\u010d pot\u0159ebujeme nejv\u00edc, je nejlep\u0161\u00ed p\u0159\u00edtel, kter\u00e9mu m\u016f\u017eeme d\u016fv\u011b\u0159ovat.\" \/>\n<meta name=\"robots\" content=\"index, follow, max-snippet:-1, max-image-preview:large, max-video-preview:-1\" \/>\n<link rel=\"canonical\" href=\"https:\/\/www.helenharperbaby.com\/cs\/o-helen-harper\/\" \/>\n<meta property=\"og:locale\" content=\"cs_CZ\" \/>\n<meta property=\"og:type\" content=\"article\" \/>\n<meta property=\"og:title\" content=\"O Helen Harper\" \/>\n<meta property=\"og:description\" content=\"Na\u0161i zna\u010dku Helen Harper jsme vytvo\u0159il, proto\u017ee ten, koho na za\u010d\u00e1tku na\u0161\u00ed cesty coby rodi\u010d pot\u0159ebujeme nejv\u00edc, je nejlep\u0161\u00ed p\u0159\u00edtel, kter\u00e9mu m\u016f\u017eeme d\u016fv\u011b\u0159ovat.\" \/>\n<meta property=\"og:url\" content=\"https:\/\/www.helenharperbaby.com\/cs\/o-helen-harper\/\" \/>\n<meta property=\"og:site_name\" content=\"Helen Harper Soft and Dry\" \/>\n<meta property=\"article:modified_time\" content=\"2023-06-21T14:12:54+00:00\" \/>\n<meta property=\"og:image\" content=\"https:\/\/www.helenharperbaby.com\/wp-content\/uploads\/2023\/05\/Helen_harper_soft_dry_main_image.jpg\" \/>\n\t<meta property=\"og:image:width\" content=\"1200\" \/>\n\t<meta property=\"og:image:height\" content=\"675\" \/>\n\t<meta property=\"og:image:type\" content=\"image\/jpeg\" \/>\n<meta name=\"twitter:card\" content=\"summary_large_image\" \/>\n<meta name=\"twitter:label1\" content=\"Odhadovan\u00e1 doba \u010dten\u00ed\" \/>\n\t<meta name=\"twitter:data1\" content=\"3 minuty\" \/>\n<script type=\"application\/ld+json\" class=\"yoast-schema-graph\">{\"@context\":\"https:\\\/\\\/schema.org\",\"@graph\":[{\"@type\":\"WebPage\",\"@id\":\"https:\\\/\\\/www.helenharperbaby.com\\\/cs\\\/o-helen-harper\\\/\",\"url\":\"https:\\\/\\\/www.helenharperbaby.com\\\/cs\\\/o-helen-harper\\\/\",\"name\":\"O Helen Harper &#183; Helen Harper Soft and Dry\",\"isPartOf\":{\"@id\":\"https:\\\/\\\/www.helenharperbaby.com\\\/cs\\\/#website\"},\"datePublished\":\"2023-04-25T17:59:44+00:00\",\"dateModified\":\"2023-06-21T14:12:54+00:00\",\"description\":\"Na\u0161i zna\u010dku Helen Harper jsme vytvo\u0159il, proto\u017ee ten, koho na za\u010d\u00e1tku na\u0161\u00ed cesty coby rodi\u010d pot\u0159ebujeme nejv\u00edc, je nejlep\u0161\u00ed p\u0159\u00edtel, kter\u00e9mu m\u016f\u017eeme d\u016fv\u011b\u0159ovat.\",\"breadcrumb\":{\"@id\":\"https:\\\/\\\/www.helenharperbaby.com\\\/cs\\\/o-helen-harper\\\/#breadcrumb\"},\"inLanguage\":\"cs\",\"potentialAction\":[{\"@type\":\"ReadAction\",\"target\":[\"https:\\\/\\\/www.helenharperbaby.com\\\/cs\\\/o-helen-harper\\\/\"]}]},{\"@type\":\"BreadcrumbList\",\"@id\":\"https:\\\/\\\/www.helenharperbaby.com\\\/cs\\\/o-helen-harper\\\/#breadcrumb\",\"itemListElement\":[{\"@type\":\"ListItem\",\"position\":1,\"name\":\"Home\",\"item\":\"https:\\\/\\\/www.helenharperbaby.com\\\/cs\\\/\"},{\"@type\":\"ListItem\",\"position\":2,\"name\":\"O Helen Harper\"}]},{\"@type\":\"WebSite\",\"@id\":\"https:\\\/\\\/www.helenharperbaby.com\\\/cs\\\/#website\",\"url\":\"https:\\\/\\\/www.helenharperbaby.com\\\/cs\\\/\",\"name\":\"Helen Harper Baby\",\"description\":\"For moments of pure happiness.\",\"publisher\":{\"@id\":\"https:\\\/\\\/www.helenharperbaby.com\\\/cs\\\/#organization\"},\"potentialAction\":[{\"@type\":\"SearchAction\",\"target\":{\"@type\":\"EntryPoint\",\"urlTemplate\":\"https:\\\/\\\/www.helenharperbaby.com\\\/cs\\\/?s={search_term_string}\"},\"query-input\":{\"@type\":\"PropertyValueSpecification\",\"valueRequired\":true,\"valueName\":\"search_term_string\"}}],\"inLanguage\":\"cs\"},{\"@type\":\"Organization\",\"@id\":\"https:\\\/\\\/www.helenharperbaby.com\\\/cs\\\/#organization\",\"name\":\"Helen Harper Baby\",\"url\":\"https:\\\/\\\/www.helenharperbaby.com\\\/cs\\\/\",\"logo\":{\"@type\":\"ImageObject\",\"inLanguage\":\"cs\",\"@id\":\"https:\\\/\\\/www.helenharperbaby.com\\\/cs\\\/#\\\/schema\\\/logo\\\/image\\\/\",\"url\":\"https:\\\/\\\/www.helenharperbaby.com\\\/wp-content\\\/uploads\\\/2023\\\/04\\\/hh-logo.png\",\"contentUrl\":\"https:\\\/\\\/www.helenharperbaby.com\\\/wp-content\\\/uploads\\\/2023\\\/04\\\/hh-logo.png\",\"width\":350,\"height\":227,\"caption\":\"Helen Harper Baby\"},\"image\":{\"@id\":\"https:\\\/\\\/www.helenharperbaby.com\\\/cs\\\/#\\\/schema\\\/logo\\\/image\\\/\"}}]}<\/script>\n<!-- \/ Yoast SEO Premium plugin. -->","yoast_head_json":{"title":"O Helen Harper &#183; Helen Harper Soft and Dry","description":"Na\u0161i zna\u010dku Helen Harper jsme vytvo\u0159il, proto\u017ee ten, koho na za\u010d\u00e1tku na\u0161\u00ed cesty coby rodi\u010d pot\u0159ebujeme nejv\u00edc, je nejlep\u0161\u00ed p\u0159\u00edtel, kter\u00e9mu m\u016f\u017eeme d\u016fv\u011b\u0159ovat.","robots":{"index":"index","follow":"follow","max-snippet":"max-snippet:-1","max-image-preview":"max-image-preview:large","max-video-preview":"max-video-preview:-1"},"canonical":"https:\/\/www.helenharperbaby.com\/cs\/o-helen-harper\/","og_locale":"cs_CZ","og_type":"article","og_title":"O Helen Harper","og_description":"Na\u0161i zna\u010dku Helen Harper jsme vytvo\u0159il, proto\u017ee ten, koho na za\u010d\u00e1tku na\u0161\u00ed cesty coby rodi\u010d pot\u0159ebujeme nejv\u00edc, je nejlep\u0161\u00ed p\u0159\u00edtel, kter\u00e9mu m\u016f\u017eeme d\u016fv\u011b\u0159ovat.","og_url":"https:\/\/www.helenharperbaby.com\/cs\/o-helen-harper\/","og_site_name":"Helen Harper Soft and Dry","article_modified_time":"2023-06-21T14:12:54+00:00","og_image":[{"width":1200,"height":675,"url":"https:\/\/www.helenharperbaby.com\/wp-content\/uploads\/2023\/05\/Helen_harper_soft_dry_main_image.jpg","type":"image\/jpeg"}],"twitter_card":"summary_large_image","twitter_misc":{"Odhadovan\u00e1 doba \u010dten\u00ed":"3 minuty"},"schema":{"@context":"https:\/\/schema.org","@graph":[{"@type":"WebPage","@id":"https:\/\/www.helenharperbaby.com\/cs\/o-helen-harper\/","url":"https:\/\/www.helenharperbaby.com\/cs\/o-helen-harper\/","name":"O Helen Harper &#183; Helen Harper Soft and Dry","isPartOf":{"@id":"https:\/\/www.helenharperbaby.com\/cs\/#website"},"datePublished":"2023-04-25T17:59:44+00:00","dateModified":"2023-06-21T14:12:54+00:00","description":"Na\u0161i zna\u010dku Helen Harper jsme vytvo\u0159il, proto\u017ee ten, koho na za\u010d\u00e1tku na\u0161\u00ed cesty coby rodi\u010d pot\u0159ebujeme nejv\u00edc, je nejlep\u0161\u00ed p\u0159\u00edtel, kter\u00e9mu m\u016f\u017eeme d\u016fv\u011b\u0159ovat.","breadcrumb":{"@id":"https:\/\/www.helenharperbaby.com\/cs\/o-helen-harper\/#breadcrumb"},"inLanguage":"cs","potentialAction":[{"@type":"ReadAction","target":["https:\/\/www.helenharperbaby.com\/cs\/o-helen-harper\/"]}]},{"@type":"BreadcrumbList","@id":"https:\/\/www.helenharperbaby.com\/cs\/o-helen-harper\/#breadcrumb","itemListElement":[{"@type":"ListItem","position":1,"name":"Home","item":"https:\/\/www.helenharperbaby.com\/cs\/"},{"@type":"ListItem","position":2,"name":"O Helen Harper"}]},{"@type":"WebSite","@id":"https:\/\/www.helenharperbaby.com\/cs\/#website","url":"https:\/\/www.helenharperbaby.com\/cs\/","name":"Helen Harper Baby","description":"For moments of pure happiness.","publisher":{"@id":"https:\/\/www.helenharperbaby.com\/cs\/#organization"},"potentialAction":[{"@type":"SearchAction","target":{"@type":"EntryPoint","urlTemplate":"https:\/\/www.helenharperbaby.com\/cs\/?s={search_term_string}"},"query-input":{"@type":"PropertyValueSpecification","valueRequired":true,"valueName":"search_term_string"}}],"inLanguage":"cs"},{"@type":"Organization","@id":"https:\/\/www.helenharperbaby.com\/cs\/#organization","name":"Helen Harper Baby","url":"https:\/\/www.helenharperbaby.com\/cs\/","logo":{"@type":"ImageObject","inLanguage":"cs","@id":"https:\/\/www.helenharperbaby.com\/cs\/#\/schema\/logo\/image\/","url":"https:\/\/www.helenharperbaby.com\/wp-content\/uploads\/2023\/04\/hh-logo.png","contentUrl":"https:\/\/www.helenharperbaby.com\/wp-content\/uploads\/2023\/04\/hh-logo.png","width":350,"height":227,"caption":"Helen Harper Baby"},"image":{"@id":"https:\/\/www.helenharperbaby.com\/cs\/#\/schema\/logo\/image\/"}}]}},"_links":{"self":[{"href":"https:\/\/www.helenharperbaby.com\/cs\/wp-json\/wp\/v2\/pages\/2001","targetHints":{"allow":["GET"]}}],"collection":[{"href":"https:\/\/www.helenharperbaby.com\/cs\/wp-json\/wp\/v2\/pages"}],"about":[{"href":"https:\/\/www.helenharperbaby.com\/cs\/wp-json\/wp\/v2\/types\/page"}],"author":[{"embeddable":true,"href":"https:\/\/www.helenharperbaby.com\/cs\/wp-json\/wp\/v2\/users\/4"}],"replies":[{"embeddable":true,"href":"https:\/\/www.helenharperbaby.com\/cs\/wp-json\/wp\/v2\/comments?post=2001"}],"version-history":[{"count":0,"href":"https:\/\/www.helenharperbaby.com\/cs\/wp-json\/wp\/v2\/pages\/2001\/revisions"}],"wp:attachment":[{"href":"https:\/\/www.helenharperbaby.com\/cs\/wp-json\/wp\/v2\/media?parent=2001"}],"curies":[{"name":"wp","href":"https:\/\/api.w.org\/{rel}","templated":true}]}}