{"id":2039,"date":"2023-04-28T19:40:57","date_gmt":"2023-04-28T19:40:57","guid":{"rendered":"https:\/\/www.helenharperbaby.com\/?page_id=2039"},"modified":"2023-06-21T20:30:08","modified_gmt":"2023-06-21T20:30:08","slug":"junior","status":"publish","type":"page","link":"https:\/\/www.helenharperbaby.com\/cs\/produkty\/junior\/","title":{"rendered":"Junior"},"content":{"rendered":"<div class=\"wpb-content-wrapper\"><p>[vc_row][vc_column width=&#8220;1\/1&#8243;][uncode_breadcrumbs][\/vc_column][\/vc_row][vc_row row_height_percent=&#8220;0&#8243; override_padding=&#8220;yes&#8220; h_padding=&#8220;2&#8243; top_padding=&#8220;2&#8243; bottom_padding=&#8220;4&#8243; overlay_alpha=&#8220;50&#8243; gutter_size=&#8220;3&#8243; column_width_percent=&#8220;100&#8243; shift_y=&#8220;0&#8243; z_index=&#8220;0&#8243; uncode_shortcode_id=&#8220;178806&#8243; el_class=&#8220;hh-single-product-block&#8220;][vc_column column_width_use_pixel=&#8220;yes&#8220; align_horizontal=&#8220;align_center&#8220; gutter_size=&#8220;3&#8243; override_padding=&#8220;yes&#8220; column_padding=&#8220;3&#8243; back_color=&#8220;color-lxmt&#8220; overlay_alpha=&#8220;50&#8243; shift_x=&#8220;0&#8243; shift_y=&#8220;0&#8243; shift_y_down=&#8220;0&#8243; z_index=&#8220;0&#8243; medium_width=&#8220;0&#8243; mobile_width=&#8220;0&#8243; sticky=&#8220;yes&#8220; radius=&#8220;xl&#8220; width=&#8220;5\/12&#8243; uncode_shortcode_id=&#8220;193744&#8243; column_width_pixel=&#8220;250&#8243; back_color_type=&#8220;uncode-palette&#8220;][vc_gallery el_id=&#8220;gallery-127923&#8243; type=&#8220;carousel&#8220; medias=&#8220;380,382,383,384,381,386,385&#8243; carousel_lg=&#8220;1&#8243; carousel_md=&#8220;1&#8243; carousel_sm=&#8220;1&#8243; thumb_size=&#8220;one-one&#8220; gutter_size=&#8220;3&#8243; media_items=&#8220;media|lightbox|original&#8220; carousel_v_align=&#8220;middle&#8220; carousel_interval=&#8220;3000&#8243; carousel_navspeed=&#8220;400&#8243; carousel_dots=&#8220;yes&#8220; carousel_dots_mobile=&#8220;yes&#8220; stage_padding=&#8220;0&#8243; single_overlay_opacity=&#8220;50&#8243; single_overlay_anim=&#8220;no&#8220; single_text_anim=&#8220;no&#8220; single_image_anim=&#8220;no&#8220; single_padding=&#8220;2&#8243; single_border=&#8220;yes&#8220; uncode_shortcode_id=&#8220;166200&#8243; el_class=&#8220;hh-custom-controls&#8220;][\/vc_column][vc_column width=&#8220;7\/12&#8243;][vc_empty_space empty_h=&#8220;2&#8243; mobile_visibility=&#8220;yes&#8220;][vc_custom_heading heading_semantic=&#8220;h1&#8243; uncode_shortcode_id=&#8220;137005&#8243; el_class=&#8220;mobile-left&#8220;]PLENY JUNIOR[\/vc_custom_heading][uncode_list uncode_shortcode_id=&#8220;452933&#8243; el_class=&#8220;hh-list&#8220;]<\/p>\n<ul>\n<li class=\"blue\">DIAPERS<\/li>\n<li class=\"purple\">JUNIOR<\/li>\n<\/ul>\n<p>[\/uncode_list][vc_empty_space empty_h=&#8220;2&#8243; el_class=&#8220;hh-mobile&#8220;][vc_column_text uncode_shortcode_id=&#8220;100864&#8243;]Pleny Junior jsou ur\u010deny pro d\u011bti od 11 do 16 kg.\u200b<\/p>\n<p>Je to jako by se tvoje d\u011b\u0165\u00e1tko narodilo v\u010dera, ale \u010das let\u00ed tak rychle! P\u0159irozenost\u00ed d\u00edt\u011bte je si hr\u00e1t a objevovat.\u200b<\/p>\n<p>Na\u0161e m\u011bkk\u00e9 pleny jsou ihned such\u00e9 na dotek, zaru\u010duj\u00ed suchost a pohodl\u00ed pro d\u011btskou poko\u017eku. P\u0159ipraveni na dobrodru\u017estv\u00ed!\u200b[\/vc_column_text][vc_row_inner row_inner_height_percent=&#8220;0&#8243; overlay_alpha=&#8220;50&#8243; gutter_size=&#8220;0&#8243; shift_y=&#8220;0&#8243; z_index=&#8220;0&#8243; uncode_shortcode_id=&#8220;126957&#8243; el_class=&#8220;hh-product-icons-block&#8220;][vc_column_inner column_width_percent=&#8220;100&#8243; gutter_size=&#8220;3&#8243; overlay_alpha=&#8220;50&#8243; shift_x=&#8220;0&#8243; shift_y=&#8220;0&#8243; shift_y_down=&#8220;0&#8243; z_index=&#8220;0&#8243; medium_width=&#8220;0&#8243; mobile_width=&#8220;4&#8243; width=&#8220;1\/2&#8243; uncode_shortcode_id=&#8220;338818&#8243;][vc_icon position=&#8220;left&#8220; icon_image=&#8220;143&#8243; heading_semantic=&#8220;p&#8220; text_size=&#8220;&#8220; uncode_shortcode_id=&#8220;819406&#8243; title=&#8220;39\/54 kus\u016f v balen\u00ed&#8220; el_class=&#8220;hh-grayscale-icon&#8220;][\/vc_icon][vc_icon position=&#8220;left&#8220; icon_image=&#8220;142&#8243; heading_semantic=&#8220;p&#8220; text_size=&#8220;&#8220; uncode_shortcode_id=&#8220;674056&#8243; title=&#8220;Od 11 do 16 kg&#8220; el_class=&#8220;hh-grayscale-icon&#8220;][\/vc_icon][\/vc_column_inner][vc_column_inner column_width_percent=&#8220;100&#8243; gutter_size=&#8220;3&#8243; overlay_alpha=&#8220;50&#8243; shift_x=&#8220;0&#8243; shift_y=&#8220;0&#8243; shift_y_down=&#8220;0&#8243; z_index=&#8220;0&#8243; medium_width=&#8220;0&#8243; mobile_width=&#8220;4&#8243; width=&#8220;1\/2&#8243; uncode_shortcode_id=&#8220;220278&#8243;][vc_icon position=&#8220;left&#8220; icon_image=&#8220;145&#8243; heading_semantic=&#8220;p&#8220; text_size=&#8220;&#8220; uncode_shortcode_id=&#8220;201241&#8243; title=&#8220;12hodinov\u00e1 ochrana&#8220; el_class=&#8220;hh-grayscale-icon&#8220;][\/vc_icon][vc_icon position=&#8220;left&#8220; icon_image=&#8220;144&#8243; heading_semantic=&#8220;p&#8220; text_size=&#8220;&#8220; uncode_shortcode_id=&#8220;199278&#8243; title=&#8220;Den a noc&#8220; el_class=&#8220;hh-grayscale-icon&#8220;][\/vc_icon][\/vc_column_inner][\/vc_row_inner][vc_button hover_fx=&#8220;full-colored&#8220; border_width=&#8220;0&#8243; link=&#8220;url:%2Fcs%2Fkde-koupit%2F|title:Kde%20koupit&#8220; el_class=&#8220;hh-btn-primary hh-btn&#8220; uncode_shortcode_id=&#8220;920734&#8243;]Kde koupit[\/vc_button][vc_empty_space empty_h=&#8220;3&#8243;][vc_custom_heading heading_semantic=&#8220;h4&#8243; text_size=&#8220;h5&#8243; text_weight=&#8220;500&#8243; uncode_shortcode_id=&#8220;845290&#8243;]Rovn\u011b\u017e k dispozici v jin\u00fdch velikostech:[\/vc_custom_heading][uncode_list uncode_shortcode_id=&#8220;209929&#8243; el_id=&#8220;hh-size-links&#8220; el_class=&#8220;hh-list&#8220;]<\/p>\n<ul>\n<li class=\"green\"><a href=\"https:\/\/www.helenharperbaby.com\/cs\/produkty\/newborn\/\">NEWBORN<\/a><\/li>\n<li class=\"lgreen\"><a href=\"https:\/\/www.helenharperbaby.com\/cs\/produkty\/mini\/\">MINI<\/a><\/li>\n<li class=\"lblue\"><a href=\"https:\/\/www.helenharperbaby.com\/cs\/produkty\/midi\/\">MIDI<\/a><\/li>\n<li class=\"turq\"><a href=\"https:\/\/www.helenharperbaby.com\/cs\/produkty\/maxi\/\">MAXI<\/a><\/li>\n<li class=\"pink\"><a href=\"https:\/\/www.helenharperbaby.com\/cs\/produkty\/xl\/\">XL<\/a><\/li>\n<\/ul>\n<p>[\/uncode_list][vc_empty_space empty_h=&#8220;3&#8243;][vc_custom_heading text_color=&#8220;color-jevc&#8220; heading_semantic=&#8220;h4&#8243; text_size=&#8220;h5&#8243; text_weight=&#8220;500&#8243; uncode_shortcode_id=&#8220;557098&#8243; text_color_type=&#8220;uncode-palette&#8220;]Slo\u017een\u00ed[\/vc_custom_heading][vc_single_image media=&#8220;372&#8243; media_width_percent=&#8220;100&#8243; uncode_shortcode_id=&#8220;991439&#8243; el_class=&#8220;hh-max-100&#8243;][vc_raw_html]JTNDZGl2JTIwY2xhc3MlM0QlMjJoaC1nYW1tZS1idXR0b25zJTIyJTNFJTBBJTNDYnV0dG9uJTIwaWQlM0QlMjJidXR0b24tMSUyMiUzRTElM0MlMkZidXR0b24lM0UlMEElM0NidXR0b24lMjBpZCUzRCUyMmJ1dHRvbi0yJTIyJTNFMiUzQyUyRmJ1dHRvbiUzRSUwQSUzQ2J1dHRvbiUyMGlkJTNEJTIyYnV0dG9uLTMlMjIlM0UzJTNDJTJGYnV0dG9uJTNFJTBBJTNDYnV0dG9uJTIwaWQlM0QlMjJidXR0b24tNCUyMiUzRTQlM0MlMkZidXR0b24lM0UlMEElM0NidXR0b24lMjBpZCUzRCUyMmJ1dHRvbi01JTIyJTNFNSUzQyUyRmJ1dHRvbiUzRSUwQSUzQ2J1dHRvbiUyMGlkJTNEJTIyYnV0dG9uLTYlMjIlM0U2JTNDJTJGYnV0dG9uJTNFJTBBJTNDYnV0dG9uJTIwaWQlM0QlMjJidXR0b24tNyUyMiUzRTclM0MlMkZidXR0b24lM0UlMEElM0MlMkZkaXYlM0UlMEElM0NwJTNFVnliZXJ0ZSUyMCVDNCU4RCVDMyVBRHNsbyUyMHBybyUyMHpvYnJhemVuJUMzJUFEJTIwa29ua3IlQzMlQTl0biVDMyVBRCUyMCVDNCU4RCVDMyVBMXN0aSUyMHNsbyVDNSVCRWVuJUMzJUFEJTNDJTJGcCUzRQ==[\/vc_raw_html][uncode_block id=&#8220;141&#8243; inside_column=&#8220;yes&#8220;][\/vc_column][\/vc_row][vc_row][vc_column width=&#8220;1\/1&#8243;][uncode_block id=&#8220;137&#8243;][\/vc_column][\/vc_row][vc_row][vc_column width=&#8220;1\/1&#8243;][vc_empty_space empty_h=&#8220;2&#8243;][\/vc_column][\/vc_row][vc_row][vc_column width=&#8220;1\/1&#8243;][uncode_block id=&#8220;69&#8243;][\/vc_column][\/vc_row]<\/p>\n<\/div>","protected":false},"excerpt":{"rendered":"<p>Plenkov\u00e9 kalhotky Helen Harper Soft &#038; Dry se budou snadno pou\u017e\u00edvat tob\u011b i tv\u00e9mu d\u00edt\u011bti: sta\u010d\u00ed rozt\u00e1hnout a obl\u00e9ci a kdy\u017e je \u010das je sundat, roztrhnout na boc\u00edch.<\/p>\n","protected":false},"author":3,"featured_media":664,"parent":2099,"menu_order":5,"comment_status":"closed","ping_status":"closed","template":"","meta":{"_acf_changed":false,"footnotes":""},"class_list":["post-2039","page","type-page","status-publish","has-post-thumbnail","hentry","page_category-pleny"],"acf":[],"yoast_head":"<!-- This site is optimized with the Yoast SEO Premium plugin v27.4 (Yoast SEO v27.4) - https:\/\/yoast.com\/product\/yoast-seo-premium-wordpress\/ -->\n<title>Plenkov\u00e9 kalhotky Junior pro d\u011bti od 12 do 17 kg &#183; Helen Harper Soft and Dry<\/title>\n<meta name=\"description\" content=\"Plenkov\u00e9 kalhotky Helen Harper Soft &amp; Dry se budou snadno pou\u017e\u00edvat tob\u011b i tv\u00e9mu d\u00edt\u011bti: sta\u010d\u00ed rozt\u00e1hnout a obl\u00e9ci a kdy\u017e je \u010das je sundat, roztrhnout na boc\u00edch.\" \/>\n<meta name=\"robots\" content=\"index, follow, max-snippet:-1, max-image-preview:large, max-video-preview:-1\" \/>\n<link rel=\"canonical\" href=\"https:\/\/www.helenharperbaby.com\/cs\/produkty\/junior\/\" \/>\n<meta property=\"og:locale\" content=\"cs_CZ\" \/>\n<meta property=\"og:type\" content=\"article\" \/>\n<meta property=\"og:title\" content=\"Junior\" \/>\n<meta property=\"og:description\" content=\"Plenkov\u00e9 kalhotky Helen Harper Soft &amp; Dry se budou snadno pou\u017e\u00edvat tob\u011b i tv\u00e9mu d\u00edt\u011bti: sta\u010d\u00ed rozt\u00e1hnout a obl\u00e9ci a kdy\u017e je \u010das je sundat, roztrhnout na boc\u00edch.\" \/>\n<meta property=\"og:url\" content=\"https:\/\/www.helenharperbaby.com\/cs\/produkty\/junior\/\" \/>\n<meta property=\"og:site_name\" content=\"Helen Harper Soft and Dry\" \/>\n<meta property=\"article:modified_time\" content=\"2023-06-21T20:30:08+00:00\" \/>\n<meta property=\"og:image\" content=\"https:\/\/www.helenharperbaby.com\/wp-content\/uploads\/2023\/04\/d-5.png\" \/>\n\t<meta property=\"og:image:width\" content=\"600\" \/>\n\t<meta property=\"og:image:height\" content=\"600\" \/>\n\t<meta property=\"og:image:type\" content=\"image\/png\" \/>\n<meta name=\"twitter:card\" content=\"summary_large_image\" \/>\n<meta name=\"twitter:label1\" content=\"Odhadovan\u00e1 doba \u010dten\u00ed\" \/>\n\t<meta name=\"twitter:data1\" content=\"2 minuty\" \/>\n<script type=\"application\/ld+json\" class=\"yoast-schema-graph\">{\"@context\":\"https:\\\/\\\/schema.org\",\"@graph\":[{\"@type\":\"WebPage\",\"@id\":\"https:\\\/\\\/www.helenharperbaby.com\\\/cs\\\/produkty\\\/junior\\\/\",\"url\":\"https:\\\/\\\/www.helenharperbaby.com\\\/cs\\\/produkty\\\/junior\\\/\",\"name\":\"Plenkov\u00e9 kalhotky Junior pro d\u011bti od 12 do 17 kg &#183; Helen Harper Soft and Dry\",\"isPartOf\":{\"@id\":\"https:\\\/\\\/www.helenharperbaby.com\\\/cs\\\/#website\"},\"primaryImageOfPage\":{\"@id\":\"https:\\\/\\\/www.helenharperbaby.com\\\/cs\\\/produkty\\\/junior\\\/#primaryimage\"},\"image\":{\"@id\":\"https:\\\/\\\/www.helenharperbaby.com\\\/cs\\\/produkty\\\/junior\\\/#primaryimage\"},\"thumbnailUrl\":\"https:\\\/\\\/www.helenharperbaby.com\\\/wp-content\\\/uploads\\\/2023\\\/04\\\/d-5.png\",\"datePublished\":\"2023-04-28T19:40:57+00:00\",\"dateModified\":\"2023-06-21T20:30:08+00:00\",\"description\":\"Plenkov\u00e9 kalhotky Helen Harper Soft & Dry se budou snadno pou\u017e\u00edvat tob\u011b i tv\u00e9mu d\u00edt\u011bti: sta\u010d\u00ed rozt\u00e1hnout a obl\u00e9ci a kdy\u017e je \u010das je sundat, roztrhnout na boc\u00edch.\",\"breadcrumb\":{\"@id\":\"https:\\\/\\\/www.helenharperbaby.com\\\/cs\\\/produkty\\\/junior\\\/#breadcrumb\"},\"inLanguage\":\"cs\",\"potentialAction\":[{\"@type\":\"ReadAction\",\"target\":[\"https:\\\/\\\/www.helenharperbaby.com\\\/cs\\\/produkty\\\/junior\\\/\"]}]},{\"@type\":\"ImageObject\",\"inLanguage\":\"cs\",\"@id\":\"https:\\\/\\\/www.helenharperbaby.com\\\/cs\\\/produkty\\\/junior\\\/#primaryimage\",\"url\":\"https:\\\/\\\/www.helenharperbaby.com\\\/wp-content\\\/uploads\\\/2023\\\/04\\\/d-5.png\",\"contentUrl\":\"https:\\\/\\\/www.helenharperbaby.com\\\/wp-content\\\/uploads\\\/2023\\\/04\\\/d-5.png\",\"width\":600,\"height\":600},{\"@type\":\"BreadcrumbList\",\"@id\":\"https:\\\/\\\/www.helenharperbaby.com\\\/cs\\\/produkty\\\/junior\\\/#breadcrumb\",\"itemListElement\":[{\"@type\":\"ListItem\",\"position\":1,\"name\":\"Home\",\"item\":\"https:\\\/\\\/www.helenharperbaby.com\\\/cs\\\/\"},{\"@type\":\"ListItem\",\"position\":2,\"name\":\"Produkty\",\"item\":\"https:\\\/\\\/www.helenharperbaby.com\\\/cs\\\/produkty\\\/\"},{\"@type\":\"ListItem\",\"position\":3,\"name\":\"Junior\"}]},{\"@type\":\"WebSite\",\"@id\":\"https:\\\/\\\/www.helenharperbaby.com\\\/cs\\\/#website\",\"url\":\"https:\\\/\\\/www.helenharperbaby.com\\\/cs\\\/\",\"name\":\"Helen Harper Baby\",\"description\":\"For moments of pure happiness.\",\"publisher\":{\"@id\":\"https:\\\/\\\/www.helenharperbaby.com\\\/cs\\\/#organization\"},\"potentialAction\":[{\"@type\":\"SearchAction\",\"target\":{\"@type\":\"EntryPoint\",\"urlTemplate\":\"https:\\\/\\\/www.helenharperbaby.com\\\/cs\\\/?s={search_term_string}\"},\"query-input\":{\"@type\":\"PropertyValueSpecification\",\"valueRequired\":true,\"valueName\":\"search_term_string\"}}],\"inLanguage\":\"cs\"},{\"@type\":\"Organization\",\"@id\":\"https:\\\/\\\/www.helenharperbaby.com\\\/cs\\\/#organization\",\"name\":\"Helen Harper Baby\",\"url\":\"https:\\\/\\\/www.helenharperbaby.com\\\/cs\\\/\",\"logo\":{\"@type\":\"ImageObject\",\"inLanguage\":\"cs\",\"@id\":\"https:\\\/\\\/www.helenharperbaby.com\\\/cs\\\/#\\\/schema\\\/logo\\\/image\\\/\",\"url\":\"https:\\\/\\\/www.helenharperbaby.com\\\/wp-content\\\/uploads\\\/2023\\\/04\\\/hh-logo.png\",\"contentUrl\":\"https:\\\/\\\/www.helenharperbaby.com\\\/wp-content\\\/uploads\\\/2023\\\/04\\\/hh-logo.png\",\"width\":350,\"height\":227,\"caption\":\"Helen Harper Baby\"},\"image\":{\"@id\":\"https:\\\/\\\/www.helenharperbaby.com\\\/cs\\\/#\\\/schema\\\/logo\\\/image\\\/\"}}]}<\/script>\n<!-- \/ Yoast SEO Premium plugin. -->","yoast_head_json":{"title":"Plenkov\u00e9 kalhotky Junior pro d\u011bti od 12 do 17 kg &#183; Helen Harper Soft and Dry","description":"Plenkov\u00e9 kalhotky Helen Harper Soft & Dry se budou snadno pou\u017e\u00edvat tob\u011b i tv\u00e9mu d\u00edt\u011bti: sta\u010d\u00ed rozt\u00e1hnout a obl\u00e9ci a kdy\u017e je \u010das je sundat, roztrhnout na boc\u00edch.","robots":{"index":"index","follow":"follow","max-snippet":"max-snippet:-1","max-image-preview":"max-image-preview:large","max-video-preview":"max-video-preview:-1"},"canonical":"https:\/\/www.helenharperbaby.com\/cs\/produkty\/junior\/","og_locale":"cs_CZ","og_type":"article","og_title":"Junior","og_description":"Plenkov\u00e9 kalhotky Helen Harper Soft & Dry se budou snadno pou\u017e\u00edvat tob\u011b i tv\u00e9mu d\u00edt\u011bti: sta\u010d\u00ed rozt\u00e1hnout a obl\u00e9ci a kdy\u017e je \u010das je sundat, roztrhnout na boc\u00edch.","og_url":"https:\/\/www.helenharperbaby.com\/cs\/produkty\/junior\/","og_site_name":"Helen Harper Soft and Dry","article_modified_time":"2023-06-21T20:30:08+00:00","og_image":[{"width":600,"height":600,"url":"https:\/\/www.helenharperbaby.com\/wp-content\/uploads\/2023\/04\/d-5.png","type":"image\/png"}],"twitter_card":"summary_large_image","twitter_misc":{"Odhadovan\u00e1 doba \u010dten\u00ed":"2 minuty"},"schema":{"@context":"https:\/\/schema.org","@graph":[{"@type":"WebPage","@id":"https:\/\/www.helenharperbaby.com\/cs\/produkty\/junior\/","url":"https:\/\/www.helenharperbaby.com\/cs\/produkty\/junior\/","name":"Plenkov\u00e9 kalhotky Junior pro d\u011bti od 12 do 17 kg &#183; Helen Harper Soft and Dry","isPartOf":{"@id":"https:\/\/www.helenharperbaby.com\/cs\/#website"},"primaryImageOfPage":{"@id":"https:\/\/www.helenharperbaby.com\/cs\/produkty\/junior\/#primaryimage"},"image":{"@id":"https:\/\/www.helenharperbaby.com\/cs\/produkty\/junior\/#primaryimage"},"thumbnailUrl":"https:\/\/www.helenharperbaby.com\/wp-content\/uploads\/2023\/04\/d-5.png","datePublished":"2023-04-28T19:40:57+00:00","dateModified":"2023-06-21T20:30:08+00:00","description":"Plenkov\u00e9 kalhotky Helen Harper Soft & Dry se budou snadno pou\u017e\u00edvat tob\u011b i tv\u00e9mu d\u00edt\u011bti: sta\u010d\u00ed rozt\u00e1hnout a obl\u00e9ci a kdy\u017e je \u010das je sundat, roztrhnout na boc\u00edch.","breadcrumb":{"@id":"https:\/\/www.helenharperbaby.com\/cs\/produkty\/junior\/#breadcrumb"},"inLanguage":"cs","potentialAction":[{"@type":"ReadAction","target":["https:\/\/www.helenharperbaby.com\/cs\/produkty\/junior\/"]}]},{"@type":"ImageObject","inLanguage":"cs","@id":"https:\/\/www.helenharperbaby.com\/cs\/produkty\/junior\/#primaryimage","url":"https:\/\/www.helenharperbaby.com\/wp-content\/uploads\/2023\/04\/d-5.png","contentUrl":"https:\/\/www.helenharperbaby.com\/wp-content\/uploads\/2023\/04\/d-5.png","width":600,"height":600},{"@type":"BreadcrumbList","@id":"https:\/\/www.helenharperbaby.com\/cs\/produkty\/junior\/#breadcrumb","itemListElement":[{"@type":"ListItem","position":1,"name":"Home","item":"https:\/\/www.helenharperbaby.com\/cs\/"},{"@type":"ListItem","position":2,"name":"Produkty","item":"https:\/\/www.helenharperbaby.com\/cs\/produkty\/"},{"@type":"ListItem","position":3,"name":"Junior"}]},{"@type":"WebSite","@id":"https:\/\/www.helenharperbaby.com\/cs\/#website","url":"https:\/\/www.helenharperbaby.com\/cs\/","name":"Helen Harper Baby","description":"For moments of pure happiness.","publisher":{"@id":"https:\/\/www.helenharperbaby.com\/cs\/#organization"},"potentialAction":[{"@type":"SearchAction","target":{"@type":"EntryPoint","urlTemplate":"https:\/\/www.helenharperbaby.com\/cs\/?s={search_term_string}"},"query-input":{"@type":"PropertyValueSpecification","valueRequired":true,"valueName":"search_term_string"}}],"inLanguage":"cs"},{"@type":"Organization","@id":"https:\/\/www.helenharperbaby.com\/cs\/#organization","name":"Helen Harper Baby","url":"https:\/\/www.helenharperbaby.com\/cs\/","logo":{"@type":"ImageObject","inLanguage":"cs","@id":"https:\/\/www.helenharperbaby.com\/cs\/#\/schema\/logo\/image\/","url":"https:\/\/www.helenharperbaby.com\/wp-content\/uploads\/2023\/04\/hh-logo.png","contentUrl":"https:\/\/www.helenharperbaby.com\/wp-content\/uploads\/2023\/04\/hh-logo.png","width":350,"height":227,"caption":"Helen Harper Baby"},"image":{"@id":"https:\/\/www.helenharperbaby.com\/cs\/#\/schema\/logo\/image\/"}}]}},"_links":{"self":[{"href":"https:\/\/www.helenharperbaby.com\/cs\/wp-json\/wp\/v2\/pages\/2039","targetHints":{"allow":["GET"]}}],"collection":[{"href":"https:\/\/www.helenharperbaby.com\/cs\/wp-json\/wp\/v2\/pages"}],"about":[{"href":"https:\/\/www.helenharperbaby.com\/cs\/wp-json\/wp\/v2\/types\/page"}],"author":[{"embeddable":true,"href":"https:\/\/www.helenharperbaby.com\/cs\/wp-json\/wp\/v2\/users\/3"}],"replies":[{"embeddable":true,"href":"https:\/\/www.helenharperbaby.com\/cs\/wp-json\/wp\/v2\/comments?post=2039"}],"version-history":[{"count":0,"href":"https:\/\/www.helenharperbaby.com\/cs\/wp-json\/wp\/v2\/pages\/2039\/revisions"}],"up":[{"embeddable":true,"href":"https:\/\/www.helenharperbaby.com\/cs\/wp-json\/wp\/v2\/pages\/2099"}],"wp:featuredmedia":[{"embeddable":true,"href":"https:\/\/www.helenharperbaby.com\/cs\/wp-json\/wp\/v2\/media\/664"}],"wp:attachment":[{"href":"https:\/\/www.helenharperbaby.com\/cs\/wp-json\/wp\/v2\/media?parent=2039"}],"curies":[{"name":"wp","href":"https:\/\/api.w.org\/{rel}","templated":true}]}}