{"id":2044,"date":"2023-04-28T20:00:21","date_gmt":"2023-04-28T20:00:21","guid":{"rendered":"https:\/\/www.helenharperbaby.com\/?page_id=2044"},"modified":"2023-06-21T20:15:17","modified_gmt":"2023-06-21T20:15:17","slug":"plenkove-kalhotky-xl","status":"publish","type":"page","link":"https:\/\/www.helenharperbaby.com\/cs\/produkty\/plenkove-kalhotky-xl\/","title":{"rendered":"XL"},"content":{"rendered":"<div class=\"wpb-content-wrapper\"><p>[vc_row][vc_column width=&#8220;1\/1&#8243;][uncode_breadcrumbs][\/vc_column][\/vc_row][vc_row row_height_percent=&#8220;0&#8243; overlay_alpha=&#8220;50&#8243; gutter_size=&#8220;3&#8243; column_width_percent=&#8220;100&#8243; shift_y=&#8220;0&#8243; z_index=&#8220;0&#8243; uncode_shortcode_id=&#8220;240220&#8243; el_class=&#8220;hh-single-product-block hh-purple&#8220;][vc_column column_width_use_pixel=&#8220;yes&#8220; align_horizontal=&#8220;align_center&#8220; gutter_size=&#8220;3&#8243; override_padding=&#8220;yes&#8220; column_padding=&#8220;3&#8243; back_color=&#8220;color-lxmt&#8220; overlay_alpha=&#8220;50&#8243; shift_x=&#8220;0&#8243; shift_y=&#8220;0&#8243; shift_y_down=&#8220;0&#8243; z_index=&#8220;0&#8243; medium_width=&#8220;0&#8243; mobile_width=&#8220;0&#8243; sticky=&#8220;yes&#8220; radius=&#8220;xl&#8220; width=&#8220;5\/12&#8243; uncode_shortcode_id=&#8220;205762&#8243; column_width_pixel=&#8220;250&#8243; back_color_type=&#8220;uncode-palette&#8220;][vc_gallery el_id=&#8220;gallery-127255&#8243; type=&#8220;carousel&#8220; medias=&#8220;352,353,348,349,351,350&#8243; carousel_lg=&#8220;1&#8243; carousel_md=&#8220;1&#8243; carousel_sm=&#8220;1&#8243; thumb_size=&#8220;one-one&#8220; gutter_size=&#8220;3&#8243; carousel_v_align=&#8220;middle&#8220; carousel_interval=&#8220;3000&#8243; carousel_navspeed=&#8220;400&#8243; carousel_dots=&#8220;yes&#8220; carousel_dots_mobile=&#8220;yes&#8220; stage_padding=&#8220;0&#8243; single_overlay_opacity=&#8220;50&#8243; single_overlay_anim=&#8220;no&#8220; single_text_anim=&#8220;no&#8220; single_image_anim=&#8220;no&#8220; single_padding=&#8220;2&#8243; single_border=&#8220;yes&#8220; uncode_shortcode_id=&#8220;212775&#8243; el_class=&#8220;hh-custom-controls&#8220;][\/vc_column][vc_column width=&#8220;7\/12&#8243;][vc_empty_space empty_h=&#8220;2&#8243; mobile_visibility=&#8220;yes&#8220;][vc_custom_heading heading_semantic=&#8220;h1&#8243; uncode_shortcode_id=&#8220;357880&#8243; el_class=&#8220;mobile-left&#8220;]PLENKOV\u00c9 KALHOTKY XL[\/vc_custom_heading][uncode_list uncode_shortcode_id=&#8220;130667&#8243; el_class=&#8220;hh-list&#8220;]<\/p>\n<ul>\n<li class=\"bpink\">PANTS<\/li>\n<li class=\"pink\">XL<\/li>\n<\/ul>\n<p>[\/uncode_list][vc_empty_space empty_h=&#8220;2&#8243; el_class=&#8220;hh-mobile&#8220;][vc_column_text uncode_shortcode_id=&#8220;157235&#8243;]Plenkov\u00e9 kalhotky XL jsou ur\u010deny pro d\u011bti nad 15 kg.<\/p>\n<p>Tv\u00e9 d\u00edt\u011b m\u00e1 svobodu a m\u016f\u017ee si u\u017e\u00edvat ka\u017ed\u00fd moment v maxim\u00e1ln\u00edm pohodl\u00ed. Na\u0161e m\u011bkk\u00e9 plenkov\u00e9 kalhotky, kter\u00e9 se snadno nos\u00ed a svl\u00e9kaj\u00ed, poskytnou nez\u00e1vislost, kterou d\u00edt\u011b pot\u0159ebuje.[\/vc_column_text][vc_row_inner row_inner_height_percent=&#8220;0&#8243; overlay_alpha=&#8220;50&#8243; gutter_size=&#8220;0&#8243; shift_y=&#8220;0&#8243; z_index=&#8220;0&#8243; uncode_shortcode_id=&#8220;172701&#8243; el_class=&#8220;hh-product-icons-block&#8220;][vc_column_inner column_width_percent=&#8220;100&#8243; gutter_size=&#8220;3&#8243; overlay_alpha=&#8220;50&#8243; shift_x=&#8220;0&#8243; shift_y=&#8220;0&#8243; shift_y_down=&#8220;0&#8243; z_index=&#8220;0&#8243; medium_width=&#8220;0&#8243; mobile_width=&#8220;4&#8243; width=&#8220;1\/2&#8243; uncode_shortcode_id=&#8220;183231&#8243;][vc_icon position=&#8220;left&#8220; icon_image=&#8220;338&#8243; heading_semantic=&#8220;p&#8220; text_size=&#8220;&#8220; uncode_shortcode_id=&#8220;161036&#8243; title=&#8220;19\/36 kus\u016f v balen\u00ed&#8220; el_class=&#8220;hh-grayscale-icon&#8220;][\/vc_icon][vc_icon position=&#8220;left&#8220; icon_image=&#8220;142&#8243; heading_semantic=&#8220;p&#8220; text_size=&#8220;&#8220; uncode_shortcode_id=&#8220;143586&#8243; title=&#8220;Od 15 kg&#8220; el_class=&#8220;hh-grayscale-icon&#8220;][\/vc_icon][\/vc_column_inner][vc_column_inner column_width_percent=&#8220;100&#8243; gutter_size=&#8220;3&#8243; overlay_alpha=&#8220;50&#8243; shift_x=&#8220;0&#8243; shift_y=&#8220;0&#8243; shift_y_down=&#8220;0&#8243; z_index=&#8220;0&#8243; medium_width=&#8220;0&#8243; mobile_width=&#8220;4&#8243; width=&#8220;1\/2&#8243; uncode_shortcode_id=&#8220;177060&#8243;][vc_icon position=&#8220;left&#8220; icon_image=&#8220;336&#8243; heading_semantic=&#8220;p&#8220; text_size=&#8220;&#8220; uncode_shortcode_id=&#8220;173962&#8243; title=&#8220;Komfort360\u00b0&#8220; el_class=&#8220;hh-grayscale-icon&#8220;][\/vc_icon][vc_icon position=&#8220;left&#8220; icon_image=&#8220;335&#8243; heading_semantic=&#8220;p&#8220; text_size=&#8220;&#8220; uncode_shortcode_id=&#8220;138312&#8243; title=&#8220;Snadn\u00e9 obl\u00e9k\u00e1n\u00ed a svl\u00e9k\u00e1n\u00ed&#8220; el_class=&#8220;hh-grayscale-icon&#8220;][\/vc_icon][\/vc_column_inner][\/vc_row_inner][vc_button hover_fx=&#8220;full-colored&#8220; border_width=&#8220;0&#8243; scale_mobile=&#8220;no&#8220; link=&#8220;url:%2Fcs%2Fkde-koupit%2F|title:Kde%20koupit&#8220; el_class=&#8220;hh-btn-primary hh-btn&#8220; uncode_shortcode_id=&#8220;145247&#8243;]Kde koupit[\/vc_button][vc_empty_space empty_h=&#8220;3&#8243;][vc_custom_heading text_color=&#8220;color-jevc&#8220; heading_semantic=&#8220;h4&#8243; text_size=&#8220;h5&#8243; text_weight=&#8220;500&#8243; uncode_shortcode_id=&#8220;181780&#8243; text_color_type=&#8220;uncode-palette&#8220;]Rovn\u011b\u017e k dispozici v jin\u00fdch velikostech:[\/vc_custom_heading][uncode_list uncode_shortcode_id=&#8220;108270&#8243; el_id=&#8220;hh-size-links&#8220; el_class=&#8220;hh-list&#8220;]<\/p>\n<ul>\n<li class=\"turq\"><a href=\"https:\/\/www.helenharperbaby.com\/cs\/produkty\/plenkove-kalhotky-maxi\/\">MAXI<\/a><\/li>\n<li class=\"purple\"><a href=\"https:\/\/www.helenharperbaby.com\/cs\/produkty\/plenkove-kalhotky-junior\/\">JUNIOR<\/a><\/li>\n<\/ul>\n<p>[\/uncode_list][vc_empty_space empty_h=&#8220;3&#8243;][vc_custom_heading text_color=&#8220;color-jevc&#8220; heading_semantic=&#8220;h4&#8243; text_size=&#8220;h5&#8243; text_weight=&#8220;500&#8243; uncode_shortcode_id=&#8220;487647&#8243; text_color_type=&#8220;uncode-palette&#8220;]Slo\u017een\u00ed[\/vc_custom_heading][vc_single_image media=&#8220;347&#8243; media_width_percent=&#8220;100&#8243; uncode_shortcode_id=&#8220;297558&#8243; el_class=&#8220;hh-max-100&#8243;][vc_raw_html]JTNDZGl2JTIwY2xhc3MlM0QlMjJoaC1nYW1tZS1idXR0b25zJTIyJTNFJTBBJTNDYnV0dG9uJTIwaWQlM0QlMjJwYW50cy0xJTIyJTNFMSUzQyUyRmJ1dHRvbiUzRSUwQSUzQ2J1dHRvbiUyMGlkJTNEJTIycGFudHMtMiUyMiUzRTIlM0MlMkZidXR0b24lM0UlMEElM0NidXR0b24lMjBpZCUzRCUyMnBhbnRzLTMlMjIlM0UzJTNDJTJGYnV0dG9uJTNFJTBBJTNDYnV0dG9uJTIwaWQlM0QlMjJwYW50cy00JTIyJTNFNCUzQyUyRmJ1dHRvbiUzRSUwQSUzQ2J1dHRvbiUyMGlkJTNEJTIycGFudHMtNSUyMiUzRTUlM0MlMkZidXR0b24lM0UlMEElM0NidXR0b24lMjBpZCUzRCUyMnBhbnRzLTYlMjIlM0U2JTNDJTJGYnV0dG9uJTNFJTBBJTNDYnV0dG9uJTIwaWQlM0QlMjJwYW50cy03JTIyJTNFNyUzQyUyRmJ1dHRvbiUzRSUwQSUzQyUyRmRpdiUzRSUwQSUzQ3AlM0VWeWJlcnRlJTIwJUM0JThEJUMzJUFEc2xvJTIwcHJvJTIwem9icmF6ZW4lQzMlQUQlMjBrb25rciVDMyVBOXRuJUMzJUFEJTIwJUM0JThEJUMzJUExc3RpJTIwc2xvJUM1JUJFZW4lQzMlQUQlM0MlMkZwJTNF[\/vc_raw_html][uncode_block id=&#8220;141&#8243; inside_column=&#8220;yes&#8220;][\/vc_column][\/vc_row][vc_row][vc_column width=&#8220;1\/1&#8243;][uncode_block id=&#8220;137&#8243;][\/vc_column][\/vc_row][vc_row][vc_column width=&#8220;1\/1&#8243;][vc_empty_space empty_h=&#8220;2&#8243;][uncode_block id=&#8220;69&#8243;][\/vc_column][\/vc_row]<\/p>\n<\/div>","protected":false},"excerpt":{"rendered":"<p>Na\u0161e plenkov\u00e9 kalhotky XL umo\u017e\u0148uj\u00ed d\u00edt\u011bti u\u017e\u00edvat si aktivit s maxim\u00e1ln\u00ed lehkost\u00ed a nez\u00e1vislost\u00ed. <\/p>\n","protected":false},"author":3,"featured_media":684,"parent":2099,"menu_order":3,"comment_status":"closed","ping_status":"closed","template":"","meta":{"_acf_changed":false,"footnotes":""},"class_list":["post-2044","page","type-page","status-publish","has-post-thumbnail","hentry","page_category-plenkove-kalhotky"],"acf":[],"yoast_head":"<!-- This site is optimized with the Yoast SEO Premium plugin v27.6 (Yoast SEO v27.6) - https:\/\/yoast.com\/product\/yoast-seo-premium-wordpress\/ -->\n<title>Plenkov\u00e9 kalhotky XL pro d\u011bti nad 15 kg &#183; Helen Harper Soft and Dry<\/title>\n<meta name=\"description\" content=\"Na\u0161e plenkov\u00e9 kalhotky XL umo\u017e\u0148uj\u00ed d\u00edt\u011bti u\u017e\u00edvat si aktivit s maxim\u00e1ln\u00ed lehkost\u00ed a nez\u00e1vislost\u00ed.\" \/>\n<meta name=\"robots\" content=\"index, follow, max-snippet:-1, max-image-preview:large, max-video-preview:-1\" \/>\n<link rel=\"canonical\" href=\"https:\/\/www.helenharperbaby.com\/cs\/produkty\/plenkove-kalhotky-xl\/\" \/>\n<meta property=\"og:locale\" content=\"cs_CZ\" \/>\n<meta property=\"og:type\" content=\"article\" \/>\n<meta property=\"og:title\" content=\"XL\" \/>\n<meta property=\"og:description\" content=\"Na\u0161e plenkov\u00e9 kalhotky XL umo\u017e\u0148uj\u00ed d\u00edt\u011bti u\u017e\u00edvat si aktivit s maxim\u00e1ln\u00ed lehkost\u00ed a nez\u00e1vislost\u00ed.\" \/>\n<meta property=\"og:url\" content=\"https:\/\/www.helenharperbaby.com\/cs\/produkty\/plenkove-kalhotky-xl\/\" \/>\n<meta property=\"og:site_name\" content=\"Helen Harper Soft and Dry\" \/>\n<meta property=\"article:modified_time\" content=\"2023-06-21T20:15:17+00:00\" \/>\n<meta property=\"og:image\" content=\"https:\/\/www.helenharperbaby.com\/wp-content\/uploads\/2023\/04\/p-6.png\" \/>\n\t<meta property=\"og:image:width\" content=\"600\" \/>\n\t<meta property=\"og:image:height\" content=\"600\" \/>\n\t<meta property=\"og:image:type\" content=\"image\/png\" \/>\n<meta name=\"twitter:card\" content=\"summary_large_image\" \/>\n<meta name=\"twitter:label1\" content=\"Odhadovan\u00e1 doba \u010dten\u00ed\" \/>\n\t<meta name=\"twitter:data1\" content=\"1 minuta\" \/>\n<script type=\"application\/ld+json\" class=\"yoast-schema-graph\">{\"@context\":\"https:\\\/\\\/schema.org\",\"@graph\":[{\"@type\":\"WebPage\",\"@id\":\"https:\\\/\\\/www.helenharperbaby.com\\\/cs\\\/produkty\\\/plenkove-kalhotky-xl\\\/\",\"url\":\"https:\\\/\\\/www.helenharperbaby.com\\\/cs\\\/produkty\\\/plenkove-kalhotky-xl\\\/\",\"name\":\"Plenkov\u00e9 kalhotky XL pro d\u011bti nad 15 kg &#183; Helen Harper Soft and Dry\",\"isPartOf\":{\"@id\":\"https:\\\/\\\/www.helenharperbaby.com\\\/cs\\\/#website\"},\"primaryImageOfPage\":{\"@id\":\"https:\\\/\\\/www.helenharperbaby.com\\\/cs\\\/produkty\\\/plenkove-kalhotky-xl\\\/#primaryimage\"},\"image\":{\"@id\":\"https:\\\/\\\/www.helenharperbaby.com\\\/cs\\\/produkty\\\/plenkove-kalhotky-xl\\\/#primaryimage\"},\"thumbnailUrl\":\"https:\\\/\\\/www.helenharperbaby.com\\\/wp-content\\\/uploads\\\/2023\\\/04\\\/p-6.png\",\"datePublished\":\"2023-04-28T20:00:21+00:00\",\"dateModified\":\"2023-06-21T20:15:17+00:00\",\"description\":\"Na\u0161e plenkov\u00e9 kalhotky XL umo\u017e\u0148uj\u00ed d\u00edt\u011bti u\u017e\u00edvat si aktivit s maxim\u00e1ln\u00ed lehkost\u00ed a nez\u00e1vislost\u00ed.\",\"breadcrumb\":{\"@id\":\"https:\\\/\\\/www.helenharperbaby.com\\\/cs\\\/produkty\\\/plenkove-kalhotky-xl\\\/#breadcrumb\"},\"inLanguage\":\"cs\",\"potentialAction\":[{\"@type\":\"ReadAction\",\"target\":[\"https:\\\/\\\/www.helenharperbaby.com\\\/cs\\\/produkty\\\/plenkove-kalhotky-xl\\\/\"]}]},{\"@type\":\"ImageObject\",\"inLanguage\":\"cs\",\"@id\":\"https:\\\/\\\/www.helenharperbaby.com\\\/cs\\\/produkty\\\/plenkove-kalhotky-xl\\\/#primaryimage\",\"url\":\"https:\\\/\\\/www.helenharperbaby.com\\\/wp-content\\\/uploads\\\/2023\\\/04\\\/p-6.png\",\"contentUrl\":\"https:\\\/\\\/www.helenharperbaby.com\\\/wp-content\\\/uploads\\\/2023\\\/04\\\/p-6.png\",\"width\":600,\"height\":600},{\"@type\":\"BreadcrumbList\",\"@id\":\"https:\\\/\\\/www.helenharperbaby.com\\\/cs\\\/produkty\\\/plenkove-kalhotky-xl\\\/#breadcrumb\",\"itemListElement\":[{\"@type\":\"ListItem\",\"position\":1,\"name\":\"Home\",\"item\":\"https:\\\/\\\/www.helenharperbaby.com\\\/cs\\\/\"},{\"@type\":\"ListItem\",\"position\":2,\"name\":\"Produkty\",\"item\":\"https:\\\/\\\/www.helenharperbaby.com\\\/cs\\\/produkty\\\/\"},{\"@type\":\"ListItem\",\"position\":3,\"name\":\"XL\"}]},{\"@type\":\"WebSite\",\"@id\":\"https:\\\/\\\/www.helenharperbaby.com\\\/cs\\\/#website\",\"url\":\"https:\\\/\\\/www.helenharperbaby.com\\\/cs\\\/\",\"name\":\"Helen Harper Baby\",\"description\":\"For moments of pure happiness.\",\"publisher\":{\"@id\":\"https:\\\/\\\/www.helenharperbaby.com\\\/cs\\\/#organization\"},\"potentialAction\":[{\"@type\":\"SearchAction\",\"target\":{\"@type\":\"EntryPoint\",\"urlTemplate\":\"https:\\\/\\\/www.helenharperbaby.com\\\/cs\\\/?s={search_term_string}\"},\"query-input\":{\"@type\":\"PropertyValueSpecification\",\"valueRequired\":true,\"valueName\":\"search_term_string\"}}],\"inLanguage\":\"cs\"},{\"@type\":\"Organization\",\"@id\":\"https:\\\/\\\/www.helenharperbaby.com\\\/cs\\\/#organization\",\"name\":\"Helen Harper Baby\",\"url\":\"https:\\\/\\\/www.helenharperbaby.com\\\/cs\\\/\",\"logo\":{\"@type\":\"ImageObject\",\"inLanguage\":\"cs\",\"@id\":\"https:\\\/\\\/www.helenharperbaby.com\\\/cs\\\/#\\\/schema\\\/logo\\\/image\\\/\",\"url\":\"https:\\\/\\\/www.helenharperbaby.com\\\/wp-content\\\/uploads\\\/2023\\\/04\\\/hh-logo.png\",\"contentUrl\":\"https:\\\/\\\/www.helenharperbaby.com\\\/wp-content\\\/uploads\\\/2023\\\/04\\\/hh-logo.png\",\"width\":350,\"height\":227,\"caption\":\"Helen Harper Baby\"},\"image\":{\"@id\":\"https:\\\/\\\/www.helenharperbaby.com\\\/cs\\\/#\\\/schema\\\/logo\\\/image\\\/\"}}]}<\/script>\n<!-- \/ Yoast SEO Premium plugin. -->","yoast_head_json":{"title":"Plenkov\u00e9 kalhotky XL pro d\u011bti nad 15 kg &#183; Helen Harper Soft and Dry","description":"Na\u0161e plenkov\u00e9 kalhotky XL umo\u017e\u0148uj\u00ed d\u00edt\u011bti u\u017e\u00edvat si aktivit s maxim\u00e1ln\u00ed lehkost\u00ed a nez\u00e1vislost\u00ed.","robots":{"index":"index","follow":"follow","max-snippet":"max-snippet:-1","max-image-preview":"max-image-preview:large","max-video-preview":"max-video-preview:-1"},"canonical":"https:\/\/www.helenharperbaby.com\/cs\/produkty\/plenkove-kalhotky-xl\/","og_locale":"cs_CZ","og_type":"article","og_title":"XL","og_description":"Na\u0161e plenkov\u00e9 kalhotky XL umo\u017e\u0148uj\u00ed d\u00edt\u011bti u\u017e\u00edvat si aktivit s maxim\u00e1ln\u00ed lehkost\u00ed a nez\u00e1vislost\u00ed.","og_url":"https:\/\/www.helenharperbaby.com\/cs\/produkty\/plenkove-kalhotky-xl\/","og_site_name":"Helen Harper Soft and Dry","article_modified_time":"2023-06-21T20:15:17+00:00","og_image":[{"width":600,"height":600,"url":"https:\/\/www.helenharperbaby.com\/wp-content\/uploads\/2023\/04\/p-6.png","type":"image\/png"}],"twitter_card":"summary_large_image","twitter_misc":{"Odhadovan\u00e1 doba \u010dten\u00ed":"1 minuta"},"schema":{"@context":"https:\/\/schema.org","@graph":[{"@type":"WebPage","@id":"https:\/\/www.helenharperbaby.com\/cs\/produkty\/plenkove-kalhotky-xl\/","url":"https:\/\/www.helenharperbaby.com\/cs\/produkty\/plenkove-kalhotky-xl\/","name":"Plenkov\u00e9 kalhotky XL pro d\u011bti nad 15 kg &#183; Helen Harper Soft and Dry","isPartOf":{"@id":"https:\/\/www.helenharperbaby.com\/cs\/#website"},"primaryImageOfPage":{"@id":"https:\/\/www.helenharperbaby.com\/cs\/produkty\/plenkove-kalhotky-xl\/#primaryimage"},"image":{"@id":"https:\/\/www.helenharperbaby.com\/cs\/produkty\/plenkove-kalhotky-xl\/#primaryimage"},"thumbnailUrl":"https:\/\/www.helenharperbaby.com\/wp-content\/uploads\/2023\/04\/p-6.png","datePublished":"2023-04-28T20:00:21+00:00","dateModified":"2023-06-21T20:15:17+00:00","description":"Na\u0161e plenkov\u00e9 kalhotky XL umo\u017e\u0148uj\u00ed d\u00edt\u011bti u\u017e\u00edvat si aktivit s maxim\u00e1ln\u00ed lehkost\u00ed a nez\u00e1vislost\u00ed.","breadcrumb":{"@id":"https:\/\/www.helenharperbaby.com\/cs\/produkty\/plenkove-kalhotky-xl\/#breadcrumb"},"inLanguage":"cs","potentialAction":[{"@type":"ReadAction","target":["https:\/\/www.helenharperbaby.com\/cs\/produkty\/plenkove-kalhotky-xl\/"]}]},{"@type":"ImageObject","inLanguage":"cs","@id":"https:\/\/www.helenharperbaby.com\/cs\/produkty\/plenkove-kalhotky-xl\/#primaryimage","url":"https:\/\/www.helenharperbaby.com\/wp-content\/uploads\/2023\/04\/p-6.png","contentUrl":"https:\/\/www.helenharperbaby.com\/wp-content\/uploads\/2023\/04\/p-6.png","width":600,"height":600},{"@type":"BreadcrumbList","@id":"https:\/\/www.helenharperbaby.com\/cs\/produkty\/plenkove-kalhotky-xl\/#breadcrumb","itemListElement":[{"@type":"ListItem","position":1,"name":"Home","item":"https:\/\/www.helenharperbaby.com\/cs\/"},{"@type":"ListItem","position":2,"name":"Produkty","item":"https:\/\/www.helenharperbaby.com\/cs\/produkty\/"},{"@type":"ListItem","position":3,"name":"XL"}]},{"@type":"WebSite","@id":"https:\/\/www.helenharperbaby.com\/cs\/#website","url":"https:\/\/www.helenharperbaby.com\/cs\/","name":"Helen Harper Baby","description":"For moments of pure happiness.","publisher":{"@id":"https:\/\/www.helenharperbaby.com\/cs\/#organization"},"potentialAction":[{"@type":"SearchAction","target":{"@type":"EntryPoint","urlTemplate":"https:\/\/www.helenharperbaby.com\/cs\/?s={search_term_string}"},"query-input":{"@type":"PropertyValueSpecification","valueRequired":true,"valueName":"search_term_string"}}],"inLanguage":"cs"},{"@type":"Organization","@id":"https:\/\/www.helenharperbaby.com\/cs\/#organization","name":"Helen Harper Baby","url":"https:\/\/www.helenharperbaby.com\/cs\/","logo":{"@type":"ImageObject","inLanguage":"cs","@id":"https:\/\/www.helenharperbaby.com\/cs\/#\/schema\/logo\/image\/","url":"https:\/\/www.helenharperbaby.com\/wp-content\/uploads\/2023\/04\/hh-logo.png","contentUrl":"https:\/\/www.helenharperbaby.com\/wp-content\/uploads\/2023\/04\/hh-logo.png","width":350,"height":227,"caption":"Helen Harper Baby"},"image":{"@id":"https:\/\/www.helenharperbaby.com\/cs\/#\/schema\/logo\/image\/"}}]}},"_links":{"self":[{"href":"https:\/\/www.helenharperbaby.com\/cs\/wp-json\/wp\/v2\/pages\/2044","targetHints":{"allow":["GET"]}}],"collection":[{"href":"https:\/\/www.helenharperbaby.com\/cs\/wp-json\/wp\/v2\/pages"}],"about":[{"href":"https:\/\/www.helenharperbaby.com\/cs\/wp-json\/wp\/v2\/types\/page"}],"author":[{"embeddable":true,"href":"https:\/\/www.helenharperbaby.com\/cs\/wp-json\/wp\/v2\/users\/3"}],"replies":[{"embeddable":true,"href":"https:\/\/www.helenharperbaby.com\/cs\/wp-json\/wp\/v2\/comments?post=2044"}],"version-history":[{"count":0,"href":"https:\/\/www.helenharperbaby.com\/cs\/wp-json\/wp\/v2\/pages\/2044\/revisions"}],"up":[{"embeddable":true,"href":"https:\/\/www.helenharperbaby.com\/cs\/wp-json\/wp\/v2\/pages\/2099"}],"wp:featuredmedia":[{"embeddable":true,"href":"https:\/\/www.helenharperbaby.com\/cs\/wp-json\/wp\/v2\/media\/684"}],"wp:attachment":[{"href":"https:\/\/www.helenharperbaby.com\/cs\/wp-json\/wp\/v2\/media?parent=2044"}],"curies":[{"name":"wp","href":"https:\/\/api.w.org\/{rel}","templated":true}]}}