{"id":2096,"date":"2023-04-25T18:01:41","date_gmt":"2023-04-25T18:01:41","guid":{"rendered":"https:\/\/www.helenharperbaby.com\/?page_id=2096"},"modified":"2023-06-21T14:54:57","modified_gmt":"2023-06-21T14:54:57","slug":"produkty-pro-peci","status":"publish","type":"page","link":"https:\/\/www.helenharperbaby.com\/cs\/produkty\/produkty-pro-peci\/","title":{"rendered":"PRODUKTY PRO P\u00c9\u010cI"},"content":{"rendered":"<div class=\"wpb-content-wrapper\"><p>[vc_row][vc_column width=&#8220;1\/1&#8243;][uncode_breadcrumbs][\/vc_column][\/vc_row][vc_row row_height_percent=&#8220;0&#8243; override_padding=&#8220;yes&#8220; h_padding=&#8220;2&#8243; top_padding=&#8220;2&#8243; bottom_padding=&#8220;4&#8243; overlay_alpha=&#8220;50&#8243; gutter_size=&#8220;3&#8243; column_width_percent=&#8220;100&#8243; shift_y=&#8220;0&#8243; z_index=&#8220;0&#8243; uncode_shortcode_id=&#8220;129411&#8243; el_class=&#8220;hh-single-product-block-v2&#8243;][vc_column width=&#8220;1\/1&#8243;][vc_custom_heading heading_semantic=&#8220;h1&#8243; uncode_shortcode_id=&#8220;995143&#8243; el_class=&#8220;center hh-h1&#8243;]NA\u0160E PRODUKTY PRO P\u00c9\u010cI[\/vc_custom_heading][vc_empty_space empty_h=&#8220;3&#8243; mobile_visibility=&#8220;yes&#8220;][vc_row_inner][vc_column_inner column_width_use_pixel=&#8220;yes&#8220; align_horizontal=&#8220;align_center&#8220; gutter_size=&#8220;3&#8243; override_padding=&#8220;yes&#8220; column_padding=&#8220;3&#8243; back_color=&#8220;color-lxmt&#8220; overlay_alpha=&#8220;50&#8243; shift_x=&#8220;0&#8243; shift_y=&#8220;0&#8243; shift_y_down=&#8220;0&#8243; z_index=&#8220;0&#8243; medium_width=&#8220;0&#8243; mobile_width=&#8220;0&#8243; sticky=&#8220;yes&#8220; radius=&#8220;xl&#8220; width=&#8220;5\/12&#8243; uncode_shortcode_id=&#8220;203232&#8243; column_width_pixel=&#8220;250&#8243; back_color_type=&#8220;uncode-palette&#8220;][vc_gallery el_id=&#8220;gallery-mats&#8220; type=&#8220;carousel&#8220; medias=&#8220;116,203&#8243; carousel_lg=&#8220;1&#8243; carousel_md=&#8220;1&#8243; carousel_sm=&#8220;1&#8243; thumb_size=&#8220;one-one&#8220; gutter_size=&#8220;3&#8243; media_items=&#8220;media|lightbox|original&#8220; carousel_v_align=&#8220;middle&#8220; carousel_interval=&#8220;3000&#8243; carousel_navspeed=&#8220;400&#8243; carousel_dots=&#8220;yes&#8220; carousel_dots_mobile=&#8220;yes&#8220; stage_padding=&#8220;0&#8243; single_overlay_opacity=&#8220;50&#8243; single_overlay_anim=&#8220;no&#8220; single_text_anim=&#8220;no&#8220; single_image_anim=&#8220;no&#8220; single_padding=&#8220;2&#8243; single_border=&#8220;yes&#8220; uncode_shortcode_id=&#8220;122938&#8243; el_class=&#8220;hh-custom-controls&#8220;][\/vc_column_inner][vc_column_inner column_width_percent=&#8220;100&#8243; gutter_size=&#8220;2&#8243; overlay_alpha=&#8220;50&#8243; shift_x=&#8220;0&#8243; shift_y=&#8220;0&#8243; shift_y_down=&#8220;0&#8243; z_index=&#8220;0&#8243; medium_width=&#8220;0&#8243; mobile_width=&#8220;0&#8243; width=&#8220;7\/12&#8243; uncode_shortcode_id=&#8220;110348&#8243;][vc_empty_space empty_h=&#8220;2&#8243; mobile_visibility=&#8220;yes&#8220;][vc_custom_heading uncode_shortcode_id=&#8220;101450&#8243; el_class=&#8220;mobile-left hh-product-title-with-sub&#8220; subheading=&#8220;60&#215;60 cm \/ 60X90 CM&#8220;]P\u0158EBALOVAC\u00cd PODLO\u017dKY[\/vc_custom_heading][vc_empty_space empty_h=&#8220;2&#8243; el_class=&#8220;hh-mobile&#8220;][vc_column_text uncode_shortcode_id=&#8220;658936&#8243;]P\u0159ebalovac\u00ed podlo\u017eky Helen Harper Soft and Dry jsou nepostradateln\u00fdm pomocn\u00edkem doma nebo na proch\u00e1zce, p\u0159i p\u0159ebalov\u00e1n\u00ed, mas\u00e1\u017ei nebo n\u00e1v\u0161t\u011bv\u011b l\u00e9ka\u0159e. Vrchn\u00ed vrstva je vyrobena z netkan\u00e9ho materi\u00e1lu, zat\u00edmco uvnit\u0159 podlo\u017eky je absorp\u010dn\u00ed j\u00e1dro, kter\u00e9 zadr\u017euje tekutinu. P\u0159ebalovac\u00ed podlo\u017eky Helen Harper Soft and Dry jsou vysoce sav\u00e9, vyroben\u00e9 z m\u011bkk\u00e9ho materi\u00e1lu pro maxim\u00e1ln\u00ed pohodl\u00ed.[\/vc_column_text][vc_empty_space empty_h=&#8220;2&#8243;][vc_icon position=&#8220;left&#8220; icon_image=&#8220;167&#8243; heading_semantic=&#8220;p&#8220; text_size=&#8220;&#8220; uncode_shortcode_id=&#8220;556392&#8243; title=&#8220;10 kus\u016f v balen\u00ed&#8220; el_class=&#8220;hh-grayscale-icon&#8220;][\/vc_icon][vc_icon position=&#8220;left&#8220; icon_image=&#8220;168&#8243; heading_semantic=&#8220;p&#8220; text_size=&#8220;&#8220; uncode_shortcode_id=&#8220;135894&#8243; title=&#8220;60&#215;60 cm nebo 60&#215;90 cm&#8220; el_class=&#8220;hh-grayscale-icon&#8220;][\/vc_icon][vc_icon position=&#8220;left&#8220; icon_image=&#8220;169&#8243; heading_semantic=&#8220;p&#8220; text_size=&#8220;&#8220; uncode_shortcode_id=&#8220;610448&#8243; title=&#8220;S vysokou absorpc\u00ed&#8220; el_class=&#8220;hh-grayscale-icon&#8220;][\/vc_icon][vc_icon position=&#8220;left&#8220; icon_image=&#8220;166&#8243; heading_semantic=&#8220;p&#8220; text_size=&#8220;&#8220; uncode_shortcode_id=&#8220;152096&#8243; title=&#8220;Maxim\u00e1ln\u00ed pohodl\u00ed&#8220; el_class=&#8220;hh-grayscale-icon&#8220;][\/vc_icon][vc_empty_space empty_h=&#8220;2&#8243;][uncode_block id=&#8220;170&#8243; inside_column=&#8220;yes&#8220;][vc_button hover_fx=&#8220;full-colored&#8220; border_width=&#8220;0&#8243; scale_mobile=&#8220;no&#8220; link=&#8220;url:%2Fwhere-to-buy%2F|title:Where%20To%20Buy&#8220; uncode_shortcode_id=&#8220;155376&#8243; el_class=&#8220;hh-btn-primary hh-btn hh-hidden&#8220;]Kde koupit[\/vc_button][vc_empty_space empty_h=&#8220;3&#8243;][\/vc_column_inner][\/vc_row_inner][\/vc_column][\/vc_row][vc_row row_height_percent=&#8220;0&#8243; override_padding=&#8220;yes&#8220; h_padding=&#8220;2&#8243; top_padding=&#8220;2&#8243; bottom_padding=&#8220;4&#8243; overlay_alpha=&#8220;50&#8243; gutter_size=&#8220;3&#8243; column_width_percent=&#8220;100&#8243; shift_y=&#8220;0&#8243; z_index=&#8220;0&#8243; uncode_shortcode_id=&#8220;693949&#8243; el_class=&#8220;hh-single-product-block-v2&#8243;][vc_column column_width_use_pixel=&#8220;yes&#8220; align_horizontal=&#8220;align_center&#8220; gutter_size=&#8220;3&#8243; override_padding=&#8220;yes&#8220; column_padding=&#8220;3&#8243; back_color=&#8220;color-lxmt&#8220; overlay_alpha=&#8220;50&#8243; shift_x=&#8220;0&#8243; shift_y=&#8220;0&#8243; shift_y_down=&#8220;0&#8243; z_index=&#8220;0&#8243; medium_width=&#8220;0&#8243; mobile_width=&#8220;0&#8243; sticky=&#8220;yes&#8220; radius=&#8220;xl&#8220; width=&#8220;5\/12&#8243; column_width_pixel=&#8220;250&#8243;][vc_gallery el_id=&#8220;gallery-wipes&#8220; type=&#8220;carousel&#8220; medias=&#8220;165&#8243; carousel_lg=&#8220;1&#8243; carousel_md=&#8220;1&#8243; carousel_sm=&#8220;1&#8243; thumb_size=&#8220;one-one&#8220; gutter_size=&#8220;3&#8243; media_items=&#8220;media|lightbox|original&#8220; carousel_v_align=&#8220;middle&#8220; carousel_interval=&#8220;3000&#8243; carousel_navspeed=&#8220;400&#8243; carousel_dots_inside=&#8220;yes&#8220; carousel_dot_padding=&#8220;2&#8243; stage_padding=&#8220;0&#8243; single_overlay_opacity=&#8220;50&#8243; single_overlay_anim=&#8220;no&#8220; single_text_anim=&#8220;no&#8220; single_image_anim=&#8220;no&#8220; single_padding=&#8220;2&#8243; single_border=&#8220;yes&#8220; uncode_shortcode_id=&#8220;132487&#8243; el_class=&#8220;hh-custom-controls&#8220;][\/vc_column][vc_column column_width_percent=&#8220;100&#8243; gutter_size=&#8220;2&#8243; overlay_alpha=&#8220;50&#8243; shift_x=&#8220;0&#8243; shift_y=&#8220;0&#8243; shift_y_down=&#8220;0&#8243; z_index=&#8220;0&#8243; medium_width=&#8220;0&#8243; mobile_width=&#8220;0&#8243; width=&#8220;7\/12&#8243; el_class=&#8220;bloc-product&#8220; uncode_shortcode_id=&#8220;124400&#8243;][vc_empty_space empty_h=&#8220;2&#8243; mobile_visibility=&#8220;yes&#8220;][vc_custom_heading uncode_shortcode_id=&#8220;162737&#8243; el_class=&#8220;mobile-left hh-product-title-with-sub&#8220;]VLH\u010cEN\u00c9 UBROUSKY[\/vc_custom_heading][vc_empty_space empty_h=&#8220;2&#8243; el_class=&#8220;hh-mobile&#8220;][vc_column_text uncode_shortcode_id=&#8220;169334&#8243;]Vlh\u010den\u00e9 ubrousky Helen Harper Soft and Dry lze pou\u017e\u00edvat ka\u017ed\u00fd den \u2013 doma p\u0159i v\u00fdm\u011bn\u011b plen nebo pro p\u0159\u00edle\u017eitostn\u00e9 o\u010di\u0161t\u011bn\u00ed p\u0159i pobytu venku. Vlh\u010den\u00e9 ubrousky Helen Harper Soft &amp; Dry obsahuj\u00ed v\u00fdta\u017eky z he\u0159m\u00e1nku, jsou dermatologicky testov\u00e1ny a \u0161etrn\u00e9 k poko\u017ece miminka.[\/vc_column_text][vc_empty_space empty_h=&#8220;2&#8243;][vc_icon position=&#8220;left&#8220; icon_image=&#8220;167&#8243; heading_semantic=&#8220;p&#8220; text_size=&#8220;&#8220; uncode_shortcode_id=&#8220;184627&#8243; title=&#8220;72 kus\u016f v balen\u00ed&#8220; el_class=&#8220;hh-grayscale-icon&#8220;][\/vc_icon][vc_icon position=&#8220;left&#8220; icon_image=&#8220;2145&#8243; heading_semantic=&#8220;p&#8220; text_size=&#8220;&#8220; uncode_shortcode_id=&#8220;553910&#8243; title=&#8220;Sv\u011b\u017eest a \u010distota&#8220; el_class=&#8220;hh-grayscale-icon&#8220;][\/vc_icon][vc_icon position=&#8220;left&#8220; icon_image=&#8220;2151&#8243; heading_semantic=&#8220;p&#8220; text_size=&#8220;&#8220; uncode_shortcode_id=&#8220;932772&#8243; title=&#8220;V\u00fdta\u017eky z he\u0159m\u00e1nku&#8220; el_class=&#8220;hh-grayscale-icon&#8220;][\/vc_icon][vc_icon position=&#8220;left&#8220; icon_image=&#8220;2158&#8243; heading_semantic=&#8220;p&#8220; text_size=&#8220;&#8220; uncode_shortcode_id=&#8220;171700&#8243; title=&#8220;Dermatologicky testov\u00e1no&#8220; el_class=&#8220;hh-grayscale-icon&#8220;][\/vc_icon][vc_empty_space empty_h=&#8220;2&#8243;][uncode_block id=&#8220;173&#8243; inside_column=&#8220;yes&#8220;][vc_button hover_fx=&#8220;full-colored&#8220; border_width=&#8220;0&#8243; scale_mobile=&#8220;no&#8220; link=&#8220;url:https%3A%2F%2Fhelenharpprod.wpengine.com%2Fwhere-to-buy%2F|title:Where%20To%20Buy&#8220; uncode_shortcode_id=&#8220;123082&#8243; el_class=&#8220;hh-btn-primary hh-btn hh-hidden&#8220;]Kde koupit[\/vc_button][vc_empty_space empty_h=&#8220;3&#8243;][\/vc_column][\/vc_row][vc_row][vc_column width=&#8220;1\/1&#8243;][uncode_block id=&#8220;137&#8243;][\/vc_column][\/vc_row][vc_row row_height_percent=&#8220;0&#8243; override_padding=&#8220;yes&#8220; h_padding=&#8220;0&#8243; top_padding=&#8220;0&#8243; bottom_padding=&#8220;0&#8243; overlay_alpha=&#8220;50&#8243; gutter_size=&#8220;3&#8243; column_width_percent=&#8220;100&#8243; shift_y=&#8220;0&#8243; z_index=&#8220;0&#8243; uncode_shortcode_id=&#8220;886594&#8243;][vc_column width=&#8220;1\/1&#8243;][vc_empty_space empty_h=&#8220;2&#8243;][\/vc_column][\/vc_row][vc_row][vc_column width=&#8220;1\/1&#8243;][uncode_block id=&#8220;69&#8243;][\/vc_column][\/vc_row]<\/p>\n<\/div>","protected":false},"excerpt":{"rendered":"<p>Vlh\u010den\u00e9 ubrousky a podlo\u017eku Helen Harper Soft &#038; Dry lze pou\u017e\u00edvat ka\u017ed\u00fd den \u2013 doma p\u0159i v\u00fdm\u011bn\u011b plen nebo pro p\u0159\u00edle\u017eitostn\u00e9 o\u010di\u0161t\u011bn\u00ed p\u0159i pobytu venku. <\/p>\n","protected":false},"author":3,"featured_media":0,"parent":2099,"menu_order":0,"comment_status":"closed","ping_status":"closed","template":"","meta":{"_acf_changed":false,"footnotes":""},"class_list":["post-2096","page","type-page","status-publish","hentry"],"acf":[],"yoast_head":"<!-- This site is optimized with the Yoast SEO Premium plugin v27.4 (Yoast SEO v27.4) - https:\/\/yoast.com\/product\/yoast-seo-premium-wordpress\/ -->\n<title>Podlo\u017eka a vlh\u010den\u00e9 ubrousky pro p\u00e9\u010di o d\u011b\u0165\u00e1tko &#183; Helen Harper Soft and Dry<\/title>\n<meta name=\"description\" content=\"Vlh\u010den\u00e9 ubrousky a podlo\u017eku Helen Harper Soft &amp; Dry lze pou\u017e\u00edvat ka\u017ed\u00fd den \u2013 doma p\u0159i v\u00fdm\u011bn\u011b plen nebo pro p\u0159\u00edle\u017eitostn\u00e9 o\u010di\u0161t\u011bn\u00ed p\u0159i pobytu venku.\" \/>\n<meta name=\"robots\" content=\"index, follow, max-snippet:-1, max-image-preview:large, max-video-preview:-1\" \/>\n<link rel=\"canonical\" href=\"https:\/\/www.helenharperbaby.com\/cs\/produkty\/produkty-pro-peci\/\" \/>\n<meta property=\"og:locale\" content=\"cs_CZ\" \/>\n<meta property=\"og:type\" content=\"article\" \/>\n<meta property=\"og:title\" content=\"PRODUKTY PRO P\u00c9\u010cI\" \/>\n<meta property=\"og:description\" content=\"Vlh\u010den\u00e9 ubrousky a podlo\u017eku Helen Harper Soft &amp; Dry lze pou\u017e\u00edvat ka\u017ed\u00fd den \u2013 doma p\u0159i v\u00fdm\u011bn\u011b plen nebo pro p\u0159\u00edle\u017eitostn\u00e9 o\u010di\u0161t\u011bn\u00ed p\u0159i pobytu venku.\" \/>\n<meta property=\"og:url\" content=\"https:\/\/www.helenharperbaby.com\/cs\/produkty\/produkty-pro-peci\/\" \/>\n<meta property=\"og:site_name\" content=\"Helen Harper Soft and Dry\" \/>\n<meta property=\"article:modified_time\" content=\"2023-06-21T14:54:57+00:00\" \/>\n<meta property=\"og:image\" content=\"https:\/\/www.helenharperbaby.com\/wp-content\/uploads\/2023\/05\/Helen_harper_soft_dry_main_image.jpg\" \/>\n\t<meta property=\"og:image:width\" content=\"1200\" \/>\n\t<meta property=\"og:image:height\" content=\"675\" \/>\n\t<meta property=\"og:image:type\" content=\"image\/jpeg\" \/>\n<meta name=\"twitter:card\" content=\"summary_large_image\" \/>\n<meta name=\"twitter:label1\" content=\"Odhadovan\u00e1 doba \u010dten\u00ed\" \/>\n\t<meta name=\"twitter:data1\" content=\"2 minuty\" \/>\n<script type=\"application\/ld+json\" class=\"yoast-schema-graph\">{\"@context\":\"https:\\\/\\\/schema.org\",\"@graph\":[{\"@type\":\"WebPage\",\"@id\":\"https:\\\/\\\/www.helenharperbaby.com\\\/cs\\\/produkty\\\/produkty-pro-peci\\\/\",\"url\":\"https:\\\/\\\/www.helenharperbaby.com\\\/cs\\\/produkty\\\/produkty-pro-peci\\\/\",\"name\":\"Podlo\u017eka a vlh\u010den\u00e9 ubrousky pro p\u00e9\u010di o d\u011b\u0165\u00e1tko &#183; Helen Harper Soft and Dry\",\"isPartOf\":{\"@id\":\"https:\\\/\\\/www.helenharperbaby.com\\\/cs\\\/#website\"},\"datePublished\":\"2023-04-25T18:01:41+00:00\",\"dateModified\":\"2023-06-21T14:54:57+00:00\",\"description\":\"Vlh\u010den\u00e9 ubrousky a podlo\u017eku Helen Harper Soft & Dry lze pou\u017e\u00edvat ka\u017ed\u00fd den \u2013 doma p\u0159i v\u00fdm\u011bn\u011b plen nebo pro p\u0159\u00edle\u017eitostn\u00e9 o\u010di\u0161t\u011bn\u00ed p\u0159i pobytu venku.\",\"breadcrumb\":{\"@id\":\"https:\\\/\\\/www.helenharperbaby.com\\\/cs\\\/produkty\\\/produkty-pro-peci\\\/#breadcrumb\"},\"inLanguage\":\"cs\",\"potentialAction\":[{\"@type\":\"ReadAction\",\"target\":[\"https:\\\/\\\/www.helenharperbaby.com\\\/cs\\\/produkty\\\/produkty-pro-peci\\\/\"]}]},{\"@type\":\"BreadcrumbList\",\"@id\":\"https:\\\/\\\/www.helenharperbaby.com\\\/cs\\\/produkty\\\/produkty-pro-peci\\\/#breadcrumb\",\"itemListElement\":[{\"@type\":\"ListItem\",\"position\":1,\"name\":\"Home\",\"item\":\"https:\\\/\\\/www.helenharperbaby.com\\\/cs\\\/\"},{\"@type\":\"ListItem\",\"position\":2,\"name\":\"Produkty\",\"item\":\"https:\\\/\\\/www.helenharperbaby.com\\\/cs\\\/produkty\\\/\"},{\"@type\":\"ListItem\",\"position\":3,\"name\":\"PRODUKTY PRO P\u00c9\u010cI\"}]},{\"@type\":\"WebSite\",\"@id\":\"https:\\\/\\\/www.helenharperbaby.com\\\/cs\\\/#website\",\"url\":\"https:\\\/\\\/www.helenharperbaby.com\\\/cs\\\/\",\"name\":\"Helen Harper Baby\",\"description\":\"For moments of pure happiness.\",\"publisher\":{\"@id\":\"https:\\\/\\\/www.helenharperbaby.com\\\/cs\\\/#organization\"},\"potentialAction\":[{\"@type\":\"SearchAction\",\"target\":{\"@type\":\"EntryPoint\",\"urlTemplate\":\"https:\\\/\\\/www.helenharperbaby.com\\\/cs\\\/?s={search_term_string}\"},\"query-input\":{\"@type\":\"PropertyValueSpecification\",\"valueRequired\":true,\"valueName\":\"search_term_string\"}}],\"inLanguage\":\"cs\"},{\"@type\":\"Organization\",\"@id\":\"https:\\\/\\\/www.helenharperbaby.com\\\/cs\\\/#organization\",\"name\":\"Helen Harper Baby\",\"url\":\"https:\\\/\\\/www.helenharperbaby.com\\\/cs\\\/\",\"logo\":{\"@type\":\"ImageObject\",\"inLanguage\":\"cs\",\"@id\":\"https:\\\/\\\/www.helenharperbaby.com\\\/cs\\\/#\\\/schema\\\/logo\\\/image\\\/\",\"url\":\"https:\\\/\\\/www.helenharperbaby.com\\\/wp-content\\\/uploads\\\/2023\\\/04\\\/hh-logo.png\",\"contentUrl\":\"https:\\\/\\\/www.helenharperbaby.com\\\/wp-content\\\/uploads\\\/2023\\\/04\\\/hh-logo.png\",\"width\":350,\"height\":227,\"caption\":\"Helen Harper Baby\"},\"image\":{\"@id\":\"https:\\\/\\\/www.helenharperbaby.com\\\/cs\\\/#\\\/schema\\\/logo\\\/image\\\/\"}}]}<\/script>\n<!-- \/ Yoast SEO Premium plugin. -->","yoast_head_json":{"title":"Podlo\u017eka a vlh\u010den\u00e9 ubrousky pro p\u00e9\u010di o d\u011b\u0165\u00e1tko &#183; Helen Harper Soft and Dry","description":"Vlh\u010den\u00e9 ubrousky a podlo\u017eku Helen Harper Soft & Dry lze pou\u017e\u00edvat ka\u017ed\u00fd den \u2013 doma p\u0159i v\u00fdm\u011bn\u011b plen nebo pro p\u0159\u00edle\u017eitostn\u00e9 o\u010di\u0161t\u011bn\u00ed p\u0159i pobytu venku.","robots":{"index":"index","follow":"follow","max-snippet":"max-snippet:-1","max-image-preview":"max-image-preview:large","max-video-preview":"max-video-preview:-1"},"canonical":"https:\/\/www.helenharperbaby.com\/cs\/produkty\/produkty-pro-peci\/","og_locale":"cs_CZ","og_type":"article","og_title":"PRODUKTY PRO P\u00c9\u010cI","og_description":"Vlh\u010den\u00e9 ubrousky a podlo\u017eku Helen Harper Soft & Dry lze pou\u017e\u00edvat ka\u017ed\u00fd den \u2013 doma p\u0159i v\u00fdm\u011bn\u011b plen nebo pro p\u0159\u00edle\u017eitostn\u00e9 o\u010di\u0161t\u011bn\u00ed p\u0159i pobytu venku.","og_url":"https:\/\/www.helenharperbaby.com\/cs\/produkty\/produkty-pro-peci\/","og_site_name":"Helen Harper Soft and Dry","article_modified_time":"2023-06-21T14:54:57+00:00","og_image":[{"width":1200,"height":675,"url":"https:\/\/www.helenharperbaby.com\/wp-content\/uploads\/2023\/05\/Helen_harper_soft_dry_main_image.jpg","type":"image\/jpeg"}],"twitter_card":"summary_large_image","twitter_misc":{"Odhadovan\u00e1 doba \u010dten\u00ed":"2 minuty"},"schema":{"@context":"https:\/\/schema.org","@graph":[{"@type":"WebPage","@id":"https:\/\/www.helenharperbaby.com\/cs\/produkty\/produkty-pro-peci\/","url":"https:\/\/www.helenharperbaby.com\/cs\/produkty\/produkty-pro-peci\/","name":"Podlo\u017eka a vlh\u010den\u00e9 ubrousky pro p\u00e9\u010di o d\u011b\u0165\u00e1tko &#183; Helen Harper Soft and Dry","isPartOf":{"@id":"https:\/\/www.helenharperbaby.com\/cs\/#website"},"datePublished":"2023-04-25T18:01:41+00:00","dateModified":"2023-06-21T14:54:57+00:00","description":"Vlh\u010den\u00e9 ubrousky a podlo\u017eku Helen Harper Soft & Dry lze pou\u017e\u00edvat ka\u017ed\u00fd den \u2013 doma p\u0159i v\u00fdm\u011bn\u011b plen nebo pro p\u0159\u00edle\u017eitostn\u00e9 o\u010di\u0161t\u011bn\u00ed p\u0159i pobytu venku.","breadcrumb":{"@id":"https:\/\/www.helenharperbaby.com\/cs\/produkty\/produkty-pro-peci\/#breadcrumb"},"inLanguage":"cs","potentialAction":[{"@type":"ReadAction","target":["https:\/\/www.helenharperbaby.com\/cs\/produkty\/produkty-pro-peci\/"]}]},{"@type":"BreadcrumbList","@id":"https:\/\/www.helenharperbaby.com\/cs\/produkty\/produkty-pro-peci\/#breadcrumb","itemListElement":[{"@type":"ListItem","position":1,"name":"Home","item":"https:\/\/www.helenharperbaby.com\/cs\/"},{"@type":"ListItem","position":2,"name":"Produkty","item":"https:\/\/www.helenharperbaby.com\/cs\/produkty\/"},{"@type":"ListItem","position":3,"name":"PRODUKTY PRO P\u00c9\u010cI"}]},{"@type":"WebSite","@id":"https:\/\/www.helenharperbaby.com\/cs\/#website","url":"https:\/\/www.helenharperbaby.com\/cs\/","name":"Helen Harper Baby","description":"For moments of pure happiness.","publisher":{"@id":"https:\/\/www.helenharperbaby.com\/cs\/#organization"},"potentialAction":[{"@type":"SearchAction","target":{"@type":"EntryPoint","urlTemplate":"https:\/\/www.helenharperbaby.com\/cs\/?s={search_term_string}"},"query-input":{"@type":"PropertyValueSpecification","valueRequired":true,"valueName":"search_term_string"}}],"inLanguage":"cs"},{"@type":"Organization","@id":"https:\/\/www.helenharperbaby.com\/cs\/#organization","name":"Helen Harper Baby","url":"https:\/\/www.helenharperbaby.com\/cs\/","logo":{"@type":"ImageObject","inLanguage":"cs","@id":"https:\/\/www.helenharperbaby.com\/cs\/#\/schema\/logo\/image\/","url":"https:\/\/www.helenharperbaby.com\/wp-content\/uploads\/2023\/04\/hh-logo.png","contentUrl":"https:\/\/www.helenharperbaby.com\/wp-content\/uploads\/2023\/04\/hh-logo.png","width":350,"height":227,"caption":"Helen Harper Baby"},"image":{"@id":"https:\/\/www.helenharperbaby.com\/cs\/#\/schema\/logo\/image\/"}}]}},"_links":{"self":[{"href":"https:\/\/www.helenharperbaby.com\/cs\/wp-json\/wp\/v2\/pages\/2096","targetHints":{"allow":["GET"]}}],"collection":[{"href":"https:\/\/www.helenharperbaby.com\/cs\/wp-json\/wp\/v2\/pages"}],"about":[{"href":"https:\/\/www.helenharperbaby.com\/cs\/wp-json\/wp\/v2\/types\/page"}],"author":[{"embeddable":true,"href":"https:\/\/www.helenharperbaby.com\/cs\/wp-json\/wp\/v2\/users\/3"}],"replies":[{"embeddable":true,"href":"https:\/\/www.helenharperbaby.com\/cs\/wp-json\/wp\/v2\/comments?post=2096"}],"version-history":[{"count":0,"href":"https:\/\/www.helenharperbaby.com\/cs\/wp-json\/wp\/v2\/pages\/2096\/revisions"}],"up":[{"embeddable":true,"href":"https:\/\/www.helenharperbaby.com\/cs\/wp-json\/wp\/v2\/pages\/2099"}],"wp:attachment":[{"href":"https:\/\/www.helenharperbaby.com\/cs\/wp-json\/wp\/v2\/media?parent=2096"}],"curies":[{"name":"wp","href":"https:\/\/api.w.org\/{rel}","templated":true}]}}