{"id":2004,"date":"2023-04-25T17:59:44","date_gmt":"2023-04-25T17:59:44","guid":{"rendered":"https:\/\/www.helenharperbaby.com\/?page_id=2004"},"modified":"2023-06-21T14:15:14","modified_gmt":"2023-06-21T14:15:14","slug":"helen-harperi-kohta","status":"publish","type":"page","link":"https:\/\/www.helenharperbaby.com\/et\/helen-harperi-kohta\/","title":{"rendered":"Helen Harperi kohta"},"content":{"rendered":"<div class=\"wpb-content-wrapper\"><p>[vc_row row_height_percent=&#8221;0&#8243; override_padding=&#8221;yes&#8221; h_padding=&#8221;2&#8243; top_padding=&#8221;0&#8243; bottom_padding=&#8221;0&#8243; back_image=&#8221;83&#8243; back_repeat=&#8221;no-repeat&#8221; back_position=&#8221;right top&#8221; overlay_alpha=&#8221;50&#8243; gutter_size=&#8221;3&#8243; column_width_percent=&#8221;100&#8243; shift_y=&#8221;0&#8243; z_index=&#8221;0&#8243; uncode_shortcode_id=&#8221;104165&#8243; el_class=&#8221;hh-hero-banner&#8221; back_size=&#8221;contain&#8221;][vc_column width=&#8221;1\/2&#8243;][vc_raw_html]JTNDaW1nJTIwc3JjJTNEJTIyJTJGd3AtY29udGVudCUyRnVwbG9hZHMlMkYyMDIzJTJGMDUlMkZoZWxlbl9oYXJwZXJfc29mdF9kcnlfcG9sYXJvaWRzX2JsdWUucG5nJTIyJTIwYWx0JTNEJTIyQmFieSUyMHBvbGFyb2lkcyUyMiUyMGNsYXNzJTNEJTIyaGgtaGVyby1wb2xhcm9pZHMlMjIlMkYlM0U=[\/vc_raw_html][\/vc_column][vc_column width=&#8221;1\/2&#8243;][vc_custom_heading text_font=&#8221;font-heading-font&#8221; text_size=&#8221;h1&#8243; text_weight=&#8221;500&#8243; text_transform=&#8221;uppercase&#8221; uncode_shortcode_id=&#8221;101253&#8243; el_class=&#8221;hh-hero-heading hh-hero-subtitle-blue&#8221; subheading=&#8221;PUHAST \u00d5NNE T\u00c4IS HETKEDEKS.&#8221;]Helen Harperi kohta[\/vc_custom_heading][\/vc_column][\/vc_row][vc_row][vc_column width=&#8221;1\/1&#8243;][uncode_breadcrumbs][\/vc_column][\/vc_row][vc_row row_height_percent=&#8221;0&#8243; override_padding=&#8221;yes&#8221; h_padding=&#8221;2&#8243; top_padding=&#8221;2&#8243; bottom_padding=&#8221;3&#8243; overlay_alpha=&#8221;50&#8243; gutter_size=&#8221;3&#8243; column_width_percent=&#8221;100&#8243; shift_y=&#8221;0&#8243; z_index=&#8221;0&#8243; uncode_shortcode_id=&#8221;975453&#8243; el_id=&#8221;hh-about-belief&#8221;][vc_column column_width_percent=&#8221;100&#8243; align_horizontal=&#8221;align_center&#8221; gutter_size=&#8221;3&#8243; overlay_alpha=&#8221;50&#8243; shift_x=&#8221;0&#8243; shift_y=&#8221;0&#8243; shift_y_down=&#8221;0&#8243; z_index=&#8221;0&#8243; medium_width=&#8221;0&#8243; mobile_width=&#8221;0&#8243; width=&#8221;1\/1&#8243; uncode_shortcode_id=&#8221;201733&#8243;][vc_custom_heading uncode_shortcode_id=&#8221;167922&#8243; el_class=&#8221;center&#8221;]Meie uskumus[\/vc_custom_heading][vc_column_text uncode_shortcode_id=&#8221;511594&#8243;]\u200bEma ja isa jaoks pole midagi t\u00e4htsamat, kui n\u00e4ha oma last \u00f5nnelikuna. Beebi on \u00f5nnelik<br \/>\n,kui ta tunneb end mugavalt, et ta saab oma igap\u00e4evaseid avastusi t\u00e4ielikult nautida.\u200b<\/p>\n<p>Helen Harper pakub kvaliteetseid Euroopa standarditele vastavaid beebi h\u00fcgieenitooteid, mis katavad k\u00f5ikide<br \/>\nimikute ja vanemate vajadused.\u200b<\/p>\n<p>Rohkem mugavust beebidele, rohkem mugavust vanematele[\/vc_column_text][\/vc_column][\/vc_row][vc_row row_height_percent=&#8221;0&#8243; override_padding=&#8221;yes&#8221; h_padding=&#8221;2&#8243; top_padding=&#8221;2&#8243; bottom_padding=&#8221;3&#8243; overlay_alpha=&#8221;50&#8243; gutter_size=&#8221;2&#8243; column_width_percent=&#8221;100&#8243; shift_y=&#8221;0&#8243; z_index=&#8221;0&#8243; uncode_shortcode_id=&#8221;143835&#8243;][vc_column column_width_percent=&#8221;100&#8243; gutter_size=&#8221;3&#8243; overlay_alpha=&#8221;50&#8243; shift_x=&#8221;0&#8243; shift_y=&#8221;0&#8243; shift_y_down=&#8221;0&#8243; z_index=&#8221;0&#8243; medium_width=&#8221;0&#8243; mobile_width=&#8221;0&#8243; width=&#8221;1\/2&#8243; uncode_shortcode_id=&#8221;166364&#8243;][vc_custom_heading uncode_shortcode_id=&#8221;137106&#8243; el_class=&#8221;hh-mobile&#8221;]Kes on Helen Harper?[\/vc_custom_heading][vc_single_image media=&#8221;85&#8243; media_width_percent=&#8221;100&#8243; shape=&#8221;img-round&#8221; radius=&#8221;std&#8221; uncode_shortcode_id=&#8221;200673&#8243; el_class=&#8221;m-0&#8243;][\/vc_column][vc_column column_width_percent=&#8221;100&#8243; gutter_size=&#8221;3&#8243; overlay_alpha=&#8221;50&#8243; shift_x=&#8221;0&#8243; shift_y=&#8221;0&#8243; shift_y_down=&#8221;0&#8243; z_index=&#8221;0&#8243; medium_width=&#8221;0&#8243; mobile_width=&#8221;0&#8243; width=&#8221;1\/2&#8243; uncode_shortcode_id=&#8221;983574&#8243;][vc_custom_heading uncode_shortcode_id=&#8221;588026&#8243; el_class=&#8221;hh-desktop&#8221;]Kes on Helen Harper?[\/vc_custom_heading][vc_column_text text_color=&#8221;color-dark-blue&#8221; uncode_shortcode_id=&#8221;888008&#8243; text_color_type=&#8221;uncode-palette&#8221;]Helen Harper on sinu parim s\u00f5ber, teine \u200b\u200bk\u00f5rvalmajas elav ema v\u00f5i daam, kes viib oma last sinuga samasse lasteaeda. Ema ja isa, keda n\u00e4ed lapsi parki toomas ja nendega m\u00e4ngimas, v\u00f5i see, kes teeb oma beebiga k\u00e4rus toiduoste. Helen Harper oled sina.<\/p>\n<p>Helen Harperi kaubam\u00e4rgi loomisel oli tagam\u00f5tteks see, et keda me lapsevanemaks saamise uskumatut teekonda alustades k\u00f5ige rohkem vajame, on parim s\u00f5ber, keda saame usaldada. S\u00f5ber, kellele saame toetuda, kui seda vajame, keegi, kellelt saame n\u00f5u, ning kui vajame kedagi, kes r\u00e4\u00e4gib meile t\u00f5tt.<\/p>\n<p>Helen Harper on see, kes on sinu parim s\u00f5ber beebitoodete vallas, kes t\u00f6\u00f6tab alati sinu k\u00f5rval, et pakkuda sulle turu parimat toodet. Soovime, et keskenduksid \u00f5nnelikele hetkedele oma lapsega, nautides stressivaba aega. Sest sinu \u00f5nnelikud hetked oma lapsega on see, millest me hoolime. \u00dclej\u00e4\u00e4nuga tegeleme meie.\u200b[\/vc_column_text][\/vc_column][\/vc_row][vc_row row_height_percent=&#8221;0&#8243; override_padding=&#8221;yes&#8221; h_padding=&#8221;2&#8243; top_padding=&#8221;3&#8243; bottom_padding=&#8221;5&#8243; overlay_alpha=&#8221;50&#8243; gutter_size=&#8221;3&#8243; column_width_percent=&#8221;100&#8243; shift_y=&#8221;0&#8243; z_index=&#8221;0&#8243; uncode_shortcode_id=&#8221;837269&#8243; el_class=&#8221;hh-purple-row&#8221; el_id=&#8221;hh-about-values&#8221;][vc_column column_width_percent=&#8221;100&#8243; align_horizontal=&#8221;align_center&#8221; gutter_size=&#8221;3&#8243; overlay_alpha=&#8221;50&#8243; shift_x=&#8221;0&#8243; shift_y=&#8221;0&#8243; shift_y_down=&#8221;0&#8243; z_index=&#8221;0&#8243; medium_width=&#8221;0&#8243; mobile_width=&#8221;0&#8243; width=&#8221;1\/1&#8243; uncode_shortcode_id=&#8221;101576&#8243;][vc_custom_heading uncode_shortcode_id=&#8221;142283&#8243; el_class=&#8221;center&#8221;]Meie v\u00e4\u00e4rtused[\/vc_custom_heading][vc_empty_space empty_h=&#8221;2&#8243;][uncode_block id=&#8221;27&#8243; inside_column=&#8221;yes&#8221;][\/vc_column][\/vc_row][vc_row row_height_percent=&#8221;0&#8243; override_padding=&#8221;yes&#8221; h_padding=&#8221;0&#8243; top_padding=&#8221;0&#8243; bottom_padding=&#8221;0&#8243; back_color=&#8221;color-light-blue&#8221; overlay_alpha=&#8221;50&#8243; gutter_size=&#8221;3&#8243; column_width_percent=&#8221;100&#8243; shift_y=&#8221;0&#8243; z_index=&#8221;0&#8243; uncode_shortcode_id=&#8221;189592&#8243; back_color_type=&#8221;uncode-palette&#8221; el_class=&#8221;hh-media-up&#8221;][vc_column width=&#8221;1\/2&#8243;][vc_custom_heading uncode_shortcode_id=&#8221;732402&#8243; el_class=&#8221;hh-mobile&#8221;]Tootmisest[\/vc_custom_heading][vc_raw_html]JTNDaW1nJTIwc3JjJTNEJTIyJTJGd3AtY29udGVudCUyRnVwbG9hZHMlMkYyMDIzJTJGMDQlMkZwb2xhcm9pZHMtNS5wbmclMjIlMjBhbHQlM0QlMjJCYWJ5JTIwcG9sYXJvaWRzJTIyJTIwY2xhc3MlM0QlMjJoaC1oZXJvLXBvbGFyb2lkcyUyMiUyRiUzRQ==[\/vc_raw_html][\/vc_column][vc_column column_width_percent=&#8221;100&#8243; gutter_size=&#8221;3&#8243; overlay_alpha=&#8221;50&#8243; shift_x=&#8221;0&#8243; shift_y=&#8221;0&#8243; shift_y_down=&#8221;0&#8243; z_index=&#8221;0&#8243; medium_width=&#8221;0&#8243; mobile_width=&#8221;0&#8243; width=&#8221;1\/2&#8243; uncode_shortcode_id=&#8221;473379&#8243; el_class=&#8221;hh-text-column&#8221;][vc_custom_heading uncode_shortcode_id=&#8221;318152&#8243; el_class=&#8221;hh-desktop&#8221;]Tootmisest[\/vc_custom_heading][vc_column_text text_color=&#8221;color-dark-blue&#8221; uncode_shortcode_id=&#8221;936398&#8243; text_color_type=&#8221;uncode-palette&#8221;]Helen Harper on Ontexi ettev\u00f5tte kaubam\u00e4rk.<\/p>\n<p>Ontex on juhtiv rahvusvaheline isikliku h\u00fcgieeni kontsern. Me<br \/>\nloome uusi lahendusi ja valmistame kvaliteetseid tooteid beebide, naiste<br \/>\nja t\u00e4iskasvanute h\u00fcgieeni tarbeks ning oleme valitud partner<br \/>\ntarbijatele, jaem\u00fc\u00fcjatele ning riiklikele ja erasektori tervishoiuteenuse<br \/>\npakkujatele \u00fcle maailma.\u200b<\/p>\n<p>Helen Harperi tooteid toodetakse Ontexi tehastes Euroopas.<\/p>\n<p>Meie ettev\u00f5tte aluseks on meie eetilised p\u00f5him\u00f5tted, l\u00e4htudes ohutusest,<br \/>\nkvaliteedist ja klientide rahulolust. Meie k\u00f5ige v\u00e4\u00e4rtuslikum vara on<br \/>\nmeie inimesed, kes on meie tegevuse keskmes.[\/vc_column_text][vc_button button_color=&#8221;color-magenta&#8221; radius=&#8221;btn-round&#8221; hover_fx=&#8221;full-colored&#8221; border_width=&#8221;0&#8243; icon_position=&#8221;right&#8221; scale_mobile=&#8221;no&#8221; link=&#8221;url:https%3A%2F%2Fontex.com%2F|title:About|target:_blank|rel:nofollow&#8221; el_class=&#8221;hh-btn-secondary hh-btn center&#8221; uncode_shortcode_id=&#8221;909014&#8243; button_color_type=&#8221;uncode-palette&#8221; icon=&#8221;fa fa-chevron-right3&#8243;]Visit Ontex.com[\/vc_button][\/vc_column][\/vc_row][vc_row row_height_percent=&#8221;0&#8243; override_padding=&#8221;yes&#8221; h_padding=&#8221;4&#8243; top_padding=&#8221;4&#8243; bottom_padding=&#8221;3&#8243; overlay_alpha=&#8221;50&#8243; gutter_size=&#8221;3&#8243; column_width_percent=&#8221;100&#8243; shift_y=&#8221;0&#8243; z_index=&#8221;0&#8243; uncode_shortcode_id=&#8221;200995&#8243;][vc_column column_width_percent=&#8221;100&#8243; align_horizontal=&#8221;align_center&#8221; gutter_size=&#8221;3&#8243; overlay_alpha=&#8221;50&#8243; shift_x=&#8221;0&#8243; shift_y=&#8221;0&#8243; shift_y_down=&#8221;0&#8243; z_index=&#8221;0&#8243; medium_width=&#8221;0&#8243; mobile_width=&#8221;0&#8243; width=&#8221;1\/1&#8243; uncode_shortcode_id=&#8221;102591&#8243;][vc_custom_heading uncode_shortcode_id=&#8221;940030&#8243;]Vaadake meie tootmisvideot[\/vc_custom_heading][vc_empty_space empty_h=&#8221;1&#8243;][vc_raw_html el_class=&#8221;hh-video&#8221;]JTNDaWZyYW1lJTIwY2xhc3MlM0QlMjJoaC1pZnJhbWUlMjIlMjBzcmMlM0QlMjJodHRwcyUzQSUyRiUyRnBsYXllci52aW1lby5jb20lMkZ2aWRlbyUyRjgyMDAwNjg5MCUzRmglM0Q4Yzc0NGMxODE3JTIyJTIwZnJhbWVib3JkZXIlM0QlMjIwJTIyJTIwYWxsb3clM0QlMjJmdWxsc2NyZWVuJTNCJTIwcGljdHVyZS1pbi1waWN0dXJlJTIyJTIwYWxsb3dmdWxsc2NyZWVuJTNEJTIyJTIyJTIwJTIwdGl0bGUlM0QlMjJIZWxlbiUyMEhhcnAlNUJlciUyMFByb2R1Y3Rpb24lMjBWaWRlbyUyMiUyMGRhdGEtcmVhZHklM0QlMjJ0cnVlJTIyJTNFJTNDJTJGaWZyYW1lJTNF[\/vc_raw_html][\/vc_column][\/vc_row][vc_row row_height_percent=&#8221;0&#8243; override_padding=&#8221;yes&#8221; h_padding=&#8221;0&#8243; top_padding=&#8221;0&#8243; bottom_padding=&#8221;0&#8243; back_color=&#8221;color-light-purple&#8221; overlay_alpha=&#8221;50&#8243; gutter_size=&#8221;3&#8243; column_width_percent=&#8221;100&#8243; shift_y=&#8221;0&#8243; z_index=&#8221;0&#8243; inverted_device_order=&#8221;yes&#8221; uncode_shortcode_id=&#8221;323620&#8243; back_color_type=&#8221;uncode-palette&#8221; el_id=&#8221;hh-join-block&#8221; el_class=&#8221;hh-media-up-small&#8221;][vc_column column_width_percent=&#8221;100&#8243; gutter_size=&#8221;3&#8243; overlay_alpha=&#8221;50&#8243; shift_x=&#8221;0&#8243; shift_y=&#8221;0&#8243; shift_y_down=&#8221;0&#8243; z_index=&#8221;0&#8243; medium_width=&#8221;0&#8243; mobile_width=&#8221;0&#8243; width=&#8221;1\/2&#8243; uncode_shortcode_id=&#8221;157452&#8243; el_class=&#8221;hh-larger-half hh-text-column&#8221;][vc_custom_heading uncode_shortcode_id=&#8221;725571&#8243; el_class=&#8221;hh-desktop&#8221;]Liitu meie ja teiste emade ning isadega[\/vc_custom_heading][vc_column_text text_color=&#8221;color-nhtu&#8221; uncode_shortcode_id=&#8221;385515&#8243; text_color_type=&#8221;uncode-palette&#8221;]Liitu meie emade ja isade kogukonnaga sotsiaalmeedias. Ole hooliva kogukonna l\u00e4hedal, jagades \u00fcksteisega n\u00f5uandeid meie igap\u00e4evaelu kohta beebiga.\u200b<\/p>\n<p>Jagame oma tundeid, pilte ja soovitusi: liitu meie laienenud perega ja kommenteeri seda julgelt! M\u00f5nikord leiad ka kampaaniaid, m\u00e4nge ja kingitusi<\/p>\n<p>Kas on k\u00fcsimusi? V\u00d5TA MEIEGA \u00dcHENDUST.[\/vc_column_text][uncode_block id=&#8221;90&#8243; inside_column=&#8221;yes&#8221;][\/vc_column][vc_column column_width_percent=&#8221;100&#8243; gutter_size=&#8221;3&#8243; overlay_alpha=&#8221;50&#8243; shift_x=&#8221;0&#8243; shift_y=&#8221;0&#8243; shift_y_down=&#8221;0&#8243; z_index=&#8221;0&#8243; medium_width=&#8221;0&#8243; mobile_width=&#8221;0&#8243; width=&#8221;1\/2&#8243; uncode_shortcode_id=&#8221;272383&#8243; el_class=&#8221;hh-smaller-half&#8221;][vc_custom_heading uncode_shortcode_id=&#8221;557269&#8243; el_class=&#8221;hh-mobile&#8221;]Liitu meie ja teiste emade ning isadega[\/vc_custom_heading][vc_raw_html]JTNDaW1nJTIwc3JjJTNEJTIyJTJGd3AtY29udGVudCUyRnVwbG9hZHMlMkYyMDIzJTJGMDUlMkZIZWxlbl9IYXJwZXJfU29mdF9Ecnlfam9pbl91c19zb2NpYWxfbWVkaWEucG5nJTIyJTIwYWx0JTNEJTIyQmFieSUyMHBvbGFyb2lkcyUyMiUyMGNsYXNzJTNEJTIyaGgtaGVyby1wb2xhcm9pZHMlMjIlMkYlM0U=[\/vc_raw_html][\/vc_column][\/vc_row][vc_row][vc_column width=&#8221;1\/1&#8243;][vc_empty_space empty_h=&#8221;2&#8243; el_class=&#8221;hh-desktop&#8221;][\/vc_column][\/vc_row][vc_row][vc_column width=&#8221;1\/1&#8243;][uncode_block id=&#8221;69&#8243;][\/vc_column][\/vc_row][vc_row row_height_percent=&#8221;0&#8243; override_padding=&#8221;yes&#8221; h_padding=&#8221;2&#8243; top_padding=&#8221;0&#8243; bottom_padding=&#8221;2&#8243; overlay_alpha=&#8221;50&#8243; gutter_size=&#8221;3&#8243; column_width_percent=&#8221;100&#8243; shift_y=&#8221;0&#8243; z_index=&#8221;0&#8243; uncode_shortcode_id=&#8221;190742&#8243;][vc_column width=&#8221;1\/1&#8243;][vc_empty_space empty_h=&#8221;2&#8243; el_class=&#8221;hh-desktop&#8221;][\/vc_column][\/vc_row]<\/p>\n<\/div>","protected":false},"excerpt":{"rendered":"<p>Helen Harperi kaubam\u00e4rgi loomise aluseks oli m\u00f5te, et lapsevanemaks saamise uskumatut teekonda alustades vajame k\u00f5ige rohkem parimat s\u00f5pra, keda saame usaldada.<\/p>\n","protected":false},"author":4,"featured_media":0,"parent":0,"menu_order":0,"comment_status":"closed","ping_status":"closed","template":"","meta":{"_acf_changed":false,"footnotes":""},"class_list":["post-2004","page","type-page","status-publish","hentry"],"acf":[],"yoast_head":"<!-- This site is optimized with the Yoast SEO Premium plugin v27.4 (Yoast SEO v27.4) - https:\/\/yoast.com\/product\/yoast-seo-premium-wordpress\/ -->\n<title>Kaubam\u00e4rgi kohta &#183; Helen Harper Soft and Dry<\/title>\n<meta name=\"description\" content=\"Helen Harperi kaubam\u00e4rgi loomise aluseks oli m\u00f5te, et lapsevanemaks saamise uskumatut teekonda alustades vajame k\u00f5ige rohkem parimat s\u00f5pra, keda saame usaldada.\" \/>\n<meta name=\"robots\" content=\"index, follow, max-snippet:-1, max-image-preview:large, max-video-preview:-1\" \/>\n<link rel=\"canonical\" href=\"https:\/\/www.helenharperbaby.com\/et\/helen-harperi-kohta\/\" \/>\n<meta property=\"og:locale\" content=\"et_EE\" \/>\n<meta property=\"og:type\" content=\"article\" \/>\n<meta property=\"og:title\" content=\"Helen Harperi kohta\" \/>\n<meta property=\"og:description\" content=\"Helen Harperi kaubam\u00e4rgi loomise aluseks oli m\u00f5te, et lapsevanemaks saamise uskumatut teekonda alustades vajame k\u00f5ige rohkem parimat s\u00f5pra, keda saame usaldada.\" \/>\n<meta property=\"og:url\" content=\"https:\/\/www.helenharperbaby.com\/et\/helen-harperi-kohta\/\" \/>\n<meta property=\"og:site_name\" content=\"Helen Harper Soft and Dry\" \/>\n<meta property=\"article:modified_time\" content=\"2023-06-21T14:15:14+00:00\" \/>\n<meta property=\"og:image\" content=\"https:\/\/www.helenharperbaby.com\/wp-content\/uploads\/2023\/05\/Helen_harper_soft_dry_main_image.jpg\" \/>\n\t<meta property=\"og:image:width\" content=\"1200\" \/>\n\t<meta property=\"og:image:height\" content=\"675\" \/>\n\t<meta property=\"og:image:type\" content=\"image\/jpeg\" \/>\n<meta name=\"twitter:card\" content=\"summary_large_image\" \/>\n<meta name=\"twitter:label1\" content=\"Est. reading time\" \/>\n\t<meta name=\"twitter:data1\" content=\"3 minutit\" \/>\n<script type=\"application\/ld+json\" class=\"yoast-schema-graph\">{\"@context\":\"https:\\\/\\\/schema.org\",\"@graph\":[{\"@type\":\"WebPage\",\"@id\":\"https:\\\/\\\/www.helenharperbaby.com\\\/et\\\/helen-harperi-kohta\\\/\",\"url\":\"https:\\\/\\\/www.helenharperbaby.com\\\/et\\\/helen-harperi-kohta\\\/\",\"name\":\"Kaubam\u00e4rgi kohta &#183; Helen Harper Soft and Dry\",\"isPartOf\":{\"@id\":\"https:\\\/\\\/www.helenharperbaby.com\\\/et\\\/#website\"},\"datePublished\":\"2023-04-25T17:59:44+00:00\",\"dateModified\":\"2023-06-21T14:15:14+00:00\",\"description\":\"Helen Harperi kaubam\u00e4rgi loomise aluseks oli m\u00f5te, et lapsevanemaks saamise uskumatut teekonda alustades vajame k\u00f5ige rohkem parimat s\u00f5pra, keda saame usaldada.\",\"breadcrumb\":{\"@id\":\"https:\\\/\\\/www.helenharperbaby.com\\\/et\\\/helen-harperi-kohta\\\/#breadcrumb\"},\"inLanguage\":\"et\",\"potentialAction\":[{\"@type\":\"ReadAction\",\"target\":[\"https:\\\/\\\/www.helenharperbaby.com\\\/et\\\/helen-harperi-kohta\\\/\"]}]},{\"@type\":\"BreadcrumbList\",\"@id\":\"https:\\\/\\\/www.helenharperbaby.com\\\/et\\\/helen-harperi-kohta\\\/#breadcrumb\",\"itemListElement\":[{\"@type\":\"ListItem\",\"position\":1,\"name\":\"Home\",\"item\":\"https:\\\/\\\/www.helenharperbaby.com\\\/et\\\/\"},{\"@type\":\"ListItem\",\"position\":2,\"name\":\"Helen Harperi kohta\"}]},{\"@type\":\"WebSite\",\"@id\":\"https:\\\/\\\/www.helenharperbaby.com\\\/et\\\/#website\",\"url\":\"https:\\\/\\\/www.helenharperbaby.com\\\/et\\\/\",\"name\":\"Helen Harper Baby\",\"description\":\"For moments of pure happiness.\",\"publisher\":{\"@id\":\"https:\\\/\\\/www.helenharperbaby.com\\\/et\\\/#organization\"},\"potentialAction\":[{\"@type\":\"SearchAction\",\"target\":{\"@type\":\"EntryPoint\",\"urlTemplate\":\"https:\\\/\\\/www.helenharperbaby.com\\\/et\\\/?s={search_term_string}\"},\"query-input\":{\"@type\":\"PropertyValueSpecification\",\"valueRequired\":true,\"valueName\":\"search_term_string\"}}],\"inLanguage\":\"et\"},{\"@type\":\"Organization\",\"@id\":\"https:\\\/\\\/www.helenharperbaby.com\\\/et\\\/#organization\",\"name\":\"Helen Harper Baby\",\"url\":\"https:\\\/\\\/www.helenharperbaby.com\\\/et\\\/\",\"logo\":{\"@type\":\"ImageObject\",\"inLanguage\":\"et\",\"@id\":\"https:\\\/\\\/www.helenharperbaby.com\\\/et\\\/#\\\/schema\\\/logo\\\/image\\\/\",\"url\":\"https:\\\/\\\/www.helenharperbaby.com\\\/wp-content\\\/uploads\\\/2023\\\/04\\\/hh-logo.png\",\"contentUrl\":\"https:\\\/\\\/www.helenharperbaby.com\\\/wp-content\\\/uploads\\\/2023\\\/04\\\/hh-logo.png\",\"width\":350,\"height\":227,\"caption\":\"Helen Harper Baby\"},\"image\":{\"@id\":\"https:\\\/\\\/www.helenharperbaby.com\\\/et\\\/#\\\/schema\\\/logo\\\/image\\\/\"}}]}<\/script>\n<!-- \/ Yoast SEO Premium plugin. -->","yoast_head_json":{"title":"Kaubam\u00e4rgi kohta &#183; Helen Harper Soft and Dry","description":"Helen Harperi kaubam\u00e4rgi loomise aluseks oli m\u00f5te, et lapsevanemaks saamise uskumatut teekonda alustades vajame k\u00f5ige rohkem parimat s\u00f5pra, keda saame usaldada.","robots":{"index":"index","follow":"follow","max-snippet":"max-snippet:-1","max-image-preview":"max-image-preview:large","max-video-preview":"max-video-preview:-1"},"canonical":"https:\/\/www.helenharperbaby.com\/et\/helen-harperi-kohta\/","og_locale":"et_EE","og_type":"article","og_title":"Helen Harperi kohta","og_description":"Helen Harperi kaubam\u00e4rgi loomise aluseks oli m\u00f5te, et lapsevanemaks saamise uskumatut teekonda alustades vajame k\u00f5ige rohkem parimat s\u00f5pra, keda saame usaldada.","og_url":"https:\/\/www.helenharperbaby.com\/et\/helen-harperi-kohta\/","og_site_name":"Helen Harper Soft and Dry","article_modified_time":"2023-06-21T14:15:14+00:00","og_image":[{"width":1200,"height":675,"url":"https:\/\/www.helenharperbaby.com\/wp-content\/uploads\/2023\/05\/Helen_harper_soft_dry_main_image.jpg","type":"image\/jpeg"}],"twitter_card":"summary_large_image","twitter_misc":{"Est. reading time":"3 minutit"},"schema":{"@context":"https:\/\/schema.org","@graph":[{"@type":"WebPage","@id":"https:\/\/www.helenharperbaby.com\/et\/helen-harperi-kohta\/","url":"https:\/\/www.helenharperbaby.com\/et\/helen-harperi-kohta\/","name":"Kaubam\u00e4rgi kohta &#183; Helen Harper Soft and Dry","isPartOf":{"@id":"https:\/\/www.helenharperbaby.com\/et\/#website"},"datePublished":"2023-04-25T17:59:44+00:00","dateModified":"2023-06-21T14:15:14+00:00","description":"Helen Harperi kaubam\u00e4rgi loomise aluseks oli m\u00f5te, et lapsevanemaks saamise uskumatut teekonda alustades vajame k\u00f5ige rohkem parimat s\u00f5pra, keda saame usaldada.","breadcrumb":{"@id":"https:\/\/www.helenharperbaby.com\/et\/helen-harperi-kohta\/#breadcrumb"},"inLanguage":"et","potentialAction":[{"@type":"ReadAction","target":["https:\/\/www.helenharperbaby.com\/et\/helen-harperi-kohta\/"]}]},{"@type":"BreadcrumbList","@id":"https:\/\/www.helenharperbaby.com\/et\/helen-harperi-kohta\/#breadcrumb","itemListElement":[{"@type":"ListItem","position":1,"name":"Home","item":"https:\/\/www.helenharperbaby.com\/et\/"},{"@type":"ListItem","position":2,"name":"Helen Harperi kohta"}]},{"@type":"WebSite","@id":"https:\/\/www.helenharperbaby.com\/et\/#website","url":"https:\/\/www.helenharperbaby.com\/et\/","name":"Helen Harper Baby","description":"For moments of pure happiness.","publisher":{"@id":"https:\/\/www.helenharperbaby.com\/et\/#organization"},"potentialAction":[{"@type":"SearchAction","target":{"@type":"EntryPoint","urlTemplate":"https:\/\/www.helenharperbaby.com\/et\/?s={search_term_string}"},"query-input":{"@type":"PropertyValueSpecification","valueRequired":true,"valueName":"search_term_string"}}],"inLanguage":"et"},{"@type":"Organization","@id":"https:\/\/www.helenharperbaby.com\/et\/#organization","name":"Helen Harper Baby","url":"https:\/\/www.helenharperbaby.com\/et\/","logo":{"@type":"ImageObject","inLanguage":"et","@id":"https:\/\/www.helenharperbaby.com\/et\/#\/schema\/logo\/image\/","url":"https:\/\/www.helenharperbaby.com\/wp-content\/uploads\/2023\/04\/hh-logo.png","contentUrl":"https:\/\/www.helenharperbaby.com\/wp-content\/uploads\/2023\/04\/hh-logo.png","width":350,"height":227,"caption":"Helen Harper Baby"},"image":{"@id":"https:\/\/www.helenharperbaby.com\/et\/#\/schema\/logo\/image\/"}}]}},"_links":{"self":[{"href":"https:\/\/www.helenharperbaby.com\/et\/wp-json\/wp\/v2\/pages\/2004","targetHints":{"allow":["GET"]}}],"collection":[{"href":"https:\/\/www.helenharperbaby.com\/et\/wp-json\/wp\/v2\/pages"}],"about":[{"href":"https:\/\/www.helenharperbaby.com\/et\/wp-json\/wp\/v2\/types\/page"}],"author":[{"embeddable":true,"href":"https:\/\/www.helenharperbaby.com\/et\/wp-json\/wp\/v2\/users\/4"}],"replies":[{"embeddable":true,"href":"https:\/\/www.helenharperbaby.com\/et\/wp-json\/wp\/v2\/comments?post=2004"}],"version-history":[{"count":0,"href":"https:\/\/www.helenharperbaby.com\/et\/wp-json\/wp\/v2\/pages\/2004\/revisions"}],"wp:attachment":[{"href":"https:\/\/www.helenharperbaby.com\/et\/wp-json\/wp\/v2\/media?parent=2004"}],"curies":[{"name":"wp","href":"https:\/\/api.w.org\/{rel}","templated":true}]}}