{"id":2082,"date":"2023-04-28T19:26:31","date_gmt":"2023-04-28T19:26:31","guid":{"rendered":"https:\/\/www.helenharperbaby.com\/?page_id=2082"},"modified":"2023-06-21T20:33:16","modified_gmt":"2023-06-21T20:33:16","slug":"mahkmed-maxi","status":"publish","type":"page","link":"https:\/\/www.helenharperbaby.com\/et\/tooted\/mahkmed-maxi\/","title":{"rendered":"Maxi"},"content":{"rendered":"<div class=\"wpb-content-wrapper\"><p>[vc_row][vc_column width=&#8221;1\/1&#8243;][uncode_breadcrumbs][\/vc_column][\/vc_row][vc_row row_height_percent=&#8221;0&#8243; override_padding=&#8221;yes&#8221; h_padding=&#8221;2&#8243; top_padding=&#8221;2&#8243; bottom_padding=&#8221;4&#8243; overlay_alpha=&#8221;50&#8243; gutter_size=&#8221;3&#8243; column_width_percent=&#8221;100&#8243; shift_y=&#8221;0&#8243; z_index=&#8221;0&#8243; uncode_shortcode_id=&#8221;463929&#8243; el_class=&#8221;hh-single-product-block&#8221;][vc_column column_width_use_pixel=&#8221;yes&#8221; align_horizontal=&#8221;align_center&#8221; gutter_size=&#8221;3&#8243; override_padding=&#8221;yes&#8221; column_padding=&#8221;3&#8243; back_color=&#8221;color-lxmt&#8221; overlay_alpha=&#8221;50&#8243; shift_x=&#8221;0&#8243; shift_y=&#8221;0&#8243; shift_y_down=&#8221;0&#8243; z_index=&#8221;0&#8243; medium_width=&#8221;0&#8243; mobile_width=&#8221;0&#8243; sticky=&#8221;yes&#8221; radius=&#8221;xl&#8221; width=&#8221;5\/12&#8243; uncode_shortcode_id=&#8221;985703&#8243; column_width_pixel=&#8221;250&#8243; back_color_type=&#8221;uncode-palette&#8221;][vc_gallery el_id=&#8221;gallery-170875&#8243; type=&#8221;carousel&#8221; medias=&#8221;388,390,391,389,392,394,393&#8243; carousel_lg=&#8221;1&#8243; carousel_md=&#8221;1&#8243; carousel_sm=&#8221;1&#8243; thumb_size=&#8221;one-one&#8221; gutter_size=&#8221;3&#8243; media_items=&#8221;media|lightbox|original&#8221; carousel_v_align=&#8221;middle&#8221; carousel_interval=&#8221;3000&#8243; carousel_navspeed=&#8221;400&#8243; carousel_dots=&#8221;yes&#8221; carousel_dots_mobile=&#8221;yes&#8221; stage_padding=&#8221;0&#8243; single_overlay_opacity=&#8221;50&#8243; single_overlay_anim=&#8221;no&#8221; single_text_anim=&#8221;no&#8221; single_image_anim=&#8221;no&#8221; single_padding=&#8221;2&#8243; single_border=&#8221;yes&#8221; uncode_shortcode_id=&#8221;310691&#8243; el_class=&#8221;hh-custom-controls&#8221;][\/vc_column][vc_column width=&#8221;7\/12&#8243;][vc_empty_space empty_h=&#8221;2&#8243; mobile_visibility=&#8221;yes&#8221;][vc_custom_heading heading_semantic=&#8221;h1&#8243; uncode_shortcode_id=&#8221;192721&#8243; el_class=&#8221;mobile-left&#8221;]M\u00c4HKMED MAXI[\/vc_custom_heading][uncode_list uncode_shortcode_id=&#8221;781793&#8243; el_class=&#8221;hh-list&#8221;]<\/p>\n<ul>\n<li class=\"blue\">DIAPERS<\/li>\n<li class=\"turq\">MAXI<\/li>\n<\/ul>\n<p>[\/uncode_list][vc_empty_space empty_h=&#8221;2&#8243; el_class=&#8221;hh-mobile&#8221;][vc_column_text uncode_shortcode_id=&#8221;365824&#8243;]Maxi tooted on m\u00f5eldud beebidele kaaluga 7\u201314 kg.\u200b<\/p>\n<p>Jalule! Sinu laps kasvab ja t\u00e4histab peagi oma esimest s\u00fcnnip\u00e4eva. Ta v\u00f5ib hakata m\u00f6\u00f6da seinu v\u00f5i m\u00f6\u00f6blit k\u00e4ima. T\u00e4nu meie moodsale ja armsale m\u00e4hkmedisainile stimuleeritakse beebide loovust ja kujutlusv\u00f5imet, juhtides m\u00e4hkmete vahetamise ajal kenasti beebi t\u00e4helepanu k\u00f5rvale. Milline kogemus!\u200b<\/p>\n<p>Meie m\u00e4hkmed tagavad liikumismugavuse t\u00e4nu elastsele k\u00fcljele ja anatoomilisele m\u00e4hkmekujule. M\u00e4he, mis j\u00e4rgib sinu lapse teekonda.[\/vc_column_text][vc_row_inner row_inner_height_percent=&#8221;0&#8243; overlay_alpha=&#8221;50&#8243; gutter_size=&#8221;0&#8243; shift_y=&#8221;0&#8243; z_index=&#8221;0&#8243; uncode_shortcode_id=&#8221;150644&#8243; el_class=&#8221;hh-product-icons-block&#8221;][vc_column_inner column_width_percent=&#8221;100&#8243; gutter_size=&#8221;3&#8243; overlay_alpha=&#8221;50&#8243; shift_x=&#8221;0&#8243; shift_y=&#8221;0&#8243; shift_y_down=&#8221;0&#8243; z_index=&#8221;0&#8243; medium_width=&#8221;0&#8243; mobile_width=&#8221;4&#8243; width=&#8221;1\/2&#8243; uncode_shortcode_id=&#8221;114773&#8243;][vc_icon position=&#8221;left&#8221; icon_image=&#8221;143&#8243; heading_semantic=&#8221;p&#8221; text_size=&#8221;&#8221; uncode_shortcode_id=&#8221;410046&#8243; title=&#8221;46\/62 tk pakis&#8221; el_class=&#8221;hh-grayscale-icon&#8221;][\/vc_icon][vc_icon position=&#8221;left&#8221; icon_image=&#8221;142&#8243; heading_semantic=&#8221;p&#8221; text_size=&#8221;&#8221; uncode_shortcode_id=&#8221;145200&#8243; title=&#8221;7\u201314 kg&#8221; el_class=&#8221;hh-grayscale-icon&#8221;][\/vc_icon][\/vc_column_inner][vc_column_inner column_width_percent=&#8221;100&#8243; gutter_size=&#8221;3&#8243; overlay_alpha=&#8221;50&#8243; shift_x=&#8221;0&#8243; shift_y=&#8221;0&#8243; shift_y_down=&#8221;0&#8243; z_index=&#8221;0&#8243; medium_width=&#8221;0&#8243; mobile_width=&#8221;4&#8243; width=&#8221;1\/2&#8243; uncode_shortcode_id=&#8221;178563&#8243;][vc_icon position=&#8221;left&#8221; icon_image=&#8221;145&#8243; heading_semantic=&#8221;p&#8221; text_size=&#8221;&#8221; uncode_shortcode_id=&#8221;121898&#8243; title=&#8221;12-tunnine kaitse&#8221; el_class=&#8221;hh-grayscale-icon&#8221;][\/vc_icon][vc_icon position=&#8221;left&#8221; icon_image=&#8221;144&#8243; heading_semantic=&#8221;p&#8221; text_size=&#8221;&#8221; uncode_shortcode_id=&#8221;117294&#8243; title=&#8221;P\u00e4ev ja \u00f6\u00f6&#8221; el_class=&#8221;hh-grayscale-icon&#8221;][\/vc_icon][\/vc_column_inner][\/vc_row_inner][vc_button hover_fx=&#8221;full-colored&#8221; border_width=&#8221;0&#8243; scale_mobile=&#8221;no&#8221; link=&#8221;url:https%3A%2F%2Fwww.selver.ee%2Fkauplused|title:Kust%20osta&#8221; el_class=&#8221;hh-btn-primary hh-btn&#8221; uncode_shortcode_id=&#8221;500543&#8243;]Kust osta[\/vc_button][vc_empty_space empty_h=&#8221;3&#8243;][vc_custom_heading text_color=&#8221;color-jevc&#8221; heading_semantic=&#8221;h4&#8243; text_size=&#8221;h5&#8243; text_weight=&#8221;500&#8243; uncode_shortcode_id=&#8221;136988&#8243; text_color_type=&#8221;uncode-palette&#8221;]Saadaval ka muudes suurustes:[\/vc_custom_heading][uncode_list uncode_shortcode_id=&#8221;506122&#8243; el_id=&#8221;hh-size-links&#8221; el_class=&#8221;hh-list&#8221;]<\/p>\n<ul>\n<li class=\"green\"><a href=\"https:\/\/www.helenharperbaby.com\/et\/tooted\/vastsundinute-mahkmed\/\">NEWBORN<\/a><\/li>\n<li class=\"lgreen\"><a href=\"https:\/\/www.helenharperbaby.com\/et\/tooted\/mahkmed-mini\/\">MINI<\/a><\/li>\n<li class=\"lblue\"><a href=\"https:\/\/www.helenharperbaby.com\/et\/tooted\/mahkmed-midi\/\">MIDI<\/a><\/li>\n<li class=\"purple\"><a href=\"https:\/\/www.helenharperbaby.com\/et\/tooted\/mahkmed-junior\/\">JUNIOR<\/a><\/li>\n<li class=\"pink\"><a href=\"https:\/\/www.helenharperbaby.com\/et\/tooted\/mahkmed-xl\/\">XL<\/a><\/li>\n<\/ul>\n<p>[\/uncode_list][vc_empty_space empty_h=&#8221;3&#8243;][vc_custom_heading text_color=&#8221;color-jevc&#8221; heading_semantic=&#8221;h4&#8243; text_size=&#8221;h5&#8243; text_weight=&#8221;500&#8243; uncode_shortcode_id=&#8221;775489&#8243; text_color_type=&#8221;uncode-palette&#8221;]Koostis[\/vc_custom_heading][vc_single_image media=&#8221;395&#8243; media_width_percent=&#8221;100&#8243; uncode_shortcode_id=&#8221;990965&#8243; el_class=&#8221;hh-max-100&#8243;][vc_raw_html]JTNDZGl2JTIwY2xhc3MlM0QlMjJoaC1nYW1tZS1idXR0b25zJTIyJTNFJTBBJTNDYnV0dG9uJTIwaWQlM0QlMjJidXR0b24tMSUyMiUzRTElM0MlMkZidXR0b24lM0UlMEElM0NidXR0b24lMjBpZCUzRCUyMmJ1dHRvbi0yJTIyJTNFMiUzQyUyRmJ1dHRvbiUzRSUwQSUzQ2J1dHRvbiUyMGlkJTNEJTIyYnV0dG9uLTMlMjIlM0UzJTNDJTJGYnV0dG9uJTNFJTBBJTNDYnV0dG9uJTIwaWQlM0QlMjJidXR0b24tNCUyMiUzRTQlM0MlMkZidXR0b24lM0UlMEElM0NidXR0b24lMjBpZCUzRCUyMmJ1dHRvbi01JTIyJTNFNSUzQyUyRmJ1dHRvbiUzRSUwQSUzQ2J1dHRvbiUyMGlkJTNEJTIyYnV0dG9uLTYlMjIlM0U2JTNDJTJGYnV0dG9uJTNFJTBBJTNDYnV0dG9uJTIwaWQlM0QlMjJidXR0b24tNyUyMiUzRTclM0MlMkZidXR0b24lM0UlMEElM0MlMkZkaXYlM0UlMEElM0NwJTNFS29vc3Rpc2UlMjBraW5kbGElMjBvc2ElMjBrdXZhbWlzZWtzJTIwdmFsaSUyMG51bWJlciUzQyUyRnAlM0U=[\/vc_raw_html][uncode_block id=&#8221;141&#8243; inside_column=&#8221;yes&#8221;][\/vc_column][\/vc_row][vc_row][vc_column width=&#8221;1\/1&#8243;][uncode_block id=&#8221;137&#8243;][\/vc_column][\/vc_row][vc_row][vc_column width=&#8221;1\/1&#8243;][vc_empty_space empty_h=&#8221;2&#8243;][\/vc_column][\/vc_row][vc_row][vc_column width=&#8221;1\/1&#8243;][uncode_block id=&#8221;69&#8243;][\/vc_column][\/vc_row]<\/p>\n<\/div>","protected":false},"excerpt":{"rendered":"<p>Meie m\u00e4hkmed tagavad liikumismugavuse t\u00e4nu elastsele k\u00fcljele ja anatoomilisele m\u00e4hkmekujule. M\u00e4he, mis j\u00e4rgib sinu lapse teekonda.<\/p>\n","protected":false},"author":3,"featured_media":660,"parent":2100,"menu_order":4,"comment_status":"closed","ping_status":"closed","template":"","meta":{"_acf_changed":false,"footnotes":""},"class_list":["post-2082","page","type-page","status-publish","has-post-thumbnail","hentry","page_category-mahkmed"],"acf":[],"yoast_head":"<!-- This site is optimized with the Yoast SEO Premium plugin v27.3 (Yoast SEO v27.3) - https:\/\/yoast.com\/product\/yoast-seo-premium-wordpress\/ -->\n<title>Maxi m\u00e4hkmed beebidele 7-14 kg &#183; Helen Harper Soft and Dry<\/title>\n<meta name=\"description\" content=\"Meie m\u00e4hkmed tagavad liikumismugavuse t\u00e4nu elastsele k\u00fcljele ja anatoomilisele m\u00e4hkmekujule. M\u00e4he, mis j\u00e4rgib sinu lapse teekonda.\" \/>\n<meta name=\"robots\" content=\"index, follow, max-snippet:-1, max-image-preview:large, max-video-preview:-1\" \/>\n<link rel=\"canonical\" href=\"https:\/\/www.helenharperbaby.com\/et\/tooted\/mahkmed-maxi\/\" \/>\n<meta property=\"og:locale\" content=\"et_EE\" \/>\n<meta property=\"og:type\" content=\"article\" \/>\n<meta property=\"og:title\" content=\"Maxi\" \/>\n<meta property=\"og:description\" content=\"Meie m\u00e4hkmed tagavad liikumismugavuse t\u00e4nu elastsele k\u00fcljele ja anatoomilisele m\u00e4hkmekujule. M\u00e4he, mis j\u00e4rgib sinu lapse teekonda.\" \/>\n<meta property=\"og:url\" content=\"https:\/\/www.helenharperbaby.com\/et\/tooted\/mahkmed-maxi\/\" \/>\n<meta property=\"og:site_name\" content=\"Helen Harper Soft and Dry\" \/>\n<meta property=\"article:modified_time\" content=\"2023-06-21T20:33:16+00:00\" \/>\n<meta property=\"og:image\" content=\"https:\/\/www.helenharperbaby.com\/wp-content\/uploads\/2023\/04\/d-4.png\" \/>\n\t<meta property=\"og:image:width\" content=\"600\" \/>\n\t<meta property=\"og:image:height\" content=\"600\" \/>\n\t<meta property=\"og:image:type\" content=\"image\/png\" \/>\n<meta name=\"twitter:card\" content=\"summary_large_image\" \/>\n<meta name=\"twitter:label1\" content=\"Est. reading time\" \/>\n\t<meta name=\"twitter:data1\" content=\"2 minutit\" \/>\n<script type=\"application\/ld+json\" class=\"yoast-schema-graph\">{\"@context\":\"https:\\\/\\\/schema.org\",\"@graph\":[{\"@type\":\"WebPage\",\"@id\":\"https:\\\/\\\/www.helenharperbaby.com\\\/et\\\/tooted\\\/mahkmed-maxi\\\/\",\"url\":\"https:\\\/\\\/www.helenharperbaby.com\\\/et\\\/tooted\\\/mahkmed-maxi\\\/\",\"name\":\"Maxi m\u00e4hkmed beebidele 7-14 kg &#183; Helen Harper Soft and Dry\",\"isPartOf\":{\"@id\":\"https:\\\/\\\/www.helenharperbaby.com\\\/et\\\/#website\"},\"primaryImageOfPage\":{\"@id\":\"https:\\\/\\\/www.helenharperbaby.com\\\/et\\\/tooted\\\/mahkmed-maxi\\\/#primaryimage\"},\"image\":{\"@id\":\"https:\\\/\\\/www.helenharperbaby.com\\\/et\\\/tooted\\\/mahkmed-maxi\\\/#primaryimage\"},\"thumbnailUrl\":\"https:\\\/\\\/www.helenharperbaby.com\\\/wp-content\\\/uploads\\\/2023\\\/04\\\/d-4.png\",\"datePublished\":\"2023-04-28T19:26:31+00:00\",\"dateModified\":\"2023-06-21T20:33:16+00:00\",\"description\":\"Meie m\u00e4hkmed tagavad liikumismugavuse t\u00e4nu elastsele k\u00fcljele ja anatoomilisele m\u00e4hkmekujule. M\u00e4he, mis j\u00e4rgib sinu lapse teekonda.\",\"breadcrumb\":{\"@id\":\"https:\\\/\\\/www.helenharperbaby.com\\\/et\\\/tooted\\\/mahkmed-maxi\\\/#breadcrumb\"},\"inLanguage\":\"et\",\"potentialAction\":[{\"@type\":\"ReadAction\",\"target\":[\"https:\\\/\\\/www.helenharperbaby.com\\\/et\\\/tooted\\\/mahkmed-maxi\\\/\"]}]},{\"@type\":\"ImageObject\",\"inLanguage\":\"et\",\"@id\":\"https:\\\/\\\/www.helenharperbaby.com\\\/et\\\/tooted\\\/mahkmed-maxi\\\/#primaryimage\",\"url\":\"https:\\\/\\\/www.helenharperbaby.com\\\/wp-content\\\/uploads\\\/2023\\\/04\\\/d-4.png\",\"contentUrl\":\"https:\\\/\\\/www.helenharperbaby.com\\\/wp-content\\\/uploads\\\/2023\\\/04\\\/d-4.png\",\"width\":600,\"height\":600},{\"@type\":\"BreadcrumbList\",\"@id\":\"https:\\\/\\\/www.helenharperbaby.com\\\/et\\\/tooted\\\/mahkmed-maxi\\\/#breadcrumb\",\"itemListElement\":[{\"@type\":\"ListItem\",\"position\":1,\"name\":\"Home\",\"item\":\"https:\\\/\\\/www.helenharperbaby.com\\\/et\\\/\"},{\"@type\":\"ListItem\",\"position\":2,\"name\":\"Tooted\",\"item\":\"https:\\\/\\\/www.helenharperbaby.com\\\/et\\\/tooted\\\/\"},{\"@type\":\"ListItem\",\"position\":3,\"name\":\"Maxi\"}]},{\"@type\":\"WebSite\",\"@id\":\"https:\\\/\\\/www.helenharperbaby.com\\\/et\\\/#website\",\"url\":\"https:\\\/\\\/www.helenharperbaby.com\\\/et\\\/\",\"name\":\"Helen Harper Baby\",\"description\":\"For moments of pure happiness.\",\"publisher\":{\"@id\":\"https:\\\/\\\/www.helenharperbaby.com\\\/et\\\/#organization\"},\"potentialAction\":[{\"@type\":\"SearchAction\",\"target\":{\"@type\":\"EntryPoint\",\"urlTemplate\":\"https:\\\/\\\/www.helenharperbaby.com\\\/et\\\/?s={search_term_string}\"},\"query-input\":{\"@type\":\"PropertyValueSpecification\",\"valueRequired\":true,\"valueName\":\"search_term_string\"}}],\"inLanguage\":\"et\"},{\"@type\":\"Organization\",\"@id\":\"https:\\\/\\\/www.helenharperbaby.com\\\/et\\\/#organization\",\"name\":\"Helen Harper Baby\",\"url\":\"https:\\\/\\\/www.helenharperbaby.com\\\/et\\\/\",\"logo\":{\"@type\":\"ImageObject\",\"inLanguage\":\"et\",\"@id\":\"https:\\\/\\\/www.helenharperbaby.com\\\/et\\\/#\\\/schema\\\/logo\\\/image\\\/\",\"url\":\"https:\\\/\\\/www.helenharperbaby.com\\\/wp-content\\\/uploads\\\/2023\\\/04\\\/hh-logo.png\",\"contentUrl\":\"https:\\\/\\\/www.helenharperbaby.com\\\/wp-content\\\/uploads\\\/2023\\\/04\\\/hh-logo.png\",\"width\":350,\"height\":227,\"caption\":\"Helen Harper Baby\"},\"image\":{\"@id\":\"https:\\\/\\\/www.helenharperbaby.com\\\/et\\\/#\\\/schema\\\/logo\\\/image\\\/\"}}]}<\/script>\n<!-- \/ Yoast SEO Premium plugin. -->","yoast_head_json":{"title":"Maxi m\u00e4hkmed beebidele 7-14 kg &#183; Helen Harper Soft and Dry","description":"Meie m\u00e4hkmed tagavad liikumismugavuse t\u00e4nu elastsele k\u00fcljele ja anatoomilisele m\u00e4hkmekujule. M\u00e4he, mis j\u00e4rgib sinu lapse teekonda.","robots":{"index":"index","follow":"follow","max-snippet":"max-snippet:-1","max-image-preview":"max-image-preview:large","max-video-preview":"max-video-preview:-1"},"canonical":"https:\/\/www.helenharperbaby.com\/et\/tooted\/mahkmed-maxi\/","og_locale":"et_EE","og_type":"article","og_title":"Maxi","og_description":"Meie m\u00e4hkmed tagavad liikumismugavuse t\u00e4nu elastsele k\u00fcljele ja anatoomilisele m\u00e4hkmekujule. M\u00e4he, mis j\u00e4rgib sinu lapse teekonda.","og_url":"https:\/\/www.helenharperbaby.com\/et\/tooted\/mahkmed-maxi\/","og_site_name":"Helen Harper Soft and Dry","article_modified_time":"2023-06-21T20:33:16+00:00","og_image":[{"width":600,"height":600,"url":"https:\/\/www.helenharperbaby.com\/wp-content\/uploads\/2023\/04\/d-4.png","type":"image\/png"}],"twitter_card":"summary_large_image","twitter_misc":{"Est. reading time":"2 minutit"},"schema":{"@context":"https:\/\/schema.org","@graph":[{"@type":"WebPage","@id":"https:\/\/www.helenharperbaby.com\/et\/tooted\/mahkmed-maxi\/","url":"https:\/\/www.helenharperbaby.com\/et\/tooted\/mahkmed-maxi\/","name":"Maxi m\u00e4hkmed beebidele 7-14 kg &#183; Helen Harper Soft and Dry","isPartOf":{"@id":"https:\/\/www.helenharperbaby.com\/et\/#website"},"primaryImageOfPage":{"@id":"https:\/\/www.helenharperbaby.com\/et\/tooted\/mahkmed-maxi\/#primaryimage"},"image":{"@id":"https:\/\/www.helenharperbaby.com\/et\/tooted\/mahkmed-maxi\/#primaryimage"},"thumbnailUrl":"https:\/\/www.helenharperbaby.com\/wp-content\/uploads\/2023\/04\/d-4.png","datePublished":"2023-04-28T19:26:31+00:00","dateModified":"2023-06-21T20:33:16+00:00","description":"Meie m\u00e4hkmed tagavad liikumismugavuse t\u00e4nu elastsele k\u00fcljele ja anatoomilisele m\u00e4hkmekujule. M\u00e4he, mis j\u00e4rgib sinu lapse teekonda.","breadcrumb":{"@id":"https:\/\/www.helenharperbaby.com\/et\/tooted\/mahkmed-maxi\/#breadcrumb"},"inLanguage":"et","potentialAction":[{"@type":"ReadAction","target":["https:\/\/www.helenharperbaby.com\/et\/tooted\/mahkmed-maxi\/"]}]},{"@type":"ImageObject","inLanguage":"et","@id":"https:\/\/www.helenharperbaby.com\/et\/tooted\/mahkmed-maxi\/#primaryimage","url":"https:\/\/www.helenharperbaby.com\/wp-content\/uploads\/2023\/04\/d-4.png","contentUrl":"https:\/\/www.helenharperbaby.com\/wp-content\/uploads\/2023\/04\/d-4.png","width":600,"height":600},{"@type":"BreadcrumbList","@id":"https:\/\/www.helenharperbaby.com\/et\/tooted\/mahkmed-maxi\/#breadcrumb","itemListElement":[{"@type":"ListItem","position":1,"name":"Home","item":"https:\/\/www.helenharperbaby.com\/et\/"},{"@type":"ListItem","position":2,"name":"Tooted","item":"https:\/\/www.helenharperbaby.com\/et\/tooted\/"},{"@type":"ListItem","position":3,"name":"Maxi"}]},{"@type":"WebSite","@id":"https:\/\/www.helenharperbaby.com\/et\/#website","url":"https:\/\/www.helenharperbaby.com\/et\/","name":"Helen Harper Baby","description":"For moments of pure happiness.","publisher":{"@id":"https:\/\/www.helenharperbaby.com\/et\/#organization"},"potentialAction":[{"@type":"SearchAction","target":{"@type":"EntryPoint","urlTemplate":"https:\/\/www.helenharperbaby.com\/et\/?s={search_term_string}"},"query-input":{"@type":"PropertyValueSpecification","valueRequired":true,"valueName":"search_term_string"}}],"inLanguage":"et"},{"@type":"Organization","@id":"https:\/\/www.helenharperbaby.com\/et\/#organization","name":"Helen Harper Baby","url":"https:\/\/www.helenharperbaby.com\/et\/","logo":{"@type":"ImageObject","inLanguage":"et","@id":"https:\/\/www.helenharperbaby.com\/et\/#\/schema\/logo\/image\/","url":"https:\/\/www.helenharperbaby.com\/wp-content\/uploads\/2023\/04\/hh-logo.png","contentUrl":"https:\/\/www.helenharperbaby.com\/wp-content\/uploads\/2023\/04\/hh-logo.png","width":350,"height":227,"caption":"Helen Harper Baby"},"image":{"@id":"https:\/\/www.helenharperbaby.com\/et\/#\/schema\/logo\/image\/"}}]}},"_links":{"self":[{"href":"https:\/\/www.helenharperbaby.com\/et\/wp-json\/wp\/v2\/pages\/2082","targetHints":{"allow":["GET"]}}],"collection":[{"href":"https:\/\/www.helenharperbaby.com\/et\/wp-json\/wp\/v2\/pages"}],"about":[{"href":"https:\/\/www.helenharperbaby.com\/et\/wp-json\/wp\/v2\/types\/page"}],"author":[{"embeddable":true,"href":"https:\/\/www.helenharperbaby.com\/et\/wp-json\/wp\/v2\/users\/3"}],"replies":[{"embeddable":true,"href":"https:\/\/www.helenharperbaby.com\/et\/wp-json\/wp\/v2\/comments?post=2082"}],"version-history":[{"count":0,"href":"https:\/\/www.helenharperbaby.com\/et\/wp-json\/wp\/v2\/pages\/2082\/revisions"}],"up":[{"embeddable":true,"href":"https:\/\/www.helenharperbaby.com\/et\/wp-json\/wp\/v2\/pages\/2100"}],"wp:featuredmedia":[{"embeddable":true,"href":"https:\/\/www.helenharperbaby.com\/et\/wp-json\/wp\/v2\/media\/660"}],"wp:attachment":[{"href":"https:\/\/www.helenharperbaby.com\/et\/wp-json\/wp\/v2\/media?parent=2082"}],"curies":[{"name":"wp","href":"https:\/\/api.w.org\/{rel}","templated":true}]}}