{"id":2321,"date":"2023-04-25T18:01:41","date_gmt":"2023-04-25T18:01:41","guid":{"rendered":"https:\/\/www.helenharperbaby.com\/?page_id=2321"},"modified":"2023-06-21T14:55:53","modified_gmt":"2023-06-21T14:55:53","slug":"hugieenitooted","status":"publish","type":"page","link":"https:\/\/www.helenharperbaby.com\/et\/tooted\/hugieenitooted\/","title":{"rendered":"H\u00fcgieenitooted"},"content":{"rendered":"<div class=\"wpb-content-wrapper\"><p>[vc_row][vc_column width=&#8221;1\/1&#8243;][uncode_breadcrumbs][\/vc_column][\/vc_row][vc_row row_height_percent=&#8221;0&#8243; override_padding=&#8221;yes&#8221; h_padding=&#8221;2&#8243; top_padding=&#8221;2&#8243; bottom_padding=&#8221;4&#8243; overlay_alpha=&#8221;50&#8243; gutter_size=&#8221;3&#8243; column_width_percent=&#8221;100&#8243; shift_y=&#8221;0&#8243; z_index=&#8221;0&#8243; uncode_shortcode_id=&#8221;129411&#8243; el_class=&#8221;hh-single-product-block-v2&#8243;][vc_column width=&#8221;1\/1&#8243;][vc_custom_heading heading_semantic=&#8221;h1&#8243; uncode_shortcode_id=&#8221;107086&#8243; el_class=&#8221;center hh-h1&#8243;]MEIE H\u00dcGIEENITOOTED[\/vc_custom_heading][vc_empty_space empty_h=&#8221;3&#8243; mobile_visibility=&#8221;yes&#8221;][vc_row_inner][vc_column_inner column_width_use_pixel=&#8221;yes&#8221; align_horizontal=&#8221;align_center&#8221; gutter_size=&#8221;3&#8243; override_padding=&#8221;yes&#8221; column_padding=&#8221;3&#8243; back_color=&#8221;color-lxmt&#8221; overlay_alpha=&#8221;50&#8243; shift_x=&#8221;0&#8243; shift_y=&#8221;0&#8243; shift_y_down=&#8221;0&#8243; z_index=&#8221;0&#8243; medium_width=&#8221;0&#8243; mobile_width=&#8221;0&#8243; sticky=&#8221;yes&#8221; radius=&#8221;xl&#8221; width=&#8221;5\/12&#8243; uncode_shortcode_id=&#8221;203232&#8243; column_width_pixel=&#8221;250&#8243; back_color_type=&#8221;uncode-palette&#8221;][vc_gallery el_id=&#8221;gallery-mats&#8221; type=&#8221;carousel&#8221; medias=&#8221;116,203&#8243; carousel_lg=&#8221;1&#8243; carousel_md=&#8221;1&#8243; carousel_sm=&#8221;1&#8243; thumb_size=&#8221;one-one&#8221; gutter_size=&#8221;3&#8243; media_items=&#8221;media|lightbox|original&#8221; carousel_v_align=&#8221;middle&#8221; carousel_interval=&#8221;3000&#8243; carousel_navspeed=&#8221;400&#8243; carousel_dots=&#8221;yes&#8221; carousel_dots_mobile=&#8221;yes&#8221; stage_padding=&#8221;0&#8243; single_overlay_opacity=&#8221;50&#8243; single_overlay_anim=&#8221;no&#8221; single_text_anim=&#8221;no&#8221; single_image_anim=&#8221;no&#8221; single_padding=&#8221;2&#8243; single_border=&#8221;yes&#8221; uncode_shortcode_id=&#8221;122938&#8243; el_class=&#8221;hh-custom-controls&#8221;][\/vc_column_inner][vc_column_inner column_width_percent=&#8221;100&#8243; gutter_size=&#8221;2&#8243; overlay_alpha=&#8221;50&#8243; shift_x=&#8221;0&#8243; shift_y=&#8221;0&#8243; shift_y_down=&#8221;0&#8243; z_index=&#8221;0&#8243; medium_width=&#8221;0&#8243; mobile_width=&#8221;0&#8243; width=&#8221;7\/12&#8243; uncode_shortcode_id=&#8221;110348&#8243;][vc_empty_space empty_h=&#8221;2&#8243; mobile_visibility=&#8221;yes&#8221;][vc_custom_heading uncode_shortcode_id=&#8221;475558&#8243; el_class=&#8221;mobile-left hh-product-title-with-sub&#8221; subheading=&#8221;60&#215;60 cm \/ 60X90 CM&#8221;]M\u00c4HKIMISLINAD[\/vc_custom_heading][vc_empty_space empty_h=&#8221;2&#8243; el_class=&#8221;hh-mobile&#8221;][vc_column_text uncode_shortcode_id=&#8221;137185&#8243;]Helen Harper Soft and Dry m\u00e4hkimislinad on asendamatuks abiliseks kodus v\u00f5i jalutusk\u00e4igul, m\u00e4hkmevahetusel, masseerides v\u00f5i arsti juurde minnes. Pealmine kiht on valmistatud mittekootud materjalist, samas kui lina sees on vedelikku hoidev imav s\u00fcdamik. Helen Harper Soft and Dry m\u00e4hkimislinad imavad h\u00e4sti ja on valmistatud pehmest materjalist parima mugavuse tagamiseks.[\/vc_column_text][vc_empty_space empty_h=&#8221;2&#8243;][vc_icon position=&#8221;left&#8221; icon_image=&#8221;167&#8243; heading_semantic=&#8221;p&#8221; text_size=&#8221;&#8221; uncode_shortcode_id=&#8221;231790&#8243; title=&#8221;10 tk pakis&#8221; el_class=&#8221;hh-grayscale-icon&#8221;][\/vc_icon][vc_icon position=&#8221;left&#8221; icon_image=&#8221;168&#8243; heading_semantic=&#8221;p&#8221; text_size=&#8221;&#8221; uncode_shortcode_id=&#8221;106344&#8243; title=&#8221;60&#215;60 cm v\u00f5i 60&#215;90 cm&#8221; el_class=&#8221;hh-grayscale-icon&#8221;][\/vc_icon][vc_icon position=&#8221;left&#8221; icon_image=&#8221;169&#8243; heading_semantic=&#8221;p&#8221; text_size=&#8221;&#8221; uncode_shortcode_id=&#8221;146406&#8243; title=&#8221;V\u00e4ga imav&#8221; el_class=&#8221;hh-grayscale-icon&#8221;][\/vc_icon][vc_icon position=&#8221;left&#8221; icon_image=&#8221;166&#8243; heading_semantic=&#8221;p&#8221; text_size=&#8221;&#8221; uncode_shortcode_id=&#8221;438979&#8243; title=&#8221;Parim mugavus&#8221; el_class=&#8221;hh-grayscale-icon&#8221;][\/vc_icon][vc_empty_space empty_h=&#8221;2&#8243;][uncode_block id=&#8221;170&#8243; inside_column=&#8221;yes&#8221;][vc_button hover_fx=&#8221;full-colored&#8221; border_width=&#8221;0&#8243; scale_mobile=&#8221;no&#8221; link=&#8221;url:https%3A%2F%2Fwww.selver.ee%2Fkauplused|title:Kust%20veebist%20ota|target:_blank&#8221; uncode_shortcode_id=&#8221;486606&#8243; el_class=&#8221;hh-btn-primary hh-btn hh-hidden&#8221;]Kde koupit[\/vc_button][vc_empty_space empty_h=&#8221;3&#8243;][\/vc_column_inner][\/vc_row_inner][\/vc_column][\/vc_row][vc_row row_height_percent=&#8221;0&#8243; override_padding=&#8221;yes&#8221; h_padding=&#8221;2&#8243; top_padding=&#8221;2&#8243; bottom_padding=&#8221;4&#8243; overlay_alpha=&#8221;50&#8243; gutter_size=&#8221;3&#8243; column_width_percent=&#8221;100&#8243; shift_y=&#8221;0&#8243; z_index=&#8221;0&#8243; uncode_shortcode_id=&#8221;693949&#8243; el_class=&#8221;hh-single-product-block-v2&#8243;][vc_column column_width_use_pixel=&#8221;yes&#8221; align_horizontal=&#8221;align_center&#8221; gutter_size=&#8221;3&#8243; override_padding=&#8221;yes&#8221; column_padding=&#8221;3&#8243; back_color=&#8221;color-lxmt&#8221; overlay_alpha=&#8221;50&#8243; shift_x=&#8221;0&#8243; shift_y=&#8221;0&#8243; shift_y_down=&#8221;0&#8243; z_index=&#8221;0&#8243; medium_width=&#8221;0&#8243; mobile_width=&#8221;0&#8243; sticky=&#8221;yes&#8221; radius=&#8221;xl&#8221; width=&#8221;5\/12&#8243; column_width_pixel=&#8221;250&#8243;][vc_gallery el_id=&#8221;gallery-wipes&#8221; type=&#8221;carousel&#8221; medias=&#8221;165&#8243; carousel_lg=&#8221;1&#8243; carousel_md=&#8221;1&#8243; carousel_sm=&#8221;1&#8243; thumb_size=&#8221;one-one&#8221; gutter_size=&#8221;3&#8243; media_items=&#8221;media|lightbox|original&#8221; carousel_v_align=&#8221;middle&#8221; carousel_interval=&#8221;3000&#8243; carousel_navspeed=&#8221;400&#8243; carousel_dots_inside=&#8221;yes&#8221; carousel_dot_padding=&#8221;2&#8243; stage_padding=&#8221;0&#8243; single_overlay_opacity=&#8221;50&#8243; single_overlay_anim=&#8221;no&#8221; single_text_anim=&#8221;no&#8221; single_image_anim=&#8221;no&#8221; single_padding=&#8221;2&#8243; single_border=&#8221;yes&#8221; uncode_shortcode_id=&#8221;132487&#8243; el_class=&#8221;hh-custom-controls&#8221;][\/vc_column][vc_column column_width_percent=&#8221;100&#8243; gutter_size=&#8221;2&#8243; overlay_alpha=&#8221;50&#8243; shift_x=&#8221;0&#8243; shift_y=&#8221;0&#8243; shift_y_down=&#8221;0&#8243; z_index=&#8221;0&#8243; medium_width=&#8221;0&#8243; mobile_width=&#8221;0&#8243; width=&#8221;7\/12&#8243; el_class=&#8221;bloc-product&#8221; uncode_shortcode_id=&#8221;124400&#8243;][vc_empty_space empty_h=&#8221;2&#8243; mobile_visibility=&#8221;yes&#8221;][vc_custom_heading uncode_shortcode_id=&#8221;156743&#8243; el_class=&#8221;mobile-left hh-product-title-with-sub&#8221;]NIISKED SALVR\u00c4TID[\/vc_custom_heading][vc_empty_space empty_h=&#8221;2&#8243; el_class=&#8221;hh-mobile&#8221;][vc_column_text uncode_shortcode_id=&#8221;109117&#8243;]Helen Harper Soft and Dry niiskeid salvr\u00e4tte saab kasutada iga p\u00e4ev \u2013 kodus m\u00e4hkmeid vahetades v\u00f5i teel olles puhastamiseks. Helen Harper Soft &amp; Dry niisked salvr\u00e4tid sisaldavad kummeliekstrakte ja need on dermatoloogiliselt testitud, \u00f5rnad sinu beebi nahale.[\/vc_column_text][vc_empty_space empty_h=&#8221;2&#8243;][vc_icon position=&#8221;left&#8221; icon_image=&#8221;167&#8243; heading_semantic=&#8221;p&#8221; text_size=&#8221;&#8221; uncode_shortcode_id=&#8221;552205&#8243; title=&#8221;72 tk pakis&#8221; el_class=&#8221;hh-grayscale-icon&#8221;][\/vc_icon][vc_icon position=&#8221;left&#8221; icon_image=&#8221;2144&#8243; heading_semantic=&#8221;p&#8221; text_size=&#8221;&#8221; uncode_shortcode_id=&#8221;136253&#8243; title=&#8221;V\u00e4rske ja puhas&#8221; el_class=&#8221;hh-grayscale-icon&#8221;][\/vc_icon][vc_icon position=&#8221;left&#8221; icon_image=&#8221;2150&#8243; heading_semantic=&#8221;p&#8221; text_size=&#8221;&#8221; uncode_shortcode_id=&#8221;181268&#8243; title=&#8221;Kummeliekstrakt&#8221; el_class=&#8221;hh-grayscale-icon&#8221;][\/vc_icon][vc_icon position=&#8221;left&#8221; icon_image=&#8221;2157&#8243; heading_semantic=&#8221;p&#8221; text_size=&#8221;&#8221; uncode_shortcode_id=&#8221;135507&#8243; title=&#8221;Dermatoloogiliselt testitud&#8221; el_class=&#8221;hh-grayscale-icon&#8221;][\/vc_icon][vc_empty_space empty_h=&#8221;2&#8243;][uncode_block id=&#8221;173&#8243; inside_column=&#8221;yes&#8221;][vc_button hover_fx=&#8221;full-colored&#8221; border_width=&#8221;0&#8243; scale_mobile=&#8221;no&#8221; link=&#8221;url:https%3A%2F%2Fwww.selver.ee%2Fkauplused|title:Kust%20veebist%20ota&#8221; uncode_shortcode_id=&#8221;958457&#8243; el_class=&#8221;hh-btn-primary hh-btn hh-hidden&#8221;]Kde koupit[\/vc_button][vc_empty_space empty_h=&#8221;3&#8243;][\/vc_column][\/vc_row][vc_row][vc_column width=&#8221;1\/1&#8243;][uncode_block id=&#8221;137&#8243;][\/vc_column][\/vc_row][vc_row row_height_percent=&#8221;0&#8243; override_padding=&#8221;yes&#8221; h_padding=&#8221;0&#8243; top_padding=&#8221;0&#8243; bottom_padding=&#8221;0&#8243; overlay_alpha=&#8221;50&#8243; gutter_size=&#8221;3&#8243; column_width_percent=&#8221;100&#8243; shift_y=&#8221;0&#8243; z_index=&#8221;0&#8243; uncode_shortcode_id=&#8221;886594&#8243;][vc_column width=&#8221;1\/1&#8243;][vc_empty_space empty_h=&#8221;2&#8243;][\/vc_column][\/vc_row][vc_row][vc_column width=&#8221;1\/1&#8243;][uncode_block id=&#8221;69&#8243;][\/vc_column][\/vc_row]<\/p>\n<\/div>","protected":false},"excerpt":{"rendered":"<p>Helen Harper Soft &#038; Dry niiskeid salvr\u00e4tte ja m\u00e4hkimislinu saab kasutada iga p\u00e4ev \u2013 kodus m\u00e4hkmeid vahetades v\u00f5i teel olles puhastamiseks. <\/p>\n","protected":false},"author":3,"featured_media":0,"parent":2100,"menu_order":0,"comment_status":"closed","ping_status":"closed","template":"","meta":{"_acf_changed":false,"footnotes":""},"class_list":["post-2321","page","type-page","status-publish","hentry"],"acf":[],"yoast_head":"<!-- This site is optimized with the Yoast SEO Premium plugin v27.4 (Yoast SEO v27.4) - https:\/\/yoast.com\/product\/yoast-seo-premium-wordpress\/ -->\n<title>Beebi m\u00e4hkimislina ja niisked salvr\u00e4tid &#183; Helen Harper Soft and Dry<\/title>\n<meta name=\"description\" content=\"Helen Harper Soft &amp; Dry niiskeid salvr\u00e4tte ja m\u00e4hkimislinu saab kasutada iga p\u00e4ev \u2013 kodus m\u00e4hkmeid vahetades v\u00f5i teel olles puhastamiseks.\" \/>\n<meta name=\"robots\" content=\"index, follow, max-snippet:-1, max-image-preview:large, max-video-preview:-1\" \/>\n<link rel=\"canonical\" href=\"https:\/\/www.helenharperbaby.com\/et\/tooted\/hugieenitooted\/\" \/>\n<meta property=\"og:locale\" content=\"et_EE\" \/>\n<meta property=\"og:type\" content=\"article\" \/>\n<meta property=\"og:title\" content=\"H\u00fcgieenitooted\" \/>\n<meta property=\"og:description\" content=\"Helen Harper Soft &amp; Dry niiskeid salvr\u00e4tte ja m\u00e4hkimislinu saab kasutada iga p\u00e4ev \u2013 kodus m\u00e4hkmeid vahetades v\u00f5i teel olles puhastamiseks.\" \/>\n<meta property=\"og:url\" content=\"https:\/\/www.helenharperbaby.com\/et\/tooted\/hugieenitooted\/\" \/>\n<meta property=\"og:site_name\" content=\"Helen Harper Soft and Dry\" \/>\n<meta property=\"article:modified_time\" content=\"2023-06-21T14:55:53+00:00\" \/>\n<meta property=\"og:image\" content=\"https:\/\/www.helenharperbaby.com\/wp-content\/uploads\/2023\/05\/Helen_harper_soft_dry_main_image.jpg\" \/>\n\t<meta property=\"og:image:width\" content=\"1200\" \/>\n\t<meta property=\"og:image:height\" content=\"675\" \/>\n\t<meta property=\"og:image:type\" content=\"image\/jpeg\" \/>\n<meta name=\"twitter:card\" content=\"summary_large_image\" \/>\n<meta name=\"twitter:label1\" content=\"Est. reading time\" \/>\n\t<meta name=\"twitter:data1\" content=\"2 minutit\" \/>\n<script type=\"application\/ld+json\" class=\"yoast-schema-graph\">{\"@context\":\"https:\\\/\\\/schema.org\",\"@graph\":[{\"@type\":\"WebPage\",\"@id\":\"https:\\\/\\\/www.helenharperbaby.com\\\/et\\\/tooted\\\/hugieenitooted\\\/\",\"url\":\"https:\\\/\\\/www.helenharperbaby.com\\\/et\\\/tooted\\\/hugieenitooted\\\/\",\"name\":\"Beebi m\u00e4hkimislina ja niisked salvr\u00e4tid &#183; Helen Harper Soft and Dry\",\"isPartOf\":{\"@id\":\"https:\\\/\\\/www.helenharperbaby.com\\\/et\\\/#website\"},\"datePublished\":\"2023-04-25T18:01:41+00:00\",\"dateModified\":\"2023-06-21T14:55:53+00:00\",\"description\":\"Helen Harper Soft & Dry niiskeid salvr\u00e4tte ja m\u00e4hkimislinu saab kasutada iga p\u00e4ev \u2013 kodus m\u00e4hkmeid vahetades v\u00f5i teel olles puhastamiseks.\",\"breadcrumb\":{\"@id\":\"https:\\\/\\\/www.helenharperbaby.com\\\/et\\\/tooted\\\/hugieenitooted\\\/#breadcrumb\"},\"inLanguage\":\"et\",\"potentialAction\":[{\"@type\":\"ReadAction\",\"target\":[\"https:\\\/\\\/www.helenharperbaby.com\\\/et\\\/tooted\\\/hugieenitooted\\\/\"]}]},{\"@type\":\"BreadcrumbList\",\"@id\":\"https:\\\/\\\/www.helenharperbaby.com\\\/et\\\/tooted\\\/hugieenitooted\\\/#breadcrumb\",\"itemListElement\":[{\"@type\":\"ListItem\",\"position\":1,\"name\":\"Home\",\"item\":\"https:\\\/\\\/www.helenharperbaby.com\\\/et\\\/\"},{\"@type\":\"ListItem\",\"position\":2,\"name\":\"Tooted\",\"item\":\"https:\\\/\\\/www.helenharperbaby.com\\\/et\\\/tooted\\\/\"},{\"@type\":\"ListItem\",\"position\":3,\"name\":\"H\u00fcgieenitooted\"}]},{\"@type\":\"WebSite\",\"@id\":\"https:\\\/\\\/www.helenharperbaby.com\\\/et\\\/#website\",\"url\":\"https:\\\/\\\/www.helenharperbaby.com\\\/et\\\/\",\"name\":\"Helen Harper Baby\",\"description\":\"For moments of pure happiness.\",\"publisher\":{\"@id\":\"https:\\\/\\\/www.helenharperbaby.com\\\/et\\\/#organization\"},\"potentialAction\":[{\"@type\":\"SearchAction\",\"target\":{\"@type\":\"EntryPoint\",\"urlTemplate\":\"https:\\\/\\\/www.helenharperbaby.com\\\/et\\\/?s={search_term_string}\"},\"query-input\":{\"@type\":\"PropertyValueSpecification\",\"valueRequired\":true,\"valueName\":\"search_term_string\"}}],\"inLanguage\":\"et\"},{\"@type\":\"Organization\",\"@id\":\"https:\\\/\\\/www.helenharperbaby.com\\\/et\\\/#organization\",\"name\":\"Helen Harper Baby\",\"url\":\"https:\\\/\\\/www.helenharperbaby.com\\\/et\\\/\",\"logo\":{\"@type\":\"ImageObject\",\"inLanguage\":\"et\",\"@id\":\"https:\\\/\\\/www.helenharperbaby.com\\\/et\\\/#\\\/schema\\\/logo\\\/image\\\/\",\"url\":\"https:\\\/\\\/www.helenharperbaby.com\\\/wp-content\\\/uploads\\\/2023\\\/04\\\/hh-logo.png\",\"contentUrl\":\"https:\\\/\\\/www.helenharperbaby.com\\\/wp-content\\\/uploads\\\/2023\\\/04\\\/hh-logo.png\",\"width\":350,\"height\":227,\"caption\":\"Helen Harper Baby\"},\"image\":{\"@id\":\"https:\\\/\\\/www.helenharperbaby.com\\\/et\\\/#\\\/schema\\\/logo\\\/image\\\/\"}}]}<\/script>\n<!-- \/ Yoast SEO Premium plugin. -->","yoast_head_json":{"title":"Beebi m\u00e4hkimislina ja niisked salvr\u00e4tid &#183; Helen Harper Soft and Dry","description":"Helen Harper Soft & Dry niiskeid salvr\u00e4tte ja m\u00e4hkimislinu saab kasutada iga p\u00e4ev \u2013 kodus m\u00e4hkmeid vahetades v\u00f5i teel olles puhastamiseks.","robots":{"index":"index","follow":"follow","max-snippet":"max-snippet:-1","max-image-preview":"max-image-preview:large","max-video-preview":"max-video-preview:-1"},"canonical":"https:\/\/www.helenharperbaby.com\/et\/tooted\/hugieenitooted\/","og_locale":"et_EE","og_type":"article","og_title":"H\u00fcgieenitooted","og_description":"Helen Harper Soft & Dry niiskeid salvr\u00e4tte ja m\u00e4hkimislinu saab kasutada iga p\u00e4ev \u2013 kodus m\u00e4hkmeid vahetades v\u00f5i teel olles puhastamiseks.","og_url":"https:\/\/www.helenharperbaby.com\/et\/tooted\/hugieenitooted\/","og_site_name":"Helen Harper Soft and Dry","article_modified_time":"2023-06-21T14:55:53+00:00","og_image":[{"width":1200,"height":675,"url":"https:\/\/www.helenharperbaby.com\/wp-content\/uploads\/2023\/05\/Helen_harper_soft_dry_main_image.jpg","type":"image\/jpeg"}],"twitter_card":"summary_large_image","twitter_misc":{"Est. reading time":"2 minutit"},"schema":{"@context":"https:\/\/schema.org","@graph":[{"@type":"WebPage","@id":"https:\/\/www.helenharperbaby.com\/et\/tooted\/hugieenitooted\/","url":"https:\/\/www.helenharperbaby.com\/et\/tooted\/hugieenitooted\/","name":"Beebi m\u00e4hkimislina ja niisked salvr\u00e4tid &#183; Helen Harper Soft and Dry","isPartOf":{"@id":"https:\/\/www.helenharperbaby.com\/et\/#website"},"datePublished":"2023-04-25T18:01:41+00:00","dateModified":"2023-06-21T14:55:53+00:00","description":"Helen Harper Soft & Dry niiskeid salvr\u00e4tte ja m\u00e4hkimislinu saab kasutada iga p\u00e4ev \u2013 kodus m\u00e4hkmeid vahetades v\u00f5i teel olles puhastamiseks.","breadcrumb":{"@id":"https:\/\/www.helenharperbaby.com\/et\/tooted\/hugieenitooted\/#breadcrumb"},"inLanguage":"et","potentialAction":[{"@type":"ReadAction","target":["https:\/\/www.helenharperbaby.com\/et\/tooted\/hugieenitooted\/"]}]},{"@type":"BreadcrumbList","@id":"https:\/\/www.helenharperbaby.com\/et\/tooted\/hugieenitooted\/#breadcrumb","itemListElement":[{"@type":"ListItem","position":1,"name":"Home","item":"https:\/\/www.helenharperbaby.com\/et\/"},{"@type":"ListItem","position":2,"name":"Tooted","item":"https:\/\/www.helenharperbaby.com\/et\/tooted\/"},{"@type":"ListItem","position":3,"name":"H\u00fcgieenitooted"}]},{"@type":"WebSite","@id":"https:\/\/www.helenharperbaby.com\/et\/#website","url":"https:\/\/www.helenharperbaby.com\/et\/","name":"Helen Harper Baby","description":"For moments of pure happiness.","publisher":{"@id":"https:\/\/www.helenharperbaby.com\/et\/#organization"},"potentialAction":[{"@type":"SearchAction","target":{"@type":"EntryPoint","urlTemplate":"https:\/\/www.helenharperbaby.com\/et\/?s={search_term_string}"},"query-input":{"@type":"PropertyValueSpecification","valueRequired":true,"valueName":"search_term_string"}}],"inLanguage":"et"},{"@type":"Organization","@id":"https:\/\/www.helenharperbaby.com\/et\/#organization","name":"Helen Harper Baby","url":"https:\/\/www.helenharperbaby.com\/et\/","logo":{"@type":"ImageObject","inLanguage":"et","@id":"https:\/\/www.helenharperbaby.com\/et\/#\/schema\/logo\/image\/","url":"https:\/\/www.helenharperbaby.com\/wp-content\/uploads\/2023\/04\/hh-logo.png","contentUrl":"https:\/\/www.helenharperbaby.com\/wp-content\/uploads\/2023\/04\/hh-logo.png","width":350,"height":227,"caption":"Helen Harper Baby"},"image":{"@id":"https:\/\/www.helenharperbaby.com\/et\/#\/schema\/logo\/image\/"}}]}},"_links":{"self":[{"href":"https:\/\/www.helenharperbaby.com\/et\/wp-json\/wp\/v2\/pages\/2321","targetHints":{"allow":["GET"]}}],"collection":[{"href":"https:\/\/www.helenharperbaby.com\/et\/wp-json\/wp\/v2\/pages"}],"about":[{"href":"https:\/\/www.helenharperbaby.com\/et\/wp-json\/wp\/v2\/types\/page"}],"author":[{"embeddable":true,"href":"https:\/\/www.helenharperbaby.com\/et\/wp-json\/wp\/v2\/users\/3"}],"replies":[{"embeddable":true,"href":"https:\/\/www.helenharperbaby.com\/et\/wp-json\/wp\/v2\/comments?post=2321"}],"version-history":[{"count":0,"href":"https:\/\/www.helenharperbaby.com\/et\/wp-json\/wp\/v2\/pages\/2321\/revisions"}],"up":[{"embeddable":true,"href":"https:\/\/www.helenharperbaby.com\/et\/wp-json\/wp\/v2\/pages\/2100"}],"wp:attachment":[{"href":"https:\/\/www.helenharperbaby.com\/et\/wp-json\/wp\/v2\/media?parent=2321"}],"curies":[{"name":"wp","href":"https:\/\/api.w.org\/{rel}","templated":true}]}}