{"id":1704,"date":"2023-05-10T14:53:14","date_gmt":"2023-05-10T14:53:14","guid":{"rendered":"https:\/\/www.helenharperbaby.com\/?page_id=1704"},"modified":"2023-06-22T08:47:49","modified_gmt":"2023-06-22T08:47:49","slug":"jogi-tajekoztatas","status":"publish","type":"page","link":"https:\/\/www.helenharperbaby.com\/hu\/jogi-tajekoztatas\/","title":{"rendered":"Jogi t\u00e1j\u00e9koztat\u00e1s"},"content":{"rendered":"<div class=\"wpb-content-wrapper\"><p>[vc_row][vc_column width=&#8221;1\/1&#8243;][uncode_breadcrumbs][\/vc_column][\/vc_row][vc_row row_height_percent=&#8221;0&#8243; override_padding=&#8221;yes&#8221; h_padding=&#8221;2&#8243; top_padding=&#8221;2&#8243; bottom_padding=&#8221;4&#8243; overlay_alpha=&#8221;50&#8243; gutter_size=&#8221;3&#8243; column_width_percent=&#8221;100&#8243; shift_y=&#8221;0&#8243; z_index=&#8221;0&#8243; uncode_shortcode_id=&#8221;105173&#8243;][vc_column width=&#8221;1\/1&#8243;][vc_custom_heading uncode_shortcode_id=&#8221;663567&#8243;]Jogi t\u00e1j\u00e9koztat\u00e1s [\/vc_custom_heading][vc_column_text uncode_shortcode_id=&#8221;582286&#8243;]<strong>Jogalany<\/strong>: Ontex BV<\/p>\n<p><strong>C\u00e9gjegyz\u00e9ksz\u00e1m<\/strong>: 0419.457.296<\/p>\n<p><strong>Sz\u00e9khely<\/strong>:<\/p>\n<p>Genthof 5<br \/>\n9255 Buggenhout<\/p>\n<p><strong>Ad\u00f3sz\u00e1m<\/strong>: BE0419457296<\/p>\n<p><strong>Tel<\/strong>: \u2013 Fax: +32 53 33 36 00<br \/>\n<strong>E-mail<\/strong>: ontexinternational@ontexglobal.com<\/p>\n<p><strong>Kiad\u00e1s\u00e9rt felel\u0151s szem\u00e9ly<\/strong>: Chiara Alleva, Marketing Manager CEE-CMF-Nordics<\/p>\n<p><strong>Webt\u00e1rhely-szolg\u00e1ltat\u00f3<\/strong>:<br \/>\nWP Engine<br \/>\nIrongate House, 22-30 Duke\u2019s Place<br \/>\nLondon, EC3A 7LP Egyes\u00fclt Kir\u00e1lys\u00e1g[\/vc_column_text][\/vc_column][\/vc_row]<\/p>\n<\/div>","protected":false},"excerpt":{"rendered":"<p>Tekintse meg jogi k\u00f6zlem\u00e9ny\u00fcnket.<\/p>\n","protected":false},"author":3,"featured_media":0,"parent":0,"menu_order":0,"comment_status":"closed","ping_status":"closed","template":"","meta":{"_acf_changed":false,"footnotes":""},"class_list":["post-1704","page","type-page","status-publish","hentry"],"acf":[],"yoast_head":"<!-- This site is optimized with the Yoast SEO Premium plugin v27.5 (Yoast SEO v27.5) - https:\/\/yoast.com\/product\/yoast-seo-premium-wordpress\/ -->\n<title>Jogi t\u00e1j\u00e9koztat\u00e1s &#183; Helen Harper Soft and Dry<\/title>\n<meta name=\"description\" content=\"Tekintse meg jogi k\u00f6zlem\u00e9ny\u00fcnket.\" \/>\n<meta name=\"robots\" content=\"index, follow, max-snippet:-1, max-image-preview:large, max-video-preview:-1\" \/>\n<link rel=\"canonical\" href=\"https:\/\/www.helenharperbaby.com\/hu\/jogi-tajekoztatas\/\" \/>\n<meta property=\"og:locale\" content=\"hu_HU\" \/>\n<meta property=\"og:type\" content=\"article\" \/>\n<meta property=\"og:title\" content=\"Jogi t\u00e1j\u00e9koztat\u00e1s\" \/>\n<meta property=\"og:description\" content=\"Tekintse meg jogi k\u00f6zlem\u00e9ny\u00fcnket.\" \/>\n<meta property=\"og:url\" content=\"https:\/\/www.helenharperbaby.com\/hu\/jogi-tajekoztatas\/\" \/>\n<meta property=\"og:site_name\" content=\"Helen Harper Soft and Dry\" \/>\n<meta property=\"article:modified_time\" content=\"2023-06-22T08:47:49+00:00\" \/>\n<meta property=\"og:image\" content=\"https:\/\/www.helenharperbaby.com\/wp-content\/uploads\/2023\/05\/Helen_harper_soft_dry_main_image.jpg\" \/>\n\t<meta property=\"og:image:width\" content=\"1200\" \/>\n\t<meta property=\"og:image:height\" content=\"675\" \/>\n\t<meta property=\"og:image:type\" content=\"image\/jpeg\" \/>\n<meta name=\"twitter:card\" content=\"summary_large_image\" \/>\n<meta name=\"twitter:label1\" content=\"Becs\u00fclt olvas\u00e1si id\u0151\" \/>\n\t<meta name=\"twitter:data1\" content=\"1 perc\" \/>\n<script type=\"application\/ld+json\" class=\"yoast-schema-graph\">{\"@context\":\"https:\\\/\\\/schema.org\",\"@graph\":[{\"@type\":\"WebPage\",\"@id\":\"https:\\\/\\\/www.helenharperbaby.com\\\/hu\\\/jogi-tajekoztatas\\\/\",\"url\":\"https:\\\/\\\/www.helenharperbaby.com\\\/hu\\\/jogi-tajekoztatas\\\/\",\"name\":\"Jogi t\u00e1j\u00e9koztat\u00e1s &#183; Helen Harper Soft and Dry\",\"isPartOf\":{\"@id\":\"https:\\\/\\\/www.helenharperbaby.com\\\/hu\\\/#website\"},\"datePublished\":\"2023-05-10T14:53:14+00:00\",\"dateModified\":\"2023-06-22T08:47:49+00:00\",\"description\":\"Tekintse meg jogi k\u00f6zlem\u00e9ny\u00fcnket.\",\"breadcrumb\":{\"@id\":\"https:\\\/\\\/www.helenharperbaby.com\\\/hu\\\/jogi-tajekoztatas\\\/#breadcrumb\"},\"inLanguage\":\"hu\",\"potentialAction\":[{\"@type\":\"ReadAction\",\"target\":[\"https:\\\/\\\/www.helenharperbaby.com\\\/hu\\\/jogi-tajekoztatas\\\/\"]}]},{\"@type\":\"BreadcrumbList\",\"@id\":\"https:\\\/\\\/www.helenharperbaby.com\\\/hu\\\/jogi-tajekoztatas\\\/#breadcrumb\",\"itemListElement\":[{\"@type\":\"ListItem\",\"position\":1,\"name\":\"Home\",\"item\":\"https:\\\/\\\/www.helenharperbaby.com\\\/hu\\\/\"},{\"@type\":\"ListItem\",\"position\":2,\"name\":\"Jogi t\u00e1j\u00e9koztat\u00e1s\"}]},{\"@type\":\"WebSite\",\"@id\":\"https:\\\/\\\/www.helenharperbaby.com\\\/hu\\\/#website\",\"url\":\"https:\\\/\\\/www.helenharperbaby.com\\\/hu\\\/\",\"name\":\"Helen Harper Baby\",\"description\":\"For moments of pure happiness.\",\"publisher\":{\"@id\":\"https:\\\/\\\/www.helenharperbaby.com\\\/hu\\\/#organization\"},\"potentialAction\":[{\"@type\":\"SearchAction\",\"target\":{\"@type\":\"EntryPoint\",\"urlTemplate\":\"https:\\\/\\\/www.helenharperbaby.com\\\/hu\\\/?s={search_term_string}\"},\"query-input\":{\"@type\":\"PropertyValueSpecification\",\"valueRequired\":true,\"valueName\":\"search_term_string\"}}],\"inLanguage\":\"hu\"},{\"@type\":\"Organization\",\"@id\":\"https:\\\/\\\/www.helenharperbaby.com\\\/hu\\\/#organization\",\"name\":\"Helen Harper Baby\",\"url\":\"https:\\\/\\\/www.helenharperbaby.com\\\/hu\\\/\",\"logo\":{\"@type\":\"ImageObject\",\"inLanguage\":\"hu\",\"@id\":\"https:\\\/\\\/www.helenharperbaby.com\\\/hu\\\/#\\\/schema\\\/logo\\\/image\\\/\",\"url\":\"https:\\\/\\\/www.helenharperbaby.com\\\/wp-content\\\/uploads\\\/2023\\\/04\\\/hh-logo.png\",\"contentUrl\":\"https:\\\/\\\/www.helenharperbaby.com\\\/wp-content\\\/uploads\\\/2023\\\/04\\\/hh-logo.png\",\"width\":350,\"height\":227,\"caption\":\"Helen Harper Baby\"},\"image\":{\"@id\":\"https:\\\/\\\/www.helenharperbaby.com\\\/hu\\\/#\\\/schema\\\/logo\\\/image\\\/\"}}]}<\/script>\n<!-- \/ Yoast SEO Premium plugin. -->","yoast_head_json":{"title":"Jogi t\u00e1j\u00e9koztat\u00e1s &#183; Helen Harper Soft and Dry","description":"Tekintse meg jogi k\u00f6zlem\u00e9ny\u00fcnket.","robots":{"index":"index","follow":"follow","max-snippet":"max-snippet:-1","max-image-preview":"max-image-preview:large","max-video-preview":"max-video-preview:-1"},"canonical":"https:\/\/www.helenharperbaby.com\/hu\/jogi-tajekoztatas\/","og_locale":"hu_HU","og_type":"article","og_title":"Jogi t\u00e1j\u00e9koztat\u00e1s","og_description":"Tekintse meg jogi k\u00f6zlem\u00e9ny\u00fcnket.","og_url":"https:\/\/www.helenharperbaby.com\/hu\/jogi-tajekoztatas\/","og_site_name":"Helen Harper Soft and Dry","article_modified_time":"2023-06-22T08:47:49+00:00","og_image":[{"width":1200,"height":675,"url":"https:\/\/www.helenharperbaby.com\/wp-content\/uploads\/2023\/05\/Helen_harper_soft_dry_main_image.jpg","type":"image\/jpeg"}],"twitter_card":"summary_large_image","twitter_misc":{"Becs\u00fclt olvas\u00e1si id\u0151":"1 perc"},"schema":{"@context":"https:\/\/schema.org","@graph":[{"@type":"WebPage","@id":"https:\/\/www.helenharperbaby.com\/hu\/jogi-tajekoztatas\/","url":"https:\/\/www.helenharperbaby.com\/hu\/jogi-tajekoztatas\/","name":"Jogi t\u00e1j\u00e9koztat\u00e1s &#183; Helen Harper Soft and Dry","isPartOf":{"@id":"https:\/\/www.helenharperbaby.com\/hu\/#website"},"datePublished":"2023-05-10T14:53:14+00:00","dateModified":"2023-06-22T08:47:49+00:00","description":"Tekintse meg jogi k\u00f6zlem\u00e9ny\u00fcnket.","breadcrumb":{"@id":"https:\/\/www.helenharperbaby.com\/hu\/jogi-tajekoztatas\/#breadcrumb"},"inLanguage":"hu","potentialAction":[{"@type":"ReadAction","target":["https:\/\/www.helenharperbaby.com\/hu\/jogi-tajekoztatas\/"]}]},{"@type":"BreadcrumbList","@id":"https:\/\/www.helenharperbaby.com\/hu\/jogi-tajekoztatas\/#breadcrumb","itemListElement":[{"@type":"ListItem","position":1,"name":"Home","item":"https:\/\/www.helenharperbaby.com\/hu\/"},{"@type":"ListItem","position":2,"name":"Jogi t\u00e1j\u00e9koztat\u00e1s"}]},{"@type":"WebSite","@id":"https:\/\/www.helenharperbaby.com\/hu\/#website","url":"https:\/\/www.helenharperbaby.com\/hu\/","name":"Helen Harper Baby","description":"For moments of pure happiness.","publisher":{"@id":"https:\/\/www.helenharperbaby.com\/hu\/#organization"},"potentialAction":[{"@type":"SearchAction","target":{"@type":"EntryPoint","urlTemplate":"https:\/\/www.helenharperbaby.com\/hu\/?s={search_term_string}"},"query-input":{"@type":"PropertyValueSpecification","valueRequired":true,"valueName":"search_term_string"}}],"inLanguage":"hu"},{"@type":"Organization","@id":"https:\/\/www.helenharperbaby.com\/hu\/#organization","name":"Helen Harper Baby","url":"https:\/\/www.helenharperbaby.com\/hu\/","logo":{"@type":"ImageObject","inLanguage":"hu","@id":"https:\/\/www.helenharperbaby.com\/hu\/#\/schema\/logo\/image\/","url":"https:\/\/www.helenharperbaby.com\/wp-content\/uploads\/2023\/04\/hh-logo.png","contentUrl":"https:\/\/www.helenharperbaby.com\/wp-content\/uploads\/2023\/04\/hh-logo.png","width":350,"height":227,"caption":"Helen Harper Baby"},"image":{"@id":"https:\/\/www.helenharperbaby.com\/hu\/#\/schema\/logo\/image\/"}}]}},"_links":{"self":[{"href":"https:\/\/www.helenharperbaby.com\/hu\/wp-json\/wp\/v2\/pages\/1704","targetHints":{"allow":["GET"]}}],"collection":[{"href":"https:\/\/www.helenharperbaby.com\/hu\/wp-json\/wp\/v2\/pages"}],"about":[{"href":"https:\/\/www.helenharperbaby.com\/hu\/wp-json\/wp\/v2\/types\/page"}],"author":[{"embeddable":true,"href":"https:\/\/www.helenharperbaby.com\/hu\/wp-json\/wp\/v2\/users\/3"}],"replies":[{"embeddable":true,"href":"https:\/\/www.helenharperbaby.com\/hu\/wp-json\/wp\/v2\/comments?post=1704"}],"version-history":[{"count":0,"href":"https:\/\/www.helenharperbaby.com\/hu\/wp-json\/wp\/v2\/pages\/1704\/revisions"}],"wp:attachment":[{"href":"https:\/\/www.helenharperbaby.com\/hu\/wp-json\/wp\/v2\/media?parent=1704"}],"curies":[{"name":"wp","href":"https:\/\/api.w.org\/{rel}","templated":true}]}}