{"id":1868,"date":"2023-04-25T17:59:56","date_gmt":"2023-04-25T17:59:56","guid":{"rendered":"https:\/\/www.helenharperbaby.com\/?page_id=1868"},"modified":"2023-06-22T06:56:35","modified_gmt":"2023-06-22T06:56:35","slug":"hol-lehet-meg-megvasarolni","status":"publish","type":"page","link":"https:\/\/www.helenharperbaby.com\/hu\/hol-lehet-meg-megvasarolni\/","title":{"rendered":"Hol lehet meg megv\u00e1s\u00e1rolni"},"content":{"rendered":"<div class=\"wpb-content-wrapper\"><p>[vc_row][vc_column width=&#8221;1\/1&#8243;][uncode_breadcrumbs][\/vc_column][\/vc_row][vc_row row_height_percent=&#8221;0&#8243; overlay_alpha=&#8221;50&#8243; gutter_size=&#8221;3&#8243; column_width_percent=&#8221;100&#8243; shift_y=&#8221;0&#8243; z_index=&#8221;0&#8243; uncode_shortcode_id=&#8221;187334&#8243;][vc_column column_width_percent=&#8221;100&#8243; align_horizontal=&#8221;align_center&#8221; gutter_size=&#8221;3&#8243; overlay_alpha=&#8221;50&#8243; shift_x=&#8221;0&#8243; shift_y=&#8221;0&#8243; shift_y_down=&#8221;0&#8243; z_index=&#8221;0&#8243; medium_width=&#8221;0&#8243; mobile_width=&#8221;0&#8243; width=&#8221;1\/1&#8243; uncode_shortcode_id=&#8221;531639&#8243;][vc_custom_heading text_size=&#8221;h1&#8243; uncode_shortcode_id=&#8221;935296&#8243; el_class=&#8221;center page-title&#8221;]HOL LEHET MEGV\u00c1S\u00c1ROLNI ONLINE[\/vc_custom_heading][\/vc_column][\/vc_row][vc_row row_height_percent=&#8221;0&#8243; override_padding=&#8221;yes&#8221; h_padding=&#8221;2&#8243; top_padding=&#8221;2&#8243; bottom_padding=&#8221;2&#8243; overlay_alpha=&#8221;50&#8243; gutter_size=&#8221;3&#8243; column_width_percent=&#8221;100&#8243; shift_y=&#8221;0&#8243; z_index=&#8221;0&#8243; uncode_shortcode_id=&#8221;179945&#8243; el_id=&#8221;hh-stores-block&#8221;][vc_column column_width_percent=&#8221;100&#8243; align_horizontal=&#8221;align_center&#8221; gutter_size=&#8221;3&#8243; overlay_alpha=&#8221;50&#8243; shift_x=&#8221;0&#8243; shift_y=&#8221;0&#8243; shift_y_down=&#8221;0&#8243; z_index=&#8221;0&#8243; medium_width=&#8221;0&#8243; mobile_width=&#8221;0&#8243; width=&#8221;1\/1&#8243; uncode_shortcode_id=&#8221;173502&#8243; el_class=&#8221;baby-club-bg hh-card-boxes&#8221;][vc_row_inner row_inner_height_percent=&#8221;0&#8243; overlay_alpha=&#8221;50&#8243; equal_height=&#8221;yes&#8221; gutter_size=&#8221;3&#8243; shift_y=&#8221;0&#8243; z_index=&#8221;0&#8243; uncode_shortcode_id=&#8221;211548&#8243;][vc_column_inner column_width_percent=&#8221;100&#8243; position_vertical=&#8221;middle&#8221; align_horizontal=&#8221;align_center&#8221; gutter_size=&#8221;3&#8243; overlay_alpha=&#8221;50&#8243; shift_x=&#8221;0&#8243; shift_y=&#8221;0&#8243; shift_y_down=&#8221;0&#8243; z_index=&#8221;0&#8243; medium_width=&#8221;0&#8243; mobile_width=&#8221;0&#8243; width=&#8221;1\/2&#8243; uncode_shortcode_id=&#8221;108468&#8243; el_class=&#8221;hh-card&#8221;][vc_single_image media=&#8221;1869&#8243; media_width_percent=&#8221;100&#8243; uncode_shortcode_id=&#8221;105864&#8243;][vc_custom_heading text_color=&#8221;color-nhtu&#8221; heading_semantic=&#8221;div&#8221; text_size=&#8221;h4&#8243; uncode_shortcode_id=&#8221;134407&#8243; text_color_type=&#8221;uncode-palette&#8221; el_class=&#8221;m-0&#8243;]AUCHAN[\/vc_custom_heading][vc_button button_color=&#8221;color-magenta&#8221; radius=&#8221;btn-round&#8221; hover_fx=&#8221;full-colored&#8221; border_width=&#8221;0&#8243; icon_position=&#8221;right&#8221; scale_mobile=&#8221;no&#8221; link=&#8221;url:https%3A%2F%2Fonline.auchan.hu%2Fshop%2Fsearch%3Fq%255B%255D%3Dhelen%252520harper%20%E2%80%8B|title:Stores|target:_blank|rel:nofollow&#8221; el_class=&#8221;hh-btn-secondary hh-btn center btn-lowercase&#8221; uncode_shortcode_id=&#8221;164554&#8243; button_color_type=&#8221;uncode-palette&#8221; icon=&#8221;fa fa-chevron-right3&#8243;]L\u00e1togass el a weboldalra[\/vc_button][\/vc_column_inner][vc_column_inner column_width_percent=&#8221;100&#8243; position_vertical=&#8221;middle&#8221; align_horizontal=&#8221;align_center&#8221; gutter_size=&#8221;3&#8243; overlay_alpha=&#8221;50&#8243; shift_x=&#8221;0&#8243; shift_y=&#8221;0&#8243; shift_y_down=&#8221;0&#8243; z_index=&#8221;0&#8243; medium_width=&#8221;0&#8243; mobile_width=&#8221;0&#8243; width=&#8221;1\/2&#8243; uncode_shortcode_id=&#8221;114738&#8243; el_class=&#8221;hh-card&#8221;][vc_single_image media=&#8221;1875&#8243; media_width_percent=&#8221;100&#8243; uncode_shortcode_id=&#8221;497239&#8243;][vc_custom_heading text_color=&#8221;color-nhtu&#8221; heading_semantic=&#8221;div&#8221; text_size=&#8221;h4&#8243; uncode_shortcode_id=&#8221;245050&#8243; text_color_type=&#8221;uncode-palette&#8221; el_class=&#8221;m-0&#8243;]BRENDON[\/vc_custom_heading][vc_button button_color=&#8221;color-magenta&#8221; radius=&#8221;btn-round&#8221; hover_fx=&#8221;full-colored&#8221; border_width=&#8221;0&#8243; icon_position=&#8221;right&#8221; scale_mobile=&#8221;no&#8221; link=&#8221;url:https%3A%2F%2Fwww.brendon.hu%2Fsearch%3Fq%3Dhelen%2Bharper|title:Stores|target:_blank|rel:nofollow&#8221; el_class=&#8221;hh-btn-secondary hh-btn center btn-lowercase&#8221; uncode_shortcode_id=&#8221;695602&#8243; button_color_type=&#8221;uncode-palette&#8221; icon=&#8221;fa fa-chevron-right3&#8243;]L\u00e1togass el a weboldalra[\/vc_button][\/vc_column_inner][\/vc_row_inner][vc_row_inner row_inner_height_percent=&#8221;0&#8243; overlay_alpha=&#8221;50&#8243; equal_height=&#8221;yes&#8221; gutter_size=&#8221;3&#8243; shift_y=&#8221;0&#8243; z_index=&#8221;0&#8243; uncode_shortcode_id=&#8221;211548&#8243;][vc_column_inner column_width_percent=&#8221;100&#8243; position_vertical=&#8221;middle&#8221; align_horizontal=&#8221;align_center&#8221; gutter_size=&#8221;3&#8243; overlay_alpha=&#8221;50&#8243; shift_x=&#8221;0&#8243; shift_y=&#8221;0&#8243; shift_y_down=&#8221;0&#8243; z_index=&#8221;0&#8243; medium_width=&#8221;0&#8243; mobile_width=&#8221;0&#8243; width=&#8221;1\/2&#8243; uncode_shortcode_id=&#8221;108468&#8243; el_class=&#8221;hh-card&#8221;][vc_single_image media=&#8221;1881&#8243; media_width_percent=&#8221;100&#8243; uncode_shortcode_id=&#8221;374782&#8243;][vc_custom_heading text_color=&#8221;color-nhtu&#8221; heading_semantic=&#8221;div&#8221; text_size=&#8221;h4&#8243; uncode_shortcode_id=&#8221;787689&#8243; text_color_type=&#8221;uncode-palette&#8221; el_class=&#8221;m-0&#8243;]CARRYS[\/vc_custom_heading][vc_button button_color=&#8221;color-magenta&#8221; radius=&#8221;btn-round&#8221; hover_fx=&#8221;full-colored&#8221; border_width=&#8221;0&#8243; icon_position=&#8221;right&#8221; scale_mobile=&#8221;no&#8221; link=&#8221;url:https%3A%2F%2Fwww.carrys.hu%2Fshop_search.php%3Fsearch%3Dhelen%2Bharper%20%E2%80%8B|title:Stores|target:_blank|rel:nofollow&#8221; el_class=&#8221;hh-btn-secondary hh-btn center btn-lowercase&#8221; uncode_shortcode_id=&#8221;166375&#8243; button_color_type=&#8221;uncode-palette&#8221; icon=&#8221;fa fa-chevron-right3&#8243;]L\u00e1togass el a weboldalra[\/vc_button][\/vc_column_inner][vc_column_inner column_width_percent=&#8221;100&#8243; position_vertical=&#8221;middle&#8221; align_horizontal=&#8221;align_center&#8221; gutter_size=&#8221;3&#8243; overlay_alpha=&#8221;50&#8243; shift_x=&#8221;0&#8243; shift_y=&#8221;0&#8243; shift_y_down=&#8221;0&#8243; z_index=&#8221;0&#8243; medium_width=&#8221;0&#8243; mobile_width=&#8221;0&#8243; width=&#8221;1\/2&#8243; uncode_shortcode_id=&#8221;114738&#8243; el_class=&#8221;hh-card&#8221;][vc_single_image media=&#8221;1887&#8243; media_width_percent=&#8221;100&#8243; uncode_shortcode_id=&#8221;199929&#8243;][vc_custom_heading text_color=&#8221;color-nhtu&#8221; heading_semantic=&#8221;div&#8221; text_size=&#8221;h4&#8243; uncode_shortcode_id=&#8221;238487&#8243; text_color_type=&#8221;uncode-palette&#8221; el_class=&#8221;m-0&#8243;]EMAG[\/vc_custom_heading][vc_button button_color=&#8221;color-magenta&#8221; radius=&#8221;btn-round&#8221; hover_fx=&#8221;full-colored&#8221; border_width=&#8221;0&#8243; icon_position=&#8221;right&#8221; scale_mobile=&#8221;no&#8221; link=&#8221;url:https%3A%2F%2Fwww.emag.hu%2Fsearch%2Fhelen%2520harper%3Fref%3Deffective_search|title:Stores|target:_blank|rel:nofollow&#8221; el_class=&#8221;hh-btn-secondary hh-btn center btn-lowercase&#8221; uncode_shortcode_id=&#8221;443250&#8243; button_color_type=&#8221;uncode-palette&#8221; icon=&#8221;fa fa-chevron-right3&#8243;]L\u00e1togass el a weboldalra[\/vc_button][\/vc_column_inner][\/vc_row_inner][vc_row_inner row_inner_height_percent=&#8221;0&#8243; overlay_alpha=&#8221;50&#8243; equal_height=&#8221;yes&#8221; gutter_size=&#8221;3&#8243; shift_y=&#8221;0&#8243; z_index=&#8221;0&#8243; uncode_shortcode_id=&#8221;211548&#8243;][vc_column_inner column_width_percent=&#8221;100&#8243; position_vertical=&#8221;middle&#8221; align_horizontal=&#8221;align_center&#8221; gutter_size=&#8221;3&#8243; overlay_alpha=&#8221;50&#8243; shift_x=&#8221;0&#8243; shift_y=&#8221;0&#8243; shift_y_down=&#8221;0&#8243; z_index=&#8221;0&#8243; medium_width=&#8221;0&#8243; mobile_width=&#8221;0&#8243; width=&#8221;1\/2&#8243; uncode_shortcode_id=&#8221;108468&#8243; el_class=&#8221;hh-card&#8221;][vc_single_image media=&#8221;1893&#8243; media_width_percent=&#8221;100&#8243; uncode_shortcode_id=&#8221;704478&#8243;][vc_custom_heading text_color=&#8221;color-nhtu&#8221; heading_semantic=&#8221;div&#8221; text_size=&#8221;h4&#8243; uncode_shortcode_id=&#8221;930568&#8243; text_color_type=&#8221;uncode-palette&#8221; el_class=&#8221;m-0&#8243;]NATUR REFORM[\/vc_custom_heading][vc_button button_color=&#8221;color-magenta&#8221; radius=&#8221;btn-round&#8221; hover_fx=&#8221;full-colored&#8221; border_width=&#8221;0&#8243; icon_position=&#8221;right&#8221; scale_mobile=&#8221;no&#8221; link=&#8221;url:https%3A%2F%2Fwww.naturreform.hu%2Findex.php%3Froute%3Dproduct%2Flist%26keyword%3Dhelen%2520harper%26description%3D0|title:Stores|target:_blank|rel:nofollow&#8221; el_class=&#8221;hh-btn-secondary hh-btn center btn-lowercase&#8221; uncode_shortcode_id=&#8221;150266&#8243; button_color_type=&#8221;uncode-palette&#8221; icon=&#8221;fa fa-chevron-right3&#8243;]L\u00e1togass el a weboldalra[\/vc_button][\/vc_column_inner][vc_column_inner column_width_percent=&#8221;100&#8243; position_vertical=&#8221;middle&#8221; align_horizontal=&#8221;align_center&#8221; gutter_size=&#8221;3&#8243; overlay_alpha=&#8221;50&#8243; shift_x=&#8221;0&#8243; shift_y=&#8221;0&#8243; shift_y_down=&#8221;0&#8243; z_index=&#8221;0&#8243; medium_width=&#8221;0&#8243; mobile_width=&#8221;0&#8243; width=&#8221;1\/2&#8243; uncode_shortcode_id=&#8221;114738&#8243; el_class=&#8221;hh-card&#8221;][vc_single_image media=&#8221;1899&#8243; media_width_percent=&#8221;100&#8243; uncode_shortcode_id=&#8221;228202&#8243;][vc_custom_heading text_color=&#8221;color-nhtu&#8221; heading_semantic=&#8221;div&#8221; text_size=&#8221;h4&#8243; uncode_shortcode_id=&#8221;546814&#8243; text_color_type=&#8221;uncode-palette&#8221; el_class=&#8221;m-0&#8243;]PELENKA[\/vc_custom_heading][vc_button button_color=&#8221;color-magenta&#8221; radius=&#8221;btn-round&#8221; hover_fx=&#8221;full-colored&#8221; border_width=&#8221;0&#8243; icon_position=&#8221;right&#8221; scale_mobile=&#8221;no&#8221; link=&#8221;url:https%3A%2F%2Fwww.pelenka.hu%2Fshop_search.php%3Fsearch%3Dhelen%2Bharper|title:Stores|target:_blank|rel:nofollow&#8221; el_class=&#8221;hh-btn-secondary hh-btn center btn-lowercase&#8221; uncode_shortcode_id=&#8221;203888&#8243; button_color_type=&#8221;uncode-palette&#8221; icon=&#8221;fa fa-chevron-right3&#8243;]L\u00e1togass el a weboldalra[\/vc_button][\/vc_column_inner][\/vc_row_inner][vc_row_inner row_inner_height_percent=&#8221;0&#8243; overlay_alpha=&#8221;50&#8243; equal_height=&#8221;yes&#8221; gutter_size=&#8221;3&#8243; shift_y=&#8221;0&#8243; z_index=&#8221;0&#8243; uncode_shortcode_id=&#8221;211548&#8243;][vc_column_inner column_width_percent=&#8221;100&#8243; position_vertical=&#8221;middle&#8221; align_horizontal=&#8221;align_center&#8221; gutter_size=&#8221;3&#8243; overlay_alpha=&#8221;50&#8243; shift_x=&#8221;0&#8243; shift_y=&#8221;0&#8243; shift_y_down=&#8221;0&#8243; z_index=&#8221;0&#8243; medium_width=&#8221;0&#8243; mobile_width=&#8221;0&#8243; width=&#8221;1\/2&#8243; uncode_shortcode_id=&#8221;108468&#8243; el_class=&#8221;hh-card&#8221;][vc_single_image media=&#8221;1905&#8243; media_width_percent=&#8221;100&#8243; uncode_shortcode_id=&#8221;427710&#8243;][vc_custom_heading text_color=&#8221;color-nhtu&#8221; heading_semantic=&#8221;div&#8221; text_size=&#8221;h4&#8243; uncode_shortcode_id=&#8221;782651&#8243; text_color_type=&#8221;uncode-palette&#8221; el_class=&#8221;m-0&#8243;]PEPITA[\/vc_custom_heading][vc_button button_color=&#8221;color-magenta&#8221; radius=&#8221;btn-round&#8221; hover_fx=&#8221;full-colored&#8221; border_width=&#8221;0&#8243; icon_position=&#8221;right&#8221; scale_mobile=&#8221;no&#8221; link=&#8221;url:https%3A%2F%2Fpepita.hu%2Fhelen-harper-b837%3Fhq%3Dhelen-harper|title:Stores|target:_blank|rel:nofollow&#8221; el_class=&#8221;hh-btn-secondary hh-btn center btn-lowercase&#8221; uncode_shortcode_id=&#8221;207804&#8243; button_color_type=&#8221;uncode-palette&#8221; icon=&#8221;fa fa-chevron-right3&#8243;]L\u00e1togass el a weboldalra[\/vc_button][\/vc_column_inner][vc_column_inner column_width_percent=&#8221;100&#8243; position_vertical=&#8221;middle&#8221; align_horizontal=&#8221;align_center&#8221; gutter_size=&#8221;3&#8243; overlay_alpha=&#8221;50&#8243; shift_x=&#8221;0&#8243; shift_y=&#8221;0&#8243; shift_y_down=&#8221;0&#8243; z_index=&#8221;0&#8243; medium_width=&#8221;0&#8243; mobile_width=&#8221;0&#8243; width=&#8221;1\/2&#8243; uncode_shortcode_id=&#8221;114738&#8243; el_class=&#8221;hh-card&#8221;][vc_single_image media=&#8221;1911&#8243; media_width_percent=&#8221;100&#8243; uncode_shortcode_id=&#8221;125039&#8243;][vc_custom_heading text_color=&#8221;color-nhtu&#8221; heading_semantic=&#8221;div&#8221; text_size=&#8221;h4&#8243; uncode_shortcode_id=&#8221;202374&#8243; text_color_type=&#8221;uncode-palette&#8221; el_class=&#8221;m-0&#8243;]ROSSMANN[\/vc_custom_heading][vc_button button_color=&#8221;color-magenta&#8221; radius=&#8221;btn-round&#8221; hover_fx=&#8221;full-colored&#8221; border_width=&#8221;0&#8243; icon_position=&#8221;right&#8221; scale_mobile=&#8221;no&#8221; link=&#8221;url:https%3A%2F%2Fshop.rossmann.hu%2Ftalalatok%3Fq%3Dhelen%2520harper%26pf-size%3D28%26pf-page%3D1|title:Stores|target:_blank|rel:nofollow&#8221; el_class=&#8221;hh-btn-secondary hh-btn center btn-lowercase&#8221; uncode_shortcode_id=&#8221;845790&#8243; button_color_type=&#8221;uncode-palette&#8221; icon=&#8221;fa fa-chevron-right3&#8243;]L\u00e1togass el a weboldalra[\/vc_button][\/vc_column_inner][\/vc_row_inner][vc_empty_space empty_h=&#8221;3&#8243;][\/vc_column][\/vc_row]<\/p>\n<\/div>","protected":false},"excerpt":{"rendered":"<p>Tekintsd meg a legmegfelel\u0151bb helyet, ahol Helen Harper term\u00e9keket v\u00e1s\u00e1rolhatsz boltban vagy online. Vedd fel vel\u00fcnk a kapcsolatot, ha seg\u00edts\u00e9gre van sz\u00fcks\u00e9ged a legk\u00f6zelebbi \u00fczlet megtal\u00e1l\u00e1s\u00e1hoz.<\/p>\n","protected":false},"author":2,"featured_media":0,"parent":0,"menu_order":0,"comment_status":"closed","ping_status":"closed","template":"","meta":{"_acf_changed":false,"footnotes":""},"class_list":["post-1868","page","type-page","status-publish","hentry"],"acf":[],"yoast_head":"<!-- This site is optimized with the Yoast SEO Premium plugin v27.3 (Yoast SEO v27.3) - https:\/\/yoast.com\/product\/yoast-seo-premium-wordpress\/ -->\n<title>\u00dczletkeres\u00e9s &#183; Helen Harper Soft and Dry<\/title>\n<meta name=\"description\" content=\"Tekintsd meg a legmegfelel\u0151bb helyet, ahol Helen Harper term\u00e9keket v\u00e1s\u00e1rolhatsz boltban vagy online. Vedd fel vel\u00fcnk a kapcsolatot, ha seg\u00edts\u00e9gre van sz\u00fcks\u00e9ged a legk\u00f6zelebbi \u00fczlet megtal\u00e1l\u00e1s\u00e1hoz.\" \/>\n<meta name=\"robots\" content=\"index, follow, max-snippet:-1, max-image-preview:large, max-video-preview:-1\" \/>\n<link rel=\"canonical\" href=\"https:\/\/www.helenharperbaby.com\/hu\/hol-lehet-meg-megvasarolni\/\" \/>\n<meta property=\"og:locale\" content=\"hu_HU\" \/>\n<meta property=\"og:type\" content=\"article\" \/>\n<meta property=\"og:title\" content=\"Hol lehet meg megv\u00e1s\u00e1rolni\" \/>\n<meta property=\"og:description\" content=\"Tekintsd meg a legmegfelel\u0151bb helyet, ahol Helen Harper term\u00e9keket v\u00e1s\u00e1rolhatsz boltban vagy online. Vedd fel vel\u00fcnk a kapcsolatot, ha seg\u00edts\u00e9gre van sz\u00fcks\u00e9ged a legk\u00f6zelebbi \u00fczlet megtal\u00e1l\u00e1s\u00e1hoz.\" \/>\n<meta property=\"og:url\" content=\"https:\/\/www.helenharperbaby.com\/hu\/hol-lehet-meg-megvasarolni\/\" \/>\n<meta property=\"og:site_name\" content=\"Helen Harper Soft and Dry\" \/>\n<meta property=\"article:modified_time\" content=\"2023-06-22T06:56:35+00:00\" \/>\n<meta property=\"og:image\" content=\"https:\/\/www.helenharperbaby.com\/wp-content\/uploads\/2023\/05\/Helen_harper_soft_dry_main_image.jpg\" \/>\n\t<meta property=\"og:image:width\" content=\"1200\" \/>\n\t<meta property=\"og:image:height\" content=\"675\" \/>\n\t<meta property=\"og:image:type\" content=\"image\/jpeg\" \/>\n<meta name=\"twitter:card\" content=\"summary_large_image\" \/>\n<meta name=\"twitter:label1\" content=\"Becs\u00fclt olvas\u00e1si id\u0151\" \/>\n\t<meta name=\"twitter:data1\" content=\"2 perc\" \/>\n<script type=\"application\/ld+json\" class=\"yoast-schema-graph\">{\"@context\":\"https:\\\/\\\/schema.org\",\"@graph\":[{\"@type\":\"WebPage\",\"@id\":\"https:\\\/\\\/www.helenharperbaby.com\\\/hu\\\/hol-lehet-meg-megvasarolni\\\/\",\"url\":\"https:\\\/\\\/www.helenharperbaby.com\\\/hu\\\/hol-lehet-meg-megvasarolni\\\/\",\"name\":\"\u00dczletkeres\u00e9s &#183; Helen Harper Soft and Dry\",\"isPartOf\":{\"@id\":\"https:\\\/\\\/www.helenharperbaby.com\\\/hu\\\/#website\"},\"datePublished\":\"2023-04-25T17:59:56+00:00\",\"dateModified\":\"2023-06-22T06:56:35+00:00\",\"description\":\"Tekintsd meg a legmegfelel\u0151bb helyet, ahol Helen Harper term\u00e9keket v\u00e1s\u00e1rolhatsz boltban vagy online. Vedd fel vel\u00fcnk a kapcsolatot, ha seg\u00edts\u00e9gre van sz\u00fcks\u00e9ged a legk\u00f6zelebbi \u00fczlet megtal\u00e1l\u00e1s\u00e1hoz.\",\"breadcrumb\":{\"@id\":\"https:\\\/\\\/www.helenharperbaby.com\\\/hu\\\/hol-lehet-meg-megvasarolni\\\/#breadcrumb\"},\"inLanguage\":\"hu\",\"potentialAction\":[{\"@type\":\"ReadAction\",\"target\":[\"https:\\\/\\\/www.helenharperbaby.com\\\/hu\\\/hol-lehet-meg-megvasarolni\\\/\"]}]},{\"@type\":\"BreadcrumbList\",\"@id\":\"https:\\\/\\\/www.helenharperbaby.com\\\/hu\\\/hol-lehet-meg-megvasarolni\\\/#breadcrumb\",\"itemListElement\":[{\"@type\":\"ListItem\",\"position\":1,\"name\":\"Home\",\"item\":\"https:\\\/\\\/www.helenharperbaby.com\\\/hu\\\/\"},{\"@type\":\"ListItem\",\"position\":2,\"name\":\"Hol lehet meg megv\u00e1s\u00e1rolni\"}]},{\"@type\":\"WebSite\",\"@id\":\"https:\\\/\\\/www.helenharperbaby.com\\\/hu\\\/#website\",\"url\":\"https:\\\/\\\/www.helenharperbaby.com\\\/hu\\\/\",\"name\":\"Helen Harper Baby\",\"description\":\"For moments of pure happiness.\",\"publisher\":{\"@id\":\"https:\\\/\\\/www.helenharperbaby.com\\\/hu\\\/#organization\"},\"potentialAction\":[{\"@type\":\"SearchAction\",\"target\":{\"@type\":\"EntryPoint\",\"urlTemplate\":\"https:\\\/\\\/www.helenharperbaby.com\\\/hu\\\/?s={search_term_string}\"},\"query-input\":{\"@type\":\"PropertyValueSpecification\",\"valueRequired\":true,\"valueName\":\"search_term_string\"}}],\"inLanguage\":\"hu\"},{\"@type\":\"Organization\",\"@id\":\"https:\\\/\\\/www.helenharperbaby.com\\\/hu\\\/#organization\",\"name\":\"Helen Harper Baby\",\"url\":\"https:\\\/\\\/www.helenharperbaby.com\\\/hu\\\/\",\"logo\":{\"@type\":\"ImageObject\",\"inLanguage\":\"hu\",\"@id\":\"https:\\\/\\\/www.helenharperbaby.com\\\/hu\\\/#\\\/schema\\\/logo\\\/image\\\/\",\"url\":\"https:\\\/\\\/www.helenharperbaby.com\\\/wp-content\\\/uploads\\\/2023\\\/04\\\/hh-logo.png\",\"contentUrl\":\"https:\\\/\\\/www.helenharperbaby.com\\\/wp-content\\\/uploads\\\/2023\\\/04\\\/hh-logo.png\",\"width\":350,\"height\":227,\"caption\":\"Helen Harper Baby\"},\"image\":{\"@id\":\"https:\\\/\\\/www.helenharperbaby.com\\\/hu\\\/#\\\/schema\\\/logo\\\/image\\\/\"}}]}<\/script>\n<!-- \/ Yoast SEO Premium plugin. -->","yoast_head_json":{"title":"\u00dczletkeres\u00e9s &#183; Helen Harper Soft and Dry","description":"Tekintsd meg a legmegfelel\u0151bb helyet, ahol Helen Harper term\u00e9keket v\u00e1s\u00e1rolhatsz boltban vagy online. Vedd fel vel\u00fcnk a kapcsolatot, ha seg\u00edts\u00e9gre van sz\u00fcks\u00e9ged a legk\u00f6zelebbi \u00fczlet megtal\u00e1l\u00e1s\u00e1hoz.","robots":{"index":"index","follow":"follow","max-snippet":"max-snippet:-1","max-image-preview":"max-image-preview:large","max-video-preview":"max-video-preview:-1"},"canonical":"https:\/\/www.helenharperbaby.com\/hu\/hol-lehet-meg-megvasarolni\/","og_locale":"hu_HU","og_type":"article","og_title":"Hol lehet meg megv\u00e1s\u00e1rolni","og_description":"Tekintsd meg a legmegfelel\u0151bb helyet, ahol Helen Harper term\u00e9keket v\u00e1s\u00e1rolhatsz boltban vagy online. Vedd fel vel\u00fcnk a kapcsolatot, ha seg\u00edts\u00e9gre van sz\u00fcks\u00e9ged a legk\u00f6zelebbi \u00fczlet megtal\u00e1l\u00e1s\u00e1hoz.","og_url":"https:\/\/www.helenharperbaby.com\/hu\/hol-lehet-meg-megvasarolni\/","og_site_name":"Helen Harper Soft and Dry","article_modified_time":"2023-06-22T06:56:35+00:00","og_image":[{"width":1200,"height":675,"url":"https:\/\/www.helenharperbaby.com\/wp-content\/uploads\/2023\/05\/Helen_harper_soft_dry_main_image.jpg","type":"image\/jpeg"}],"twitter_card":"summary_large_image","twitter_misc":{"Becs\u00fclt olvas\u00e1si id\u0151":"2 perc"},"schema":{"@context":"https:\/\/schema.org","@graph":[{"@type":"WebPage","@id":"https:\/\/www.helenharperbaby.com\/hu\/hol-lehet-meg-megvasarolni\/","url":"https:\/\/www.helenharperbaby.com\/hu\/hol-lehet-meg-megvasarolni\/","name":"\u00dczletkeres\u00e9s &#183; Helen Harper Soft and Dry","isPartOf":{"@id":"https:\/\/www.helenharperbaby.com\/hu\/#website"},"datePublished":"2023-04-25T17:59:56+00:00","dateModified":"2023-06-22T06:56:35+00:00","description":"Tekintsd meg a legmegfelel\u0151bb helyet, ahol Helen Harper term\u00e9keket v\u00e1s\u00e1rolhatsz boltban vagy online. Vedd fel vel\u00fcnk a kapcsolatot, ha seg\u00edts\u00e9gre van sz\u00fcks\u00e9ged a legk\u00f6zelebbi \u00fczlet megtal\u00e1l\u00e1s\u00e1hoz.","breadcrumb":{"@id":"https:\/\/www.helenharperbaby.com\/hu\/hol-lehet-meg-megvasarolni\/#breadcrumb"},"inLanguage":"hu","potentialAction":[{"@type":"ReadAction","target":["https:\/\/www.helenharperbaby.com\/hu\/hol-lehet-meg-megvasarolni\/"]}]},{"@type":"BreadcrumbList","@id":"https:\/\/www.helenharperbaby.com\/hu\/hol-lehet-meg-megvasarolni\/#breadcrumb","itemListElement":[{"@type":"ListItem","position":1,"name":"Home","item":"https:\/\/www.helenharperbaby.com\/hu\/"},{"@type":"ListItem","position":2,"name":"Hol lehet meg megv\u00e1s\u00e1rolni"}]},{"@type":"WebSite","@id":"https:\/\/www.helenharperbaby.com\/hu\/#website","url":"https:\/\/www.helenharperbaby.com\/hu\/","name":"Helen Harper Baby","description":"For moments of pure happiness.","publisher":{"@id":"https:\/\/www.helenharperbaby.com\/hu\/#organization"},"potentialAction":[{"@type":"SearchAction","target":{"@type":"EntryPoint","urlTemplate":"https:\/\/www.helenharperbaby.com\/hu\/?s={search_term_string}"},"query-input":{"@type":"PropertyValueSpecification","valueRequired":true,"valueName":"search_term_string"}}],"inLanguage":"hu"},{"@type":"Organization","@id":"https:\/\/www.helenharperbaby.com\/hu\/#organization","name":"Helen Harper Baby","url":"https:\/\/www.helenharperbaby.com\/hu\/","logo":{"@type":"ImageObject","inLanguage":"hu","@id":"https:\/\/www.helenharperbaby.com\/hu\/#\/schema\/logo\/image\/","url":"https:\/\/www.helenharperbaby.com\/wp-content\/uploads\/2023\/04\/hh-logo.png","contentUrl":"https:\/\/www.helenharperbaby.com\/wp-content\/uploads\/2023\/04\/hh-logo.png","width":350,"height":227,"caption":"Helen Harper Baby"},"image":{"@id":"https:\/\/www.helenharperbaby.com\/hu\/#\/schema\/logo\/image\/"}}]}},"_links":{"self":[{"href":"https:\/\/www.helenharperbaby.com\/hu\/wp-json\/wp\/v2\/pages\/1868","targetHints":{"allow":["GET"]}}],"collection":[{"href":"https:\/\/www.helenharperbaby.com\/hu\/wp-json\/wp\/v2\/pages"}],"about":[{"href":"https:\/\/www.helenharperbaby.com\/hu\/wp-json\/wp\/v2\/types\/page"}],"author":[{"embeddable":true,"href":"https:\/\/www.helenharperbaby.com\/hu\/wp-json\/wp\/v2\/users\/2"}],"replies":[{"embeddable":true,"href":"https:\/\/www.helenharperbaby.com\/hu\/wp-json\/wp\/v2\/comments?post=1868"}],"version-history":[{"count":0,"href":"https:\/\/www.helenharperbaby.com\/hu\/wp-json\/wp\/v2\/pages\/1868\/revisions"}],"wp:attachment":[{"href":"https:\/\/www.helenharperbaby.com\/hu\/wp-json\/wp\/v2\/media?parent=1868"}],"curies":[{"name":"wp","href":"https:\/\/api.w.org\/{rel}","templated":true}]}}