{"id":1987,"date":"2023-04-25T18:02:57","date_gmt":"2023-04-25T18:02:57","guid":{"rendered":"https:\/\/www.helenharperbaby.com\/?page_id=1987"},"modified":"2023-06-22T07:59:52","modified_gmt":"2023-06-22T07:59:52","slug":"babaklub","status":"publish","type":"page","link":"https:\/\/www.helenharperbaby.com\/hu\/babaklub\/","title":{"rendered":"Babaklub"},"content":{"rendered":"<div class=\"wpb-content-wrapper\"><p>[vc_row][vc_column width=&#8221;1\/1&#8243;][uncode_breadcrumbs][\/vc_column][\/vc_row][vc_row row_height_percent=&#8221;0&#8243; override_padding=&#8221;yes&#8221; h_padding=&#8221;2&#8243; top_padding=&#8221;2&#8243; bottom_padding=&#8221;4&#8243; overlay_alpha=&#8221;50&#8243; gutter_size=&#8221;3&#8243; column_width_percent=&#8221;100&#8243; shift_y=&#8221;0&#8243; z_index=&#8221;0&#8243; uncode_shortcode_id=&#8221;173190&#8243; el_class=&#8221;hh-blog-feed&#8221; el_id=&#8221;hh-baby-club&#8221; shape_dividers=&#8221;&#8221;][vc_column column_width_percent=&#8221;100&#8243; align_horizontal=&#8221;align_center&#8221; gutter_size=&#8221;3&#8243; overlay_alpha=&#8221;50&#8243; shift_x=&#8221;0&#8243; shift_y=&#8221;0&#8243; shift_y_down=&#8221;0&#8243; z_index=&#8221;0&#8243; medium_width=&#8221;0&#8243; mobile_width=&#8221;0&#8243; css_animation=&#8221;alpha-anim&#8221; width=&#8221;1\/1&#8243; uncode_shortcode_id=&#8221;168034&#8243;][vc_custom_heading text_size=&#8221;h1&#8243; uncode_shortcode_id=&#8221;116923&#8243; el_class=&#8221;center page-title&#8221;]\u00dcDV\u00d6ZL\u00dcNK A BABAKLUBBAN[\/vc_custom_heading][vc_column_text uncode_shortcode_id=&#8221;190514&#8243; el_class=&#8221;center&#8221;]\u00d6sszegy\u0171jt\u00f6tt\u00fck a leggyakrabban feltett k\u00e9rd\u00e9seket \u00e9s t\u00e9m\u00e1kat a sz\u00fcl\u0151k \u00e9s a kisbab\u00e1k \u00e9let\u00e9vel kapcsolatban. A kisbaba, de sz\u00fcl\u0151k\u00e9nt \u00f6nmagad fejl\u0151d\u00e9s\u00e9nek is legfontosabb l\u00e9p\u00e9sei!\u200b<br \/>\nMegk\u00e9rt\u00fck a legtapasztaltabb anyuk\u00e1kat \u00e9s apuk\u00e1kat, hogy adjanak tan\u00e1csot tapasztalataikr\u00f3l, k\u00fczdelm\u00fckr\u0151l \u00e9s annak megold\u00e1s\u00e1r\u00f3l. Tekintsd meg cikkeinket, \u00e9s oszd meg vel\u00fcnk, ha ugyanezt tapasztaltad, vagy ha m\u00e1s k\u00e9rd\u00e9seket szeretn\u00e9l feltenni \u2013 <a class=\"hh-link\" href=\"https:\/\/www.helenharperbaby.com\/hu\/gyik-es-kapcsolat\/\"><strong>L\u00e9pj vel\u00fcnk kapcsolatba<\/strong><\/a>[\/vc_column_text][vc_empty_space empty_h=&#8221;2&#8243;][uncode_index el_id=&#8221;index-blog-roll&#8221; isotope_mode=&#8221;fitRows&#8221; loop=&#8221;size:6|order_by:date|order:DESC|post_type:post|taxonomy_count:10&#8243; screen_lg=&#8221;1000&#8243; screen_md=&#8221;600&#8243; screen_sm=&#8221;480&#8243; filtering=&#8221;yes&#8221; filtering_uppercase=&#8221;yes&#8221; filtering_full_width=&#8221;yes&#8221; filtering_position=&#8221;center&#8221; gutter_size=&#8221;3&#8243; post_items=&#8221;media|featured|onpost|original,title,category|yesbg|relative|hide-icon,text|excerpt,link|link|default_size&#8221; pagination=&#8221;yes&#8221; single_overlay_opacity=&#8221;1&#8243; single_padding=&#8221;0&#8243; uncode_shortcode_id=&#8221;107275&#8243; items=&#8221;e30=&#8221; el_class=&#8221;hh-blog-grid&#8221; filter_all_text=&#8221;All&#8221;][\/vc_column][\/vc_row][vc_row][vc_column width=&#8221;1\/1&#8243;][uncode_block id=&#8221;69&#8243;][\/vc_column][\/vc_row][vc_row row_height_percent=&#8221;0&#8243; override_padding=&#8221;yes&#8221; h_padding=&#8221;2&#8243; top_padding=&#8221;0&#8243; bottom_padding=&#8221;0&#8243; overlay_alpha=&#8221;50&#8243; gutter_size=&#8221;3&#8243; column_width_percent=&#8221;100&#8243; shift_y=&#8221;0&#8243; z_index=&#8221;0&#8243; uncode_shortcode_id=&#8221;180207&#8243;][vc_column width=&#8221;1\/1&#8243;][vc_empty_space empty_h=&#8221;3&#8243;][\/vc_column][\/vc_row]<\/p>\n<\/div>","protected":false},"excerpt":{"rendered":"<p>Megk\u00e9rt\u00fck a legtapasztaltabb anyuk\u00e1kat \u00e9s apuk\u00e1kat, hogy mondj\u00e1k el tapasztalataikat, k\u00fczdelmeiket \u00e9s megold\u00e1saikat.<\/p>\n","protected":false},"author":3,"featured_media":0,"parent":0,"menu_order":0,"comment_status":"closed","ping_status":"closed","template":"","meta":{"_acf_changed":false,"footnotes":""},"class_list":["post-1987","page","type-page","status-publish","hentry"],"acf":[],"yoast_head":"<!-- This site is optimized with the Yoast SEO Premium plugin v27.5 (Yoast SEO v27.5) - https:\/\/yoast.com\/product\/yoast-seo-premium-wordpress\/ -->\n<title>Babaklub &#183; Helen Harper Soft and Dry<\/title>\n<meta name=\"description\" content=\"Megk\u00e9rt\u00fck a legtapasztaltabb anyuk\u00e1kat \u00e9s apuk\u00e1kat, hogy mondj\u00e1k el tapasztalataikat, k\u00fczdelmeiket \u00e9s megold\u00e1saikat.\" \/>\n<meta name=\"robots\" content=\"index, follow, max-snippet:-1, max-image-preview:large, max-video-preview:-1\" \/>\n<link rel=\"canonical\" href=\"https:\/\/www.helenharperbaby.com\/hu\/babaklub\/\" \/>\n<meta property=\"og:locale\" content=\"hu_HU\" \/>\n<meta property=\"og:type\" content=\"article\" \/>\n<meta property=\"og:title\" content=\"Babaklub\" \/>\n<meta property=\"og:description\" content=\"Megk\u00e9rt\u00fck a legtapasztaltabb anyuk\u00e1kat \u00e9s apuk\u00e1kat, hogy mondj\u00e1k el tapasztalataikat, k\u00fczdelmeiket \u00e9s megold\u00e1saikat.\" \/>\n<meta property=\"og:url\" content=\"https:\/\/www.helenharperbaby.com\/hu\/babaklub\/\" \/>\n<meta property=\"og:site_name\" content=\"Helen Harper Soft and Dry\" \/>\n<meta property=\"article:modified_time\" content=\"2023-06-22T07:59:52+00:00\" \/>\n<meta property=\"og:image\" content=\"https:\/\/www.helenharperbaby.com\/wp-content\/uploads\/2023\/05\/Helen_harper_soft_dry_main_image.jpg\" \/>\n\t<meta property=\"og:image:width\" content=\"1200\" \/>\n\t<meta property=\"og:image:height\" content=\"675\" \/>\n\t<meta property=\"og:image:type\" content=\"image\/jpeg\" \/>\n<meta name=\"twitter:card\" content=\"summary_large_image\" \/>\n<meta name=\"twitter:label1\" content=\"Becs\u00fclt olvas\u00e1si id\u0151\" \/>\n\t<meta name=\"twitter:data1\" content=\"1 perc\" \/>\n<script type=\"application\/ld+json\" class=\"yoast-schema-graph\">{\"@context\":\"https:\\\/\\\/schema.org\",\"@graph\":[{\"@type\":\"WebPage\",\"@id\":\"https:\\\/\\\/www.helenharperbaby.com\\\/hu\\\/babaklub\\\/\",\"url\":\"https:\\\/\\\/www.helenharperbaby.com\\\/hu\\\/babaklub\\\/\",\"name\":\"Babaklub &#183; Helen Harper Soft and Dry\",\"isPartOf\":{\"@id\":\"https:\\\/\\\/www.helenharperbaby.com\\\/hu\\\/#website\"},\"datePublished\":\"2023-04-25T18:02:57+00:00\",\"dateModified\":\"2023-06-22T07:59:52+00:00\",\"description\":\"Megk\u00e9rt\u00fck a legtapasztaltabb anyuk\u00e1kat \u00e9s apuk\u00e1kat, hogy mondj\u00e1k el tapasztalataikat, k\u00fczdelmeiket \u00e9s megold\u00e1saikat.\",\"breadcrumb\":{\"@id\":\"https:\\\/\\\/www.helenharperbaby.com\\\/hu\\\/babaklub\\\/#breadcrumb\"},\"inLanguage\":\"hu\",\"potentialAction\":[{\"@type\":\"ReadAction\",\"target\":[\"https:\\\/\\\/www.helenharperbaby.com\\\/hu\\\/babaklub\\\/\"]}]},{\"@type\":\"BreadcrumbList\",\"@id\":\"https:\\\/\\\/www.helenharperbaby.com\\\/hu\\\/babaklub\\\/#breadcrumb\",\"itemListElement\":[{\"@type\":\"ListItem\",\"position\":1,\"name\":\"Home\",\"item\":\"https:\\\/\\\/www.helenharperbaby.com\\\/hu\\\/\"},{\"@type\":\"ListItem\",\"position\":2,\"name\":\"Babaklub\"}]},{\"@type\":\"WebSite\",\"@id\":\"https:\\\/\\\/www.helenharperbaby.com\\\/hu\\\/#website\",\"url\":\"https:\\\/\\\/www.helenharperbaby.com\\\/hu\\\/\",\"name\":\"Helen Harper Baby\",\"description\":\"For moments of pure happiness.\",\"publisher\":{\"@id\":\"https:\\\/\\\/www.helenharperbaby.com\\\/hu\\\/#organization\"},\"potentialAction\":[{\"@type\":\"SearchAction\",\"target\":{\"@type\":\"EntryPoint\",\"urlTemplate\":\"https:\\\/\\\/www.helenharperbaby.com\\\/hu\\\/?s={search_term_string}\"},\"query-input\":{\"@type\":\"PropertyValueSpecification\",\"valueRequired\":true,\"valueName\":\"search_term_string\"}}],\"inLanguage\":\"hu\"},{\"@type\":\"Organization\",\"@id\":\"https:\\\/\\\/www.helenharperbaby.com\\\/hu\\\/#organization\",\"name\":\"Helen Harper Baby\",\"url\":\"https:\\\/\\\/www.helenharperbaby.com\\\/hu\\\/\",\"logo\":{\"@type\":\"ImageObject\",\"inLanguage\":\"hu\",\"@id\":\"https:\\\/\\\/www.helenharperbaby.com\\\/hu\\\/#\\\/schema\\\/logo\\\/image\\\/\",\"url\":\"https:\\\/\\\/www.helenharperbaby.com\\\/wp-content\\\/uploads\\\/2023\\\/04\\\/hh-logo.png\",\"contentUrl\":\"https:\\\/\\\/www.helenharperbaby.com\\\/wp-content\\\/uploads\\\/2023\\\/04\\\/hh-logo.png\",\"width\":350,\"height\":227,\"caption\":\"Helen Harper Baby\"},\"image\":{\"@id\":\"https:\\\/\\\/www.helenharperbaby.com\\\/hu\\\/#\\\/schema\\\/logo\\\/image\\\/\"}}]}<\/script>\n<!-- \/ Yoast SEO Premium plugin. -->","yoast_head_json":{"title":"Babaklub &#183; Helen Harper Soft and Dry","description":"Megk\u00e9rt\u00fck a legtapasztaltabb anyuk\u00e1kat \u00e9s apuk\u00e1kat, hogy mondj\u00e1k el tapasztalataikat, k\u00fczdelmeiket \u00e9s megold\u00e1saikat.","robots":{"index":"index","follow":"follow","max-snippet":"max-snippet:-1","max-image-preview":"max-image-preview:large","max-video-preview":"max-video-preview:-1"},"canonical":"https:\/\/www.helenharperbaby.com\/hu\/babaklub\/","og_locale":"hu_HU","og_type":"article","og_title":"Babaklub","og_description":"Megk\u00e9rt\u00fck a legtapasztaltabb anyuk\u00e1kat \u00e9s apuk\u00e1kat, hogy mondj\u00e1k el tapasztalataikat, k\u00fczdelmeiket \u00e9s megold\u00e1saikat.","og_url":"https:\/\/www.helenharperbaby.com\/hu\/babaklub\/","og_site_name":"Helen Harper Soft and Dry","article_modified_time":"2023-06-22T07:59:52+00:00","og_image":[{"width":1200,"height":675,"url":"https:\/\/www.helenharperbaby.com\/wp-content\/uploads\/2023\/05\/Helen_harper_soft_dry_main_image.jpg","type":"image\/jpeg"}],"twitter_card":"summary_large_image","twitter_misc":{"Becs\u00fclt olvas\u00e1si id\u0151":"1 perc"},"schema":{"@context":"https:\/\/schema.org","@graph":[{"@type":"WebPage","@id":"https:\/\/www.helenharperbaby.com\/hu\/babaklub\/","url":"https:\/\/www.helenharperbaby.com\/hu\/babaklub\/","name":"Babaklub &#183; Helen Harper Soft and Dry","isPartOf":{"@id":"https:\/\/www.helenharperbaby.com\/hu\/#website"},"datePublished":"2023-04-25T18:02:57+00:00","dateModified":"2023-06-22T07:59:52+00:00","description":"Megk\u00e9rt\u00fck a legtapasztaltabb anyuk\u00e1kat \u00e9s apuk\u00e1kat, hogy mondj\u00e1k el tapasztalataikat, k\u00fczdelmeiket \u00e9s megold\u00e1saikat.","breadcrumb":{"@id":"https:\/\/www.helenharperbaby.com\/hu\/babaklub\/#breadcrumb"},"inLanguage":"hu","potentialAction":[{"@type":"ReadAction","target":["https:\/\/www.helenharperbaby.com\/hu\/babaklub\/"]}]},{"@type":"BreadcrumbList","@id":"https:\/\/www.helenharperbaby.com\/hu\/babaklub\/#breadcrumb","itemListElement":[{"@type":"ListItem","position":1,"name":"Home","item":"https:\/\/www.helenharperbaby.com\/hu\/"},{"@type":"ListItem","position":2,"name":"Babaklub"}]},{"@type":"WebSite","@id":"https:\/\/www.helenharperbaby.com\/hu\/#website","url":"https:\/\/www.helenharperbaby.com\/hu\/","name":"Helen Harper Baby","description":"For moments of pure happiness.","publisher":{"@id":"https:\/\/www.helenharperbaby.com\/hu\/#organization"},"potentialAction":[{"@type":"SearchAction","target":{"@type":"EntryPoint","urlTemplate":"https:\/\/www.helenharperbaby.com\/hu\/?s={search_term_string}"},"query-input":{"@type":"PropertyValueSpecification","valueRequired":true,"valueName":"search_term_string"}}],"inLanguage":"hu"},{"@type":"Organization","@id":"https:\/\/www.helenharperbaby.com\/hu\/#organization","name":"Helen Harper Baby","url":"https:\/\/www.helenharperbaby.com\/hu\/","logo":{"@type":"ImageObject","inLanguage":"hu","@id":"https:\/\/www.helenharperbaby.com\/hu\/#\/schema\/logo\/image\/","url":"https:\/\/www.helenharperbaby.com\/wp-content\/uploads\/2023\/04\/hh-logo.png","contentUrl":"https:\/\/www.helenharperbaby.com\/wp-content\/uploads\/2023\/04\/hh-logo.png","width":350,"height":227,"caption":"Helen Harper Baby"},"image":{"@id":"https:\/\/www.helenharperbaby.com\/hu\/#\/schema\/logo\/image\/"}}]}},"_links":{"self":[{"href":"https:\/\/www.helenharperbaby.com\/hu\/wp-json\/wp\/v2\/pages\/1987","targetHints":{"allow":["GET"]}}],"collection":[{"href":"https:\/\/www.helenharperbaby.com\/hu\/wp-json\/wp\/v2\/pages"}],"about":[{"href":"https:\/\/www.helenharperbaby.com\/hu\/wp-json\/wp\/v2\/types\/page"}],"author":[{"embeddable":true,"href":"https:\/\/www.helenharperbaby.com\/hu\/wp-json\/wp\/v2\/users\/3"}],"replies":[{"embeddable":true,"href":"https:\/\/www.helenharperbaby.com\/hu\/wp-json\/wp\/v2\/comments?post=1987"}],"version-history":[{"count":0,"href":"https:\/\/www.helenharperbaby.com\/hu\/wp-json\/wp\/v2\/pages\/1987\/revisions"}],"wp:attachment":[{"href":"https:\/\/www.helenharperbaby.com\/hu\/wp-json\/wp\/v2\/media?parent=1987"}],"curies":[{"name":"wp","href":"https:\/\/api.w.org\/{rel}","templated":true}]}}