{"id":2006,"date":"2023-04-25T17:59:44","date_gmt":"2023-04-25T17:59:44","guid":{"rendered":"https:\/\/www.helenharperbaby.com\/?page_id=2006"},"modified":"2023-06-21T14:17:03","modified_gmt":"2023-06-21T14:17:03","slug":"a-helen-harperrol","status":"publish","type":"page","link":"https:\/\/www.helenharperbaby.com\/hu\/a-helen-harperrol\/","title":{"rendered":"A Helen Harperr\u0151l"},"content":{"rendered":"<div class=\"wpb-content-wrapper\"><p>[vc_row row_height_percent=&#8221;0&#8243; override_padding=&#8221;yes&#8221; h_padding=&#8221;2&#8243; top_padding=&#8221;0&#8243; bottom_padding=&#8221;0&#8243; back_image=&#8221;83&#8243; back_repeat=&#8221;no-repeat&#8221; back_position=&#8221;right top&#8221; overlay_alpha=&#8221;50&#8243; gutter_size=&#8221;3&#8243; column_width_percent=&#8221;100&#8243; shift_y=&#8221;0&#8243; z_index=&#8221;0&#8243; uncode_shortcode_id=&#8221;104165&#8243; el_class=&#8221;hh-hero-banner&#8221; back_size=&#8221;contain&#8221;][vc_column width=&#8221;1\/2&#8243;][vc_raw_html]JTNDaW1nJTIwc3JjJTNEJTIyJTJGd3AtY29udGVudCUyRnVwbG9hZHMlMkYyMDIzJTJGMDUlMkZoZWxlbl9oYXJwZXJfc29mdF9kcnlfcG9sYXJvaWRzX2JsdWUucG5nJTIyJTIwYWx0JTNEJTIyQmFieSUyMHBvbGFyb2lkcyUyMiUyMGNsYXNzJTNEJTIyaGgtaGVyby1wb2xhcm9pZHMlMjIlMkYlM0U=[\/vc_raw_html][\/vc_column][vc_column width=&#8221;1\/2&#8243;][vc_custom_heading text_font=&#8221;font-heading-font&#8221; text_size=&#8221;h1&#8243; text_weight=&#8221;500&#8243; text_transform=&#8221;uppercase&#8221; uncode_shortcode_id=&#8221;203790&#8243; el_class=&#8221;hh-hero-heading hh-hero-subtitle-blue&#8221; subheading=&#8221;\u201eA TISZTA BOLDOGS\u00c1G PILLANATAI\u00c9RT.\u201d&#8221;]A Helen Harperr\u0151l[\/vc_custom_heading][\/vc_column][\/vc_row][vc_row][vc_column width=&#8221;1\/1&#8243;][uncode_breadcrumbs][\/vc_column][\/vc_row][vc_row row_height_percent=&#8221;0&#8243; override_padding=&#8221;yes&#8221; h_padding=&#8221;2&#8243; top_padding=&#8221;2&#8243; bottom_padding=&#8221;3&#8243; overlay_alpha=&#8221;50&#8243; gutter_size=&#8221;3&#8243; column_width_percent=&#8221;100&#8243; shift_y=&#8221;0&#8243; z_index=&#8221;0&#8243; uncode_shortcode_id=&#8221;975453&#8243; el_id=&#8221;hh-about-belief&#8221;][vc_column column_width_percent=&#8221;100&#8243; align_horizontal=&#8221;align_center&#8221; gutter_size=&#8221;3&#8243; overlay_alpha=&#8221;50&#8243; shift_x=&#8221;0&#8243; shift_y=&#8221;0&#8243; shift_y_down=&#8221;0&#8243; z_index=&#8221;0&#8243; medium_width=&#8221;0&#8243; mobile_width=&#8221;0&#8243; width=&#8221;1\/1&#8243; uncode_shortcode_id=&#8221;201733&#8243;][vc_custom_heading uncode_shortcode_id=&#8221;197605&#8243; el_class=&#8221;center&#8221;]Hitvall\u00e1sunk[\/vc_custom_heading][vc_column_text uncode_shortcode_id=&#8221;239259&#8243;]\u200bSemmi sem fontosabb egy anya \u00e9s egy apa sz\u00e1m\u00e1ra, mint boldognak l\u00e1tni a gyermek\u00fcket. A baba akkor boldog, ha j\u00f3l \u00e9rzi mag\u00e1t, \u00edgy teljes m\u00e9rt\u00e9kben \u00e9lvezheti a mindennapi felfedez\u00e9seket.<\/p>\n<p>A Helen Harper eur\u00f3pai sz\u00ednvonalon tervezett, kiv\u00e1l\u00f3 min\u0151s\u00e9g\u0171 baba\u00e1pol\u00e1si term\u00e9keket k\u00edn\u00e1l, amelyek minden baba \u00e9s minden sz\u00fcl\u0151 ig\u00e9nyeit kiel\u00e9g\u00edtik.<\/p>\n<p>Nagyobb k\u00e9nyelem a bab\u00e1knak, nagyobb k\u00e9nyelem a sz\u00fcl\u0151knek[\/vc_column_text][\/vc_column][\/vc_row][vc_row row_height_percent=&#8221;0&#8243; override_padding=&#8221;yes&#8221; h_padding=&#8221;2&#8243; top_padding=&#8221;2&#8243; bottom_padding=&#8221;3&#8243; overlay_alpha=&#8221;50&#8243; gutter_size=&#8221;2&#8243; column_width_percent=&#8221;100&#8243; shift_y=&#8221;0&#8243; z_index=&#8221;0&#8243; uncode_shortcode_id=&#8221;143835&#8243;][vc_column column_width_percent=&#8221;100&#8243; gutter_size=&#8221;3&#8243; overlay_alpha=&#8221;50&#8243; shift_x=&#8221;0&#8243; shift_y=&#8221;0&#8243; shift_y_down=&#8221;0&#8243; z_index=&#8221;0&#8243; medium_width=&#8221;0&#8243; mobile_width=&#8221;0&#8243; width=&#8221;1\/2&#8243; uncode_shortcode_id=&#8221;166364&#8243;][vc_custom_heading uncode_shortcode_id=&#8221;586186&#8243; el_class=&#8221;hh-mobile&#8221;]Ki az a Helen Harper?[\/vc_custom_heading][vc_single_image media=&#8221;85&#8243; media_width_percent=&#8221;100&#8243; shape=&#8221;img-round&#8221; radius=&#8221;std&#8221; uncode_shortcode_id=&#8221;200673&#8243; el_class=&#8221;m-0&#8243;][\/vc_column][vc_column column_width_percent=&#8221;100&#8243; gutter_size=&#8221;3&#8243; overlay_alpha=&#8221;50&#8243; shift_x=&#8221;0&#8243; shift_y=&#8221;0&#8243; shift_y_down=&#8221;0&#8243; z_index=&#8221;0&#8243; medium_width=&#8221;0&#8243; mobile_width=&#8221;0&#8243; width=&#8221;1\/2&#8243; uncode_shortcode_id=&#8221;983574&#8243;][vc_custom_heading uncode_shortcode_id=&#8221;927239&#8243; el_class=&#8221;hh-desktop&#8221;]Ki az a Helen Harper?[\/vc_custom_heading][vc_column_text text_color=&#8221;color-dark-blue&#8221; uncode_shortcode_id=&#8221;762244&#8243; text_color_type=&#8221;uncode-palette&#8221;]Helen Harper a Te legjobb bar\u00e1tn\u0151d, a m\u00e1sik anyuka, aki a szomsz\u00e9dban lakik, vagy az a h\u00f6lgy, akinek a gyereke ugyanabba az \u00f3vod\u00e1ba j\u00e1r, mint a ti\u00e9d. Az az anya, aki az ap\u00e1val a parkba viszi a gyerekeket, \u00e9s j\u00e1tszik vel\u00fck, vagy az, aki a bev\u00e1s\u00e1rl\u00f3kocsiban \u00fcl\u0151 kisbab\u00e1j\u00e1val int\u00e9zi a bev\u00e1s\u00e1rl\u00e1st. Te magad vagy Helen Harper.\u200b<\/p>\n<p>A Helen Harper m\u00e1rk\u00e1t azzal a gondolattal hoztuk l\u00e9tre, hogy a sz\u00fcl\u0151v\u00e9 v\u00e1l\u00e1s pillanat\u00e1ban amire a legnagyobb sz\u00fcks\u00e9g\u00fcnk van, az egy olyan bar\u00e1t, akiben megb\u00edzhatunk. Egy bar\u00e1t, akire t\u00e1maszkodhatunk sz\u00fcks\u00e9g eset\u00e9n, amikor tan\u00e1csra van sz\u00fcks\u00e9g\u00fcnk, amikor sz\u00fcks\u00e9g\u00fcnk van valakire, aki megmondja nek\u00fcnk az igazat.\u200b<\/p>\n<p>Ez Helen Harper: a te legjobb bar\u00e1tn\u0151d a babaterm\u00e9kek ter\u00e9n, aki mindig a te oldaladon \u00e1ll, hogy a legjobb term\u00e9ket ny\u00fajtsa neked a piacon. Azt szeretn\u00e9nk, ha a gyermekeddel t\u00f6lt\u00f6tt boldog pillanatokra \u00f6sszpontos\u00edthatn\u00e1l, \u00e9s stresszmentes id\u0151t \u00e9lhetn\u00e9tek \u00e1t. Mert nek\u00fcnk a gyermekeddel elt\u00f6lt\u00f6tt boldog pillanatok az igaz\u00e1n fontosak. A t\u00f6bbit majd mi int\u00e9zz\u00fck.\u200b[\/vc_column_text][\/vc_column][\/vc_row][vc_row row_height_percent=&#8221;0&#8243; override_padding=&#8221;yes&#8221; h_padding=&#8221;2&#8243; top_padding=&#8221;3&#8243; bottom_padding=&#8221;5&#8243; overlay_alpha=&#8221;50&#8243; gutter_size=&#8221;3&#8243; column_width_percent=&#8221;100&#8243; shift_y=&#8221;0&#8243; z_index=&#8221;0&#8243; uncode_shortcode_id=&#8221;837269&#8243; el_class=&#8221;hh-purple-row&#8221; el_id=&#8221;hh-about-values&#8221;][vc_column column_width_percent=&#8221;100&#8243; align_horizontal=&#8221;align_center&#8221; gutter_size=&#8221;3&#8243; overlay_alpha=&#8221;50&#8243; shift_x=&#8221;0&#8243; shift_y=&#8221;0&#8243; shift_y_down=&#8221;0&#8243; z_index=&#8221;0&#8243; medium_width=&#8221;0&#8243; mobile_width=&#8221;0&#8243; width=&#8221;1\/1&#8243; uncode_shortcode_id=&#8221;101576&#8243;][vc_custom_heading uncode_shortcode_id=&#8221;137781&#8243; el_class=&#8221;center&#8221;]\u00c9rt\u00e9keink[\/vc_custom_heading][vc_empty_space empty_h=&#8221;2&#8243;][uncode_block id=&#8221;27&#8243; inside_column=&#8221;yes&#8221;][\/vc_column][\/vc_row][vc_row row_height_percent=&#8221;0&#8243; override_padding=&#8221;yes&#8221; h_padding=&#8221;0&#8243; top_padding=&#8221;0&#8243; bottom_padding=&#8221;0&#8243; back_color=&#8221;color-light-blue&#8221; overlay_alpha=&#8221;50&#8243; gutter_size=&#8221;3&#8243; column_width_percent=&#8221;100&#8243; shift_y=&#8221;0&#8243; z_index=&#8221;0&#8243; uncode_shortcode_id=&#8221;189592&#8243; back_color_type=&#8221;uncode-palette&#8221; el_class=&#8221;hh-media-up&#8221;][vc_column width=&#8221;1\/2&#8243;][vc_custom_heading uncode_shortcode_id=&#8221;124748&#8243; el_class=&#8221;hh-mobile&#8221;]A termel\u00e9sr\u0151l[\/vc_custom_heading][vc_raw_html]JTNDaW1nJTIwc3JjJTNEJTIyJTJGd3AtY29udGVudCUyRnVwbG9hZHMlMkYyMDIzJTJGMDQlMkZwb2xhcm9pZHMtNS5wbmclMjIlMjBhbHQlM0QlMjJCYWJ5JTIwcG9sYXJvaWRzJTIyJTIwY2xhc3MlM0QlMjJoaC1oZXJvLXBvbGFyb2lkcyUyMiUyRiUzRQ==[\/vc_raw_html][\/vc_column][vc_column column_width_percent=&#8221;100&#8243; gutter_size=&#8221;3&#8243; overlay_alpha=&#8221;50&#8243; shift_x=&#8221;0&#8243; shift_y=&#8221;0&#8243; shift_y_down=&#8221;0&#8243; z_index=&#8221;0&#8243; medium_width=&#8221;0&#8243; mobile_width=&#8221;0&#8243; width=&#8221;1\/2&#8243; uncode_shortcode_id=&#8221;473379&#8243; el_class=&#8221;hh-text-column&#8221;][vc_custom_heading uncode_shortcode_id=&#8221;132161&#8243; el_class=&#8221;hh-desktop&#8221;]A termel\u00e9sr\u0151l[\/vc_custom_heading][vc_column_text text_color=&#8221;color-dark-blue&#8221; uncode_shortcode_id=&#8221;212838&#8243; text_color_type=&#8221;uncode-palette&#8221;]A Helen Harper az Ontex c\u00e9g m\u00e1rk\u00e1ja.\u200b<\/p>\n<p>Az Ontex egy vezet\u0151 nemzetk\u00f6zi szem\u00e9lyi higi\u00e9niai csoport. Mi kiv\u00e1l\u00f3 min\u0151s\u00e9g\u0171 term\u00e9keket tervez\u00fcnk \u00e9s gy\u00e1rtunk a baba\u00e1pol\u00e1s, a n\u0151i \u00e9s a feln\u0151tt\u00e1pol\u00e1s ter\u00e9n, \u00e9s vil\u00e1gszerte a fogyaszt\u00f3k, a kiskeresked\u0151k, valamint az int\u00e9zm\u00e9nyi \u00e9s mag\u00e1n eg\u00e9szs\u00e9g\u00fcgyi szolg\u00e1ltat\u00f3k partnerei vagyunk.<\/p>\n<p>A Helen Harper term\u00e9keket az Ontex eur\u00f3pai \u00fczemeiben gy\u00e1rtj\u00e1k.<\/p>\n<p>V\u00e1llalatunkat etikai elveink vez\u00e9rlik, amelyek a biztons\u00e1gon, a min\u0151s\u00e9gen \u00e9s a vev\u0151i el\u00e9gedetts\u00e9gen alapulnak. A leg\u00e9rt\u00e9kesebb eszk\u00f6z\u00fcnk az embereink, akik minden tev\u00e9kenys\u00e9g\u00fcnk k\u00f6z\u00e9ppontj\u00e1ban \u00e1llnak.[\/vc_column_text][vc_button button_color=&#8221;color-magenta&#8221; radius=&#8221;btn-round&#8221; hover_fx=&#8221;full-colored&#8221; border_width=&#8221;0&#8243; icon_position=&#8221;right&#8221; scale_mobile=&#8221;no&#8221; link=&#8221;url:https%3A%2F%2Fontex.com%2F|title:About|target:_blank|rel:nofollow&#8221; el_class=&#8221;hh-btn-secondary hh-btn center&#8221; uncode_shortcode_id=&#8221;194582&#8243; button_color_type=&#8221;uncode-palette&#8221; icon=&#8221;fa fa-chevron-right3&#8243;]L\u00e1togass el az Ontex.com weboldalra[\/vc_button][\/vc_column][\/vc_row][vc_row row_height_percent=&#8221;0&#8243; override_padding=&#8221;yes&#8221; h_padding=&#8221;4&#8243; top_padding=&#8221;4&#8243; bottom_padding=&#8221;3&#8243; overlay_alpha=&#8221;50&#8243; gutter_size=&#8221;3&#8243; column_width_percent=&#8221;100&#8243; shift_y=&#8221;0&#8243; z_index=&#8221;0&#8243; uncode_shortcode_id=&#8221;200995&#8243;][vc_column column_width_percent=&#8221;100&#8243; align_horizontal=&#8221;align_center&#8221; gutter_size=&#8221;3&#8243; overlay_alpha=&#8221;50&#8243; shift_x=&#8221;0&#8243; shift_y=&#8221;0&#8243; shift_y_down=&#8221;0&#8243; z_index=&#8221;0&#8243; medium_width=&#8221;0&#8243; mobile_width=&#8221;0&#8243; width=&#8221;1\/1&#8243; uncode_shortcode_id=&#8221;102591&#8243;][vc_custom_heading uncode_shortcode_id=&#8221;134623&#8243;]N\u00e9zze meg a gy\u00e1rt\u00e1si vide\u00f3nkat[\/vc_custom_heading][vc_empty_space empty_h=&#8221;1&#8243;][vc_raw_html el_class=&#8221;hh-video&#8221;]JTNDaWZyYW1lJTIwY2xhc3MlM0QlMjJoaC1pZnJhbWUlMjIlMjBzcmMlM0QlMjJodHRwcyUzQSUyRiUyRnBsYXllci52aW1lby5jb20lMkZ2aWRlbyUyRjgyMDAwNjg5MCUzRmglM0Q4Yzc0NGMxODE3JTIyJTIwZnJhbWVib3JkZXIlM0QlMjIwJTIyJTIwYWxsb3clM0QlMjJmdWxsc2NyZWVuJTNCJTIwcGljdHVyZS1pbi1waWN0dXJlJTIyJTIwYWxsb3dmdWxsc2NyZWVuJTNEJTIyJTIyJTIwJTIwdGl0bGUlM0QlMjJIZWxlbiUyMEhhcnAlNUJlciUyMFByb2R1Y3Rpb24lMjBWaWRlbyUyMiUyMGRhdGEtcmVhZHklM0QlMjJ0cnVlJTIyJTNFJTNDJTJGaWZyYW1lJTNF[\/vc_raw_html][\/vc_column][\/vc_row][vc_row row_height_percent=&#8221;0&#8243; override_padding=&#8221;yes&#8221; h_padding=&#8221;0&#8243; top_padding=&#8221;0&#8243; bottom_padding=&#8221;0&#8243; back_color=&#8221;color-light-purple&#8221; overlay_alpha=&#8221;50&#8243; gutter_size=&#8221;3&#8243; column_width_percent=&#8221;100&#8243; shift_y=&#8221;0&#8243; z_index=&#8221;0&#8243; inverted_device_order=&#8221;yes&#8221; uncode_shortcode_id=&#8221;323620&#8243; back_color_type=&#8221;uncode-palette&#8221; el_id=&#8221;hh-join-block&#8221; el_class=&#8221;hh-media-up-small&#8221;][vc_column column_width_percent=&#8221;100&#8243; gutter_size=&#8221;3&#8243; overlay_alpha=&#8221;50&#8243; shift_x=&#8221;0&#8243; shift_y=&#8221;0&#8243; shift_y_down=&#8221;0&#8243; z_index=&#8221;0&#8243; medium_width=&#8221;0&#8243; mobile_width=&#8221;0&#8243; width=&#8221;1\/2&#8243; uncode_shortcode_id=&#8221;157452&#8243; el_class=&#8221;hh-larger-half hh-text-column&#8221;][vc_custom_heading uncode_shortcode_id=&#8221;174964&#8243; el_class=&#8221;hh-desktop&#8221;]Csatlakozz hozz\u00e1nk \u00e9s m\u00e1s anyuk\u00e1khoz \u00e9s apuk\u00e1khoz[\/vc_custom_heading][vc_column_text text_color=&#8221;color-nhtu&#8221; uncode_shortcode_id=&#8221;204671&#8243; text_color_type=&#8221;uncode-palette&#8221;]Csatlakozz az anyuk\u00e1kb\u00f3l \u00e9s apuk\u00e1kb\u00f3l \u00e1ll\u00f3 k\u00f6z\u00f6ss\u00e9g\u00fcnkh\u00f6z a k\u00f6z\u00f6ss\u00e9gi m\u00e9di\u00e1ban. Legy\u00e9l k\u00f6zel a gondoskod\u00f3 k\u00f6z\u00f6ss\u00e9ghez, ahol tan\u00e1csokat adhatsz \u00e9s kaphatsz a kisbab\u00e1kkal val\u00f3 mindennapi \u00e9letr\u0151l.\u200b<\/p>\n<p>Megosztjuk \u00e9rzelmeinket, k\u00e9peinket \u00e9s tippjeinket: csatlakozz kib\u0151v\u00fclt csal\u00e1dunkhoz, \u00e9s nyugodtan kommentelj! N\u00e9ha akci\u00f3kat, j\u00e1t\u00e9kokat \u00e9s aj\u00e1nd\u00e9kokat is tal\u00e1lhatsz.<\/p>\n<p>K\u00e9rd\u00e9sed van? L\u00c9PJ VEL\u00dcNK KAPCSOLATBA.[\/vc_column_text][uncode_block id=&#8221;90&#8243; inside_column=&#8221;yes&#8221;][\/vc_column][vc_column column_width_percent=&#8221;100&#8243; gutter_size=&#8221;3&#8243; overlay_alpha=&#8221;50&#8243; shift_x=&#8221;0&#8243; shift_y=&#8221;0&#8243; shift_y_down=&#8221;0&#8243; z_index=&#8221;0&#8243; medium_width=&#8221;0&#8243; mobile_width=&#8221;0&#8243; width=&#8221;1\/2&#8243; uncode_shortcode_id=&#8221;272383&#8243; el_class=&#8221;hh-smaller-half&#8221;][vc_custom_heading uncode_shortcode_id=&#8221;963628&#8243; el_class=&#8221;hh-mobile&#8221;]Csatlakozz hozz\u00e1nk \u00e9s m\u00e1s anyuk\u00e1khoz \u00e9s apuk\u00e1khoz[\/vc_custom_heading][vc_raw_html]JTNDaW1nJTIwc3JjJTNEJTIyJTJGd3AtY29udGVudCUyRnVwbG9hZHMlMkYyMDIzJTJGMDUlMkZIZWxlbl9IYXJwZXJfU29mdF9Ecnlfam9pbl91c19zb2NpYWxfbWVkaWEucG5nJTIyJTIwYWx0JTNEJTIyQmFieSUyMHBvbGFyb2lkcyUyMiUyMGNsYXNzJTNEJTIyaGgtaGVyby1wb2xhcm9pZHMlMjIlMkYlM0U=[\/vc_raw_html][\/vc_column][\/vc_row][vc_row][vc_column width=&#8221;1\/1&#8243;][vc_empty_space empty_h=&#8221;2&#8243; el_class=&#8221;hh-desktop&#8221;][\/vc_column][\/vc_row][vc_row][vc_column width=&#8221;1\/1&#8243;][uncode_block id=&#8221;69&#8243;][\/vc_column][\/vc_row][vc_row row_height_percent=&#8221;0&#8243; override_padding=&#8221;yes&#8221; h_padding=&#8221;2&#8243; top_padding=&#8221;0&#8243; bottom_padding=&#8221;2&#8243; overlay_alpha=&#8221;50&#8243; gutter_size=&#8221;3&#8243; column_width_percent=&#8221;100&#8243; shift_y=&#8221;0&#8243; z_index=&#8221;0&#8243; uncode_shortcode_id=&#8221;190742&#8243;][vc_column width=&#8221;1\/1&#8243;][vc_empty_space empty_h=&#8221;2&#8243; el_class=&#8221;hh-desktop&#8221;][\/vc_column][\/vc_row]<\/p>\n<\/div>","protected":false},"excerpt":{"rendered":"<p>A Helen Harper m\u00e1rk\u00e1t az\u00e9rt hoztuk l\u00e9tre, mert a sz\u00fcl\u0151v\u00e9 v\u00e1l\u00e1s csod\u00e1latos \u00fatj\u00e1n sz\u00fcks\u00e9g\u00fcnk van egy olyan bar\u00e1tra, akiben megb\u00edzhatunk.<\/p>\n","protected":false},"author":4,"featured_media":0,"parent":0,"menu_order":0,"comment_status":"closed","ping_status":"closed","template":"","meta":{"_acf_changed":false,"footnotes":""},"class_list":["post-2006","page","type-page","status-publish","hentry"],"acf":[],"yoast_head":"<!-- This site is optimized with the Yoast SEO Premium plugin v27.5 (Yoast SEO v27.5) - https:\/\/yoast.com\/product\/yoast-seo-premium-wordpress\/ -->\n<title>A Helen Harperr\u0151l &#183; Helen Harper Soft and Dry<\/title>\n<meta name=\"description\" content=\"A Helen Harper m\u00e1rk\u00e1t az\u00e9rt hoztuk l\u00e9tre, mert a sz\u00fcl\u0151v\u00e9 v\u00e1l\u00e1s csod\u00e1latos \u00fatj\u00e1n sz\u00fcks\u00e9g\u00fcnk van egy olyan bar\u00e1tra, akiben megb\u00edzhatunk.\" \/>\n<meta name=\"robots\" content=\"index, follow, max-snippet:-1, max-image-preview:large, max-video-preview:-1\" \/>\n<link rel=\"canonical\" href=\"https:\/\/www.helenharperbaby.com\/hu\/a-helen-harperrol\/\" \/>\n<meta property=\"og:locale\" content=\"hu_HU\" \/>\n<meta property=\"og:type\" content=\"article\" \/>\n<meta property=\"og:title\" content=\"A Helen Harperr\u0151l\" \/>\n<meta property=\"og:description\" content=\"A Helen Harper m\u00e1rk\u00e1t az\u00e9rt hoztuk l\u00e9tre, mert a sz\u00fcl\u0151v\u00e9 v\u00e1l\u00e1s csod\u00e1latos \u00fatj\u00e1n sz\u00fcks\u00e9g\u00fcnk van egy olyan bar\u00e1tra, akiben megb\u00edzhatunk.\" \/>\n<meta property=\"og:url\" content=\"https:\/\/www.helenharperbaby.com\/hu\/a-helen-harperrol\/\" \/>\n<meta property=\"og:site_name\" content=\"Helen Harper Soft and Dry\" \/>\n<meta property=\"article:modified_time\" content=\"2023-06-21T14:17:03+00:00\" \/>\n<meta property=\"og:image\" content=\"https:\/\/www.helenharperbaby.com\/wp-content\/uploads\/2023\/05\/Helen_harper_soft_dry_main_image.jpg\" \/>\n\t<meta property=\"og:image:width\" content=\"1200\" \/>\n\t<meta property=\"og:image:height\" content=\"675\" \/>\n\t<meta property=\"og:image:type\" content=\"image\/jpeg\" \/>\n<meta name=\"twitter:card\" content=\"summary_large_image\" \/>\n<meta name=\"twitter:label1\" content=\"Becs\u00fclt olvas\u00e1si id\u0151\" \/>\n\t<meta name=\"twitter:data1\" content=\"3 perc\" \/>\n<script type=\"application\/ld+json\" class=\"yoast-schema-graph\">{\"@context\":\"https:\\\/\\\/schema.org\",\"@graph\":[{\"@type\":\"WebPage\",\"@id\":\"https:\\\/\\\/www.helenharperbaby.com\\\/hu\\\/a-helen-harperrol\\\/\",\"url\":\"https:\\\/\\\/www.helenharperbaby.com\\\/hu\\\/a-helen-harperrol\\\/\",\"name\":\"A Helen Harperr\u0151l &#183; Helen Harper Soft and Dry\",\"isPartOf\":{\"@id\":\"https:\\\/\\\/www.helenharperbaby.com\\\/hu\\\/#website\"},\"datePublished\":\"2023-04-25T17:59:44+00:00\",\"dateModified\":\"2023-06-21T14:17:03+00:00\",\"description\":\"A Helen Harper m\u00e1rk\u00e1t az\u00e9rt hoztuk l\u00e9tre, mert a sz\u00fcl\u0151v\u00e9 v\u00e1l\u00e1s csod\u00e1latos \u00fatj\u00e1n sz\u00fcks\u00e9g\u00fcnk van egy olyan bar\u00e1tra, akiben megb\u00edzhatunk.\",\"breadcrumb\":{\"@id\":\"https:\\\/\\\/www.helenharperbaby.com\\\/hu\\\/a-helen-harperrol\\\/#breadcrumb\"},\"inLanguage\":\"hu\",\"potentialAction\":[{\"@type\":\"ReadAction\",\"target\":[\"https:\\\/\\\/www.helenharperbaby.com\\\/hu\\\/a-helen-harperrol\\\/\"]}]},{\"@type\":\"BreadcrumbList\",\"@id\":\"https:\\\/\\\/www.helenharperbaby.com\\\/hu\\\/a-helen-harperrol\\\/#breadcrumb\",\"itemListElement\":[{\"@type\":\"ListItem\",\"position\":1,\"name\":\"Home\",\"item\":\"https:\\\/\\\/www.helenharperbaby.com\\\/hu\\\/\"},{\"@type\":\"ListItem\",\"position\":2,\"name\":\"A Helen Harperr\u0151l\"}]},{\"@type\":\"WebSite\",\"@id\":\"https:\\\/\\\/www.helenharperbaby.com\\\/hu\\\/#website\",\"url\":\"https:\\\/\\\/www.helenharperbaby.com\\\/hu\\\/\",\"name\":\"Helen Harper Baby\",\"description\":\"For moments of pure happiness.\",\"publisher\":{\"@id\":\"https:\\\/\\\/www.helenharperbaby.com\\\/hu\\\/#organization\"},\"potentialAction\":[{\"@type\":\"SearchAction\",\"target\":{\"@type\":\"EntryPoint\",\"urlTemplate\":\"https:\\\/\\\/www.helenharperbaby.com\\\/hu\\\/?s={search_term_string}\"},\"query-input\":{\"@type\":\"PropertyValueSpecification\",\"valueRequired\":true,\"valueName\":\"search_term_string\"}}],\"inLanguage\":\"hu\"},{\"@type\":\"Organization\",\"@id\":\"https:\\\/\\\/www.helenharperbaby.com\\\/hu\\\/#organization\",\"name\":\"Helen Harper Baby\",\"url\":\"https:\\\/\\\/www.helenharperbaby.com\\\/hu\\\/\",\"logo\":{\"@type\":\"ImageObject\",\"inLanguage\":\"hu\",\"@id\":\"https:\\\/\\\/www.helenharperbaby.com\\\/hu\\\/#\\\/schema\\\/logo\\\/image\\\/\",\"url\":\"https:\\\/\\\/www.helenharperbaby.com\\\/wp-content\\\/uploads\\\/2023\\\/04\\\/hh-logo.png\",\"contentUrl\":\"https:\\\/\\\/www.helenharperbaby.com\\\/wp-content\\\/uploads\\\/2023\\\/04\\\/hh-logo.png\",\"width\":350,\"height\":227,\"caption\":\"Helen Harper Baby\"},\"image\":{\"@id\":\"https:\\\/\\\/www.helenharperbaby.com\\\/hu\\\/#\\\/schema\\\/logo\\\/image\\\/\"}}]}<\/script>\n<!-- \/ Yoast SEO Premium plugin. -->","yoast_head_json":{"title":"A Helen Harperr\u0151l &#183; Helen Harper Soft and Dry","description":"A Helen Harper m\u00e1rk\u00e1t az\u00e9rt hoztuk l\u00e9tre, mert a sz\u00fcl\u0151v\u00e9 v\u00e1l\u00e1s csod\u00e1latos \u00fatj\u00e1n sz\u00fcks\u00e9g\u00fcnk van egy olyan bar\u00e1tra, akiben megb\u00edzhatunk.","robots":{"index":"index","follow":"follow","max-snippet":"max-snippet:-1","max-image-preview":"max-image-preview:large","max-video-preview":"max-video-preview:-1"},"canonical":"https:\/\/www.helenharperbaby.com\/hu\/a-helen-harperrol\/","og_locale":"hu_HU","og_type":"article","og_title":"A Helen Harperr\u0151l","og_description":"A Helen Harper m\u00e1rk\u00e1t az\u00e9rt hoztuk l\u00e9tre, mert a sz\u00fcl\u0151v\u00e9 v\u00e1l\u00e1s csod\u00e1latos \u00fatj\u00e1n sz\u00fcks\u00e9g\u00fcnk van egy olyan bar\u00e1tra, akiben megb\u00edzhatunk.","og_url":"https:\/\/www.helenharperbaby.com\/hu\/a-helen-harperrol\/","og_site_name":"Helen Harper Soft and Dry","article_modified_time":"2023-06-21T14:17:03+00:00","og_image":[{"width":1200,"height":675,"url":"https:\/\/www.helenharperbaby.com\/wp-content\/uploads\/2023\/05\/Helen_harper_soft_dry_main_image.jpg","type":"image\/jpeg"}],"twitter_card":"summary_large_image","twitter_misc":{"Becs\u00fclt olvas\u00e1si id\u0151":"3 perc"},"schema":{"@context":"https:\/\/schema.org","@graph":[{"@type":"WebPage","@id":"https:\/\/www.helenharperbaby.com\/hu\/a-helen-harperrol\/","url":"https:\/\/www.helenharperbaby.com\/hu\/a-helen-harperrol\/","name":"A Helen Harperr\u0151l &#183; Helen Harper Soft and Dry","isPartOf":{"@id":"https:\/\/www.helenharperbaby.com\/hu\/#website"},"datePublished":"2023-04-25T17:59:44+00:00","dateModified":"2023-06-21T14:17:03+00:00","description":"A Helen Harper m\u00e1rk\u00e1t az\u00e9rt hoztuk l\u00e9tre, mert a sz\u00fcl\u0151v\u00e9 v\u00e1l\u00e1s csod\u00e1latos \u00fatj\u00e1n sz\u00fcks\u00e9g\u00fcnk van egy olyan bar\u00e1tra, akiben megb\u00edzhatunk.","breadcrumb":{"@id":"https:\/\/www.helenharperbaby.com\/hu\/a-helen-harperrol\/#breadcrumb"},"inLanguage":"hu","potentialAction":[{"@type":"ReadAction","target":["https:\/\/www.helenharperbaby.com\/hu\/a-helen-harperrol\/"]}]},{"@type":"BreadcrumbList","@id":"https:\/\/www.helenharperbaby.com\/hu\/a-helen-harperrol\/#breadcrumb","itemListElement":[{"@type":"ListItem","position":1,"name":"Home","item":"https:\/\/www.helenharperbaby.com\/hu\/"},{"@type":"ListItem","position":2,"name":"A Helen Harperr\u0151l"}]},{"@type":"WebSite","@id":"https:\/\/www.helenharperbaby.com\/hu\/#website","url":"https:\/\/www.helenharperbaby.com\/hu\/","name":"Helen Harper Baby","description":"For moments of pure happiness.","publisher":{"@id":"https:\/\/www.helenharperbaby.com\/hu\/#organization"},"potentialAction":[{"@type":"SearchAction","target":{"@type":"EntryPoint","urlTemplate":"https:\/\/www.helenharperbaby.com\/hu\/?s={search_term_string}"},"query-input":{"@type":"PropertyValueSpecification","valueRequired":true,"valueName":"search_term_string"}}],"inLanguage":"hu"},{"@type":"Organization","@id":"https:\/\/www.helenharperbaby.com\/hu\/#organization","name":"Helen Harper Baby","url":"https:\/\/www.helenharperbaby.com\/hu\/","logo":{"@type":"ImageObject","inLanguage":"hu","@id":"https:\/\/www.helenharperbaby.com\/hu\/#\/schema\/logo\/image\/","url":"https:\/\/www.helenharperbaby.com\/wp-content\/uploads\/2023\/04\/hh-logo.png","contentUrl":"https:\/\/www.helenharperbaby.com\/wp-content\/uploads\/2023\/04\/hh-logo.png","width":350,"height":227,"caption":"Helen Harper Baby"},"image":{"@id":"https:\/\/www.helenharperbaby.com\/hu\/#\/schema\/logo\/image\/"}}]}},"_links":{"self":[{"href":"https:\/\/www.helenharperbaby.com\/hu\/wp-json\/wp\/v2\/pages\/2006","targetHints":{"allow":["GET"]}}],"collection":[{"href":"https:\/\/www.helenharperbaby.com\/hu\/wp-json\/wp\/v2\/pages"}],"about":[{"href":"https:\/\/www.helenharperbaby.com\/hu\/wp-json\/wp\/v2\/types\/page"}],"author":[{"embeddable":true,"href":"https:\/\/www.helenharperbaby.com\/hu\/wp-json\/wp\/v2\/users\/4"}],"replies":[{"embeddable":true,"href":"https:\/\/www.helenharperbaby.com\/hu\/wp-json\/wp\/v2\/comments?post=2006"}],"version-history":[{"count":0,"href":"https:\/\/www.helenharperbaby.com\/hu\/wp-json\/wp\/v2\/pages\/2006\/revisions"}],"wp:attachment":[{"href":"https:\/\/www.helenharperbaby.com\/hu\/wp-json\/wp\/v2\/media?parent=2006"}],"curies":[{"name":"wp","href":"https:\/\/api.w.org\/{rel}","templated":true}]}}