{"id":2089,"date":"2023-04-28T19:40:57","date_gmt":"2023-04-28T19:40:57","guid":{"rendered":"https:\/\/www.helenharperbaby.com\/?page_id=2089"},"modified":"2023-06-21T20:26:57","modified_gmt":"2023-06-21T20:26:57","slug":"junior-pelenkak","status":"publish","type":"page","link":"https:\/\/www.helenharperbaby.com\/hu\/termekek\/junior-pelenkak\/","title":{"rendered":"Junior"},"content":{"rendered":"<div class=\"wpb-content-wrapper\"><p>[vc_row][vc_column width=&#8221;1\/1&#8243;][uncode_breadcrumbs][\/vc_column][\/vc_row][vc_row row_height_percent=&#8221;0&#8243; override_padding=&#8221;yes&#8221; h_padding=&#8221;2&#8243; top_padding=&#8221;2&#8243; bottom_padding=&#8221;4&#8243; overlay_alpha=&#8221;50&#8243; gutter_size=&#8221;3&#8243; column_width_percent=&#8221;100&#8243; shift_y=&#8221;0&#8243; z_index=&#8221;0&#8243; uncode_shortcode_id=&#8221;178806&#8243; el_class=&#8221;hh-single-product-block&#8221;][vc_column column_width_use_pixel=&#8221;yes&#8221; align_horizontal=&#8221;align_center&#8221; gutter_size=&#8221;3&#8243; override_padding=&#8221;yes&#8221; column_padding=&#8221;3&#8243; back_color=&#8221;color-lxmt&#8221; overlay_alpha=&#8221;50&#8243; shift_x=&#8221;0&#8243; shift_y=&#8221;0&#8243; shift_y_down=&#8221;0&#8243; z_index=&#8221;0&#8243; medium_width=&#8221;0&#8243; mobile_width=&#8221;0&#8243; sticky=&#8221;yes&#8221; radius=&#8221;xl&#8221; width=&#8221;5\/12&#8243; uncode_shortcode_id=&#8221;193744&#8243; column_width_pixel=&#8221;250&#8243; back_color_type=&#8221;uncode-palette&#8221;][vc_gallery el_id=&#8221;gallery-127923&#8243; type=&#8221;carousel&#8221; medias=&#8221;380,382,383,384,381,386,385&#8243; carousel_lg=&#8221;1&#8243; carousel_md=&#8221;1&#8243; carousel_sm=&#8221;1&#8243; thumb_size=&#8221;one-one&#8221; gutter_size=&#8221;3&#8243; media_items=&#8221;media|lightbox|original&#8221; carousel_v_align=&#8221;middle&#8221; carousel_interval=&#8221;3000&#8243; carousel_navspeed=&#8221;400&#8243; carousel_dots=&#8221;yes&#8221; carousel_dots_mobile=&#8221;yes&#8221; stage_padding=&#8221;0&#8243; single_overlay_opacity=&#8221;50&#8243; single_overlay_anim=&#8221;no&#8221; single_text_anim=&#8221;no&#8221; single_image_anim=&#8221;no&#8221; single_padding=&#8221;2&#8243; single_border=&#8221;yes&#8221; uncode_shortcode_id=&#8221;166200&#8243; el_class=&#8221;hh-custom-controls&#8221;][\/vc_column][vc_column width=&#8221;7\/12&#8243;][vc_empty_space empty_h=&#8221;2&#8243; mobile_visibility=&#8221;yes&#8221;][vc_custom_heading heading_semantic=&#8221;h1&#8243; uncode_shortcode_id=&#8221;190338&#8243; el_class=&#8221;mobile-left&#8221;]JUNIOR PELENK\u00c1K[\/vc_custom_heading][uncode_list uncode_shortcode_id=&#8221;452933&#8243; el_class=&#8221;hh-list&#8221;]<\/p>\n<ul>\n<li class=\"blue\">DIAPERS<\/li>\n<li class=\"purple\">JUNIOR<\/li>\n<\/ul>\n<p>[\/uncode_list][vc_empty_space empty_h=&#8221;2&#8243; el_class=&#8221;hh-mobile&#8221;][vc_column_text uncode_shortcode_id=&#8221;250551&#8243;]A junior pelenk\u00e1k 11 \u00e9s 16 kg k\u00f6z\u00f6tti gyermekek sz\u00e1m\u00e1ra k\u00e9sz\u00fcltek.\u200b<\/p>\n<p>Olyan \u00e9rz\u00e9s, mintha m\u00e9g csak tegnap sz\u00fcletett volna a gyermeked, de az id\u0151 olyan gyorsan rep\u00fcl! Szeretnek j\u00e1tszani \u00e9s felfedezni a term\u00e9szetben.\u200b<\/p>\n<p>Puha pelenk\u00e1ink, amelyek azonnal sz\u00e1raz tapint\u00e1s\u00faak, garant\u00e1lj\u00e1k a baba b\u0151r\u00e9nek sz\u00e1razs\u00e1g\u00e1t \u00e9s k\u00e9nyelm\u00e9t. Kalandokra fel!\u200b[\/vc_column_text][vc_row_inner row_inner_height_percent=&#8221;0&#8243; overlay_alpha=&#8221;50&#8243; gutter_size=&#8221;0&#8243; shift_y=&#8221;0&#8243; z_index=&#8221;0&#8243; uncode_shortcode_id=&#8221;126957&#8243; el_class=&#8221;hh-product-icons-block&#8221;][vc_column_inner column_width_percent=&#8221;100&#8243; gutter_size=&#8221;3&#8243; overlay_alpha=&#8221;50&#8243; shift_x=&#8221;0&#8243; shift_y=&#8221;0&#8243; shift_y_down=&#8221;0&#8243; z_index=&#8221;0&#8243; medium_width=&#8221;0&#8243; mobile_width=&#8221;4&#8243; width=&#8221;1\/2&#8243; uncode_shortcode_id=&#8221;338818&#8243;][vc_icon position=&#8221;left&#8221; icon_image=&#8221;143&#8243; heading_semantic=&#8221;p&#8221; text_size=&#8221;&#8221; uncode_shortcode_id=&#8221;181083&#8243; title=&#8221;39\/54 darabos csomag&#8221; el_class=&#8221;hh-grayscale-icon&#8221;][\/vc_icon][vc_icon position=&#8221;left&#8221; icon_image=&#8221;142&#8243; heading_semantic=&#8221;p&#8221; text_size=&#8221;&#8221; uncode_shortcode_id=&#8221;174945&#8243; title=&#8221;11-16 kg&#8221; el_class=&#8221;hh-grayscale-icon&#8221;][\/vc_icon][\/vc_column_inner][vc_column_inner column_width_percent=&#8221;100&#8243; gutter_size=&#8221;3&#8243; overlay_alpha=&#8221;50&#8243; shift_x=&#8221;0&#8243; shift_y=&#8221;0&#8243; shift_y_down=&#8221;0&#8243; z_index=&#8221;0&#8243; medium_width=&#8221;0&#8243; mobile_width=&#8221;4&#8243; width=&#8221;1\/2&#8243; uncode_shortcode_id=&#8221;220278&#8243;][vc_icon position=&#8221;left&#8221; icon_image=&#8221;145&#8243; heading_semantic=&#8221;p&#8221; text_size=&#8221;&#8221; uncode_shortcode_id=&#8221;208797&#8243; title=&#8221;12 \u00f3r\u00e1n \u00e1t tart\u00f3 v\u00e9delem&#8221; el_class=&#8221;hh-grayscale-icon&#8221;][\/vc_icon][vc_icon position=&#8221;left&#8221; icon_image=&#8221;144&#8243; heading_semantic=&#8221;p&#8221; text_size=&#8221;&#8221; uncode_shortcode_id=&#8221;173291&#8243; title=&#8221;Nappal \u00e9s \u00e9jszaka&#8221; el_class=&#8221;hh-grayscale-icon&#8221;][\/vc_icon][\/vc_column_inner][\/vc_row_inner][vc_button hover_fx=&#8221;full-colored&#8221; border_width=&#8221;0&#8243; link=&#8221;url:http%3A%2F%2Fhol-lehet-meg-megvasarolni|title:Hol%20lehet%20megvasarolni&#8221; el_class=&#8221;hh-btn-primary hh-btn&#8221; uncode_shortcode_id=&#8221;619802&#8243;]Hol lehet megv\u00e1s\u00e1rolni[\/vc_button][vc_empty_space empty_h=&#8221;3&#8243;][vc_custom_heading heading_semantic=&#8221;h4&#8243; text_size=&#8221;h5&#8243; text_weight=&#8221;500&#8243; uncode_shortcode_id=&#8221;955247&#8243;]M\u00e1s m\u00e9retekben is kaphat\u00f3:[\/vc_custom_heading][uncode_list uncode_shortcode_id=&#8221;414556&#8243; el_id=&#8221;hh-size-links&#8221; el_class=&#8221;hh-list&#8221;]<\/p>\n<ul>\n<li class=\"green\"><a href=\"https:\/\/www.helenharperbaby.com\/hu\/termekek\/pelenkak-newborn\/\">NEWBORN<\/a><\/li>\n<li class=\"lgreen\"><a href=\"https:\/\/www.helenharperbaby.com\/hu\/termekek\/mini-pelenkak\/\">MINI<\/a><\/li>\n<li class=\"lblue\"><a href=\"https:\/\/www.helenharperbaby.com\/hu\/termekek\/midi-pelenkak\/\">MIDI<\/a><\/li>\n<li class=\"turq\"><a href=\"https:\/\/www.helenharperbaby.com\/hu\/termekek\/maxi-pelenkak\/\">MAXI<\/a><\/li>\n<li class=\"pink\"><a href=\"https:\/\/www.helenharperbaby.com\/hu\/termekek\/xl-pelenkak\/\">XL<\/a><\/li>\n<\/ul>\n<p>[\/uncode_list][vc_empty_space empty_h=&#8221;3&#8243;][vc_custom_heading text_color=&#8221;color-jevc&#8221; heading_semantic=&#8221;h4&#8243; text_size=&#8221;h5&#8243; text_weight=&#8221;500&#8243; uncode_shortcode_id=&#8221;203861&#8243; text_color_type=&#8221;uncode-palette&#8221;]\u00d6sszet\u00e9tel[\/vc_custom_heading][vc_single_image media=&#8221;372&#8243; media_width_percent=&#8221;100&#8243; uncode_shortcode_id=&#8221;991439&#8243; el_class=&#8221;hh-max-100&#8243;][vc_raw_html]JTNDZGl2JTIwY2xhc3MlM0QlMjJoaC1nYW1tZS1idXR0b25zJTIyJTNFJTBBJTNDYnV0dG9uJTIwaWQlM0QlMjJidXR0b24tMSUyMiUzRTElM0MlMkZidXR0b24lM0UlMEElM0NidXR0b24lMjBpZCUzRCUyMmJ1dHRvbi0yJTIyJTNFMiUzQyUyRmJ1dHRvbiUzRSUwQSUzQ2J1dHRvbiUyMGlkJTNEJTIyYnV0dG9uLTMlMjIlM0UzJTNDJTJGYnV0dG9uJTNFJTBBJTNDYnV0dG9uJTIwaWQlM0QlMjJidXR0b24tNCUyMiUzRTQlM0MlMkZidXR0b24lM0UlMEElM0NidXR0b24lMjBpZCUzRCUyMmJ1dHRvbi01JTIyJTNFNSUzQyUyRmJ1dHRvbiUzRSUwQSUzQ2J1dHRvbiUyMGlkJTNEJTIyYnV0dG9uLTYlMjIlM0U2JTNDJTJGYnV0dG9uJTNFJTBBJTNDYnV0dG9uJTIwaWQlM0QlMjJidXR0b24tNyUyMiUzRTclM0MlMkZidXR0b24lM0UlMEElM0MlMkZkaXYlM0UlMEElM0NwJTNFViVDMyVBMWxhc3N6JTIwa2klMjBlZ3klMjBzeiVDMyVBMW1vdCUyMGF6JTIwJUMzJUI2c3N6ZXQlQzMlQTl0ZWwlMjBlZ3klMjBhZG90dCUyMHIlQzMlQTlzeiVDMyVBOW5layUyMG1lZ2plbGVuJUMzJUFEdCVDMyVBOXMlQzMlQTloZXolM0MlMkZwJTNF[\/vc_raw_html][uncode_block id=&#8221;141&#8243; inside_column=&#8221;yes&#8221;][\/vc_column][\/vc_row][vc_row][vc_column width=&#8221;1\/1&#8243;][uncode_block id=&#8221;137&#8243;][\/vc_column][\/vc_row][vc_row][vc_column width=&#8221;1\/1&#8243;][vc_empty_space empty_h=&#8221;2&#8243;][\/vc_column][\/vc_row][vc_row][vc_column width=&#8221;1\/1&#8243;][uncode_block id=&#8221;69&#8243;][\/vc_column][\/vc_row]<\/p>\n<\/div>","protected":false},"excerpt":{"rendered":"<p>A Helen Harper Soft &#038; Dry pelenk\u00e1k haszn\u00e1lata egyszer\u0171: csak ny\u00fajtsd ki, h\u00fazd fel gyermekedre, \u00e9s amikor itt az ideje a lev\u00e9telnek, t\u00e9pd sz\u00e9t az oldalait.<\/p>\n","protected":false},"author":3,"featured_media":666,"parent":2101,"menu_order":5,"comment_status":"closed","ping_status":"closed","template":"","meta":{"_acf_changed":false,"footnotes":""},"class_list":["post-2089","page","type-page","status-publish","has-post-thumbnail","hentry","page_category-pelenkak"],"acf":[],"yoast_head":"<!-- This site is optimized with the Yoast SEO Premium plugin v27.3 (Yoast SEO v27.3) - https:\/\/yoast.com\/product\/yoast-seo-premium-wordpress\/ -->\n<title>Junior bugyipelenka 12-17 kg k\u00f6z\u00f6tt &#183; Helen Harper Soft and Dry<\/title>\n<meta name=\"description\" content=\"A Helen Harper Soft &amp; Dry pelenk\u00e1k haszn\u00e1lata egyszer\u0171: csak ny\u00fajtsd ki, h\u00fazd fel gyermekedre, \u00e9s amikor itt az ideje a lev\u00e9telnek, t\u00e9pd sz\u00e9t az oldalait.\" \/>\n<meta name=\"robots\" content=\"index, follow, max-snippet:-1, max-image-preview:large, max-video-preview:-1\" \/>\n<link rel=\"canonical\" href=\"https:\/\/www.helenharperbaby.com\/hu\/termekek\/junior-pelenkak\/\" \/>\n<meta property=\"og:locale\" content=\"hu_HU\" \/>\n<meta property=\"og:type\" content=\"article\" \/>\n<meta property=\"og:title\" content=\"Junior\" \/>\n<meta property=\"og:description\" content=\"A Helen Harper Soft &amp; Dry pelenk\u00e1k haszn\u00e1lata egyszer\u0171: csak ny\u00fajtsd ki, h\u00fazd fel gyermekedre, \u00e9s amikor itt az ideje a lev\u00e9telnek, t\u00e9pd sz\u00e9t az oldalait.\" \/>\n<meta property=\"og:url\" content=\"https:\/\/www.helenharperbaby.com\/hu\/termekek\/junior-pelenkak\/\" \/>\n<meta property=\"og:site_name\" content=\"Helen Harper Soft and Dry\" \/>\n<meta property=\"article:modified_time\" content=\"2023-06-21T20:26:57+00:00\" \/>\n<meta property=\"og:image\" content=\"https:\/\/www.helenharperbaby.com\/wp-content\/uploads\/2023\/04\/d-5.png\" \/>\n\t<meta property=\"og:image:width\" content=\"600\" \/>\n\t<meta property=\"og:image:height\" content=\"600\" \/>\n\t<meta property=\"og:image:type\" content=\"image\/png\" \/>\n<meta name=\"twitter:card\" content=\"summary_large_image\" \/>\n<meta name=\"twitter:label1\" content=\"Becs\u00fclt olvas\u00e1si id\u0151\" \/>\n\t<meta name=\"twitter:data1\" content=\"1 perc\" \/>\n<script type=\"application\/ld+json\" class=\"yoast-schema-graph\">{\"@context\":\"https:\\\/\\\/schema.org\",\"@graph\":[{\"@type\":\"WebPage\",\"@id\":\"https:\\\/\\\/www.helenharperbaby.com\\\/hu\\\/termekek\\\/junior-pelenkak\\\/\",\"url\":\"https:\\\/\\\/www.helenharperbaby.com\\\/hu\\\/termekek\\\/junior-pelenkak\\\/\",\"name\":\"Junior bugyipelenka 12-17 kg k\u00f6z\u00f6tt &#183; Helen Harper Soft and Dry\",\"isPartOf\":{\"@id\":\"https:\\\/\\\/www.helenharperbaby.com\\\/hu\\\/#website\"},\"primaryImageOfPage\":{\"@id\":\"https:\\\/\\\/www.helenharperbaby.com\\\/hu\\\/termekek\\\/junior-pelenkak\\\/#primaryimage\"},\"image\":{\"@id\":\"https:\\\/\\\/www.helenharperbaby.com\\\/hu\\\/termekek\\\/junior-pelenkak\\\/#primaryimage\"},\"thumbnailUrl\":\"https:\\\/\\\/www.helenharperbaby.com\\\/wp-content\\\/uploads\\\/2023\\\/04\\\/d-5.png\",\"datePublished\":\"2023-04-28T19:40:57+00:00\",\"dateModified\":\"2023-06-21T20:26:57+00:00\",\"description\":\"A Helen Harper Soft & Dry pelenk\u00e1k haszn\u00e1lata egyszer\u0171: csak ny\u00fajtsd ki, h\u00fazd fel gyermekedre, \u00e9s amikor itt az ideje a lev\u00e9telnek, t\u00e9pd sz\u00e9t az oldalait.\",\"breadcrumb\":{\"@id\":\"https:\\\/\\\/www.helenharperbaby.com\\\/hu\\\/termekek\\\/junior-pelenkak\\\/#breadcrumb\"},\"inLanguage\":\"hu\",\"potentialAction\":[{\"@type\":\"ReadAction\",\"target\":[\"https:\\\/\\\/www.helenharperbaby.com\\\/hu\\\/termekek\\\/junior-pelenkak\\\/\"]}]},{\"@type\":\"ImageObject\",\"inLanguage\":\"hu\",\"@id\":\"https:\\\/\\\/www.helenharperbaby.com\\\/hu\\\/termekek\\\/junior-pelenkak\\\/#primaryimage\",\"url\":\"https:\\\/\\\/www.helenharperbaby.com\\\/wp-content\\\/uploads\\\/2023\\\/04\\\/d-5.png\",\"contentUrl\":\"https:\\\/\\\/www.helenharperbaby.com\\\/wp-content\\\/uploads\\\/2023\\\/04\\\/d-5.png\",\"width\":600,\"height\":600},{\"@type\":\"BreadcrumbList\",\"@id\":\"https:\\\/\\\/www.helenharperbaby.com\\\/hu\\\/termekek\\\/junior-pelenkak\\\/#breadcrumb\",\"itemListElement\":[{\"@type\":\"ListItem\",\"position\":1,\"name\":\"Home\",\"item\":\"https:\\\/\\\/www.helenharperbaby.com\\\/hu\\\/\"},{\"@type\":\"ListItem\",\"position\":2,\"name\":\"Term\u00e9kek\",\"item\":\"https:\\\/\\\/www.helenharperbaby.com\\\/hu\\\/termekek\\\/\"},{\"@type\":\"ListItem\",\"position\":3,\"name\":\"Junior\"}]},{\"@type\":\"WebSite\",\"@id\":\"https:\\\/\\\/www.helenharperbaby.com\\\/hu\\\/#website\",\"url\":\"https:\\\/\\\/www.helenharperbaby.com\\\/hu\\\/\",\"name\":\"Helen Harper Baby\",\"description\":\"For moments of pure happiness.\",\"publisher\":{\"@id\":\"https:\\\/\\\/www.helenharperbaby.com\\\/hu\\\/#organization\"},\"potentialAction\":[{\"@type\":\"SearchAction\",\"target\":{\"@type\":\"EntryPoint\",\"urlTemplate\":\"https:\\\/\\\/www.helenharperbaby.com\\\/hu\\\/?s={search_term_string}\"},\"query-input\":{\"@type\":\"PropertyValueSpecification\",\"valueRequired\":true,\"valueName\":\"search_term_string\"}}],\"inLanguage\":\"hu\"},{\"@type\":\"Organization\",\"@id\":\"https:\\\/\\\/www.helenharperbaby.com\\\/hu\\\/#organization\",\"name\":\"Helen Harper Baby\",\"url\":\"https:\\\/\\\/www.helenharperbaby.com\\\/hu\\\/\",\"logo\":{\"@type\":\"ImageObject\",\"inLanguage\":\"hu\",\"@id\":\"https:\\\/\\\/www.helenharperbaby.com\\\/hu\\\/#\\\/schema\\\/logo\\\/image\\\/\",\"url\":\"https:\\\/\\\/www.helenharperbaby.com\\\/wp-content\\\/uploads\\\/2023\\\/04\\\/hh-logo.png\",\"contentUrl\":\"https:\\\/\\\/www.helenharperbaby.com\\\/wp-content\\\/uploads\\\/2023\\\/04\\\/hh-logo.png\",\"width\":350,\"height\":227,\"caption\":\"Helen Harper Baby\"},\"image\":{\"@id\":\"https:\\\/\\\/www.helenharperbaby.com\\\/hu\\\/#\\\/schema\\\/logo\\\/image\\\/\"}}]}<\/script>\n<!-- \/ Yoast SEO Premium plugin. -->","yoast_head_json":{"title":"Junior bugyipelenka 12-17 kg k\u00f6z\u00f6tt &#183; Helen Harper Soft and Dry","description":"A Helen Harper Soft & Dry pelenk\u00e1k haszn\u00e1lata egyszer\u0171: csak ny\u00fajtsd ki, h\u00fazd fel gyermekedre, \u00e9s amikor itt az ideje a lev\u00e9telnek, t\u00e9pd sz\u00e9t az oldalait.","robots":{"index":"index","follow":"follow","max-snippet":"max-snippet:-1","max-image-preview":"max-image-preview:large","max-video-preview":"max-video-preview:-1"},"canonical":"https:\/\/www.helenharperbaby.com\/hu\/termekek\/junior-pelenkak\/","og_locale":"hu_HU","og_type":"article","og_title":"Junior","og_description":"A Helen Harper Soft & Dry pelenk\u00e1k haszn\u00e1lata egyszer\u0171: csak ny\u00fajtsd ki, h\u00fazd fel gyermekedre, \u00e9s amikor itt az ideje a lev\u00e9telnek, t\u00e9pd sz\u00e9t az oldalait.","og_url":"https:\/\/www.helenharperbaby.com\/hu\/termekek\/junior-pelenkak\/","og_site_name":"Helen Harper Soft and Dry","article_modified_time":"2023-06-21T20:26:57+00:00","og_image":[{"width":600,"height":600,"url":"https:\/\/www.helenharperbaby.com\/wp-content\/uploads\/2023\/04\/d-5.png","type":"image\/png"}],"twitter_card":"summary_large_image","twitter_misc":{"Becs\u00fclt olvas\u00e1si id\u0151":"1 perc"},"schema":{"@context":"https:\/\/schema.org","@graph":[{"@type":"WebPage","@id":"https:\/\/www.helenharperbaby.com\/hu\/termekek\/junior-pelenkak\/","url":"https:\/\/www.helenharperbaby.com\/hu\/termekek\/junior-pelenkak\/","name":"Junior bugyipelenka 12-17 kg k\u00f6z\u00f6tt &#183; Helen Harper Soft and Dry","isPartOf":{"@id":"https:\/\/www.helenharperbaby.com\/hu\/#website"},"primaryImageOfPage":{"@id":"https:\/\/www.helenharperbaby.com\/hu\/termekek\/junior-pelenkak\/#primaryimage"},"image":{"@id":"https:\/\/www.helenharperbaby.com\/hu\/termekek\/junior-pelenkak\/#primaryimage"},"thumbnailUrl":"https:\/\/www.helenharperbaby.com\/wp-content\/uploads\/2023\/04\/d-5.png","datePublished":"2023-04-28T19:40:57+00:00","dateModified":"2023-06-21T20:26:57+00:00","description":"A Helen Harper Soft & Dry pelenk\u00e1k haszn\u00e1lata egyszer\u0171: csak ny\u00fajtsd ki, h\u00fazd fel gyermekedre, \u00e9s amikor itt az ideje a lev\u00e9telnek, t\u00e9pd sz\u00e9t az oldalait.","breadcrumb":{"@id":"https:\/\/www.helenharperbaby.com\/hu\/termekek\/junior-pelenkak\/#breadcrumb"},"inLanguage":"hu","potentialAction":[{"@type":"ReadAction","target":["https:\/\/www.helenharperbaby.com\/hu\/termekek\/junior-pelenkak\/"]}]},{"@type":"ImageObject","inLanguage":"hu","@id":"https:\/\/www.helenharperbaby.com\/hu\/termekek\/junior-pelenkak\/#primaryimage","url":"https:\/\/www.helenharperbaby.com\/wp-content\/uploads\/2023\/04\/d-5.png","contentUrl":"https:\/\/www.helenharperbaby.com\/wp-content\/uploads\/2023\/04\/d-5.png","width":600,"height":600},{"@type":"BreadcrumbList","@id":"https:\/\/www.helenharperbaby.com\/hu\/termekek\/junior-pelenkak\/#breadcrumb","itemListElement":[{"@type":"ListItem","position":1,"name":"Home","item":"https:\/\/www.helenharperbaby.com\/hu\/"},{"@type":"ListItem","position":2,"name":"Term\u00e9kek","item":"https:\/\/www.helenharperbaby.com\/hu\/termekek\/"},{"@type":"ListItem","position":3,"name":"Junior"}]},{"@type":"WebSite","@id":"https:\/\/www.helenharperbaby.com\/hu\/#website","url":"https:\/\/www.helenharperbaby.com\/hu\/","name":"Helen Harper Baby","description":"For moments of pure happiness.","publisher":{"@id":"https:\/\/www.helenharperbaby.com\/hu\/#organization"},"potentialAction":[{"@type":"SearchAction","target":{"@type":"EntryPoint","urlTemplate":"https:\/\/www.helenharperbaby.com\/hu\/?s={search_term_string}"},"query-input":{"@type":"PropertyValueSpecification","valueRequired":true,"valueName":"search_term_string"}}],"inLanguage":"hu"},{"@type":"Organization","@id":"https:\/\/www.helenharperbaby.com\/hu\/#organization","name":"Helen Harper Baby","url":"https:\/\/www.helenharperbaby.com\/hu\/","logo":{"@type":"ImageObject","inLanguage":"hu","@id":"https:\/\/www.helenharperbaby.com\/hu\/#\/schema\/logo\/image\/","url":"https:\/\/www.helenharperbaby.com\/wp-content\/uploads\/2023\/04\/hh-logo.png","contentUrl":"https:\/\/www.helenharperbaby.com\/wp-content\/uploads\/2023\/04\/hh-logo.png","width":350,"height":227,"caption":"Helen Harper Baby"},"image":{"@id":"https:\/\/www.helenharperbaby.com\/hu\/#\/schema\/logo\/image\/"}}]}},"_links":{"self":[{"href":"https:\/\/www.helenharperbaby.com\/hu\/wp-json\/wp\/v2\/pages\/2089","targetHints":{"allow":["GET"]}}],"collection":[{"href":"https:\/\/www.helenharperbaby.com\/hu\/wp-json\/wp\/v2\/pages"}],"about":[{"href":"https:\/\/www.helenharperbaby.com\/hu\/wp-json\/wp\/v2\/types\/page"}],"author":[{"embeddable":true,"href":"https:\/\/www.helenharperbaby.com\/hu\/wp-json\/wp\/v2\/users\/3"}],"replies":[{"embeddable":true,"href":"https:\/\/www.helenharperbaby.com\/hu\/wp-json\/wp\/v2\/comments?post=2089"}],"version-history":[{"count":0,"href":"https:\/\/www.helenharperbaby.com\/hu\/wp-json\/wp\/v2\/pages\/2089\/revisions"}],"up":[{"embeddable":true,"href":"https:\/\/www.helenharperbaby.com\/hu\/wp-json\/wp\/v2\/pages\/2101"}],"wp:featuredmedia":[{"embeddable":true,"href":"https:\/\/www.helenharperbaby.com\/hu\/wp-json\/wp\/v2\/media\/666"}],"wp:attachment":[{"href":"https:\/\/www.helenharperbaby.com\/hu\/wp-json\/wp\/v2\/media?parent=2089"}],"curies":[{"name":"wp","href":"https:\/\/api.w.org\/{rel}","templated":true}]}}