{"id":2101,"date":"2023-04-25T18:00:43","date_gmt":"2023-04-25T18:00:43","guid":{"rendered":"https:\/\/www.helenharperbaby.com\/?page_id=2101"},"modified":"2023-06-21T14:51:09","modified_gmt":"2023-06-21T14:51:09","slug":"termekek","status":"publish","type":"page","link":"https:\/\/www.helenharperbaby.com\/hu\/termekek\/","title":{"rendered":"Term\u00e9kek"},"content":{"rendered":"<div class=\"wpb-content-wrapper\"><p>[vc_row][vc_column width=&#8221;1\/1&#8243;][uncode_breadcrumbs][\/vc_column][\/vc_row][vc_row][vc_column column_width_percent=&#8221;100&#8243; align_horizontal=&#8221;align_center&#8221; gutter_size=&#8221;3&#8243; overlay_alpha=&#8221;50&#8243; shift_x=&#8221;0&#8243; shift_y=&#8221;0&#8243; shift_y_down=&#8221;0&#8243; z_index=&#8221;0&#8243; medium_width=&#8221;0&#8243; mobile_width=&#8221;0&#8243; width=&#8221;1\/1&#8243; uncode_shortcode_id=&#8221;123477&#8243;][vc_custom_heading text_size=&#8221;h1&#8243; uncode_shortcode_id=&#8221;194949&#8243; el_class=&#8221;center page-title&#8221;]TERM\u00c9KEK[\/vc_custom_heading][vc_column_text uncode_shortcode_id=&#8221;205357&#8243;]Sz\u00fcl\u0151nek lenni nem mindig k\u00f6nny\u0171, de nagy boldogs\u00e1g! A Helen Harper mindig k\u00f6zel van hozz\u00e1tok.<\/p>\n<p>Azt szeretn\u00e9nk, ha Te \u00e9s gyermekeid \u00e9lvezn\u00e9tek term\u00e9keinket: innovat\u00edv megold\u00e1sokat hozunk l\u00e9tre, \u00e9s tesztelj\u00fck \u0151ket sz\u00fcl\u0151kkel \u00e9s gyermekekkel, hogy megfeleljenek a mindennapi \u00e9let ig\u00e9nyeinek. Szeretn\u00e9nk megadni a sz\u00fcl\u0151knek \u00e9s a gyerekeknek a szabads\u00e1got, hogy \u00faj dolgokat fedezhessenek fel, mert hisz\u00fcnk a szabads\u00e1gban \u00e9s a boldogs\u00e1gban. Ez\u00e9rt amikor a kisbab\u00e1k szabadon fedezik fel az \u00faj vil\u00e1got, mi ott vagyunk mellett\u00fck.[\/vc_column_text][\/vc_column][\/vc_row][vc_row row_height_percent=&#8221;0&#8243; override_padding=&#8221;yes&#8221; h_padding=&#8221;0&#8243; top_padding=&#8221;2&#8243; bottom_padding=&#8221;3&#8243; overlay_alpha=&#8221;50&#8243; gutter_size=&#8221;0&#8243; column_width_percent=&#8221;100&#8243; shift_y=&#8221;0&#8243; z_index=&#8221;0&#8243; uncode_shortcode_id=&#8221;105584&#8243; el_id=&#8221;hh-products-diapers&#8221; row_name=&#8221;pelenkak&#8221;][vc_column column_width_percent=&#8221;100&#8243; align_horizontal=&#8221;align_center&#8221; gutter_size=&#8221;3&#8243; overlay_alpha=&#8221;50&#8243; shift_x=&#8221;0&#8243; shift_y=&#8221;0&#8243; shift_y_down=&#8221;0&#8243; z_index=&#8221;0&#8243; medium_width=&#8221;0&#8243; mobile_width=&#8221;0&#8243; css_animation=&#8221;alpha-anim&#8221; animation_delay=&#8221;100&#8243; width=&#8221;1\/1&#8243; uncode_shortcode_id=&#8221;925940&#8243;][vc_custom_heading uncode_shortcode_id=&#8221;522981&#8243; el_class=&#8221;center&#8221;]PELENK\u00c1K[\/vc_custom_heading][uncode_index el_id=&#8221;feed-products-diapers&#8221; index_type=&#8221;carousel&#8221; loop=&#8221;size:All|order_by:menu_order|order:ASC|post_type:page|tax_query:10|taxonomy_count:All&#8221; carousel_lg=&#8221;4&#8243; carousel_md=&#8221;3&#8243; carousel_sm=&#8221;1&#8243; gutter_size=&#8221;2&#8243; page_items=&#8221;media|featured|onpost|original,title&#8221; portfolio_items=&#8221;media|featured|onpost|original,title,text|excerpt|100&#8243; carousel_interval=&#8221;0&#8243; carousel_navspeed=&#8221;400&#8243; carousel_nav=&#8221;yes&#8221; carousel_nav_mobile=&#8221;yes&#8221; stage_padding=&#8221;0&#8243; single_shape=&#8221;round&#8221; radius=&#8221;std&#8221; single_overlay_opacity=&#8221;1&#8243; single_overlay_anim=&#8221;no&#8221; single_text_visible=&#8221;yes&#8221; single_text_anim=&#8221;no&#8221; single_h_align=&#8221;center&#8221; single_h_align_mobile=&#8221;center&#8221; single_padding=&#8221;0&#8243; single_title_dimension=&#8221;h6&#8243; single_title_transform=&#8221;uppercase&#8221; single_border=&#8221;yes&#8221; uncode_shortcode_id=&#8221;323587&#8243; el_class=&#8221;hh-carousel show-nav&#8221;][\/vc_column][\/vc_row][vc_row row_height_percent=&#8221;0&#8243; override_padding=&#8221;yes&#8221; h_padding=&#8221;0&#8243; top_padding=&#8221;2&#8243; bottom_padding=&#8221;3&#8243; overlay_alpha=&#8221;50&#8243; gutter_size=&#8221;0&#8243; column_width_percent=&#8221;100&#8243; shift_y=&#8221;0&#8243; z_index=&#8221;0&#8243; uncode_shortcode_id=&#8221;144317&#8243; el_class=&#8221;row-of-3&#8243; el_id=&#8221;hh-products-pants&#8221; row_name=&#8221;bugyipelenkak&#8221;][vc_column column_width_percent=&#8221;100&#8243; align_horizontal=&#8221;align_center&#8221; gutter_size=&#8221;3&#8243; overlay_alpha=&#8221;50&#8243; shift_x=&#8221;0&#8243; shift_y=&#8221;0&#8243; shift_y_down=&#8221;0&#8243; z_index=&#8221;0&#8243; medium_width=&#8221;0&#8243; mobile_width=&#8221;0&#8243; css_animation=&#8221;alpha-anim&#8221; animation_delay=&#8221;100&#8243; width=&#8221;1\/1&#8243; uncode_shortcode_id=&#8221;925940&#8243;][vc_custom_heading uncode_shortcode_id=&#8221;974804&#8243; el_class=&#8221;center&#8221;]BUGYIPELENK\u00c1K[\/vc_custom_heading][uncode_index el_id=&#8221;feed-products-pants&#8221; index_type=&#8221;carousel&#8221; loop=&#8221;size:All|order_by:menu_order|order:ASC|post_type:page|tax_query:11|taxonomy_count:All&#8221; carousel_lg=&#8221;3&#8243; carousel_md=&#8221;3&#8243; carousel_sm=&#8221;1&#8243; gutter_size=&#8221;2&#8243; page_items=&#8221;media|featured|onpost|original,title&#8221; portfolio_items=&#8221;media|featured|onpost|original,title,text|excerpt|100&#8243; carousel_interval=&#8221;0&#8243; carousel_navspeed=&#8221;400&#8243; carousel_nav=&#8221;yes&#8221; carousel_nav_mobile=&#8221;yes&#8221; stage_padding=&#8221;0&#8243; single_shape=&#8221;round&#8221; radius=&#8221;std&#8221; single_overlay_opacity=&#8221;1&#8243; single_overlay_anim=&#8221;no&#8221; single_text_visible=&#8221;yes&#8221; single_text_anim=&#8221;no&#8221; single_h_align=&#8221;center&#8221; single_h_align_mobile=&#8221;center&#8221; single_padding=&#8221;0&#8243; single_title_dimension=&#8221;h6&#8243; single_title_transform=&#8221;uppercase&#8221; single_border=&#8221;yes&#8221; uncode_shortcode_id=&#8221;432452&#8243; el_class=&#8221;hh-carousel show-nav mobile-nav-only&#8221;][\/vc_column][\/vc_row][vc_row row_height_percent=&#8221;0&#8243; override_padding=&#8221;yes&#8221; h_padding=&#8221;0&#8243; top_padding=&#8221;2&#8243; bottom_padding=&#8221;3&#8243; overlay_alpha=&#8221;50&#8243; gutter_size=&#8221;0&#8243; column_width_percent=&#8221;100&#8243; shift_y=&#8221;0&#8243; z_index=&#8221;0&#8243; uncode_shortcode_id=&#8221;208774&#8243; el_class=&#8221;row-of-2&#8243; el_id=&#8221;hh-products-care&#8221; row_name=&#8221;apolasi-termekek&#8221;][vc_column column_width_percent=&#8221;100&#8243; align_horizontal=&#8221;align_center&#8221; gutter_size=&#8221;3&#8243; overlay_alpha=&#8221;50&#8243; shift_x=&#8221;0&#8243; shift_y=&#8221;0&#8243; shift_y_down=&#8221;0&#8243; z_index=&#8221;0&#8243; medium_width=&#8221;0&#8243; mobile_width=&#8221;0&#8243; css_animation=&#8221;alpha-anim&#8221; animation_delay=&#8221;100&#8243; width=&#8221;1\/1&#8243; uncode_shortcode_id=&#8221;925940&#8243;][vc_custom_heading uncode_shortcode_id=&#8221;126795&#8243; el_class=&#8221;center&#8221;]\u00c1POL\u00c1SI TERM\u00c9KEK[\/vc_custom_heading][vc_gallery el_id=&#8221;feed-products-care&#8221; type=&#8221;carousel&#8221; medias=&#8221;116,165&#8243; carousel_lg=&#8221;2&#8243; carousel_md=&#8221;2&#8243; carousel_sm=&#8221;1&#8243; gutter_size=&#8221;3&#8243; media_items=&#8221;media|custom_link|original,title&#8221; carousel_interval=&#8221;3000&#8243; carousel_navspeed=&#8221;400&#8243; carousel_nav=&#8221;yes&#8221; carousel_nav_mobile=&#8221;yes&#8221; stage_padding=&#8221;0&#8243; single_text=&#8221;under&#8221; single_shape=&#8221;round&#8221; radius=&#8221;std&#8221; single_overlay_opacity=&#8221;1&#8243; single_h_align=&#8221;center&#8221; single_padding=&#8221;0&#8243; single_title_dimension=&#8221;h6&#8243; single_title_transform=&#8221;uppercase&#8221; single_border=&#8221;yes&#8221; uncode_shortcode_id=&#8221;327647&#8243; single_link=&#8221;url:%2Fproducts%2Fcare-products%2F|title:Care%20Products&#8221; el_class=&#8221;hh-carousel show-nav mobile-nav-only&#8221; items=&#8221;eyIxMTZfaSI6eyJzaW5nbGVfbGluayI6InVybDolMkZodSUyRnRlcm1la2VrJTJGdGVybWVrZWluayUyRnx0aXRsZTpUZXJtZWtlaW5rIn0sIjE2NV9pIjp7InNpbmdsZV9saW5rIjoidXJsOiUyRmh1JTJGdGVybWVrZWslMkZ0ZXJtZWtlaW5rJTJGfHRpdGxlOlRlcm1la2VpbmsifX0=&#8221;][\/vc_column][\/vc_row][vc_row][vc_column width=&#8221;1\/1&#8243;][uncode_block id=&#8221;137&#8243;][\/vc_column][\/vc_row][vc_row][vc_column width=&#8221;1\/1&#8243;][vc_empty_space empty_h=&#8221;2&#8243;][\/vc_column][\/vc_row][vc_row][vc_column width=&#8221;1\/1&#8243;][uncode_block id=&#8221;69&#8243;][\/vc_column][\/vc_row]<\/p>\n<\/div>","protected":false},"excerpt":{"rendered":"<p>Szeretn\u00e9nk, ha \u00e9lvezn\u00e9tek term\u00e9keket: innovat\u00edv megold\u00e1sokat k\u00edn\u00e1lunk, tesztelj\u00fck \u0151ket sz\u00fcl\u0151kkel \u00e9s gyermekekkel, hogy megfeleljenek a mindennapok ig\u00e9nyeinek.<\/p>\n","protected":false},"author":3,"featured_media":0,"parent":0,"menu_order":0,"comment_status":"closed","ping_status":"closed","template":"","meta":{"_acf_changed":false,"footnotes":""},"class_list":["post-2101","page","type-page","status-publish","hentry"],"acf":[],"yoast_head":"<!-- This site is optimized with the Yoast SEO Premium plugin v27.4 (Yoast SEO v27.4) - https:\/\/yoast.com\/product\/yoast-seo-premium-wordpress\/ -->\n<title>Babapelenk\u00e1k, bugyipelenk\u00e1k \u00e9s egy\u00e9b term\u00e9kek &#183; Helen Harper Soft and Dry<\/title>\n<meta name=\"description\" content=\"Szeretn\u00e9nk, ha \u00e9lvezn\u00e9tek term\u00e9keket: innovat\u00edv megold\u00e1sokat k\u00edn\u00e1lunk, tesztelj\u00fck \u0151ket sz\u00fcl\u0151kkel \u00e9s gyermekekkel, hogy megfeleljenek a mindennapok ig\u00e9nyeinek.\" \/>\n<meta name=\"robots\" content=\"index, follow, max-snippet:-1, max-image-preview:large, max-video-preview:-1\" \/>\n<link rel=\"canonical\" href=\"https:\/\/www.helenharperbaby.com\/hu\/termekek\/\" \/>\n<meta property=\"og:locale\" content=\"hu_HU\" \/>\n<meta property=\"og:type\" content=\"article\" \/>\n<meta property=\"og:title\" content=\"Term\u00e9kek\" \/>\n<meta property=\"og:description\" content=\"Szeretn\u00e9nk, ha \u00e9lvezn\u00e9tek term\u00e9keket: innovat\u00edv megold\u00e1sokat k\u00edn\u00e1lunk, tesztelj\u00fck \u0151ket sz\u00fcl\u0151kkel \u00e9s gyermekekkel, hogy megfeleljenek a mindennapok ig\u00e9nyeinek.\" \/>\n<meta property=\"og:url\" content=\"https:\/\/www.helenharperbaby.com\/hu\/termekek\/\" \/>\n<meta property=\"og:site_name\" content=\"Helen Harper Soft and Dry\" \/>\n<meta property=\"article:modified_time\" content=\"2023-06-21T14:51:09+00:00\" \/>\n<meta property=\"og:image\" content=\"https:\/\/www.helenharperbaby.com\/wp-content\/uploads\/2023\/05\/Helen_harper_soft_dry_main_image.jpg\" \/>\n\t<meta property=\"og:image:width\" content=\"1200\" \/>\n\t<meta property=\"og:image:height\" content=\"675\" \/>\n\t<meta property=\"og:image:type\" content=\"image\/jpeg\" \/>\n<meta name=\"twitter:card\" content=\"summary_large_image\" \/>\n<meta name=\"twitter:label1\" content=\"Becs\u00fclt olvas\u00e1si id\u0151\" \/>\n\t<meta name=\"twitter:data1\" content=\"2 perc\" \/>\n<script type=\"application\/ld+json\" class=\"yoast-schema-graph\">{\"@context\":\"https:\\\/\\\/schema.org\",\"@graph\":[{\"@type\":\"WebPage\",\"@id\":\"https:\\\/\\\/www.helenharperbaby.com\\\/hu\\\/termekek\\\/\",\"url\":\"https:\\\/\\\/www.helenharperbaby.com\\\/hu\\\/termekek\\\/\",\"name\":\"Babapelenk\u00e1k, bugyipelenk\u00e1k \u00e9s egy\u00e9b term\u00e9kek &#183; Helen Harper Soft and Dry\",\"isPartOf\":{\"@id\":\"https:\\\/\\\/www.helenharperbaby.com\\\/hu\\\/#website\"},\"datePublished\":\"2023-04-25T18:00:43+00:00\",\"dateModified\":\"2023-06-21T14:51:09+00:00\",\"description\":\"Szeretn\u00e9nk, ha \u00e9lvezn\u00e9tek term\u00e9keket: innovat\u00edv megold\u00e1sokat k\u00edn\u00e1lunk, tesztelj\u00fck \u0151ket sz\u00fcl\u0151kkel \u00e9s gyermekekkel, hogy megfeleljenek a mindennapok ig\u00e9nyeinek.\",\"breadcrumb\":{\"@id\":\"https:\\\/\\\/www.helenharperbaby.com\\\/hu\\\/termekek\\\/#breadcrumb\"},\"inLanguage\":\"hu\",\"potentialAction\":[{\"@type\":\"ReadAction\",\"target\":[\"https:\\\/\\\/www.helenharperbaby.com\\\/hu\\\/termekek\\\/\"]}]},{\"@type\":\"BreadcrumbList\",\"@id\":\"https:\\\/\\\/www.helenharperbaby.com\\\/hu\\\/termekek\\\/#breadcrumb\",\"itemListElement\":[{\"@type\":\"ListItem\",\"position\":1,\"name\":\"Home\",\"item\":\"https:\\\/\\\/www.helenharperbaby.com\\\/hu\\\/\"},{\"@type\":\"ListItem\",\"position\":2,\"name\":\"Term\u00e9kek\"}]},{\"@type\":\"WebSite\",\"@id\":\"https:\\\/\\\/www.helenharperbaby.com\\\/hu\\\/#website\",\"url\":\"https:\\\/\\\/www.helenharperbaby.com\\\/hu\\\/\",\"name\":\"Helen Harper Baby\",\"description\":\"For moments of pure happiness.\",\"publisher\":{\"@id\":\"https:\\\/\\\/www.helenharperbaby.com\\\/hu\\\/#organization\"},\"potentialAction\":[{\"@type\":\"SearchAction\",\"target\":{\"@type\":\"EntryPoint\",\"urlTemplate\":\"https:\\\/\\\/www.helenharperbaby.com\\\/hu\\\/?s={search_term_string}\"},\"query-input\":{\"@type\":\"PropertyValueSpecification\",\"valueRequired\":true,\"valueName\":\"search_term_string\"}}],\"inLanguage\":\"hu\"},{\"@type\":\"Organization\",\"@id\":\"https:\\\/\\\/www.helenharperbaby.com\\\/hu\\\/#organization\",\"name\":\"Helen Harper Baby\",\"url\":\"https:\\\/\\\/www.helenharperbaby.com\\\/hu\\\/\",\"logo\":{\"@type\":\"ImageObject\",\"inLanguage\":\"hu\",\"@id\":\"https:\\\/\\\/www.helenharperbaby.com\\\/hu\\\/#\\\/schema\\\/logo\\\/image\\\/\",\"url\":\"https:\\\/\\\/www.helenharperbaby.com\\\/wp-content\\\/uploads\\\/2023\\\/04\\\/hh-logo.png\",\"contentUrl\":\"https:\\\/\\\/www.helenharperbaby.com\\\/wp-content\\\/uploads\\\/2023\\\/04\\\/hh-logo.png\",\"width\":350,\"height\":227,\"caption\":\"Helen Harper Baby\"},\"image\":{\"@id\":\"https:\\\/\\\/www.helenharperbaby.com\\\/hu\\\/#\\\/schema\\\/logo\\\/image\\\/\"}}]}<\/script>\n<!-- \/ Yoast SEO Premium plugin. -->","yoast_head_json":{"title":"Babapelenk\u00e1k, bugyipelenk\u00e1k \u00e9s egy\u00e9b term\u00e9kek &#183; Helen Harper Soft and Dry","description":"Szeretn\u00e9nk, ha \u00e9lvezn\u00e9tek term\u00e9keket: innovat\u00edv megold\u00e1sokat k\u00edn\u00e1lunk, tesztelj\u00fck \u0151ket sz\u00fcl\u0151kkel \u00e9s gyermekekkel, hogy megfeleljenek a mindennapok ig\u00e9nyeinek.","robots":{"index":"index","follow":"follow","max-snippet":"max-snippet:-1","max-image-preview":"max-image-preview:large","max-video-preview":"max-video-preview:-1"},"canonical":"https:\/\/www.helenharperbaby.com\/hu\/termekek\/","og_locale":"hu_HU","og_type":"article","og_title":"Term\u00e9kek","og_description":"Szeretn\u00e9nk, ha \u00e9lvezn\u00e9tek term\u00e9keket: innovat\u00edv megold\u00e1sokat k\u00edn\u00e1lunk, tesztelj\u00fck \u0151ket sz\u00fcl\u0151kkel \u00e9s gyermekekkel, hogy megfeleljenek a mindennapok ig\u00e9nyeinek.","og_url":"https:\/\/www.helenharperbaby.com\/hu\/termekek\/","og_site_name":"Helen Harper Soft and Dry","article_modified_time":"2023-06-21T14:51:09+00:00","og_image":[{"width":1200,"height":675,"url":"https:\/\/www.helenharperbaby.com\/wp-content\/uploads\/2023\/05\/Helen_harper_soft_dry_main_image.jpg","type":"image\/jpeg"}],"twitter_card":"summary_large_image","twitter_misc":{"Becs\u00fclt olvas\u00e1si id\u0151":"2 perc"},"schema":{"@context":"https:\/\/schema.org","@graph":[{"@type":"WebPage","@id":"https:\/\/www.helenharperbaby.com\/hu\/termekek\/","url":"https:\/\/www.helenharperbaby.com\/hu\/termekek\/","name":"Babapelenk\u00e1k, bugyipelenk\u00e1k \u00e9s egy\u00e9b term\u00e9kek &#183; Helen Harper Soft and Dry","isPartOf":{"@id":"https:\/\/www.helenharperbaby.com\/hu\/#website"},"datePublished":"2023-04-25T18:00:43+00:00","dateModified":"2023-06-21T14:51:09+00:00","description":"Szeretn\u00e9nk, ha \u00e9lvezn\u00e9tek term\u00e9keket: innovat\u00edv megold\u00e1sokat k\u00edn\u00e1lunk, tesztelj\u00fck \u0151ket sz\u00fcl\u0151kkel \u00e9s gyermekekkel, hogy megfeleljenek a mindennapok ig\u00e9nyeinek.","breadcrumb":{"@id":"https:\/\/www.helenharperbaby.com\/hu\/termekek\/#breadcrumb"},"inLanguage":"hu","potentialAction":[{"@type":"ReadAction","target":["https:\/\/www.helenharperbaby.com\/hu\/termekek\/"]}]},{"@type":"BreadcrumbList","@id":"https:\/\/www.helenharperbaby.com\/hu\/termekek\/#breadcrumb","itemListElement":[{"@type":"ListItem","position":1,"name":"Home","item":"https:\/\/www.helenharperbaby.com\/hu\/"},{"@type":"ListItem","position":2,"name":"Term\u00e9kek"}]},{"@type":"WebSite","@id":"https:\/\/www.helenharperbaby.com\/hu\/#website","url":"https:\/\/www.helenharperbaby.com\/hu\/","name":"Helen Harper Baby","description":"For moments of pure happiness.","publisher":{"@id":"https:\/\/www.helenharperbaby.com\/hu\/#organization"},"potentialAction":[{"@type":"SearchAction","target":{"@type":"EntryPoint","urlTemplate":"https:\/\/www.helenharperbaby.com\/hu\/?s={search_term_string}"},"query-input":{"@type":"PropertyValueSpecification","valueRequired":true,"valueName":"search_term_string"}}],"inLanguage":"hu"},{"@type":"Organization","@id":"https:\/\/www.helenharperbaby.com\/hu\/#organization","name":"Helen Harper Baby","url":"https:\/\/www.helenharperbaby.com\/hu\/","logo":{"@type":"ImageObject","inLanguage":"hu","@id":"https:\/\/www.helenharperbaby.com\/hu\/#\/schema\/logo\/image\/","url":"https:\/\/www.helenharperbaby.com\/wp-content\/uploads\/2023\/04\/hh-logo.png","contentUrl":"https:\/\/www.helenharperbaby.com\/wp-content\/uploads\/2023\/04\/hh-logo.png","width":350,"height":227,"caption":"Helen Harper Baby"},"image":{"@id":"https:\/\/www.helenharperbaby.com\/hu\/#\/schema\/logo\/image\/"}}]}},"_links":{"self":[{"href":"https:\/\/www.helenharperbaby.com\/hu\/wp-json\/wp\/v2\/pages\/2101","targetHints":{"allow":["GET"]}}],"collection":[{"href":"https:\/\/www.helenharperbaby.com\/hu\/wp-json\/wp\/v2\/pages"}],"about":[{"href":"https:\/\/www.helenharperbaby.com\/hu\/wp-json\/wp\/v2\/types\/page"}],"author":[{"embeddable":true,"href":"https:\/\/www.helenharperbaby.com\/hu\/wp-json\/wp\/v2\/users\/3"}],"replies":[{"embeddable":true,"href":"https:\/\/www.helenharperbaby.com\/hu\/wp-json\/wp\/v2\/comments?post=2101"}],"version-history":[{"count":0,"href":"https:\/\/www.helenharperbaby.com\/hu\/wp-json\/wp\/v2\/pages\/2101\/revisions"}],"wp:attachment":[{"href":"https:\/\/www.helenharperbaby.com\/hu\/wp-json\/wp\/v2\/media?parent=2101"}],"curies":[{"name":"wp","href":"https:\/\/api.w.org\/{rel}","templated":true}]}}