{"id":3347,"date":"2023-04-25T18:00:43","date_gmt":"2023-04-25T18:00:43","guid":{"rendered":"https:\/\/www.helenharperbaby.com\/products\/"},"modified":"2025-04-23T15:56:35","modified_gmt":"2025-04-23T15:56:35","slug":"i-prodotti","status":"publish","type":"page","link":"https:\/\/www.helenharperbaby.com\/it\/i-prodotti\/","title":{"rendered":"I prodotti"},"content":{"rendered":"<div class=\"wpb-content-wrapper\"><p>[vc_row][vc_column width=&#8221;1\/1&#8243;][uncode_breadcrumbs][\/vc_column][\/vc_row][vc_row][vc_column column_width_percent=&#8221;100&#8243; align_horizontal=&#8221;align_center&#8221; gutter_size=&#8221;3&#8243; overlay_alpha=&#8221;50&#8243; shift_x=&#8221;0&#8243; shift_y=&#8221;0&#8243; shift_y_down=&#8221;0&#8243; z_index=&#8221;0&#8243; medium_width=&#8221;0&#8243; mobile_width=&#8221;0&#8243; width=&#8221;1\/1&#8243; uncode_shortcode_id=&#8221;123477&#8243;][vc_custom_heading text_size=&#8221;h1&#8243; uncode_shortcode_id=&#8221;187252&#8243; el_class=&#8221;center page-title&#8221;]PRODOTTI[\/vc_custom_heading][vc_column_text uncode_shortcode_id=&#8221;796402&#8243;]Essere genitori non \u00e8 sempre facile, ma \u00e8 una grande felicit\u00e0! La nostra Helen Harper \u00e8 sempre vicina a ciascuno di voi.<\/p>\n<p>Vogliamo che i nostri prodotti piacciano a voi e ai vostri figli: creiamo soluzioni innovative e le testiamo con genitori e bambini, per adattarle alle esigenze della vita quotidiana. Vogliamo dare a genitori e bambini la libert\u00e0 di scoprire cose nuove, perch\u00e9 crediamo nella libert\u00e0 e nella felicit\u00e0. Per questo, quando i vostri bambini esplorano liberamente il nuovo mondo, noi siamo al loro fianco.[\/vc_column_text][\/vc_column][\/vc_row][vc_row row_height_percent=&#8221;0&#8243; override_padding=&#8221;yes&#8221; h_padding=&#8221;0&#8243; top_padding=&#8221;2&#8243; bottom_padding=&#8221;3&#8243; overlay_alpha=&#8221;50&#8243; gutter_size=&#8221;0&#8243; column_width_percent=&#8221;100&#8243; shift_y=&#8221;0&#8243; z_index=&#8221;0&#8243; uncode_shortcode_id=&#8221;329004&#8243; el_id=&#8221;hh-products-diapers&#8221; row_name=&#8221;diapers&#8221;][vc_column column_width_percent=&#8221;100&#8243; align_horizontal=&#8221;align_center&#8221; gutter_size=&#8221;3&#8243; overlay_alpha=&#8221;50&#8243; shift_x=&#8221;0&#8243; shift_y=&#8221;0&#8243; shift_y_down=&#8221;0&#8243; z_index=&#8221;0&#8243; medium_width=&#8221;0&#8243; mobile_width=&#8221;0&#8243; css_animation=&#8221;alpha-anim&#8221; animation_delay=&#8221;100&#8243; width=&#8221;1\/1&#8243; uncode_shortcode_id=&#8221;925940&#8243;][vc_custom_heading uncode_shortcode_id=&#8221;159515&#8243; el_class=&#8221;center&#8221;]DIAPERS[\/vc_custom_heading][uncode_index el_id=&#8221;feed-products-diapers&#8221; index_type=&#8221;carousel&#8221; loop=&#8221;size:All|order_by:menu_order|order:ASC|post_type:page|tax_query:10|taxonomy_count:All&#8221; carousel_lg=&#8221;4&#8243; carousel_md=&#8221;3&#8243; carousel_sm=&#8221;1&#8243; gutter_size=&#8221;2&#8243; portfolio_items=&#8221;media|featured|onpost|original,title,text|excerpt|100&#8243; carousel_interval=&#8221;0&#8243; carousel_navspeed=&#8221;400&#8243; carousel_nav=&#8221;yes&#8221; carousel_nav_mobile=&#8221;yes&#8221; stage_padding=&#8221;0&#8243; single_shape=&#8221;round&#8221; radius=&#8221;std&#8221; single_overlay_opacity=&#8221;1&#8243; single_overlay_anim=&#8221;no&#8221; single_text_visible=&#8221;yes&#8221; single_text_anim=&#8221;no&#8221; single_h_align=&#8221;center&#8221; single_h_align_mobile=&#8221;center&#8221; single_padding=&#8221;0&#8243; single_title_dimension=&#8221;h6&#8243; single_title_transform=&#8221;uppercase&#8221; single_border=&#8221;yes&#8221; uncode_shortcode_id=&#8221;323587&#8243; el_class=&#8221;hh-carousel show-nav&#8221;][\/vc_column][\/vc_row][vc_row row_height_percent=&#8221;0&#8243; override_padding=&#8221;yes&#8221; h_padding=&#8221;0&#8243; top_padding=&#8221;2&#8243; bottom_padding=&#8221;3&#8243; overlay_alpha=&#8221;50&#8243; gutter_size=&#8221;0&#8243; column_width_percent=&#8221;100&#8243; shift_y=&#8221;0&#8243; z_index=&#8221;0&#8243; uncode_shortcode_id=&#8221;671401&#8243; el_class=&#8221;row-of-3&#8243; el_id=&#8221;hh-products-pants&#8221; row_name=&#8221;pants&#8221;][vc_column column_width_percent=&#8221;100&#8243; align_horizontal=&#8221;align_center&#8221; gutter_size=&#8221;3&#8243; overlay_alpha=&#8221;50&#8243; shift_x=&#8221;0&#8243; shift_y=&#8221;0&#8243; shift_y_down=&#8221;0&#8243; z_index=&#8221;0&#8243; medium_width=&#8221;0&#8243; mobile_width=&#8221;0&#8243; css_animation=&#8221;alpha-anim&#8221; animation_delay=&#8221;100&#8243; width=&#8221;1\/1&#8243; uncode_shortcode_id=&#8221;925940&#8243;][vc_custom_heading uncode_shortcode_id=&#8221;142511&#8243; el_class=&#8221;center&#8221;]PANTI[\/vc_custom_heading][uncode_index el_id=&#8221;feed-products-pants&#8221; index_type=&#8221;carousel&#8221; loop=&#8221;size:All|order_by:menu_order|order:ASC|post_type:page|tax_query:11|taxonomy_count:All&#8221; carousel_lg=&#8221;3&#8243; carousel_md=&#8221;3&#8243; carousel_sm=&#8221;1&#8243; gutter_size=&#8221;2&#8243; portfolio_items=&#8221;media|featured|onpost|original,title,text|excerpt|100&#8243; carousel_interval=&#8221;0&#8243; carousel_navspeed=&#8221;400&#8243; carousel_nav=&#8221;yes&#8221; carousel_nav_mobile=&#8221;yes&#8221; stage_padding=&#8221;0&#8243; single_shape=&#8221;round&#8221; radius=&#8221;std&#8221; single_overlay_opacity=&#8221;1&#8243; single_overlay_anim=&#8221;no&#8221; single_text_visible=&#8221;yes&#8221; single_text_anim=&#8221;no&#8221; single_h_align=&#8221;center&#8221; single_h_align_mobile=&#8221;center&#8221; single_padding=&#8221;0&#8243; single_title_dimension=&#8221;h6&#8243; single_title_transform=&#8221;uppercase&#8221; single_border=&#8221;yes&#8221; uncode_shortcode_id=&#8221;432452&#8243; el_class=&#8221;hh-carousel show-nav mobile-nav-only&#8221;][\/vc_column][\/vc_row][vc_row row_height_percent=&#8221;0&#8243; override_padding=&#8221;yes&#8221; h_padding=&#8221;0&#8243; top_padding=&#8221;2&#8243; bottom_padding=&#8221;3&#8243; overlay_alpha=&#8221;50&#8243; gutter_size=&#8221;0&#8243; column_width_percent=&#8221;100&#8243; shift_y=&#8221;0&#8243; z_index=&#8221;0&#8243; uncode_shortcode_id=&#8221;158403&#8243; el_class=&#8221;row-of-2&#8243; el_id=&#8221;hh-products-care&#8221; row_name=&#8221;care-products&#8221;][vc_column column_width_percent=&#8221;100&#8243; align_horizontal=&#8221;align_center&#8221; gutter_size=&#8221;3&#8243; overlay_alpha=&#8221;50&#8243; shift_x=&#8221;0&#8243; shift_y=&#8221;0&#8243; shift_y_down=&#8221;0&#8243; z_index=&#8221;0&#8243; medium_width=&#8221;0&#8243; mobile_width=&#8221;0&#8243; css_animation=&#8221;alpha-anim&#8221; animation_delay=&#8221;100&#8243; width=&#8221;1\/1&#8243; uncode_shortcode_id=&#8221;925940&#8243;][vc_custom_heading uncode_shortcode_id=&#8221;678014&#8243; el_class=&#8221;center&#8221;]PRODOTTI PER LA CURA[\/vc_custom_heading][vc_gallery el_id=&#8221;feed-products-care&#8221; type=&#8221;carousel&#8221; medias=&#8221;3562,3555&#8243; carousel_lg=&#8221;2&#8243; carousel_md=&#8221;2&#8243; carousel_sm=&#8221;1&#8243; gutter_size=&#8221;3&#8243; media_items=&#8221;media|custom_link|original,title&#8221; carousel_interval=&#8221;3000&#8243; carousel_navspeed=&#8221;400&#8243; carousel_nav=&#8221;yes&#8221; carousel_nav_mobile=&#8221;yes&#8221; stage_padding=&#8221;0&#8243; single_text=&#8221;under&#8221; single_shape=&#8221;round&#8221; radius=&#8221;std&#8221; single_overlay_opacity=&#8221;1&#8243; single_h_align=&#8221;center&#8221; single_padding=&#8221;0&#8243; single_title_dimension=&#8221;h6&#8243; single_title_transform=&#8221;uppercase&#8221; single_border=&#8221;yes&#8221; uncode_shortcode_id=&#8221;190312&#8243; single_link=&#8221;url:%2Fit%2Fi-prodotti%2Fcare-products%2F|title:PRODOTTI%20PER%20LA%20CURA&#8221; el_class=&#8221;hh-carousel show-nav mobile-nav-only&#8221;][\/vc_column][\/vc_row][vc_row][vc_column width=&#8221;1\/1&#8243;][uncode_block id=&#8221;137&#8243;][\/vc_column][\/vc_row][vc_row][vc_column width=&#8221;1\/1&#8243;][vc_empty_space empty_h=&#8221;2&#8243;][\/vc_column][\/vc_row][vc_row][vc_column width=&#8221;1\/1&#8243;][uncode_block id=&#8221;69&#8243;][\/vc_column][\/vc_row]<\/p>\n<\/div>","protected":false},"excerpt":{"rendered":"<p>We want you and your children to enjoy the products we create innovative solutions and test them with parents and children, to fit the everyday life needs.<\/p>\n","protected":false},"author":2,"featured_media":0,"parent":0,"menu_order":0,"comment_status":"closed","ping_status":"closed","template":"","meta":{"_acf_changed":false,"footnotes":""},"class_list":["post-3347","page","type-page","status-publish","hentry"],"acf":[],"yoast_head":"<!-- This site is optimized with the Yoast SEO Premium plugin v27.4 (Yoast SEO v27.4) - https:\/\/yoast.com\/product\/yoast-seo-premium-wordpress\/ -->\n<title>Baby Diapers, Pants and more &#183; Helen Harper Soft and Dry<\/title>\n<meta name=\"description\" content=\"We want you and your children to enjoy the products we create innovative solutions and test them with parents and children, to fit the everyday life needs.\" \/>\n<meta name=\"robots\" content=\"index, follow, max-snippet:-1, max-image-preview:large, max-video-preview:-1\" \/>\n<link rel=\"canonical\" href=\"https:\/\/www.helenharperbaby.com\/it\/i-prodotti\/\" \/>\n<meta property=\"og:locale\" content=\"it_IT\" \/>\n<meta property=\"og:type\" content=\"article\" \/>\n<meta property=\"og:title\" content=\"I prodotti\" \/>\n<meta property=\"og:description\" content=\"We want you and your children to enjoy the products we create innovative solutions and test them with parents and children, to fit the everyday life needs.\" \/>\n<meta property=\"og:url\" content=\"https:\/\/www.helenharperbaby.com\/it\/i-prodotti\/\" \/>\n<meta property=\"og:site_name\" content=\"Helen Harper Soft and Dry\" \/>\n<meta property=\"article:modified_time\" content=\"2025-04-23T15:56:35+00:00\" \/>\n<meta property=\"og:image\" content=\"https:\/\/www.helenharperbaby.com\/wp-content\/uploads\/2023\/05\/Helen_harper_soft_dry_main_image.jpg\" \/>\n\t<meta property=\"og:image:width\" content=\"1200\" \/>\n\t<meta property=\"og:image:height\" content=\"675\" \/>\n\t<meta property=\"og:image:type\" content=\"image\/jpeg\" \/>\n<meta name=\"twitter:card\" content=\"summary_large_image\" \/>\n<meta name=\"twitter:label1\" content=\"Est. reading time\" \/>\n\t<meta name=\"twitter:data1\" content=\"2 minuti\" \/>\n<script type=\"application\/ld+json\" class=\"yoast-schema-graph\">{\"@context\":\"https:\\\/\\\/schema.org\",\"@graph\":[{\"@type\":\"WebPage\",\"@id\":\"https:\\\/\\\/www.helenharperbaby.com\\\/it\\\/i-prodotti\\\/\",\"url\":\"https:\\\/\\\/www.helenharperbaby.com\\\/it\\\/i-prodotti\\\/\",\"name\":\"Baby Diapers, Pants and more &#183; Helen Harper Soft and Dry\",\"isPartOf\":{\"@id\":\"https:\\\/\\\/www.helenharperbaby.com\\\/it\\\/#website\"},\"datePublished\":\"2023-04-25T18:00:43+00:00\",\"dateModified\":\"2025-04-23T15:56:35+00:00\",\"description\":\"We want you and your children to enjoy the products we create innovative solutions and test them with parents and children, to fit the everyday life needs.\",\"breadcrumb\":{\"@id\":\"https:\\\/\\\/www.helenharperbaby.com\\\/it\\\/i-prodotti\\\/#breadcrumb\"},\"inLanguage\":\"it-IT\",\"potentialAction\":[{\"@type\":\"ReadAction\",\"target\":[\"https:\\\/\\\/www.helenharperbaby.com\\\/it\\\/i-prodotti\\\/\"]}]},{\"@type\":\"BreadcrumbList\",\"@id\":\"https:\\\/\\\/www.helenharperbaby.com\\\/it\\\/i-prodotti\\\/#breadcrumb\",\"itemListElement\":[{\"@type\":\"ListItem\",\"position\":1,\"name\":\"Home\",\"item\":\"https:\\\/\\\/www.helenharperbaby.com\\\/it\\\/\"},{\"@type\":\"ListItem\",\"position\":2,\"name\":\"I prodotti\"}]},{\"@type\":\"WebSite\",\"@id\":\"https:\\\/\\\/www.helenharperbaby.com\\\/it\\\/#website\",\"url\":\"https:\\\/\\\/www.helenharperbaby.com\\\/it\\\/\",\"name\":\"Helen Harper Baby\",\"description\":\"For moments of pure happiness.\",\"publisher\":{\"@id\":\"https:\\\/\\\/www.helenharperbaby.com\\\/it\\\/#organization\"},\"potentialAction\":[{\"@type\":\"SearchAction\",\"target\":{\"@type\":\"EntryPoint\",\"urlTemplate\":\"https:\\\/\\\/www.helenharperbaby.com\\\/it\\\/?s={search_term_string}\"},\"query-input\":{\"@type\":\"PropertyValueSpecification\",\"valueRequired\":true,\"valueName\":\"search_term_string\"}}],\"inLanguage\":\"it-IT\"},{\"@type\":\"Organization\",\"@id\":\"https:\\\/\\\/www.helenharperbaby.com\\\/it\\\/#organization\",\"name\":\"Helen Harper Baby\",\"url\":\"https:\\\/\\\/www.helenharperbaby.com\\\/it\\\/\",\"logo\":{\"@type\":\"ImageObject\",\"inLanguage\":\"it-IT\",\"@id\":\"https:\\\/\\\/www.helenharperbaby.com\\\/it\\\/#\\\/schema\\\/logo\\\/image\\\/\",\"url\":\"https:\\\/\\\/www.helenharperbaby.com\\\/wp-content\\\/uploads\\\/2023\\\/04\\\/hh-logo.png\",\"contentUrl\":\"https:\\\/\\\/www.helenharperbaby.com\\\/wp-content\\\/uploads\\\/2023\\\/04\\\/hh-logo.png\",\"width\":350,\"height\":227,\"caption\":\"Helen Harper Baby\"},\"image\":{\"@id\":\"https:\\\/\\\/www.helenharperbaby.com\\\/it\\\/#\\\/schema\\\/logo\\\/image\\\/\"}}]}<\/script>\n<!-- \/ Yoast SEO Premium plugin. -->","yoast_head_json":{"title":"Baby Diapers, Pants and more &#183; Helen Harper Soft and Dry","description":"We want you and your children to enjoy the products we create innovative solutions and test them with parents and children, to fit the everyday life needs.","robots":{"index":"index","follow":"follow","max-snippet":"max-snippet:-1","max-image-preview":"max-image-preview:large","max-video-preview":"max-video-preview:-1"},"canonical":"https:\/\/www.helenharperbaby.com\/it\/i-prodotti\/","og_locale":"it_IT","og_type":"article","og_title":"I prodotti","og_description":"We want you and your children to enjoy the products we create innovative solutions and test them with parents and children, to fit the everyday life needs.","og_url":"https:\/\/www.helenharperbaby.com\/it\/i-prodotti\/","og_site_name":"Helen Harper Soft and Dry","article_modified_time":"2025-04-23T15:56:35+00:00","og_image":[{"width":1200,"height":675,"url":"https:\/\/www.helenharperbaby.com\/wp-content\/uploads\/2023\/05\/Helen_harper_soft_dry_main_image.jpg","type":"image\/jpeg"}],"twitter_card":"summary_large_image","twitter_misc":{"Est. reading time":"2 minuti"},"schema":{"@context":"https:\/\/schema.org","@graph":[{"@type":"WebPage","@id":"https:\/\/www.helenharperbaby.com\/it\/i-prodotti\/","url":"https:\/\/www.helenharperbaby.com\/it\/i-prodotti\/","name":"Baby Diapers, Pants and more &#183; Helen Harper Soft and Dry","isPartOf":{"@id":"https:\/\/www.helenharperbaby.com\/it\/#website"},"datePublished":"2023-04-25T18:00:43+00:00","dateModified":"2025-04-23T15:56:35+00:00","description":"We want you and your children to enjoy the products we create innovative solutions and test them with parents and children, to fit the everyday life needs.","breadcrumb":{"@id":"https:\/\/www.helenharperbaby.com\/it\/i-prodotti\/#breadcrumb"},"inLanguage":"it-IT","potentialAction":[{"@type":"ReadAction","target":["https:\/\/www.helenharperbaby.com\/it\/i-prodotti\/"]}]},{"@type":"BreadcrumbList","@id":"https:\/\/www.helenharperbaby.com\/it\/i-prodotti\/#breadcrumb","itemListElement":[{"@type":"ListItem","position":1,"name":"Home","item":"https:\/\/www.helenharperbaby.com\/it\/"},{"@type":"ListItem","position":2,"name":"I prodotti"}]},{"@type":"WebSite","@id":"https:\/\/www.helenharperbaby.com\/it\/#website","url":"https:\/\/www.helenharperbaby.com\/it\/","name":"Helen Harper Baby","description":"For moments of pure happiness.","publisher":{"@id":"https:\/\/www.helenharperbaby.com\/it\/#organization"},"potentialAction":[{"@type":"SearchAction","target":{"@type":"EntryPoint","urlTemplate":"https:\/\/www.helenharperbaby.com\/it\/?s={search_term_string}"},"query-input":{"@type":"PropertyValueSpecification","valueRequired":true,"valueName":"search_term_string"}}],"inLanguage":"it-IT"},{"@type":"Organization","@id":"https:\/\/www.helenharperbaby.com\/it\/#organization","name":"Helen Harper Baby","url":"https:\/\/www.helenharperbaby.com\/it\/","logo":{"@type":"ImageObject","inLanguage":"it-IT","@id":"https:\/\/www.helenharperbaby.com\/it\/#\/schema\/logo\/image\/","url":"https:\/\/www.helenharperbaby.com\/wp-content\/uploads\/2023\/04\/hh-logo.png","contentUrl":"https:\/\/www.helenharperbaby.com\/wp-content\/uploads\/2023\/04\/hh-logo.png","width":350,"height":227,"caption":"Helen Harper Baby"},"image":{"@id":"https:\/\/www.helenharperbaby.com\/it\/#\/schema\/logo\/image\/"}}]}},"_links":{"self":[{"href":"https:\/\/www.helenharperbaby.com\/it\/wp-json\/wp\/v2\/pages\/3347","targetHints":{"allow":["GET"]}}],"collection":[{"href":"https:\/\/www.helenharperbaby.com\/it\/wp-json\/wp\/v2\/pages"}],"about":[{"href":"https:\/\/www.helenharperbaby.com\/it\/wp-json\/wp\/v2\/types\/page"}],"author":[{"embeddable":true,"href":"https:\/\/www.helenharperbaby.com\/it\/wp-json\/wp\/v2\/users\/2"}],"replies":[{"embeddable":true,"href":"https:\/\/www.helenharperbaby.com\/it\/wp-json\/wp\/v2\/comments?post=3347"}],"version-history":[{"count":0,"href":"https:\/\/www.helenharperbaby.com\/it\/wp-json\/wp\/v2\/pages\/3347\/revisions"}],"wp:attachment":[{"href":"https:\/\/www.helenharperbaby.com\/it\/wp-json\/wp\/v2\/media?parent=3347"}],"curies":[{"name":"wp","href":"https:\/\/api.w.org\/{rel}","templated":true}]}}