{"id":3350,"date":"2023-04-25T18:02:57","date_gmt":"2023-04-25T18:02:57","guid":{"rendered":"https:\/\/www.helenharperbaby.com\/baby-club\/"},"modified":"2024-12-04T09:50:07","modified_gmt":"2024-12-04T09:50:07","slug":"baby-club","status":"publish","type":"page","link":"https:\/\/www.helenharperbaby.com\/it\/baby-club\/","title":{"rendered":"Baby Club"},"content":{"rendered":"<div class=\"wpb-content-wrapper\"><p>[vc_row][vc_column width=&#8221;1\/1&#8243;][uncode_breadcrumbs][\/vc_column][\/vc_row][vc_row row_height_percent=&#8221;0&#8243; override_padding=&#8221;yes&#8221; h_padding=&#8221;2&#8243; top_padding=&#8221;2&#8243; bottom_padding=&#8221;4&#8243; overlay_alpha=&#8221;50&#8243; gutter_size=&#8221;3&#8243; column_width_percent=&#8221;100&#8243; shift_y=&#8221;0&#8243; z_index=&#8221;0&#8243; uncode_shortcode_id=&#8221;114748&#8243; el_class=&#8221;hh-blog-feed&#8221; el_id=&#8221;hh-baby-club&#8221;][vc_column column_width_percent=&#8221;100&#8243; align_horizontal=&#8221;align_center&#8221; gutter_size=&#8221;3&#8243; overlay_alpha=&#8221;50&#8243; shift_x=&#8221;0&#8243; shift_y=&#8221;0&#8243; shift_y_down=&#8221;0&#8243; z_index=&#8221;0&#8243; medium_width=&#8221;0&#8243; mobile_width=&#8221;0&#8243; css_animation=&#8221;alpha-anim&#8221; width=&#8221;1\/1&#8243; uncode_shortcode_id=&#8221;168034&#8243;][vc_custom_heading text_size=&#8221;h1&#8243; uncode_shortcode_id=&#8221;172739&#8243; el_class=&#8221;center page-title&#8221;]BENVENUTO NEL BABY CLUB[\/vc_custom_heading][vc_column_text uncode_shortcode_id=&#8221;329498&#8243; el_class=&#8221;center&#8221;]Abbiamo raccolto le domande e gli argomenti pi\u00f9 frequenti riguardanti la vita dei genitori e dei bambini. Le fasi pi\u00f9 cruciali dello sviluppo del vostro bambino, ma anche di voi stessi come genitori!<br \/>\nAbbiamo chiesto alle mamme e ai pap\u00e0 pi\u00f9 esperti di dare consigli sulle loro esperienze, sulle loro difficolt\u00e0 e su come le hanno risolte. Date un&#8217;occhiata ai nostri articoli e fateci sapere se anche voi avete avuto la stessa esperienza o se avete altre domande da porre &#8211; <a href=\"https:\/\/www.helenharperbaby.com\/it\/faq-e-contatti\/\">Contattateci.<\/a>[\/vc_column_text][vc_empty_space empty_h=&#8221;2&#8243;][uncode_index el_id=&#8221;index-blog-roll&#8221; isotope_mode=&#8221;fitRows&#8221; loop=&#8221;size:6|order_by:date|order:DESC|post_type:post|taxonomy_count:10&#8243; screen_lg=&#8221;1000&#8243; screen_md=&#8221;600&#8243; screen_sm=&#8221;480&#8243; filtering=&#8221;yes&#8221; filtering_uppercase=&#8221;yes&#8221; filtering_full_width=&#8221;yes&#8221; filtering_position=&#8221;center&#8221; gutter_size=&#8221;3&#8243; post_items=&#8221;media|featured|onpost|original,title,category|yesbg|relative|hide-icon,text|excerpt,link|link|default_size&#8221; pagination=&#8221;yes&#8221; single_overlay_opacity=&#8221;1&#8243; single_padding=&#8221;0&#8243; uncode_shortcode_id=&#8221;761671&#8243; items=&#8221;e30=&#8221; el_class=&#8221;hh-blog-grid&#8221; filter_all_text=&#8221;Tutti&#8221;][\/vc_column][\/vc_row][vc_row][vc_column width=&#8221;1\/1&#8243;][uncode_block id=&#8221;69&#8243;][\/vc_column][\/vc_row][vc_row row_height_percent=&#8221;0&#8243; override_padding=&#8221;yes&#8221; h_padding=&#8221;2&#8243; top_padding=&#8221;0&#8243; bottom_padding=&#8221;0&#8243; overlay_alpha=&#8221;50&#8243; gutter_size=&#8221;3&#8243; column_width_percent=&#8221;100&#8243; shift_y=&#8221;0&#8243; z_index=&#8221;0&#8243; uncode_shortcode_id=&#8221;180207&#8243;][vc_column width=&#8221;1\/1&#8243;][vc_empty_space empty_h=&#8221;3&#8243;][\/vc_column][\/vc_row]<\/p>\n<\/div>","protected":false},"excerpt":{"rendered":"<p>We asked our most experienced mums and dads to give advice on their experiences, and their struggle and tips on how we can solve it.<\/p>\n","protected":false},"author":2,"featured_media":0,"parent":0,"menu_order":0,"comment_status":"closed","ping_status":"closed","template":"","meta":{"_acf_changed":false,"footnotes":""},"class_list":["post-3350","page","type-page","status-publish","hentry"],"acf":[],"yoast_head":"<!-- This site is optimized with the Yoast SEO Premium plugin v27.4 (Yoast SEO v27.4) - https:\/\/yoast.com\/product\/yoast-seo-premium-wordpress\/ -->\n<title>Baby Club &#183; Helen Harper Soft and Dry<\/title>\n<meta name=\"description\" content=\"We asked our most experienced mums and dads to give advice on their experiences, and their struggle and tips on how we can solve it.\" \/>\n<meta name=\"robots\" content=\"index, follow, max-snippet:-1, max-image-preview:large, max-video-preview:-1\" \/>\n<link rel=\"canonical\" href=\"https:\/\/www.helenharperbaby.com\/it\/baby-club\/\" \/>\n<meta property=\"og:locale\" content=\"it_IT\" \/>\n<meta property=\"og:type\" content=\"article\" \/>\n<meta property=\"og:title\" content=\"Baby Club\" \/>\n<meta property=\"og:description\" content=\"We asked our most experienced mums and dads to give advice on their experiences, and their struggle and tips on how we can solve it.\" \/>\n<meta property=\"og:url\" content=\"https:\/\/www.helenharperbaby.com\/it\/baby-club\/\" \/>\n<meta property=\"og:site_name\" content=\"Helen Harper Soft and Dry\" \/>\n<meta property=\"article:modified_time\" content=\"2024-12-04T09:50:07+00:00\" \/>\n<meta property=\"og:image\" content=\"https:\/\/www.helenharperbaby.com\/wp-content\/uploads\/2023\/05\/Helen_harper_soft_dry_main_image.jpg\" \/>\n\t<meta property=\"og:image:width\" content=\"1200\" \/>\n\t<meta property=\"og:image:height\" content=\"675\" \/>\n\t<meta property=\"og:image:type\" content=\"image\/jpeg\" \/>\n<meta name=\"twitter:card\" content=\"summary_large_image\" \/>\n<meta name=\"twitter:label1\" content=\"Est. reading time\" \/>\n\t<meta name=\"twitter:data1\" content=\"1 minuto\" \/>\n<script type=\"application\/ld+json\" class=\"yoast-schema-graph\">{\"@context\":\"https:\\\/\\\/schema.org\",\"@graph\":[{\"@type\":\"WebPage\",\"@id\":\"https:\\\/\\\/www.helenharperbaby.com\\\/it\\\/baby-club\\\/\",\"url\":\"https:\\\/\\\/www.helenharperbaby.com\\\/it\\\/baby-club\\\/\",\"name\":\"Baby Club &#183; Helen Harper Soft and Dry\",\"isPartOf\":{\"@id\":\"https:\\\/\\\/www.helenharperbaby.com\\\/it\\\/#website\"},\"datePublished\":\"2023-04-25T18:02:57+00:00\",\"dateModified\":\"2024-12-04T09:50:07+00:00\",\"description\":\"We asked our most experienced mums and dads to give advice on their experiences, and their struggle and tips on how we can solve it.\",\"breadcrumb\":{\"@id\":\"https:\\\/\\\/www.helenharperbaby.com\\\/it\\\/baby-club\\\/#breadcrumb\"},\"inLanguage\":\"it-IT\",\"potentialAction\":[{\"@type\":\"ReadAction\",\"target\":[\"https:\\\/\\\/www.helenharperbaby.com\\\/it\\\/baby-club\\\/\"]}]},{\"@type\":\"BreadcrumbList\",\"@id\":\"https:\\\/\\\/www.helenharperbaby.com\\\/it\\\/baby-club\\\/#breadcrumb\",\"itemListElement\":[{\"@type\":\"ListItem\",\"position\":1,\"name\":\"Home\",\"item\":\"https:\\\/\\\/www.helenharperbaby.com\\\/it\\\/\"},{\"@type\":\"ListItem\",\"position\":2,\"name\":\"Baby Club\"}]},{\"@type\":\"WebSite\",\"@id\":\"https:\\\/\\\/www.helenharperbaby.com\\\/it\\\/#website\",\"url\":\"https:\\\/\\\/www.helenharperbaby.com\\\/it\\\/\",\"name\":\"Helen Harper Baby\",\"description\":\"For moments of pure happiness.\",\"publisher\":{\"@id\":\"https:\\\/\\\/www.helenharperbaby.com\\\/it\\\/#organization\"},\"potentialAction\":[{\"@type\":\"SearchAction\",\"target\":{\"@type\":\"EntryPoint\",\"urlTemplate\":\"https:\\\/\\\/www.helenharperbaby.com\\\/it\\\/?s={search_term_string}\"},\"query-input\":{\"@type\":\"PropertyValueSpecification\",\"valueRequired\":true,\"valueName\":\"search_term_string\"}}],\"inLanguage\":\"it-IT\"},{\"@type\":\"Organization\",\"@id\":\"https:\\\/\\\/www.helenharperbaby.com\\\/it\\\/#organization\",\"name\":\"Helen Harper Baby\",\"url\":\"https:\\\/\\\/www.helenharperbaby.com\\\/it\\\/\",\"logo\":{\"@type\":\"ImageObject\",\"inLanguage\":\"it-IT\",\"@id\":\"https:\\\/\\\/www.helenharperbaby.com\\\/it\\\/#\\\/schema\\\/logo\\\/image\\\/\",\"url\":\"https:\\\/\\\/www.helenharperbaby.com\\\/wp-content\\\/uploads\\\/2023\\\/04\\\/hh-logo.png\",\"contentUrl\":\"https:\\\/\\\/www.helenharperbaby.com\\\/wp-content\\\/uploads\\\/2023\\\/04\\\/hh-logo.png\",\"width\":350,\"height\":227,\"caption\":\"Helen Harper Baby\"},\"image\":{\"@id\":\"https:\\\/\\\/www.helenharperbaby.com\\\/it\\\/#\\\/schema\\\/logo\\\/image\\\/\"}}]}<\/script>\n<!-- \/ Yoast SEO Premium plugin. -->","yoast_head_json":{"title":"Baby Club &#183; Helen Harper Soft and Dry","description":"We asked our most experienced mums and dads to give advice on their experiences, and their struggle and tips on how we can solve it.","robots":{"index":"index","follow":"follow","max-snippet":"max-snippet:-1","max-image-preview":"max-image-preview:large","max-video-preview":"max-video-preview:-1"},"canonical":"https:\/\/www.helenharperbaby.com\/it\/baby-club\/","og_locale":"it_IT","og_type":"article","og_title":"Baby Club","og_description":"We asked our most experienced mums and dads to give advice on their experiences, and their struggle and tips on how we can solve it.","og_url":"https:\/\/www.helenharperbaby.com\/it\/baby-club\/","og_site_name":"Helen Harper Soft and Dry","article_modified_time":"2024-12-04T09:50:07+00:00","og_image":[{"width":1200,"height":675,"url":"https:\/\/www.helenharperbaby.com\/wp-content\/uploads\/2023\/05\/Helen_harper_soft_dry_main_image.jpg","type":"image\/jpeg"}],"twitter_card":"summary_large_image","twitter_misc":{"Est. reading time":"1 minuto"},"schema":{"@context":"https:\/\/schema.org","@graph":[{"@type":"WebPage","@id":"https:\/\/www.helenharperbaby.com\/it\/baby-club\/","url":"https:\/\/www.helenharperbaby.com\/it\/baby-club\/","name":"Baby Club &#183; Helen Harper Soft and Dry","isPartOf":{"@id":"https:\/\/www.helenharperbaby.com\/it\/#website"},"datePublished":"2023-04-25T18:02:57+00:00","dateModified":"2024-12-04T09:50:07+00:00","description":"We asked our most experienced mums and dads to give advice on their experiences, and their struggle and tips on how we can solve it.","breadcrumb":{"@id":"https:\/\/www.helenharperbaby.com\/it\/baby-club\/#breadcrumb"},"inLanguage":"it-IT","potentialAction":[{"@type":"ReadAction","target":["https:\/\/www.helenharperbaby.com\/it\/baby-club\/"]}]},{"@type":"BreadcrumbList","@id":"https:\/\/www.helenharperbaby.com\/it\/baby-club\/#breadcrumb","itemListElement":[{"@type":"ListItem","position":1,"name":"Home","item":"https:\/\/www.helenharperbaby.com\/it\/"},{"@type":"ListItem","position":2,"name":"Baby Club"}]},{"@type":"WebSite","@id":"https:\/\/www.helenharperbaby.com\/it\/#website","url":"https:\/\/www.helenharperbaby.com\/it\/","name":"Helen Harper Baby","description":"For moments of pure happiness.","publisher":{"@id":"https:\/\/www.helenharperbaby.com\/it\/#organization"},"potentialAction":[{"@type":"SearchAction","target":{"@type":"EntryPoint","urlTemplate":"https:\/\/www.helenharperbaby.com\/it\/?s={search_term_string}"},"query-input":{"@type":"PropertyValueSpecification","valueRequired":true,"valueName":"search_term_string"}}],"inLanguage":"it-IT"},{"@type":"Organization","@id":"https:\/\/www.helenharperbaby.com\/it\/#organization","name":"Helen Harper Baby","url":"https:\/\/www.helenharperbaby.com\/it\/","logo":{"@type":"ImageObject","inLanguage":"it-IT","@id":"https:\/\/www.helenharperbaby.com\/it\/#\/schema\/logo\/image\/","url":"https:\/\/www.helenharperbaby.com\/wp-content\/uploads\/2023\/04\/hh-logo.png","contentUrl":"https:\/\/www.helenharperbaby.com\/wp-content\/uploads\/2023\/04\/hh-logo.png","width":350,"height":227,"caption":"Helen Harper Baby"},"image":{"@id":"https:\/\/www.helenharperbaby.com\/it\/#\/schema\/logo\/image\/"}}]}},"_links":{"self":[{"href":"https:\/\/www.helenharperbaby.com\/it\/wp-json\/wp\/v2\/pages\/3350","targetHints":{"allow":["GET"]}}],"collection":[{"href":"https:\/\/www.helenharperbaby.com\/it\/wp-json\/wp\/v2\/pages"}],"about":[{"href":"https:\/\/www.helenharperbaby.com\/it\/wp-json\/wp\/v2\/types\/page"}],"author":[{"embeddable":true,"href":"https:\/\/www.helenharperbaby.com\/it\/wp-json\/wp\/v2\/users\/2"}],"replies":[{"embeddable":true,"href":"https:\/\/www.helenharperbaby.com\/it\/wp-json\/wp\/v2\/comments?post=3350"}],"version-history":[{"count":0,"href":"https:\/\/www.helenharperbaby.com\/it\/wp-json\/wp\/v2\/pages\/3350\/revisions"}],"wp:attachment":[{"href":"https:\/\/www.helenharperbaby.com\/it\/wp-json\/wp\/v2\/media?parent=3350"}],"curies":[{"name":"wp","href":"https:\/\/api.w.org\/{rel}","templated":true}]}}