{"id":3433,"date":"2023-04-28T19:59:47","date_gmt":"2023-04-28T19:59:47","guid":{"rendered":"https:\/\/www.helenharperbaby.com\/i-prodotti\/pants-junior\/"},"modified":"2024-11-27T10:13:18","modified_gmt":"2024-11-27T10:13:18","slug":"pants-junior","status":"publish","type":"page","link":"https:\/\/www.helenharperbaby.com\/it\/i-prodotti\/pants-junior\/","title":{"rendered":"Junior"},"content":{"rendered":"<div class=\"wpb-content-wrapper\"><p>[vc_row][vc_column width=&#8221;1\/1&#8243;][uncode_breadcrumbs][\/vc_column][\/vc_row][vc_row row_height_percent=&#8221;0&#8243; overlay_alpha=&#8221;50&#8243; gutter_size=&#8221;3&#8243; column_width_percent=&#8221;100&#8243; shift_y=&#8221;0&#8243; z_index=&#8221;0&#8243; uncode_shortcode_id=&#8221;165167&#8243; el_class=&#8221;hh-single-product-block hh-purple&#8221;][vc_column column_width_use_pixel=&#8221;yes&#8221; align_horizontal=&#8221;align_center&#8221; gutter_size=&#8221;3&#8243; override_padding=&#8221;yes&#8221; column_padding=&#8221;3&#8243; back_color=&#8221;color-lxmt&#8221; overlay_alpha=&#8221;50&#8243; radius=&#8221;xl&#8221; shift_x=&#8221;0&#8243; shift_y=&#8221;0&#8243; shift_y_down=&#8221;0&#8243; z_index=&#8221;0&#8243; medium_width=&#8221;0&#8243; mobile_width=&#8221;0&#8243; sticky=&#8221;yes&#8221; width=&#8221;5\/12&#8243; uncode_shortcode_id=&#8221;176891&#8243; column_width_pixel=&#8221;250&#8243; back_color_type=&#8221;uncode-palette&#8221;][vc_gallery el_id=&#8221;gallery-137373&#8243; type=&#8221;carousel&#8221; medias=&#8221;340,341,342,343,345,344&#8243; carousel_lg=&#8221;1&#8243; carousel_md=&#8221;1&#8243; carousel_sm=&#8221;1&#8243; thumb_size=&#8221;one-one&#8221; gutter_size=&#8221;3&#8243; carousel_v_align=&#8221;middle&#8221; carousel_interval=&#8221;3000&#8243; carousel_navspeed=&#8221;400&#8243; carousel_dots=&#8221;yes&#8221; carousel_dots_mobile=&#8221;yes&#8221; stage_padding=&#8221;0&#8243; single_overlay_opacity=&#8221;50&#8243; single_text_anim=&#8221;no&#8221; single_image_anim=&#8221;no&#8221; single_padding=&#8221;2&#8243; single_border=&#8221;yes&#8221; uncode_shortcode_id=&#8221;168708&#8243; el_class=&#8221;hh-custom-controls&#8221;][\/vc_column][vc_column width=&#8221;7\/12&#8243;][vc_empty_space empty_h=&#8221;2&#8243; mobile_visibility=&#8221;yes&#8221;][vc_custom_heading heading_semantic=&#8221;h1&#8243; uncode_shortcode_id=&#8221;185160&#8243; el_class=&#8221;mobile-left&#8221;]PANTALONI JUNIOR[\/vc_custom_heading][uncode_list uncode_shortcode_id=&#8221;164593&#8243; el_class=&#8221;hh-list&#8221;]<\/p>\n<ul>\n<li class=\"bpink\">PANTS<\/li>\n<li class=\"purple\">JUNIOR<\/li>\n<\/ul>\n<p>[\/uncode_list][vc_empty_space empty_h=&#8221;2&#8243; el_class=&#8221;hh-mobile&#8221;][vc_column_text uncode_shortcode_id=&#8221;181167&#8243;]Pantalonii Junior sunt concepu\u021bi pentru copii \u00eentre 12 \u0219i 17 kg.\u200b<br \/>\nDe c\u00e2te ori ai auzit \u201ecresc at\u00e2t de repede\u201d?\u200b<\/p>\n<p>Pantalonii no\u0219tri moi pot fi cel mai bun partener al cre\u0219terii copilului t\u0103u. Designul nostru modern face procesul de schimbare a pantalonilor mai u\u0219or pentru p\u0103rin\u021bi \u0219i copii, combin\u00e2nd siguran\u021ba \u0219i caracterul practic \u00een trei pa\u0219i: Doar \u00eentinde, trage \u00een sus \u0219i, c\u00e2nd este timpul s\u0103 \u00eei dai jos, rupe p\u0103r\u021bile laterale.[\/vc_column_text][vc_row_inner row_inner_height_percent=&#8221;0&#8243; overlay_alpha=&#8221;50&#8243; gutter_size=&#8221;0&#8243; shift_y=&#8221;0&#8243; z_index=&#8221;0&#8243; uncode_shortcode_id=&#8221;200281&#8243; el_class=&#8221;hh-product-icons-block&#8221; limit_content=&#8221;&#8221;][vc_column_inner column_width_percent=&#8221;100&#8243; gutter_size=&#8221;3&#8243; overlay_alpha=&#8221;50&#8243; shift_x=&#8221;0&#8243; shift_y=&#8221;0&#8243; shift_y_down=&#8221;0&#8243; z_index=&#8221;0&#8243; medium_width=&#8221;0&#8243; mobile_width=&#8221;4&#8243; width=&#8221;1\/2&#8243; uncode_shortcode_id=&#8221;196691&#8243;][vc_icon position=&#8221;left&#8221; icon_image=&#8221;338&#8243; heading_semantic=&#8221;p&#8221; text_size=&#8221;&#8221; uncode_shortcode_id=&#8221;157961&#8243; title=&#8221;20\/40 buc\u0103\u021bi per pachet&#8221; el_class=&#8221;hh-grayscale-icon&#8221;][\/vc_icon][vc_icon position=&#8221;left&#8221; icon_image=&#8221;142&#8243; heading_semantic=&#8221;p&#8221; text_size=&#8221;&#8221; uncode_shortcode_id=&#8221;705445&#8243; title=&#8221;\u00centre 12 \u0219i 17 kg&#8221; el_class=&#8221;hh-grayscale-icon&#8221;][\/vc_icon][\/vc_column_inner][vc_column_inner column_width_percent=&#8221;100&#8243; gutter_size=&#8221;3&#8243; overlay_alpha=&#8221;50&#8243; shift_x=&#8221;0&#8243; shift_y=&#8221;0&#8243; shift_y_down=&#8221;0&#8243; z_index=&#8221;0&#8243; medium_width=&#8221;0&#8243; mobile_width=&#8221;4&#8243; width=&#8221;1\/2&#8243; uncode_shortcode_id=&#8221;204463&#8243;][vc_icon position=&#8221;left&#8221; icon_image=&#8221;336&#8243; heading_semantic=&#8221;p&#8221; text_size=&#8221;&#8221; uncode_shortcode_id=&#8221;130088&#8243; title=&#8221;Confort 360\u00b0&#8221; el_class=&#8221;hh-grayscale-icon&#8221;][\/vc_icon][vc_icon position=&#8221;left&#8221; icon_image=&#8221;335&#8243; heading_semantic=&#8221;p&#8221; text_size=&#8221;&#8221; uncode_shortcode_id=&#8221;290631&#8243; title=&#8221;U\u0219or de pus-dat jos&#8221; el_class=&#8221;hh-grayscale-icon&#8221;][\/vc_icon][\/vc_column_inner][\/vc_row_inner][vc_button hover_fx=&#8221;full-colored&#8221; border_width=&#8221;0&#8243; scale_mobile=&#8221;no&#8221; link=&#8221;url:%2Fwhere-to-buy%2F|title:Where%20To%20Buy&#8221; el_class=&#8221;hh-btn-primary hh-btn hh-hidden&#8221; uncode_shortcode_id=&#8221;819056&#8243;]WHERE TO BUY[\/vc_button][vc_empty_space empty_h=&#8221;3&#8243;][vc_custom_heading text_color=&#8221;color-jevc&#8221; heading_semantic=&#8221;h4&#8243; text_size=&#8221;h5&#8243; text_weight=&#8221;500&#8243; uncode_shortcode_id=&#8221;910905&#8243; text_color_type=&#8221;uncode-palette&#8221;]Disponibile anche in altre misure:[\/vc_custom_heading][uncode_list uncode_shortcode_id=&#8221;208169&#8243; el_id=&#8221;hh-size-links&#8221; el_class=&#8221;hh-list&#8221;]<\/p>\n<ul>\n<li class=\"turq\"><a href=\"\/products\/pants-maxi\/\">MAXI<\/a><\/li>\n<li class=\"pink\"><a href=\"\/products\/pants-xl\/\">XL<\/a><\/li>\n<\/ul>\n<p>[\/uncode_list][vc_empty_space empty_h=&#8221;3&#8243;][vc_custom_heading text_color=&#8221;color-jevc&#8221; heading_semantic=&#8221;h4&#8243; text_size=&#8221;h5&#8243; text_weight=&#8221;500&#8243; uncode_shortcode_id=&#8221;845064&#8243; text_color_type=&#8221;uncode-palette&#8221;]Composizione[\/vc_custom_heading][vc_single_image media=&#8221;339&#8243; media_width_percent=&#8221;100&#8243; uncode_shortcode_id=&#8221;129869&#8243; el_class=&#8221;hh-max-100&#8243;][vc_raw_html]JTNDZGl2JTIwY2xhc3MlM0QlMjJoaC1nYW1tZS1idXR0b25zJTIyJTNFJTBBJTNDYnV0dG9uJTIwaWQlM0QlMjJwYW50cy0xJTIyJTNFMSUzQyUyRmJ1dHRvbiUzRSUwQSUzQ2J1dHRvbiUyMGlkJTNEJTIycGFudHMtMiUyMiUzRTIlM0MlMkZidXR0b24lM0UlMEElM0NidXR0b24lMjBpZCUzRCUyMnBhbnRzLTMlMjIlM0UzJTNDJTJGYnV0dG9uJTNFJTBBJTNDYnV0dG9uJTIwaWQlM0QlMjJwYW50cy00JTIyJTNFNCUzQyUyRmJ1dHRvbiUzRSUwQSUzQ2J1dHRvbiUyMGlkJTNEJTIycGFudHMtNSUyMiUzRTUlM0MlMkZidXR0b24lM0UlMEElM0NidXR0b24lMjBpZCUzRCUyMnBhbnRzLTYlMjIlM0U2JTNDJTJGYnV0dG9uJTNFJTBBJTNDYnV0dG9uJTIwaWQlM0QlMjJwYW50cy03JTIyJTNFNyUzQyUyRmJ1dHRvbiUzRSUwQSUzQyUyRmRpdiUzRSUwQSUzQ3AlM0VTZWxlemlvbmFyZSUyMHVuJTIwbnVtZXJvJTIwcGVyJTIwbW9zdHJhcmUlMjB1bmElMjBwYXJ0ZSUyMHNwZWNpZmljYSUyMGRlbGxhJTIwY29tcG9zaXppb25lJTNDJTJGcCUzRQ==[\/vc_raw_html][uncode_block id=&#8221;141&#8243; inside_column=&#8221;yes&#8221;][\/vc_column][\/vc_row][vc_row][vc_column width=&#8221;1\/1&#8243;][uncode_block id=&#8221;137&#8243;][\/vc_column][\/vc_row][vc_row][vc_column width=&#8221;1\/1&#8243;][vc_empty_space empty_h=&#8221;2&#8243;][\/vc_column][\/vc_row][vc_row][vc_column width=&#8221;1\/1&#8243;][uncode_block id=&#8221;69&#8243;][\/vc_column][\/vc_row]<\/p>\n<\/div>","protected":false},"excerpt":{"rendered":"<p>Our Helen Harper Soft &#038; Dry pants are easy to use for you and your child: just stretch, pull up and when is time to take them off tear sides apart.<\/p>\n","protected":false},"author":2,"featured_media":3435,"parent":3347,"menu_order":2,"comment_status":"closed","ping_status":"closed","template":"","meta":{"_acf_changed":false,"footnotes":""},"class_list":["post-3433","page","type-page","status-publish","has-post-thumbnail","hentry","page_category-pants-it"],"acf":[],"yoast_head":"<!-- This site is optimized with the Yoast SEO Premium plugin v27.4 (Yoast SEO v27.4) - https:\/\/yoast.com\/product\/yoast-seo-premium-wordpress\/ -->\n<title>Baby Pant Junior 12-17 KG &#183; Helen Harper Soft and Dry<\/title>\n<meta name=\"description\" content=\"Our Helen Harper Soft &amp; Dry pants are easy to use for you and your child: just stretch, pull up and when is time to take them off tear sides apart.\" \/>\n<meta name=\"robots\" content=\"index, follow, max-snippet:-1, max-image-preview:large, max-video-preview:-1\" \/>\n<link rel=\"canonical\" href=\"https:\/\/www.helenharperbaby.com\/it\/i-prodotti\/pants-junior\/\" \/>\n<meta property=\"og:locale\" content=\"it_IT\" \/>\n<meta property=\"og:type\" content=\"article\" \/>\n<meta property=\"og:title\" content=\"Junior\" \/>\n<meta property=\"og:description\" content=\"Our Helen Harper Soft &amp; Dry pants are easy to use for you and your child: just stretch, pull up and when is time to take them off tear sides apart.\" \/>\n<meta property=\"og:url\" content=\"https:\/\/www.helenharperbaby.com\/it\/i-prodotti\/pants-junior\/\" \/>\n<meta property=\"og:site_name\" content=\"Helen Harper Soft and Dry\" \/>\n<meta property=\"article:modified_time\" content=\"2024-11-27T10:13:18+00:00\" \/>\n<meta property=\"og:image\" content=\"https:\/\/www.helenharperbaby.com\/wp-content\/uploads\/2023\/04\/p-5.png\" \/>\n\t<meta property=\"og:image:width\" content=\"600\" \/>\n\t<meta property=\"og:image:height\" content=\"600\" \/>\n\t<meta property=\"og:image:type\" content=\"image\/png\" \/>\n<meta name=\"twitter:card\" content=\"summary_large_image\" \/>\n<meta name=\"twitter:label1\" content=\"Est. reading time\" \/>\n\t<meta name=\"twitter:data1\" content=\"2 minuti\" \/>\n<script type=\"application\/ld+json\" class=\"yoast-schema-graph\">{\"@context\":\"https:\\\/\\\/schema.org\",\"@graph\":[{\"@type\":\"WebPage\",\"@id\":\"https:\\\/\\\/www.helenharperbaby.com\\\/it\\\/i-prodotti\\\/pants-junior\\\/\",\"url\":\"https:\\\/\\\/www.helenharperbaby.com\\\/it\\\/i-prodotti\\\/pants-junior\\\/\",\"name\":\"Baby Pant Junior 12-17 KG &#183; Helen Harper Soft and Dry\",\"isPartOf\":{\"@id\":\"https:\\\/\\\/www.helenharperbaby.com\\\/it\\\/#website\"},\"primaryImageOfPage\":{\"@id\":\"https:\\\/\\\/www.helenharperbaby.com\\\/it\\\/i-prodotti\\\/pants-junior\\\/#primaryimage\"},\"image\":{\"@id\":\"https:\\\/\\\/www.helenharperbaby.com\\\/it\\\/i-prodotti\\\/pants-junior\\\/#primaryimage\"},\"thumbnailUrl\":\"https:\\\/\\\/www.helenharperbaby.com\\\/wp-content\\\/uploads\\\/2023\\\/04\\\/p-5.png\",\"datePublished\":\"2023-04-28T19:59:47+00:00\",\"dateModified\":\"2024-11-27T10:13:18+00:00\",\"description\":\"Our Helen Harper Soft & Dry pants are easy to use for you and your child: just stretch, pull up and when is time to take them off tear sides apart.\",\"breadcrumb\":{\"@id\":\"https:\\\/\\\/www.helenharperbaby.com\\\/it\\\/i-prodotti\\\/pants-junior\\\/#breadcrumb\"},\"inLanguage\":\"it-IT\",\"potentialAction\":[{\"@type\":\"ReadAction\",\"target\":[\"https:\\\/\\\/www.helenharperbaby.com\\\/it\\\/i-prodotti\\\/pants-junior\\\/\"]}]},{\"@type\":\"ImageObject\",\"inLanguage\":\"it-IT\",\"@id\":\"https:\\\/\\\/www.helenharperbaby.com\\\/it\\\/i-prodotti\\\/pants-junior\\\/#primaryimage\",\"url\":\"https:\\\/\\\/www.helenharperbaby.com\\\/wp-content\\\/uploads\\\/2023\\\/04\\\/p-5.png\",\"contentUrl\":\"https:\\\/\\\/www.helenharperbaby.com\\\/wp-content\\\/uploads\\\/2023\\\/04\\\/p-5.png\",\"width\":600,\"height\":600},{\"@type\":\"BreadcrumbList\",\"@id\":\"https:\\\/\\\/www.helenharperbaby.com\\\/it\\\/i-prodotti\\\/pants-junior\\\/#breadcrumb\",\"itemListElement\":[{\"@type\":\"ListItem\",\"position\":1,\"name\":\"Home\",\"item\":\"https:\\\/\\\/www.helenharperbaby.com\\\/it\\\/\"},{\"@type\":\"ListItem\",\"position\":2,\"name\":\"I prodotti\",\"item\":\"https:\\\/\\\/www.helenharperbaby.com\\\/it\\\/i-prodotti\\\/\"},{\"@type\":\"ListItem\",\"position\":3,\"name\":\"Junior\"}]},{\"@type\":\"WebSite\",\"@id\":\"https:\\\/\\\/www.helenharperbaby.com\\\/it\\\/#website\",\"url\":\"https:\\\/\\\/www.helenharperbaby.com\\\/it\\\/\",\"name\":\"Helen Harper Baby\",\"description\":\"For moments of pure happiness.\",\"publisher\":{\"@id\":\"https:\\\/\\\/www.helenharperbaby.com\\\/it\\\/#organization\"},\"potentialAction\":[{\"@type\":\"SearchAction\",\"target\":{\"@type\":\"EntryPoint\",\"urlTemplate\":\"https:\\\/\\\/www.helenharperbaby.com\\\/it\\\/?s={search_term_string}\"},\"query-input\":{\"@type\":\"PropertyValueSpecification\",\"valueRequired\":true,\"valueName\":\"search_term_string\"}}],\"inLanguage\":\"it-IT\"},{\"@type\":\"Organization\",\"@id\":\"https:\\\/\\\/www.helenharperbaby.com\\\/it\\\/#organization\",\"name\":\"Helen Harper Baby\",\"url\":\"https:\\\/\\\/www.helenharperbaby.com\\\/it\\\/\",\"logo\":{\"@type\":\"ImageObject\",\"inLanguage\":\"it-IT\",\"@id\":\"https:\\\/\\\/www.helenharperbaby.com\\\/it\\\/#\\\/schema\\\/logo\\\/image\\\/\",\"url\":\"https:\\\/\\\/www.helenharperbaby.com\\\/wp-content\\\/uploads\\\/2023\\\/04\\\/hh-logo.png\",\"contentUrl\":\"https:\\\/\\\/www.helenharperbaby.com\\\/wp-content\\\/uploads\\\/2023\\\/04\\\/hh-logo.png\",\"width\":350,\"height\":227,\"caption\":\"Helen Harper Baby\"},\"image\":{\"@id\":\"https:\\\/\\\/www.helenharperbaby.com\\\/it\\\/#\\\/schema\\\/logo\\\/image\\\/\"}}]}<\/script>\n<!-- \/ Yoast SEO Premium plugin. -->","yoast_head_json":{"title":"Baby Pant Junior 12-17 KG &#183; Helen Harper Soft and Dry","description":"Our Helen Harper Soft & Dry pants are easy to use for you and your child: just stretch, pull up and when is time to take them off tear sides apart.","robots":{"index":"index","follow":"follow","max-snippet":"max-snippet:-1","max-image-preview":"max-image-preview:large","max-video-preview":"max-video-preview:-1"},"canonical":"https:\/\/www.helenharperbaby.com\/it\/i-prodotti\/pants-junior\/","og_locale":"it_IT","og_type":"article","og_title":"Junior","og_description":"Our Helen Harper Soft & Dry pants are easy to use for you and your child: just stretch, pull up and when is time to take them off tear sides apart.","og_url":"https:\/\/www.helenharperbaby.com\/it\/i-prodotti\/pants-junior\/","og_site_name":"Helen Harper Soft and Dry","article_modified_time":"2024-11-27T10:13:18+00:00","og_image":[{"width":600,"height":600,"url":"https:\/\/www.helenharperbaby.com\/wp-content\/uploads\/2023\/04\/p-5.png","type":"image\/png"}],"twitter_card":"summary_large_image","twitter_misc":{"Est. reading time":"2 minuti"},"schema":{"@context":"https:\/\/schema.org","@graph":[{"@type":"WebPage","@id":"https:\/\/www.helenharperbaby.com\/it\/i-prodotti\/pants-junior\/","url":"https:\/\/www.helenharperbaby.com\/it\/i-prodotti\/pants-junior\/","name":"Baby Pant Junior 12-17 KG &#183; Helen Harper Soft and Dry","isPartOf":{"@id":"https:\/\/www.helenharperbaby.com\/it\/#website"},"primaryImageOfPage":{"@id":"https:\/\/www.helenharperbaby.com\/it\/i-prodotti\/pants-junior\/#primaryimage"},"image":{"@id":"https:\/\/www.helenharperbaby.com\/it\/i-prodotti\/pants-junior\/#primaryimage"},"thumbnailUrl":"https:\/\/www.helenharperbaby.com\/wp-content\/uploads\/2023\/04\/p-5.png","datePublished":"2023-04-28T19:59:47+00:00","dateModified":"2024-11-27T10:13:18+00:00","description":"Our Helen Harper Soft & Dry pants are easy to use for you and your child: just stretch, pull up and when is time to take them off tear sides apart.","breadcrumb":{"@id":"https:\/\/www.helenharperbaby.com\/it\/i-prodotti\/pants-junior\/#breadcrumb"},"inLanguage":"it-IT","potentialAction":[{"@type":"ReadAction","target":["https:\/\/www.helenharperbaby.com\/it\/i-prodotti\/pants-junior\/"]}]},{"@type":"ImageObject","inLanguage":"it-IT","@id":"https:\/\/www.helenharperbaby.com\/it\/i-prodotti\/pants-junior\/#primaryimage","url":"https:\/\/www.helenharperbaby.com\/wp-content\/uploads\/2023\/04\/p-5.png","contentUrl":"https:\/\/www.helenharperbaby.com\/wp-content\/uploads\/2023\/04\/p-5.png","width":600,"height":600},{"@type":"BreadcrumbList","@id":"https:\/\/www.helenharperbaby.com\/it\/i-prodotti\/pants-junior\/#breadcrumb","itemListElement":[{"@type":"ListItem","position":1,"name":"Home","item":"https:\/\/www.helenharperbaby.com\/it\/"},{"@type":"ListItem","position":2,"name":"I prodotti","item":"https:\/\/www.helenharperbaby.com\/it\/i-prodotti\/"},{"@type":"ListItem","position":3,"name":"Junior"}]},{"@type":"WebSite","@id":"https:\/\/www.helenharperbaby.com\/it\/#website","url":"https:\/\/www.helenharperbaby.com\/it\/","name":"Helen Harper Baby","description":"For moments of pure happiness.","publisher":{"@id":"https:\/\/www.helenharperbaby.com\/it\/#organization"},"potentialAction":[{"@type":"SearchAction","target":{"@type":"EntryPoint","urlTemplate":"https:\/\/www.helenharperbaby.com\/it\/?s={search_term_string}"},"query-input":{"@type":"PropertyValueSpecification","valueRequired":true,"valueName":"search_term_string"}}],"inLanguage":"it-IT"},{"@type":"Organization","@id":"https:\/\/www.helenharperbaby.com\/it\/#organization","name":"Helen Harper Baby","url":"https:\/\/www.helenharperbaby.com\/it\/","logo":{"@type":"ImageObject","inLanguage":"it-IT","@id":"https:\/\/www.helenharperbaby.com\/it\/#\/schema\/logo\/image\/","url":"https:\/\/www.helenharperbaby.com\/wp-content\/uploads\/2023\/04\/hh-logo.png","contentUrl":"https:\/\/www.helenharperbaby.com\/wp-content\/uploads\/2023\/04\/hh-logo.png","width":350,"height":227,"caption":"Helen Harper Baby"},"image":{"@id":"https:\/\/www.helenharperbaby.com\/it\/#\/schema\/logo\/image\/"}}]}},"_links":{"self":[{"href":"https:\/\/www.helenharperbaby.com\/it\/wp-json\/wp\/v2\/pages\/3433","targetHints":{"allow":["GET"]}}],"collection":[{"href":"https:\/\/www.helenharperbaby.com\/it\/wp-json\/wp\/v2\/pages"}],"about":[{"href":"https:\/\/www.helenharperbaby.com\/it\/wp-json\/wp\/v2\/types\/page"}],"author":[{"embeddable":true,"href":"https:\/\/www.helenharperbaby.com\/it\/wp-json\/wp\/v2\/users\/2"}],"replies":[{"embeddable":true,"href":"https:\/\/www.helenharperbaby.com\/it\/wp-json\/wp\/v2\/comments?post=3433"}],"version-history":[{"count":0,"href":"https:\/\/www.helenharperbaby.com\/it\/wp-json\/wp\/v2\/pages\/3433\/revisions"}],"up":[{"embeddable":true,"href":"https:\/\/www.helenharperbaby.com\/it\/wp-json\/wp\/v2\/pages\/3347"}],"wp:featuredmedia":[{"embeddable":true,"href":"https:\/\/www.helenharperbaby.com\/it\/wp-json\/wp\/v2\/media\/3435"}],"wp:attachment":[{"href":"https:\/\/www.helenharperbaby.com\/it\/wp-json\/wp\/v2\/media?parent=3433"}],"curies":[{"name":"wp","href":"https:\/\/api.w.org\/{rel}","templated":true}]}}