{"id":1716,"date":"2023-05-10T14:53:01","date_gmt":"2023-05-10T14:53:01","guid":{"rendered":"https:\/\/www.helenharperbaby.com\/?page_id=1716"},"modified":"2023-06-22T09:27:23","modified_gmt":"2023-06-22T09:27:23","slug":"termeni-de-utilizare","status":"publish","type":"page","link":"https:\/\/www.helenharperbaby.com\/ro\/termeni-de-utilizare\/","title":{"rendered":"Termeni de utilizare"},"content":{"rendered":"<div class=\"wpb-content-wrapper\"><p>[vc_row][vc_column width=&#8221;1\/1&#8243;][uncode_breadcrumbs][\/vc_column][\/vc_row][vc_row row_height_percent=&#8221;0&#8243; override_padding=&#8221;yes&#8221; h_padding=&#8221;2&#8243; top_padding=&#8221;2&#8243; bottom_padding=&#8221;4&#8243; overlay_alpha=&#8221;50&#8243; gutter_size=&#8221;3&#8243; column_width_percent=&#8221;100&#8243; shift_y=&#8221;0&#8243; z_index=&#8221;0&#8243; uncode_shortcode_id=&#8221;168631&#8243;][vc_column width=&#8221;1\/1&#8243;][vc_custom_heading uncode_shortcode_id=&#8221;603619&#8243;]Termeni de utilizare[\/vc_custom_heading][vc_column_text uncode_shortcode_id=&#8221;179905&#8243;]<strong>Cuprins<\/strong><\/p>\n<p>\u2013 Acceptarea \u0219i modificarea Termenilor de utilizare<br \/>\n\u2013 Accesul la site-ul web<br \/>\n\u2013 Con\u021binutul site-ului web<br \/>\n\u2013 Utilizarea site-ului web<br \/>\n\u2013 Drepturi de proprietate intelectual\u0103<br \/>\n\u2013 Linkuri c\u0103tre site-uri web \u0219i servicii ale unor ter\u021be p\u0103r\u021bi<br \/>\n\u2013 Durat\u0103 \u0219i reziliere<br \/>\n\u2013 R\u0103spundere legal\u0103<br \/>\n\u2013 Generalit\u0103\u021bi<br \/>\n\u2013 Legea aplicabil\u0103<br \/>\n\u2013 Solu\u021bionarea litigiilor<\/p>\n<p><strong>Acceptarea \u0219i modificarea Termenilor de utilizare<\/strong><\/p>\n<p>Ace\u0219ti termeni de utilizare (\u201eTermenii de utilizare\u201d) stabilesc cadrul juridic care guverneaz\u0103 accesul \u0219i utilizarea site-ului web Ontex.com (\u201eSite-ul web\u201d), care este de\u021binut \u0219i utilizat de compania Ontex BV, \u00eenregistrat\u0103 cu num\u0103rul 0419.457.296 (Registrul societ\u0103\u021bilor din Belgia) cu sediul social la Genthof 5 9255 Buggenhout, (\u201eOntex\u201d sau \u201enoi\u201d).<\/p>\n<p>Accesarea \u0219i utilizarea site-ului web sunt condi\u021bionate de acceptarea de c\u0103tre dvs. a Termenilor de utilizare care sunt aplicabili \u00een momentul \u00een care accesa\u021bi site-ul web \u0219i care pot fi modifica\u021bi de Ontex \u00een orice moment. \u00cen acest sens, prin accesarea \u0219i utilizarea site-ului web, accepta\u021bi c\u0103 sunte\u021bi obligat \u00een mod automat de Termenii de utilizare \u0219i, prin urmare, de orice modific\u0103ri care erau aplicabile la momentul acces\u0103rii sau utiliz\u0103rii site-ului web \u0219i accepta\u021bi c\u0103 o astfel de acceptare va avea aceea\u0219i valoare juridic\u0103 ca o acceptare expres\u0103 \u00een scris. \u00cen cazul \u00een care nu sunte\u021bi de acord cu Termenii de utilizare, nu trebuie s\u0103 accesa\u021bi sau s\u0103 utiliza\u021bi site-ul web. V\u0103 rug\u0103m s\u0103 citi\u021bi cu aten\u021bie Termenii de utilizare \u0219i\u202fPolitica de\u202fconfiden\u021bialitate, pe care le pute\u021bi accesa aici\u202f\u00eenainte de a utiliza site-ul web. V\u0103 recomand\u0103m s\u0103 citi\u021bi Termenii de utilizare de fiecare dat\u0103 c\u00e2nd accesa\u021bi site-ul web.<\/p>\n<p><strong>Utilizarea site-ului web<\/strong><\/p>\n<p>Nu trebuie s\u0103 accesa\u021bi sau s\u0103 utiliza\u021bi site-ul web \u00eentr-un mod care poate deteriora, dezactiva, supra\u00eenc\u0103rca sau compromite conturile, sistemele IT sau re\u021belele Ontex. Nu trebuie s\u0103 \u00eencerca\u021bi s\u0103 accesa\u021bi conturile, sistemele IT sau re\u021belele Ontex \u00een mod neautorizat. Nu trebuie s\u0103 \u00eencerca\u021bi s\u0103 folosi\u021bi web crawlere, instrumente de scraping \u0219i alte mijloace automate pentru a accesa site-ul web sau conturile Ontex, sistemele IT sau re\u021belele \u00eentr-un mod neautorizat. Nu trebuie s\u0103 accesa\u021bi, s\u0103 desc\u0103rca\u021bi, s\u0103 utiliza\u021bi sau s\u0103 exporta\u021bi site-ul web sau con\u021binutul \u00eentr-un mod care \u00eencalc\u0103 reglement\u0103rile sau legisla\u021bia privind exportul sau care \u00eencalc\u0103 alte reglement\u0103ri sau prevederi legale aplicabile.[Text Wrapping Break]Cu titlu pur exemplificativ, nu trebuie (i) s\u0103 modifica\u021bi, s\u0103 reproduce\u021bi, s\u0103 descrie\u021bi, s\u0103 adapta\u021bi \u0219i\/sau s\u0103 traduce\u021bi integral sau par\u021bial site-ul web \u0219i\/sau con\u021binutul acestuia; (ii) s\u0103 extrage\u021bi integral sau par\u021bial site-ul web; sau (iii) s\u0103 publica\u021bi \u0219i\/sau s\u0103 utiliza\u021bi con\u021binutul pe un site web, pe un suport media sau \u00eentr-o re\u021bea (\u0219i nici nu pute\u021bi autoriza o ter\u021b\u0103 parte s\u0103 fac\u0103 acest lucru).<\/p>\n<p>\u00cen cazul \u00een care vi se cere s\u0103 publica\u021bi con\u021binut pe site-ul web (\u0219i anume, dar f\u0103r\u0103 a se limita la comentariile privind produsele sau serviciile furnizate de Ontex) (\u201ePublica\u021bia (Publica\u021biile)\u201d), garanta\u021bi c\u0103 (i) de\u021bine\u021bi toate licen\u021bele, drepturile, acordurile \u0219i autoriza\u021biile necesare pentru a utiliza \u0219i pentru a autoriza Ontex s\u0103 utilizeze toate drepturile de autor, drepturile de marc\u0103 comercial\u0103 \u0219i orice alt drept de proprietate aplicabil publica\u021biilor \u0219i (iii) a\u021bi ob\u021binut acordul scris al tuturor persoanelor fizice identificabile, pentru fiecare publica\u021bie, pentru a le folosi respectivele nume \u0219i imagini \u00een publica\u021bia amintit\u0103. Accepta\u021bi c\u0103 nu ve\u021bi trimite publica\u021bii care pot fi ilicite, imorale, obscene, def\u0103im\u0103toare, amenin\u021b\u0103toare, pornografice, pedofile, revizioniste (care neag\u0103 Holocaustul), intimidante, pline de ur\u0103, rasiste, abuzive, care incit\u0103 la ur\u0103 politic\u0103 sau rasial\u0103, xenofobe, care \u00eencalc\u0103 orice lege sau regul\u0103 obligatorie sau care sunt inadecvate \u00een orice alt mod. Prin publicarea de publica\u021bii pe site-ul web, acorda\u021bi Ontex dreptul de a utiliza, reproduce \u0219i descrie publica\u021biile, integral sau par\u021bial, gratuit, \u00een beneficiul \u00eentregii lumi, pe orice suport, pe durata termenului legal de protec\u021bie a drepturilor de proprietate intelectual\u0103 referitoare la aceste publica\u021bii, pentru a \u00eendeplini nevoile site-ului web \u0219i pentru a promova site-ul web men\u021bionat, \u0219i anume \u00een scopuri publicitare sau comerciale.<\/p>\n<p><strong>Drepturi de proprietate intelectual\u0103<\/strong><\/p>\n<p>Site-ul web \u0219i con\u021binutul acestuia, precum \u0219i drepturile de autor \u0219i drepturile aferente m\u0103rcilor comerciale, denumirilor comerciale, desenelor, imaginilor, bazelor de date, informa\u021biilor, datelor, textelor, sunetelor, fotografiilor \u0219i graficelor \u0219i tuturor codurilor surs\u0103, software-ului \u0219i oric\u0103rui alt con\u021binut, sunt proprietatea Ontex sau a titularilor s\u0103i de licen\u021be \u0219i sunt protejate de drepturile de proprietate intelectual\u0103 \u0219i de alte drepturi de proprietate na\u021bionale \u0219i interna\u021bionale, inclusiv, dar f\u0103r\u0103 a se limita la drepturile de autor \u0219i drepturile conexe, drepturile aferente bazelor de date, modelelor, m\u0103rcilor \u0219i denumirilor comerciale, brevetelor etc. V\u0103 angaja\u021bi s\u0103 nu afi\u0219a\u021bi sau s\u0103 nu utiliza\u021bi sigla sau m\u0103rcile Ontex \u00een niciun mod, f\u0103r\u0103 acordul nostru prealabil, exprimat \u00een scris.<\/p>\n<p>Accesarea \u0219i utilizarea site-ului web \u0219i\/sau a con\u021binutului nu trebuie interpretate ca acordarea unei licen\u021be pentru oricare dintre aceste drepturi de proprietate intelectual\u0103. Ne rezerv\u0103m toate drepturile legate de site-ul web \u0219i de con\u021binut care nu v-au fost acordate \u00een mod expres.[Text Wrapping Break]Pute\u021bi utiliza site-ul web sau con\u021binutul acestuia numai \u00een conformitate cu Termenii de utilizare.[Text Wrapping Break]\u00cen cazul \u00een care utiliza\u021bi con\u021binutul site-ului web sau elemente asupra c\u0103rora Ontex are drept de proprietate sau de\u021bine o licen\u021b\u0103 f\u0103r\u0103 autoriza\u021bia Ontex sau \u00eentr-un mod care nu este autorizat de Termenii de utilizare, pute\u021bi \u00eenc\u0103lca drepturile noastre de proprietate intelectual\u0103 sau drepturile de proprietate intelectual\u0103 ale ter\u021bilor, inclusiv, dar f\u0103r\u0103 a se limita la drepturile de autor \u0219i drepturile conexe, drepturile referitoare la baze de date, modele \u0219i modele, m\u0103rci comerciale \u0219i m\u0103rci \u00eenregistrate, brevete \u0219i alte drepturi. \u00cen astfel de cazuri, ne rezerv\u0103m dreptul deplin de a v\u0103 revoca automat accesul la site-ul web \u0219i de a lua orice m\u0103suri pe care le consider\u0103m adecvate pentru a preveni, suspenda sau ob\u021bine desp\u0103gubiri pentru \u00eenc\u0103lcarea drepturilor de proprietate intelectual\u0103. Niciun alt drept de orice alt tip nu este acordat sub form\u0103 de licen\u021b\u0103, atribuit sau transmis \u00een alt mod persoanelor care acceseaz\u0103 site-ul web \u0219i\/sau utilizeaz\u0103 con\u021binutul.<\/p>\n<p><strong>Linkuri c\u0103tre site-uri web \u0219i servicii ale p\u0103r\u021bilor ter\u021be<\/strong><\/p>\n<p>Site-ul web con\u021bine hyperlinkuri c\u0103tre alte site-uri web utilizate de ter\u021bi \u0219i trimiteri la alte surse de informa\u021bii. Aceste linkuri \u0219i surse de informa\u021bii sunt furnizate \u00een scop informativ. Aceste site-uri web \u0219i informa\u021biile con\u021binute pe aceste site-uri web nu sunt gestionate sau controlate de Ontex. Deoarece nu avem niciun control asupra acestor servicii, recunoa\u0219te\u021bi \u0219i accepta\u021bi c\u0103 nu suntem responsabili (i) pentru disponibilitatea, con\u021binutul, acurate\u021bea, calitatea, publicitatea \u0219i produsele referitoare la aceste servicii externe \u0219i orice alt element disponibil \u00een leg\u0103tur\u0103 cu aceste servicii sau prin intermediul acestor servicii, (ii) protec\u021bia datelor cu caracter personal sau orice alte practici pe aceste site-uri web.<\/p>\n<p><strong>Durat\u0103 \u0219i reziliere<\/strong><\/p>\n<p>Termenii de utilizare vor r\u0103m\u00e2ne aplicabili \u00eentre noi \u0219i dvs. at\u00e2t timp c\u00e2t utiliza\u021bi site-ul web.[Text Wrapping Break]\u00cen cazul \u00een care consider\u0103m c\u0103 utilizarea de c\u0103tre dvs. a site-ului web este ilegal\u0103 \u0219i\/sau neautorizat\u0103 \u0219i\/sau \u00eencalc\u0103 Termenii de utilizare, ne rezerv\u0103m dreptul deplin de a lua orice m\u0103suri, \u0219i anume introducerea de ac\u021biuni \u00een justi\u021bie, dac\u0103 consider\u0103m acest lucru necesar, \u0219i blocarea accesului dvs. la site.<\/p>\n<p><strong>R\u0103spundere legal\u0103<\/strong><\/p>\n<p>Datele comunicate pe site-ul web sunt \u00een principal legate de activit\u0103\u021bile de marketing ale Ontex sau de datele financiare \u0219i\/sau de cele ale companiilor sale afiliate; aceste date sunt furnizate \u00een scopuri informative \u0219i nu ar trebui interpretate ca un angajament \u00een numele Ontex \u0219i\/sau al companiilor sale afiliate.<\/p>\n<p>Vi se va imputa exclusiv r\u0103spunderea legal\u0103 pentru utilizarea site-ului web \u0219i pentru orice decizie luat\u0103 \u00een privin\u021ba bazei de date \u0219i\/sau a informa\u021biilor con\u021binute pe site.<\/p>\n<p><strong>General<\/strong><\/p>\n<p>Termenii de utilizare constituie \u00eentregul acord \u00eentre dvs. \u0219i noi cu privire la obiectul prezentului document \u0219i \u00eenlocuiesc termenii \u0219i condi\u021biile oric\u0103rei alte comunic\u0103ri \u0219i\/sau reclame cu privire la site-ul web.<\/p>\n<p>\u00cen cazul \u00een care o prevedere con\u021binut\u0103 \u00een Termenii de utilizare este declarat\u0103 ilegal\u0103, nevalid\u0103 sau inaplicabil\u0103 de c\u0103tre o instan\u021b\u0103 competent\u0103 sau un organism competent, invaliditatea acestei prevederi nu va afecta validitatea celorlalte prevederi con\u021binute \u00een Termenii de utilizare, care vor r\u0103m\u00e2ne \u00een vigoare.<\/p>\n<p>Nerespectarea de c\u0103tre o parte a oric\u0103rui drept sau prevedere con\u021binut\u0103 \u00een ace\u0219ti Termeni de utilizare nu constituie o renun\u021bare la acest drept sau prevedere.<\/p>\n<p>V\u0103 angaja\u021bi s\u0103 desp\u0103gubi\u021bi, s\u0103 ap\u0103ra\u021bi \u0219i s\u0103 exonera\u021bi Ontex \u0219i reprezentan\u021bii, directorii, angaja\u021bii, subcontractan\u021bii \u0219i agen\u021bii s\u0103i de consecin\u021bele oric\u0103rei reclama\u021bii, ac\u021biuni, proceduri, daune \u0219i costuri care rezult\u0103 din \u00eenc\u0103lcarea de c\u0103tre dvs. a Termenilor de utilizare.<\/p>\n<p><strong>Legea aplicabil\u0103 \u2013 Solu\u021bionarea litigiilor<\/strong><\/p>\n<p>Termenii de utilizare sunt guverna\u021bi de legisla\u021bia belgian\u0103.[Text Wrapping Break]\u00cen cazul unui litigiu, v\u0103 pute\u021bi adresa reclama\u021bia \u00een scris prin intermediul\u202fsec\u021biunii de contact\u202fa acestui site web, pentru a \u00eencerca s\u0103 g\u0103si\u021bi o solu\u021bie amiabil\u0103 a litigiului.<\/p>\n<p>De asemenea, pute\u021bi recurge la serviciul de solu\u021bionare online a litigiilor oferit de Comisia European\u0103 \u00een conformitate cu articolul 14 din Regulamentul (UE) nr. 524\/2013. Aceast\u0103 platform\u0103 este accesibil\u0103 prin urm\u0103torul link:\u202f<a href=\"https:\/\/webgate.ec.europa.eu\/odr\/\">https:\/\/webgate.ec.europa.eu\/odr\/<\/a>.<\/p>\n<p>Orice litigiu privind \u00eencheierea, valabilitatea, interpretarea, executarea sau \u00eencetarea Termenilor de utilizare va fi supus jurisdic\u021biei instan\u021belor (i) de la domiciliul Ontex; sau (ii) de la domiciliul dvs.; sau (iii) locul furniz\u0103rii serviciului de acces la site-ul web.[\/vc_column_text][\/vc_column][\/vc_row]<\/p>\n<\/div>","protected":false},"excerpt":{"rendered":"<p>Ace\u0219ti termeni de utilizare stabilesc cadrul juridic care guverneaz\u0103 accesul \u0219i utilizarea site-ului web Ontex.com, care este de\u021binut \u0219i utilizat de compania Ontex BV, \u00eenregistrat\u0103 cu num\u0103rul 0419.457.296 cu sediul social la Genthof 5 9255 Buggenhout.<\/p>\n","protected":false},"author":3,"featured_media":0,"parent":0,"menu_order":0,"comment_status":"closed","ping_status":"closed","template":"","meta":{"_acf_changed":false,"footnotes":""},"class_list":["post-1716","page","type-page","status-publish","hentry"],"acf":[],"yoast_head":"<!-- This site is optimized with the Yoast SEO Premium plugin v27.4 (Yoast SEO v27.4) - https:\/\/yoast.com\/product\/yoast-seo-premium-wordpress\/ -->\n<title>Termeni de utilizare &#183; Helen Harper Soft and Dry<\/title>\n<meta name=\"description\" content=\"Ace\u0219ti termeni de utilizare stabilesc cadrul juridic care guverneaz\u0103 accesul \u0219i utilizarea site-ului web Ontex.com, care este de\u021binut \u0219i utilizat de compania Ontex BV, \u00eenregistrat\u0103 cu num\u0103rul 0419.457.296 cu sediul social la Genthof 5 9255 Buggenhout.\" \/>\n<meta name=\"robots\" content=\"index, follow, max-snippet:-1, max-image-preview:large, max-video-preview:-1\" \/>\n<link rel=\"canonical\" href=\"https:\/\/www.helenharperbaby.com\/ro\/termeni-de-utilizare\/\" \/>\n<meta property=\"og:locale\" content=\"ro_RO\" \/>\n<meta property=\"og:type\" content=\"article\" \/>\n<meta property=\"og:title\" content=\"Termeni de utilizare\" \/>\n<meta property=\"og:description\" content=\"Ace\u0219ti termeni de utilizare stabilesc cadrul juridic care guverneaz\u0103 accesul \u0219i utilizarea site-ului web Ontex.com, care este de\u021binut \u0219i utilizat de compania Ontex BV, \u00eenregistrat\u0103 cu num\u0103rul 0419.457.296 cu sediul social la Genthof 5 9255 Buggenhout.\" \/>\n<meta property=\"og:url\" content=\"https:\/\/www.helenharperbaby.com\/ro\/termeni-de-utilizare\/\" \/>\n<meta property=\"og:site_name\" content=\"Helen Harper Soft and Dry\" \/>\n<meta property=\"article:modified_time\" content=\"2023-06-22T09:27:23+00:00\" \/>\n<meta property=\"og:image\" content=\"https:\/\/www.helenharperbaby.com\/wp-content\/uploads\/2023\/05\/Helen_harper_soft_dry_main_image.jpg\" \/>\n\t<meta property=\"og:image:width\" content=\"1200\" \/>\n\t<meta property=\"og:image:height\" content=\"675\" \/>\n\t<meta property=\"og:image:type\" content=\"image\/jpeg\" \/>\n<meta name=\"twitter:card\" content=\"summary_large_image\" \/>\n<meta name=\"twitter:label1\" content=\"Timp estimat pentru citire\" \/>\n\t<meta name=\"twitter:data1\" content=\"7 minute\" \/>\n<script type=\"application\/ld+json\" class=\"yoast-schema-graph\">{\"@context\":\"https:\\\/\\\/schema.org\",\"@graph\":[{\"@type\":\"WebPage\",\"@id\":\"https:\\\/\\\/www.helenharperbaby.com\\\/ro\\\/termeni-de-utilizare\\\/\",\"url\":\"https:\\\/\\\/www.helenharperbaby.com\\\/ro\\\/termeni-de-utilizare\\\/\",\"name\":\"Termeni de utilizare &#183; Helen Harper Soft and Dry\",\"isPartOf\":{\"@id\":\"https:\\\/\\\/www.helenharperbaby.com\\\/ro\\\/#website\"},\"datePublished\":\"2023-05-10T14:53:01+00:00\",\"dateModified\":\"2023-06-22T09:27:23+00:00\",\"description\":\"Ace\u0219ti termeni de utilizare stabilesc cadrul juridic care guverneaz\u0103 accesul \u0219i utilizarea site-ului web Ontex.com, care este de\u021binut \u0219i utilizat de compania Ontex BV, \u00eenregistrat\u0103 cu num\u0103rul 0419.457.296 cu sediul social la Genthof 5 9255 Buggenhout.\",\"breadcrumb\":{\"@id\":\"https:\\\/\\\/www.helenharperbaby.com\\\/ro\\\/termeni-de-utilizare\\\/#breadcrumb\"},\"inLanguage\":\"ro-RO\",\"potentialAction\":[{\"@type\":\"ReadAction\",\"target\":[\"https:\\\/\\\/www.helenharperbaby.com\\\/ro\\\/termeni-de-utilizare\\\/\"]}]},{\"@type\":\"BreadcrumbList\",\"@id\":\"https:\\\/\\\/www.helenharperbaby.com\\\/ro\\\/termeni-de-utilizare\\\/#breadcrumb\",\"itemListElement\":[{\"@type\":\"ListItem\",\"position\":1,\"name\":\"Home\",\"item\":\"https:\\\/\\\/www.helenharperbaby.com\\\/ro\\\/\"},{\"@type\":\"ListItem\",\"position\":2,\"name\":\"Termeni de utilizare\"}]},{\"@type\":\"WebSite\",\"@id\":\"https:\\\/\\\/www.helenharperbaby.com\\\/ro\\\/#website\",\"url\":\"https:\\\/\\\/www.helenharperbaby.com\\\/ro\\\/\",\"name\":\"Helen Harper Baby\",\"description\":\"For moments of pure happiness.\",\"publisher\":{\"@id\":\"https:\\\/\\\/www.helenharperbaby.com\\\/ro\\\/#organization\"},\"potentialAction\":[{\"@type\":\"SearchAction\",\"target\":{\"@type\":\"EntryPoint\",\"urlTemplate\":\"https:\\\/\\\/www.helenharperbaby.com\\\/ro\\\/?s={search_term_string}\"},\"query-input\":{\"@type\":\"PropertyValueSpecification\",\"valueRequired\":true,\"valueName\":\"search_term_string\"}}],\"inLanguage\":\"ro-RO\"},{\"@type\":\"Organization\",\"@id\":\"https:\\\/\\\/www.helenharperbaby.com\\\/ro\\\/#organization\",\"name\":\"Helen Harper Baby\",\"url\":\"https:\\\/\\\/www.helenharperbaby.com\\\/ro\\\/\",\"logo\":{\"@type\":\"ImageObject\",\"inLanguage\":\"ro-RO\",\"@id\":\"https:\\\/\\\/www.helenharperbaby.com\\\/ro\\\/#\\\/schema\\\/logo\\\/image\\\/\",\"url\":\"https:\\\/\\\/www.helenharperbaby.com\\\/wp-content\\\/uploads\\\/2023\\\/04\\\/hh-logo.png\",\"contentUrl\":\"https:\\\/\\\/www.helenharperbaby.com\\\/wp-content\\\/uploads\\\/2023\\\/04\\\/hh-logo.png\",\"width\":350,\"height\":227,\"caption\":\"Helen Harper Baby\"},\"image\":{\"@id\":\"https:\\\/\\\/www.helenharperbaby.com\\\/ro\\\/#\\\/schema\\\/logo\\\/image\\\/\"}}]}<\/script>\n<!-- \/ Yoast SEO Premium plugin. -->","yoast_head_json":{"title":"Termeni de utilizare &#183; Helen Harper Soft and Dry","description":"Ace\u0219ti termeni de utilizare stabilesc cadrul juridic care guverneaz\u0103 accesul \u0219i utilizarea site-ului web Ontex.com, care este de\u021binut \u0219i utilizat de compania Ontex BV, \u00eenregistrat\u0103 cu num\u0103rul 0419.457.296 cu sediul social la Genthof 5 9255 Buggenhout.","robots":{"index":"index","follow":"follow","max-snippet":"max-snippet:-1","max-image-preview":"max-image-preview:large","max-video-preview":"max-video-preview:-1"},"canonical":"https:\/\/www.helenharperbaby.com\/ro\/termeni-de-utilizare\/","og_locale":"ro_RO","og_type":"article","og_title":"Termeni de utilizare","og_description":"Ace\u0219ti termeni de utilizare stabilesc cadrul juridic care guverneaz\u0103 accesul \u0219i utilizarea site-ului web Ontex.com, care este de\u021binut \u0219i utilizat de compania Ontex BV, \u00eenregistrat\u0103 cu num\u0103rul 0419.457.296 cu sediul social la Genthof 5 9255 Buggenhout.","og_url":"https:\/\/www.helenharperbaby.com\/ro\/termeni-de-utilizare\/","og_site_name":"Helen Harper Soft and Dry","article_modified_time":"2023-06-22T09:27:23+00:00","og_image":[{"width":1200,"height":675,"url":"https:\/\/www.helenharperbaby.com\/wp-content\/uploads\/2023\/05\/Helen_harper_soft_dry_main_image.jpg","type":"image\/jpeg"}],"twitter_card":"summary_large_image","twitter_misc":{"Timp estimat pentru citire":"7 minute"},"schema":{"@context":"https:\/\/schema.org","@graph":[{"@type":"WebPage","@id":"https:\/\/www.helenharperbaby.com\/ro\/termeni-de-utilizare\/","url":"https:\/\/www.helenharperbaby.com\/ro\/termeni-de-utilizare\/","name":"Termeni de utilizare &#183; Helen Harper Soft and Dry","isPartOf":{"@id":"https:\/\/www.helenharperbaby.com\/ro\/#website"},"datePublished":"2023-05-10T14:53:01+00:00","dateModified":"2023-06-22T09:27:23+00:00","description":"Ace\u0219ti termeni de utilizare stabilesc cadrul juridic care guverneaz\u0103 accesul \u0219i utilizarea site-ului web Ontex.com, care este de\u021binut \u0219i utilizat de compania Ontex BV, \u00eenregistrat\u0103 cu num\u0103rul 0419.457.296 cu sediul social la Genthof 5 9255 Buggenhout.","breadcrumb":{"@id":"https:\/\/www.helenharperbaby.com\/ro\/termeni-de-utilizare\/#breadcrumb"},"inLanguage":"ro-RO","potentialAction":[{"@type":"ReadAction","target":["https:\/\/www.helenharperbaby.com\/ro\/termeni-de-utilizare\/"]}]},{"@type":"BreadcrumbList","@id":"https:\/\/www.helenharperbaby.com\/ro\/termeni-de-utilizare\/#breadcrumb","itemListElement":[{"@type":"ListItem","position":1,"name":"Home","item":"https:\/\/www.helenharperbaby.com\/ro\/"},{"@type":"ListItem","position":2,"name":"Termeni de utilizare"}]},{"@type":"WebSite","@id":"https:\/\/www.helenharperbaby.com\/ro\/#website","url":"https:\/\/www.helenharperbaby.com\/ro\/","name":"Helen Harper Baby","description":"For moments of pure happiness.","publisher":{"@id":"https:\/\/www.helenharperbaby.com\/ro\/#organization"},"potentialAction":[{"@type":"SearchAction","target":{"@type":"EntryPoint","urlTemplate":"https:\/\/www.helenharperbaby.com\/ro\/?s={search_term_string}"},"query-input":{"@type":"PropertyValueSpecification","valueRequired":true,"valueName":"search_term_string"}}],"inLanguage":"ro-RO"},{"@type":"Organization","@id":"https:\/\/www.helenharperbaby.com\/ro\/#organization","name":"Helen Harper Baby","url":"https:\/\/www.helenharperbaby.com\/ro\/","logo":{"@type":"ImageObject","inLanguage":"ro-RO","@id":"https:\/\/www.helenharperbaby.com\/ro\/#\/schema\/logo\/image\/","url":"https:\/\/www.helenharperbaby.com\/wp-content\/uploads\/2023\/04\/hh-logo.png","contentUrl":"https:\/\/www.helenharperbaby.com\/wp-content\/uploads\/2023\/04\/hh-logo.png","width":350,"height":227,"caption":"Helen Harper Baby"},"image":{"@id":"https:\/\/www.helenharperbaby.com\/ro\/#\/schema\/logo\/image\/"}}]}},"_links":{"self":[{"href":"https:\/\/www.helenharperbaby.com\/ro\/wp-json\/wp\/v2\/pages\/1716","targetHints":{"allow":["GET"]}}],"collection":[{"href":"https:\/\/www.helenharperbaby.com\/ro\/wp-json\/wp\/v2\/pages"}],"about":[{"href":"https:\/\/www.helenharperbaby.com\/ro\/wp-json\/wp\/v2\/types\/page"}],"author":[{"embeddable":true,"href":"https:\/\/www.helenharperbaby.com\/ro\/wp-json\/wp\/v2\/users\/3"}],"replies":[{"embeddable":true,"href":"https:\/\/www.helenharperbaby.com\/ro\/wp-json\/wp\/v2\/comments?post=1716"}],"version-history":[{"count":0,"href":"https:\/\/www.helenharperbaby.com\/ro\/wp-json\/wp\/v2\/pages\/1716\/revisions"}],"wp:attachment":[{"href":"https:\/\/www.helenharperbaby.com\/ro\/wp-json\/wp\/v2\/media?parent=1716"}],"curies":[{"name":"wp","href":"https:\/\/api.w.org\/{rel}","templated":true}]}}