{"id":1931,"date":"2023-04-24T08:58:30","date_gmt":"2023-04-24T08:58:30","guid":{"rendered":"https:\/\/www.helenharperbaby.com\/?page_id=1931"},"modified":"2023-06-22T09:16:11","modified_gmt":"2023-06-22T09:16:11","slug":"politica-de-confidentialitate","status":"publish","type":"page","link":"https:\/\/www.helenharperbaby.com\/ro\/politica-de-confidentialitate\/","title":{"rendered":"Politic\u0103 de confiden\u021bialitate"},"content":{"rendered":"<div class=\"wpb-content-wrapper\"><p>[vc_row][vc_column width=&#8221;1\/1&#8243;][uncode_breadcrumbs][\/vc_column][\/vc_row][vc_row row_height_percent=&#8221;0&#8243; override_padding=&#8221;yes&#8221; h_padding=&#8221;2&#8243; top_padding=&#8221;2&#8243; bottom_padding=&#8221;4&#8243; overlay_alpha=&#8221;50&#8243; gutter_size=&#8221;3&#8243; column_width_percent=&#8221;100&#8243; shift_y=&#8221;0&#8243; z_index=&#8221;0&#8243; uncode_shortcode_id=&#8221;103377&#8243;][vc_column width=&#8221;1\/1&#8243;][vc_custom_heading uncode_shortcode_id=&#8221;117805&#8243;]Politic\u0103 de confiden\u021bialitate[\/vc_custom_heading][vc_column_text uncode_shortcode_id=&#8221;169705&#8243;]<strong>Introducere<\/strong><\/p>\n<p>Prezenta declara\u021bie de confiden\u021bialitate se aplic\u0103 Ontex BV, o companie constituit\u0103 \u0219i care-\u0219i desf\u0103\u0219oar\u0103 activitatea \u00een conformitate cu legile din Belgia, cu sediul social la Genthof 5, 9255 Buggenhout, Belgia, \u0219i \u00eenregistrat\u0103 \u00een registrul persoanelor juridice (KBO) sub num\u0103rul 0419.457.296, \u0219i oricare dintre afiliatele sale* (\u00een continuare \u201eOntex\u201d) care controleaz\u0103 \u0219i utilizeaz\u0103 date cu caracter personal (\u201eDate cu caracter personal\u201d) \u00een cadrul activit\u0103\u021bilor sale comerciale (\u201eActivitatea\u201d).<\/p>\n<p>Ontex \u00ee\u0219i rezerv\u0103 dreptul de a modifica aceast\u0103 declara\u021bie de confiden\u021bialitate \u00een orice moment \u0219i din orice motiv. Declara\u021bia de confiden\u021bialitate revizuit\u0103 se aplic\u0103 de la data public\u0103rii declara\u021biei de confiden\u021bialitate revizuite pe site-ul web <a href=\"https:\/\/ontex.com\" target=\"_blank\" rel=\"noopener\">Ontex.com<\/a>. V\u0103 rug\u0103m s\u0103 verifica\u021bi aceast\u0103 declara\u021bie de confiden\u021bialitate \u00een mod regulat pentru a v\u0103 asigura c\u0103 v-a\u021bi familiarizat cu cea mai recent\u0103 versiune.<\/p>\n<p>* Afiliate \u00eenseamn\u0103 orice companie controlat\u0103 de, care controleaz\u0103 sau se afl\u0103 sub controlul comun al Ontex BV, prin control \u00een\u021beleg\u00e2ndu-se de\u021binerea a cel pu\u021bin 50 % din p\u0103r\u021bile sociale. Pute\u021bi accesa lista tuturor entit\u0103\u021bilor Ontex \u00een raportul nostru anual de pe site-ul nostru\u202fontex.com.<\/p>\n<p><strong>Colectarea datelor cu caracter personal<\/strong><\/p>\n<p>scop \u00cen contextul activit\u0103\u021bii sale, Ontex colecteaz\u0103 \u0219i prelucreaz\u0103 date cu caracter personal \u00een diverse scopuri:<\/p>\n<p>Contactarea \u0219i intrarea \u00een rela\u021bii de afaceri cu clien\u021bi (poten\u021biali) care pot fi companii sau pacien\u021bi individuali sau \u00eengrijitorii acestora, precum \u0219i gestionarea eficient\u0103 a cererilor acestora;<\/p>\n<p>Marketing direct c\u0103tre (poten\u021biali) clien\u021bi;<\/p>\n<p>Recrutarea \u0219i angajarea personalului \u0219i asigurarea unui mediu de lucru optim;<\/p>\n<p>Cerin\u021be legale \u0219i audituri;<\/p>\n<p>Interac\u021biunea cu autorit\u0103\u021bile guvernamentale sau competente \u0219i respectarea cerin\u021belor acestora;<\/p>\n<p>Cercetarea, dezvoltarea \u0219i testarea de produse noi;<\/p>\n<p>Contactarea \u0219i intrarea \u00een rela\u021bii de afaceri cu furnizorii de servicii \u0219i bunuri sau cu al\u021bi parteneri de afaceri ter\u021bi;<\/p>\n<p>Contactarea investitorilor s\u0103i \u0219i a poten\u021bialilor investitori;<\/p>\n<p>Gestionarea corect\u0103 a activelor sale.<\/p>\n<p>\u00cen cazul \u00een care colectarea are scopuri mai precise, Ontex a adoptat politici de confiden\u021bialitate specifice pentru a le acoperi mai precis. Politicile de confiden\u021bialitate amintite pot fi g\u0103site \u00een fiecare caz pe site-ul web Ontex la care se refer\u0103.<\/p>\n<p><strong>Colectarea datelor cu caracter personal: baza legal\u0103<\/strong><\/p>\n<p>Baza legal\u0103 a Ontex pentru colectarea \u0219i prelucrarea datelor cu caracter personal depinde de scopul colect\u0103rii \u0219i, prin urmare, const\u0103 \u00een: (i) interes legitim pentru a asigura interac\u021biunile de afaceri cu clien\u021bii, furnizorii sau al\u021bi parteneri de afaceri ter\u021bi, precum \u0219i cu investitorii \u0219i pentru a gestiona activele Ontex (ii) executarea unui contract cu clien\u021bii, furnizorii, al\u021bi parteneri de afaceri ter\u021bi \u0219i angaja\u021bi, (iii) \u00eendeplinirea obliga\u021biilor legale \u00een diverse domenii, inclusiv (\u00een cazul \u00een care sunt necesare date privind s\u0103n\u0103tatea angaja\u021bilor), cerin\u021bele legale privind asigur\u0103rile sociale \u0219i ocuparea for\u021bei de munc\u0103, (iv) efectuarea de cercet\u0103ri \u0219tiin\u021bifice \u0219i (v) consim\u021b\u0103m\u00e2ntul (explicit) \u00een astfel de cazuri, cum ar fi trimiterea de marketing direct, anumite interac\u021biuni cu clien\u021bii pacien\u021bilor (\u00een Activitatea B2C) pentru a asigura livrarea produselor etc.<\/p>\n<p><strong>P\u0103strarea \u0219i \u0219tergerea datelor cu caracter personal<\/strong><\/p>\n<p>Perioada de p\u0103strare a datelor cu caracter personal va depinde \u00een mod direct de scopul pentru care acestea sunt colectate.<\/p>\n<p><strong>Divulgarea datelor cu caracter personal c\u0103tre ter\u021bi<\/strong><\/p>\n<p>Ontex nu va partaja niciodat\u0103 datele cu caracter personal cu ter\u021be p\u0103r\u021bi \u00een scopuri secundare sau f\u0103r\u0103 leg\u0103tur\u0103 cu acestea, cu excep\u021bia cazului \u00een sunt divulgate prin alte mijloace la punctul de colectare.<\/p>\n<p>Ontex poate partaja date cu caracter personal cu ter\u021be p\u0103r\u021bi, \u00een cazul \u00een care acest lucru este necesar pentru atingerea scopurilor de mai sus.<\/p>\n<p>Partajarea poate include transferuri \u00een afara Spa\u021biului Economic European, inclusiv \u00een \u021b\u0103ri care este posibil s\u0103 nu ofere acela\u0219i nivel de protec\u021bie a datelor ca \u00een Spa\u021biul Economic European. Ontex a luat \u0219i va continua s\u0103 ia m\u0103suri de protec\u021bie adecvate, astfel \u00eenc\u00e2t datele cu caracter personal s\u0103 r\u0103m\u00e2n\u0103 supuse unui nivel adecvat de protec\u021bie \u00een conformitate cu legisla\u021bia aplicabil\u0103 privind protec\u021bia datelor \u00een scopurile identificate mai sus. Printre acestea se num\u0103r\u0103 punerea \u00een aplicare a clauzelor model ale UE, care impun ter\u021bilor s\u0103 dispun\u0103 de mijloace adecvate de protec\u021bie, firewall-uri, parole etc.<\/p>\n<p>Dac\u0103 este cazul, datele cu caracter personal pot fi divulgate autorit\u0103\u021bilor de aplicare a legii, agen\u021biilor de reglementare sau altor agen\u021bii guvernamentale sau unor ter\u021be p\u0103r\u021bi, dac\u0103 este necesar sau de dorit s\u0103 se respecte obliga\u021biile sau solicit\u0103rile legale sau de reglementare, sau \u00een scopurile identificate mai sus.<\/p>\n<p><strong>Acces la datele cu caracter personal<\/strong><\/p>\n<p>Ontex se oblig\u0103 s\u0103 ofere acces persoanelor care doresc s\u0103 revizuiasc\u0103 datele cu caracter personal pe care Ontex le prelucreaz\u0103 despre ele \u0219i\/sau s\u0103 corecteze eventualele inexactit\u0103\u021bi pe care acestea le-ar con\u021bine. O simpl\u0103 cerere c\u0103tre\u202f<a href=\"mailto:gdpr@ontexglobal.com\">gdpr@ontexglobal.com<\/a>\u202feste suficient\u0103 pentru acest lucru. Totodat\u0103, mai multe site-uri g\u0103zduite de Ontex ofer\u0103 persoanei care dore\u0219te s\u0103 acceseze, s\u0103 revizuiasc\u0103, s\u0103 corecteze sau s\u0103 \u0219tearg\u0103 datele sale personale, posibilitatea de a o face direct, prin mijloace proprii.<\/p>\n<p><strong>Drepturile dvs. \u00een calitate de persoan\u0103 vizat\u0103<\/strong><\/p>\n<p>RGPD \u0219i legile prin care este transpus \u00een legisla\u021bia na\u021bional\u0103, v\u0103 ofer\u0103 mai multe drepturi de a v\u0103 gestiona datele cu caracter personal. Aceste drepturi sunt:<\/p>\n<ul>\n<li>dreptul de a accesa datele cu caracter personal pe care Ontex le de\u021bine \u00een leg\u0103tur\u0103 cu dvs.<\/li>\n<li>dreptul de a solicita ca aceste date cu caracter personal s\u0103 fie corectate, limitate sau \u0219terse,<\/li>\n<li>dreptul de a v\u0103 opune prelucr\u0103rii datelor cu caracter personal.<\/li>\n<li>Datele cu caracter personal pe care le-a\u021bi transmis c\u0103tre Ontex pot fi solicitate \u00eenapoi \u00eentr-un format care poate fi citit automat.<\/li>\n<li>Dac\u0103 sunte\u021bi de p\u0103rere c\u0103 Ontex nu a tratat \u00een mod corespunz\u0103tor datele dvs. cu caracter personal, ave\u021bi, de asemenea, dreptul de a depune o pl\u00e2ngere. Autoritatea principal\u0103 de protec\u021bie a datelor de la Ontex este Autoritatea belgian\u0103 pentru protec\u021bia datelor (<a href=\"https:\/\/www.autoriteprotectiondonnees.be\/citoyen\" target=\"_blank\" rel=\"noopener\">autoriteprotectiondonnees.be<\/a>), pe care o pute\u021bi contacta \u00een acest caz. De asemenea, ave\u021bi dreptul s\u0103 depune\u021bi o pl\u00e2ngere la\u202f<a href=\"https:\/\/ec.europa.eu\/newsroom\/article29\/items\/612080\/en\" target=\"_blank\" rel=\"noopener\">autoritatea local\u0103 de supraveghere a protec\u021biei<\/a> datelor \u202f\u00een orice moment.<\/li>\n<\/ul>\n<p>Cel mai simplu mod de a v\u0103 exercita drepturile este s\u0103 trimite\u021bi un e-mail simplu, specific\u00e2nd solicitarea dvs. la\u202f<a href=\"mailto:gdpr@ontexglobal.com\">gdpr@ontexglobal.com<\/a>.<\/p>\n<p>Ontex v\u0103 pre\u021buie\u0219te foarte mult confiden\u021bialitatea \u0219i v\u0103 solicit\u0103m ca, pentru orice \u00eentreb\u0103ri sau preocup\u0103ri pe care le ave\u021bi cu privire la utilizarea datelor dvs. personale, s\u0103 ne contacta\u021bi mai \u00eent\u00e2i prin intermediul adresei de e-mail de mai sus.<\/p>\n<p><strong>Securitatea informa\u021biilor<\/strong><\/p>\n<p>Ontex a implementat standarde tehnologice \u0219i m\u0103suri de securitate opera\u021bional\u0103 conforme cu condi\u021biile de pia\u021b\u0103, pentru a proteja toate datele cu caracter personal colectate conform celor de mai sus \u00eempotriva pierderii, utiliz\u0103rii incorecte, modific\u0103rii neautorizate sau distrugerii. Aceste date cu caracter personal (\u0219i alte date confiden\u021biale) au fost alocate categoriilor de confiden\u021bialitate \u0219i, pe baza acestora, au fost puse \u00een aplicare m\u0103suri de protec\u021bie. \u00cen cazul \u00een care prelucrarea ar fi putut genera situa\u021bii de risc sporit pentru persoanele ale c\u0103ror date cu caracter personal au fost colectate, a fost efectuat\u0103 o evaluare a impactului asupra vie\u021bii private (actualizat\u0103 permanent).<\/p>\n<p><strong>Protec\u021bia vie\u021bii private a copiilor<\/strong><\/p>\n<p>Ontex \u00een\u021belege importan\u021ba protej\u0103rii confiden\u021bialit\u0103\u021bii copiilor \u00een lumea online interactiv\u0103, precum \u0219i \u00een lumea real\u0103. Politica Ontex nu este de a colecta sau de a p\u0103stra \u00een mod inten\u021bionat date cu caracter personal despre orice persoan\u0103 cu v\u00e2rsta sub 13 ani. Cu toate acestea, pentru unele dintre produsele Ontex (scutece \u0219i produse de \u00eengrijire pentru bebelu\u0219i), poate fi necesar ca Ontex s\u0103 primeasc\u0103 anumite date cu caracter personal ale copiilor (fotografie, nume, data na\u0219terii sugarilor). Pentru a primi astfel de date cu caracter personal \u0219i pentru orice utilizare a acestora, se solicit\u0103 consim\u021b\u0103m\u00e2ntul explicit al p\u0103rintelui sau tutorelui.<\/p>\n<p><strong>Limitarea r\u0103spunderii<\/strong><\/p>\n<p>Ontex ia toate m\u0103surile rezonabile pentru a garanta confiden\u021bialitatea datelor cu caracter personal pe care le colecteaz\u0103. Dac\u0103 comunica\u021bi cu Ontex prin intermediul site-urilor web sau prin po\u0219t\u0103, trebuie s\u0103 \u0219ti\u021bi c\u0103 transmiterea datelor cu caracter personal prin Internet sau prin e-mail nu este niciodat\u0103 lipsit\u0103 de riscuri. Prin urmare \u0219i \u00een m\u0103sura maxim\u0103 permis\u0103 de lege, accepta\u021bi c\u0103 orice posibile daune, directe sau indirecte, pe care le-a\u021bi putea suferi \u00een urma unei utiliz\u0103ri ilegale sau incorecte a datelor dvs. personale de c\u0103tre ter\u021be p\u0103r\u021bi care nu sunt autorizate s\u0103 fac\u0103 acest lucru, nu pot fi niciodat\u0103 imputate \u0219i nici recuperate de la Ontex.<\/p>\n<p><strong>Date de contact<\/strong><\/p>\n<p>\u00centreb\u0103ri, feedback, preocup\u0103ri cu privire la aceast\u0103 declara\u021bie de confiden\u021bialitate pot fi adresate prin intermediul\u202f<a href=\"mailto:gdpr@ontexglobal.com\">gdpr@ontexglobal.com<\/a>.[\/vc_column_text][\/vc_column][\/vc_row]<\/p>\n<\/div>","protected":false},"excerpt":{"rendered":"<p>Prezenta declara\u021bie de confiden\u021bialitate se aplic\u0103 Ontex BV, o companie constituit\u0103 \u0219i care-\u0219i desf\u0103\u0219oar\u0103 activitatea \u00een conformitate cu legile din Belgia, cu sediul social la Genthof 5, 9255 Buggenhout, Belgia, \u0219i \u00eenregistrat\u0103 \u00een registrul persoanelor juridice sub num\u0103rul 0419.457.296, \u0219i oricare dintre afiliatele sale* care controleaz\u0103 \u0219i utilizeaz\u0103 date cu caracter personal  \u00een cadrul activit\u0103\u021bilor sale comerciale.<\/p>\n","protected":false},"author":3,"featured_media":0,"parent":0,"menu_order":0,"comment_status":"closed","ping_status":"open","template":"","meta":{"_acf_changed":false,"footnotes":""},"class_list":["post-1931","page","type-page","status-publish","hentry"],"acf":[],"yoast_head":"<!-- This site is optimized with the Yoast SEO Premium plugin v27.4 (Yoast SEO v27.4) - https:\/\/yoast.com\/product\/yoast-seo-premium-wordpress\/ -->\n<title>Politic\u0103 de confiden\u021bialitate &#183; Helen Harper Soft and Dry<\/title>\n<meta name=\"description\" content=\"Prezenta declara\u021bie de confiden\u021bialitate se aplic\u0103 Ontex BV, o companie constituit\u0103 \u0219i care-\u0219i desf\u0103\u0219oar\u0103 activitatea \u00een conformitate cu legile din Belgia, cu sediul social la Genthof 5, 9255 Buggenhout, Belgia, \u0219i \u00eenregistrat\u0103 \u00een registrul persoanelor juridice sub num\u0103rul 0419.457.296, \u0219i oricare dintre afiliatele sale* care controleaz\u0103 \u0219i utilizeaz\u0103 date cu caracter personal \u00een cadrul activit\u0103\u021bilor sale comerciale.\" \/>\n<meta name=\"robots\" content=\"index, follow, max-snippet:-1, max-image-preview:large, max-video-preview:-1\" \/>\n<link rel=\"canonical\" href=\"https:\/\/www.helenharperbaby.com\/ro\/politica-de-confidentialitate\/\" \/>\n<meta property=\"og:locale\" content=\"ro_RO\" \/>\n<meta property=\"og:type\" content=\"article\" \/>\n<meta property=\"og:title\" content=\"Politic\u0103 de confiden\u021bialitate\" \/>\n<meta property=\"og:description\" content=\"Prezenta declara\u021bie de confiden\u021bialitate se aplic\u0103 Ontex BV, o companie constituit\u0103 \u0219i care-\u0219i desf\u0103\u0219oar\u0103 activitatea \u00een conformitate cu legile din Belgia, cu sediul social la Genthof 5, 9255 Buggenhout, Belgia, \u0219i \u00eenregistrat\u0103 \u00een registrul persoanelor juridice sub num\u0103rul 0419.457.296, \u0219i oricare dintre afiliatele sale* care controleaz\u0103 \u0219i utilizeaz\u0103 date cu caracter personal \u00een cadrul activit\u0103\u021bilor sale comerciale.\" \/>\n<meta property=\"og:url\" content=\"https:\/\/www.helenharperbaby.com\/ro\/politica-de-confidentialitate\/\" \/>\n<meta property=\"og:site_name\" content=\"Helen Harper Soft and Dry\" \/>\n<meta property=\"article:modified_time\" content=\"2023-06-22T09:16:11+00:00\" \/>\n<meta property=\"og:image\" content=\"https:\/\/www.helenharperbaby.com\/wp-content\/uploads\/2023\/05\/Helen_harper_soft_dry_main_image.jpg\" \/>\n\t<meta property=\"og:image:width\" content=\"1200\" \/>\n\t<meta property=\"og:image:height\" content=\"675\" \/>\n\t<meta property=\"og:image:type\" content=\"image\/jpeg\" \/>\n<meta name=\"twitter:card\" content=\"summary_large_image\" \/>\n<meta name=\"twitter:label1\" content=\"Timp estimat pentru citire\" \/>\n\t<meta name=\"twitter:data1\" content=\"6 minute\" \/>\n<script type=\"application\/ld+json\" class=\"yoast-schema-graph\">{\"@context\":\"https:\\\/\\\/schema.org\",\"@graph\":[{\"@type\":\"WebPage\",\"@id\":\"https:\\\/\\\/www.helenharperbaby.com\\\/ro\\\/politica-de-confidentialitate\\\/\",\"url\":\"https:\\\/\\\/www.helenharperbaby.com\\\/ro\\\/politica-de-confidentialitate\\\/\",\"name\":\"Politic\u0103 de confiden\u021bialitate &#183; Helen Harper Soft and Dry\",\"isPartOf\":{\"@id\":\"https:\\\/\\\/www.helenharperbaby.com\\\/ro\\\/#website\"},\"datePublished\":\"2023-04-24T08:58:30+00:00\",\"dateModified\":\"2023-06-22T09:16:11+00:00\",\"description\":\"Prezenta declara\u021bie de confiden\u021bialitate se aplic\u0103 Ontex BV, o companie constituit\u0103 \u0219i care-\u0219i desf\u0103\u0219oar\u0103 activitatea \u00een conformitate cu legile din Belgia, cu sediul social la Genthof 5, 9255 Buggenhout, Belgia, \u0219i \u00eenregistrat\u0103 \u00een registrul persoanelor juridice sub num\u0103rul 0419.457.296, \u0219i oricare dintre afiliatele sale* care controleaz\u0103 \u0219i utilizeaz\u0103 date cu caracter personal \u00een cadrul activit\u0103\u021bilor sale comerciale.\",\"breadcrumb\":{\"@id\":\"https:\\\/\\\/www.helenharperbaby.com\\\/ro\\\/politica-de-confidentialitate\\\/#breadcrumb\"},\"inLanguage\":\"ro-RO\",\"potentialAction\":[{\"@type\":\"ReadAction\",\"target\":[\"https:\\\/\\\/www.helenharperbaby.com\\\/ro\\\/politica-de-confidentialitate\\\/\"]}]},{\"@type\":\"BreadcrumbList\",\"@id\":\"https:\\\/\\\/www.helenharperbaby.com\\\/ro\\\/politica-de-confidentialitate\\\/#breadcrumb\",\"itemListElement\":[{\"@type\":\"ListItem\",\"position\":1,\"name\":\"Home\",\"item\":\"https:\\\/\\\/www.helenharperbaby.com\\\/ro\\\/\"},{\"@type\":\"ListItem\",\"position\":2,\"name\":\"Politic\u0103 de confiden\u021bialitate\"}]},{\"@type\":\"WebSite\",\"@id\":\"https:\\\/\\\/www.helenharperbaby.com\\\/ro\\\/#website\",\"url\":\"https:\\\/\\\/www.helenharperbaby.com\\\/ro\\\/\",\"name\":\"Helen Harper Baby\",\"description\":\"For moments of pure happiness.\",\"publisher\":{\"@id\":\"https:\\\/\\\/www.helenharperbaby.com\\\/ro\\\/#organization\"},\"potentialAction\":[{\"@type\":\"SearchAction\",\"target\":{\"@type\":\"EntryPoint\",\"urlTemplate\":\"https:\\\/\\\/www.helenharperbaby.com\\\/ro\\\/?s={search_term_string}\"},\"query-input\":{\"@type\":\"PropertyValueSpecification\",\"valueRequired\":true,\"valueName\":\"search_term_string\"}}],\"inLanguage\":\"ro-RO\"},{\"@type\":\"Organization\",\"@id\":\"https:\\\/\\\/www.helenharperbaby.com\\\/ro\\\/#organization\",\"name\":\"Helen Harper Baby\",\"url\":\"https:\\\/\\\/www.helenharperbaby.com\\\/ro\\\/\",\"logo\":{\"@type\":\"ImageObject\",\"inLanguage\":\"ro-RO\",\"@id\":\"https:\\\/\\\/www.helenharperbaby.com\\\/ro\\\/#\\\/schema\\\/logo\\\/image\\\/\",\"url\":\"https:\\\/\\\/www.helenharperbaby.com\\\/wp-content\\\/uploads\\\/2023\\\/04\\\/hh-logo.png\",\"contentUrl\":\"https:\\\/\\\/www.helenharperbaby.com\\\/wp-content\\\/uploads\\\/2023\\\/04\\\/hh-logo.png\",\"width\":350,\"height\":227,\"caption\":\"Helen Harper Baby\"},\"image\":{\"@id\":\"https:\\\/\\\/www.helenharperbaby.com\\\/ro\\\/#\\\/schema\\\/logo\\\/image\\\/\"}}]}<\/script>\n<!-- \/ Yoast SEO Premium plugin. -->","yoast_head_json":{"title":"Politic\u0103 de confiden\u021bialitate &#183; Helen Harper Soft and Dry","description":"Prezenta declara\u021bie de confiden\u021bialitate se aplic\u0103 Ontex BV, o companie constituit\u0103 \u0219i care-\u0219i desf\u0103\u0219oar\u0103 activitatea \u00een conformitate cu legile din Belgia, cu sediul social la Genthof 5, 9255 Buggenhout, Belgia, \u0219i \u00eenregistrat\u0103 \u00een registrul persoanelor juridice sub num\u0103rul 0419.457.296, \u0219i oricare dintre afiliatele sale* care controleaz\u0103 \u0219i utilizeaz\u0103 date cu caracter personal \u00een cadrul activit\u0103\u021bilor sale comerciale.","robots":{"index":"index","follow":"follow","max-snippet":"max-snippet:-1","max-image-preview":"max-image-preview:large","max-video-preview":"max-video-preview:-1"},"canonical":"https:\/\/www.helenharperbaby.com\/ro\/politica-de-confidentialitate\/","og_locale":"ro_RO","og_type":"article","og_title":"Politic\u0103 de confiden\u021bialitate","og_description":"Prezenta declara\u021bie de confiden\u021bialitate se aplic\u0103 Ontex BV, o companie constituit\u0103 \u0219i care-\u0219i desf\u0103\u0219oar\u0103 activitatea \u00een conformitate cu legile din Belgia, cu sediul social la Genthof 5, 9255 Buggenhout, Belgia, \u0219i \u00eenregistrat\u0103 \u00een registrul persoanelor juridice sub num\u0103rul 0419.457.296, \u0219i oricare dintre afiliatele sale* care controleaz\u0103 \u0219i utilizeaz\u0103 date cu caracter personal \u00een cadrul activit\u0103\u021bilor sale comerciale.","og_url":"https:\/\/www.helenharperbaby.com\/ro\/politica-de-confidentialitate\/","og_site_name":"Helen Harper Soft and Dry","article_modified_time":"2023-06-22T09:16:11+00:00","og_image":[{"width":1200,"height":675,"url":"https:\/\/www.helenharperbaby.com\/wp-content\/uploads\/2023\/05\/Helen_harper_soft_dry_main_image.jpg","type":"image\/jpeg"}],"twitter_card":"summary_large_image","twitter_misc":{"Timp estimat pentru citire":"6 minute"},"schema":{"@context":"https:\/\/schema.org","@graph":[{"@type":"WebPage","@id":"https:\/\/www.helenharperbaby.com\/ro\/politica-de-confidentialitate\/","url":"https:\/\/www.helenharperbaby.com\/ro\/politica-de-confidentialitate\/","name":"Politic\u0103 de confiden\u021bialitate &#183; Helen Harper Soft and Dry","isPartOf":{"@id":"https:\/\/www.helenharperbaby.com\/ro\/#website"},"datePublished":"2023-04-24T08:58:30+00:00","dateModified":"2023-06-22T09:16:11+00:00","description":"Prezenta declara\u021bie de confiden\u021bialitate se aplic\u0103 Ontex BV, o companie constituit\u0103 \u0219i care-\u0219i desf\u0103\u0219oar\u0103 activitatea \u00een conformitate cu legile din Belgia, cu sediul social la Genthof 5, 9255 Buggenhout, Belgia, \u0219i \u00eenregistrat\u0103 \u00een registrul persoanelor juridice sub num\u0103rul 0419.457.296, \u0219i oricare dintre afiliatele sale* care controleaz\u0103 \u0219i utilizeaz\u0103 date cu caracter personal \u00een cadrul activit\u0103\u021bilor sale comerciale.","breadcrumb":{"@id":"https:\/\/www.helenharperbaby.com\/ro\/politica-de-confidentialitate\/#breadcrumb"},"inLanguage":"ro-RO","potentialAction":[{"@type":"ReadAction","target":["https:\/\/www.helenharperbaby.com\/ro\/politica-de-confidentialitate\/"]}]},{"@type":"BreadcrumbList","@id":"https:\/\/www.helenharperbaby.com\/ro\/politica-de-confidentialitate\/#breadcrumb","itemListElement":[{"@type":"ListItem","position":1,"name":"Home","item":"https:\/\/www.helenharperbaby.com\/ro\/"},{"@type":"ListItem","position":2,"name":"Politic\u0103 de confiden\u021bialitate"}]},{"@type":"WebSite","@id":"https:\/\/www.helenharperbaby.com\/ro\/#website","url":"https:\/\/www.helenharperbaby.com\/ro\/","name":"Helen Harper Baby","description":"For moments of pure happiness.","publisher":{"@id":"https:\/\/www.helenharperbaby.com\/ro\/#organization"},"potentialAction":[{"@type":"SearchAction","target":{"@type":"EntryPoint","urlTemplate":"https:\/\/www.helenharperbaby.com\/ro\/?s={search_term_string}"},"query-input":{"@type":"PropertyValueSpecification","valueRequired":true,"valueName":"search_term_string"}}],"inLanguage":"ro-RO"},{"@type":"Organization","@id":"https:\/\/www.helenharperbaby.com\/ro\/#organization","name":"Helen Harper Baby","url":"https:\/\/www.helenharperbaby.com\/ro\/","logo":{"@type":"ImageObject","inLanguage":"ro-RO","@id":"https:\/\/www.helenharperbaby.com\/ro\/#\/schema\/logo\/image\/","url":"https:\/\/www.helenharperbaby.com\/wp-content\/uploads\/2023\/04\/hh-logo.png","contentUrl":"https:\/\/www.helenharperbaby.com\/wp-content\/uploads\/2023\/04\/hh-logo.png","width":350,"height":227,"caption":"Helen Harper Baby"},"image":{"@id":"https:\/\/www.helenharperbaby.com\/ro\/#\/schema\/logo\/image\/"}}]}},"_links":{"self":[{"href":"https:\/\/www.helenharperbaby.com\/ro\/wp-json\/wp\/v2\/pages\/1931","targetHints":{"allow":["GET"]}}],"collection":[{"href":"https:\/\/www.helenharperbaby.com\/ro\/wp-json\/wp\/v2\/pages"}],"about":[{"href":"https:\/\/www.helenharperbaby.com\/ro\/wp-json\/wp\/v2\/types\/page"}],"author":[{"embeddable":true,"href":"https:\/\/www.helenharperbaby.com\/ro\/wp-json\/wp\/v2\/users\/3"}],"replies":[{"embeddable":true,"href":"https:\/\/www.helenharperbaby.com\/ro\/wp-json\/wp\/v2\/comments?post=1931"}],"version-history":[{"count":0,"href":"https:\/\/www.helenharperbaby.com\/ro\/wp-json\/wp\/v2\/pages\/1931\/revisions"}],"wp:attachment":[{"href":"https:\/\/www.helenharperbaby.com\/ro\/wp-json\/wp\/v2\/media?parent=1931"}],"curies":[{"name":"wp","href":"https:\/\/api.w.org\/{rel}","templated":true}]}}