{"id":1988,"date":"2023-04-25T18:02:57","date_gmt":"2023-04-25T18:02:57","guid":{"rendered":"https:\/\/www.helenharperbaby.com\/?page_id=1988"},"modified":"2023-06-22T08:01:19","modified_gmt":"2023-06-22T08:01:19","slug":"clubul-bebelusilor","status":"publish","type":"page","link":"https:\/\/www.helenharperbaby.com\/ro\/clubul-bebelusilor\/","title":{"rendered":"Clubul bebelu\u0219ilor"},"content":{"rendered":"<div class=\"wpb-content-wrapper\"><p>[vc_row][vc_column width=&#8221;1\/1&#8243;][uncode_breadcrumbs][\/vc_column][\/vc_row][vc_row row_height_percent=&#8221;0&#8243; override_padding=&#8221;yes&#8221; h_padding=&#8221;2&#8243; top_padding=&#8221;2&#8243; bottom_padding=&#8221;4&#8243; overlay_alpha=&#8221;50&#8243; gutter_size=&#8221;3&#8243; column_width_percent=&#8221;100&#8243; shift_y=&#8221;0&#8243; z_index=&#8221;0&#8243; uncode_shortcode_id=&#8221;415499&#8243; el_class=&#8221;hh-blog-feed&#8221; el_id=&#8221;hh-baby-club&#8221; shape_dividers=&#8221;&#8221;][vc_column column_width_percent=&#8221;100&#8243; align_horizontal=&#8221;align_center&#8221; gutter_size=&#8221;3&#8243; overlay_alpha=&#8221;50&#8243; shift_x=&#8221;0&#8243; shift_y=&#8221;0&#8243; shift_y_down=&#8221;0&#8243; z_index=&#8221;0&#8243; medium_width=&#8221;0&#8243; mobile_width=&#8221;0&#8243; css_animation=&#8221;alpha-anim&#8221; width=&#8221;1\/1&#8243; uncode_shortcode_id=&#8221;168034&#8243;][vc_custom_heading text_size=&#8221;h1&#8243; uncode_shortcode_id=&#8221;104703&#8243; el_class=&#8221;center page-title&#8221;]BUN VENIT \u00ceN CLUBUL BEBELU\u0218ILOR[\/vc_custom_heading][vc_column_text uncode_shortcode_id=&#8221;470045&#8243; el_class=&#8221;center&#8221;]Am selectat cele mai frecvente \u00eentreb\u0103ri \u0219i subiecte referitoare at\u00e2t la via\u021ba p\u0103rin\u021bilor, c\u00e2t \u0219i la cea a bebelu\u0219ilor. Cele mai importante etape de dezvoltare a bebelu\u0219ului t\u0103u, dar \u0219i a ta, ca p\u0103rinte!\u200b \u200b<br \/>\nAm rugat cei mai experimenta\u021bi p\u0103rin\u021bi s\u0103 ne dea sfaturi despre experien\u021bele lor, despre dificult\u0103\u021bile lor \u0219i despre cum le-au rezolvat. Arunc\u0103 o privire la articolele noastre \u0219i spune-ne dac\u0103 ai trecut prin acelea\u0219i situa\u021bii, sau dac\u0103 ai alte \u00eentreb\u0103ri de adresat \u2013 <a class=\"hh-link\" href=\"https:\/\/www.helenharperbaby.com\/ro\/intrebari-frecvente-si-contact\/\"><strong>Contacteaz\u0103-ne<\/strong><\/a>[\/vc_column_text][vc_empty_space empty_h=&#8221;2&#8243;][uncode_index el_id=&#8221;index-blog-roll&#8221; isotope_mode=&#8221;fitRows&#8221; loop=&#8221;size:6|order_by:date|order:DESC|post_type:post|taxonomy_count:10&#8243; screen_lg=&#8221;1000&#8243; screen_md=&#8221;600&#8243; screen_sm=&#8221;480&#8243; filtering=&#8221;yes&#8221; filtering_uppercase=&#8221;yes&#8221; filtering_full_width=&#8221;yes&#8221; filtering_position=&#8221;center&#8221; gutter_size=&#8221;3&#8243; post_items=&#8221;media|featured|onpost|original,title,category|yesbg|relative|hide-icon,text|excerpt,link|link|default_size&#8221; pagination=&#8221;yes&#8221; single_overlay_opacity=&#8221;1&#8243; single_padding=&#8221;0&#8243; uncode_shortcode_id=&#8221;107275&#8243; items=&#8221;e30=&#8221; el_class=&#8221;hh-blog-grid&#8221; filter_all_text=&#8221;All&#8221;][\/vc_column][\/vc_row]<\/p>\n<\/div>","protected":false},"excerpt":{"rendered":"<p>I-am rugat pe mamele \u0219i ta\u021bii cu cea mai mult\u0103 experien\u021b\u0103, s\u0103 ne dea sfaturi despre dificult\u0103\u021bile lor \u0219i despre cum le putem rezolva.<\/p>\n","protected":false},"author":3,"featured_media":0,"parent":0,"menu_order":0,"comment_status":"closed","ping_status":"closed","template":"","meta":{"_acf_changed":false,"footnotes":""},"class_list":["post-1988","page","type-page","status-publish","hentry"],"acf":[],"yoast_head":"<!-- This site is optimized with the Yoast SEO Premium plugin v27.4 (Yoast SEO v27.4) - https:\/\/yoast.com\/product\/yoast-seo-premium-wordpress\/ -->\n<title>Clubul bebelu\u0219ilor &#183; Helen Harper Soft and Dry<\/title>\n<meta name=\"description\" content=\"I-am rugat pe mamele \u0219i ta\u021bii cu cea mai mult\u0103 experien\u021b\u0103, s\u0103 ne dea sfaturi despre dificult\u0103\u021bile lor \u0219i despre cum le putem rezolva.\" \/>\n<meta name=\"robots\" content=\"index, follow, max-snippet:-1, max-image-preview:large, max-video-preview:-1\" \/>\n<link rel=\"canonical\" href=\"https:\/\/www.helenharperbaby.com\/ro\/clubul-bebelusilor\/\" \/>\n<meta property=\"og:locale\" content=\"ro_RO\" \/>\n<meta property=\"og:type\" content=\"article\" \/>\n<meta property=\"og:title\" content=\"Clubul bebelu\u0219ilor\" \/>\n<meta property=\"og:description\" content=\"I-am rugat pe mamele \u0219i ta\u021bii cu cea mai mult\u0103 experien\u021b\u0103, s\u0103 ne dea sfaturi despre dificult\u0103\u021bile lor \u0219i despre cum le putem rezolva.\" \/>\n<meta property=\"og:url\" content=\"https:\/\/www.helenharperbaby.com\/ro\/clubul-bebelusilor\/\" \/>\n<meta property=\"og:site_name\" content=\"Helen Harper Soft and Dry\" \/>\n<meta property=\"article:modified_time\" content=\"2023-06-22T08:01:19+00:00\" \/>\n<meta property=\"og:image\" content=\"https:\/\/www.helenharperbaby.com\/wp-content\/uploads\/2023\/05\/Helen_harper_soft_dry_main_image.jpg\" \/>\n\t<meta property=\"og:image:width\" content=\"1200\" \/>\n\t<meta property=\"og:image:height\" content=\"675\" \/>\n\t<meta property=\"og:image:type\" content=\"image\/jpeg\" \/>\n<meta name=\"twitter:card\" content=\"summary_large_image\" \/>\n<meta name=\"twitter:label1\" content=\"Timp estimat pentru citire\" \/>\n\t<meta name=\"twitter:data1\" content=\"1 minut\" \/>\n<script type=\"application\/ld+json\" class=\"yoast-schema-graph\">{\"@context\":\"https:\\\/\\\/schema.org\",\"@graph\":[{\"@type\":\"WebPage\",\"@id\":\"https:\\\/\\\/www.helenharperbaby.com\\\/ro\\\/clubul-bebelusilor\\\/\",\"url\":\"https:\\\/\\\/www.helenharperbaby.com\\\/ro\\\/clubul-bebelusilor\\\/\",\"name\":\"Clubul bebelu\u0219ilor &#183; Helen Harper Soft and Dry\",\"isPartOf\":{\"@id\":\"https:\\\/\\\/www.helenharperbaby.com\\\/ro\\\/#website\"},\"datePublished\":\"2023-04-25T18:02:57+00:00\",\"dateModified\":\"2023-06-22T08:01:19+00:00\",\"description\":\"I-am rugat pe mamele \u0219i ta\u021bii cu cea mai mult\u0103 experien\u021b\u0103, s\u0103 ne dea sfaturi despre dificult\u0103\u021bile lor \u0219i despre cum le putem rezolva.\",\"breadcrumb\":{\"@id\":\"https:\\\/\\\/www.helenharperbaby.com\\\/ro\\\/clubul-bebelusilor\\\/#breadcrumb\"},\"inLanguage\":\"ro-RO\",\"potentialAction\":[{\"@type\":\"ReadAction\",\"target\":[\"https:\\\/\\\/www.helenharperbaby.com\\\/ro\\\/clubul-bebelusilor\\\/\"]}]},{\"@type\":\"BreadcrumbList\",\"@id\":\"https:\\\/\\\/www.helenharperbaby.com\\\/ro\\\/clubul-bebelusilor\\\/#breadcrumb\",\"itemListElement\":[{\"@type\":\"ListItem\",\"position\":1,\"name\":\"Home\",\"item\":\"https:\\\/\\\/www.helenharperbaby.com\\\/ro\\\/\"},{\"@type\":\"ListItem\",\"position\":2,\"name\":\"Clubul bebelu\u0219ilor\"}]},{\"@type\":\"WebSite\",\"@id\":\"https:\\\/\\\/www.helenharperbaby.com\\\/ro\\\/#website\",\"url\":\"https:\\\/\\\/www.helenharperbaby.com\\\/ro\\\/\",\"name\":\"Helen Harper Baby\",\"description\":\"For moments of pure happiness.\",\"publisher\":{\"@id\":\"https:\\\/\\\/www.helenharperbaby.com\\\/ro\\\/#organization\"},\"potentialAction\":[{\"@type\":\"SearchAction\",\"target\":{\"@type\":\"EntryPoint\",\"urlTemplate\":\"https:\\\/\\\/www.helenharperbaby.com\\\/ro\\\/?s={search_term_string}\"},\"query-input\":{\"@type\":\"PropertyValueSpecification\",\"valueRequired\":true,\"valueName\":\"search_term_string\"}}],\"inLanguage\":\"ro-RO\"},{\"@type\":\"Organization\",\"@id\":\"https:\\\/\\\/www.helenharperbaby.com\\\/ro\\\/#organization\",\"name\":\"Helen Harper Baby\",\"url\":\"https:\\\/\\\/www.helenharperbaby.com\\\/ro\\\/\",\"logo\":{\"@type\":\"ImageObject\",\"inLanguage\":\"ro-RO\",\"@id\":\"https:\\\/\\\/www.helenharperbaby.com\\\/ro\\\/#\\\/schema\\\/logo\\\/image\\\/\",\"url\":\"https:\\\/\\\/www.helenharperbaby.com\\\/wp-content\\\/uploads\\\/2023\\\/04\\\/hh-logo.png\",\"contentUrl\":\"https:\\\/\\\/www.helenharperbaby.com\\\/wp-content\\\/uploads\\\/2023\\\/04\\\/hh-logo.png\",\"width\":350,\"height\":227,\"caption\":\"Helen Harper Baby\"},\"image\":{\"@id\":\"https:\\\/\\\/www.helenharperbaby.com\\\/ro\\\/#\\\/schema\\\/logo\\\/image\\\/\"}}]}<\/script>\n<!-- \/ Yoast SEO Premium plugin. -->","yoast_head_json":{"title":"Clubul bebelu\u0219ilor &#183; Helen Harper Soft and Dry","description":"I-am rugat pe mamele \u0219i ta\u021bii cu cea mai mult\u0103 experien\u021b\u0103, s\u0103 ne dea sfaturi despre dificult\u0103\u021bile lor \u0219i despre cum le putem rezolva.","robots":{"index":"index","follow":"follow","max-snippet":"max-snippet:-1","max-image-preview":"max-image-preview:large","max-video-preview":"max-video-preview:-1"},"canonical":"https:\/\/www.helenharperbaby.com\/ro\/clubul-bebelusilor\/","og_locale":"ro_RO","og_type":"article","og_title":"Clubul bebelu\u0219ilor","og_description":"I-am rugat pe mamele \u0219i ta\u021bii cu cea mai mult\u0103 experien\u021b\u0103, s\u0103 ne dea sfaturi despre dificult\u0103\u021bile lor \u0219i despre cum le putem rezolva.","og_url":"https:\/\/www.helenharperbaby.com\/ro\/clubul-bebelusilor\/","og_site_name":"Helen Harper Soft and Dry","article_modified_time":"2023-06-22T08:01:19+00:00","og_image":[{"width":1200,"height":675,"url":"https:\/\/www.helenharperbaby.com\/wp-content\/uploads\/2023\/05\/Helen_harper_soft_dry_main_image.jpg","type":"image\/jpeg"}],"twitter_card":"summary_large_image","twitter_misc":{"Timp estimat pentru citire":"1 minut"},"schema":{"@context":"https:\/\/schema.org","@graph":[{"@type":"WebPage","@id":"https:\/\/www.helenharperbaby.com\/ro\/clubul-bebelusilor\/","url":"https:\/\/www.helenharperbaby.com\/ro\/clubul-bebelusilor\/","name":"Clubul bebelu\u0219ilor &#183; Helen Harper Soft and Dry","isPartOf":{"@id":"https:\/\/www.helenharperbaby.com\/ro\/#website"},"datePublished":"2023-04-25T18:02:57+00:00","dateModified":"2023-06-22T08:01:19+00:00","description":"I-am rugat pe mamele \u0219i ta\u021bii cu cea mai mult\u0103 experien\u021b\u0103, s\u0103 ne dea sfaturi despre dificult\u0103\u021bile lor \u0219i despre cum le putem rezolva.","breadcrumb":{"@id":"https:\/\/www.helenharperbaby.com\/ro\/clubul-bebelusilor\/#breadcrumb"},"inLanguage":"ro-RO","potentialAction":[{"@type":"ReadAction","target":["https:\/\/www.helenharperbaby.com\/ro\/clubul-bebelusilor\/"]}]},{"@type":"BreadcrumbList","@id":"https:\/\/www.helenharperbaby.com\/ro\/clubul-bebelusilor\/#breadcrumb","itemListElement":[{"@type":"ListItem","position":1,"name":"Home","item":"https:\/\/www.helenharperbaby.com\/ro\/"},{"@type":"ListItem","position":2,"name":"Clubul bebelu\u0219ilor"}]},{"@type":"WebSite","@id":"https:\/\/www.helenharperbaby.com\/ro\/#website","url":"https:\/\/www.helenharperbaby.com\/ro\/","name":"Helen Harper Baby","description":"For moments of pure happiness.","publisher":{"@id":"https:\/\/www.helenharperbaby.com\/ro\/#organization"},"potentialAction":[{"@type":"SearchAction","target":{"@type":"EntryPoint","urlTemplate":"https:\/\/www.helenharperbaby.com\/ro\/?s={search_term_string}"},"query-input":{"@type":"PropertyValueSpecification","valueRequired":true,"valueName":"search_term_string"}}],"inLanguage":"ro-RO"},{"@type":"Organization","@id":"https:\/\/www.helenharperbaby.com\/ro\/#organization","name":"Helen Harper Baby","url":"https:\/\/www.helenharperbaby.com\/ro\/","logo":{"@type":"ImageObject","inLanguage":"ro-RO","@id":"https:\/\/www.helenharperbaby.com\/ro\/#\/schema\/logo\/image\/","url":"https:\/\/www.helenharperbaby.com\/wp-content\/uploads\/2023\/04\/hh-logo.png","contentUrl":"https:\/\/www.helenharperbaby.com\/wp-content\/uploads\/2023\/04\/hh-logo.png","width":350,"height":227,"caption":"Helen Harper Baby"},"image":{"@id":"https:\/\/www.helenharperbaby.com\/ro\/#\/schema\/logo\/image\/"}}]}},"_links":{"self":[{"href":"https:\/\/www.helenharperbaby.com\/ro\/wp-json\/wp\/v2\/pages\/1988","targetHints":{"allow":["GET"]}}],"collection":[{"href":"https:\/\/www.helenharperbaby.com\/ro\/wp-json\/wp\/v2\/pages"}],"about":[{"href":"https:\/\/www.helenharperbaby.com\/ro\/wp-json\/wp\/v2\/types\/page"}],"author":[{"embeddable":true,"href":"https:\/\/www.helenharperbaby.com\/ro\/wp-json\/wp\/v2\/users\/3"}],"replies":[{"embeddable":true,"href":"https:\/\/www.helenharperbaby.com\/ro\/wp-json\/wp\/v2\/comments?post=1988"}],"version-history":[{"count":0,"href":"https:\/\/www.helenharperbaby.com\/ro\/wp-json\/wp\/v2\/pages\/1988\/revisions"}],"wp:attachment":[{"href":"https:\/\/www.helenharperbaby.com\/ro\/wp-json\/wp\/v2\/media?parent=1988"}],"curies":[{"name":"wp","href":"https:\/\/api.w.org\/{rel}","templated":true}]}}