{"id":2008,"date":"2023-04-25T17:59:44","date_gmt":"2023-04-25T17:59:44","guid":{"rendered":"https:\/\/www.helenharperbaby.com\/?page_id=2008"},"modified":"2023-06-21T14:19:17","modified_gmt":"2023-06-21T14:19:17","slug":"despre-helen-harper","status":"publish","type":"page","link":"https:\/\/www.helenharperbaby.com\/ro\/despre-helen-harper\/","title":{"rendered":"Despre Helen Harper"},"content":{"rendered":"<div class=\"wpb-content-wrapper\"><p>[vc_row row_height_percent=&#8221;0&#8243; override_padding=&#8221;yes&#8221; h_padding=&#8221;2&#8243; top_padding=&#8221;0&#8243; bottom_padding=&#8221;0&#8243; back_image=&#8221;83&#8243; back_repeat=&#8221;no-repeat&#8221; back_position=&#8221;right top&#8221; overlay_alpha=&#8221;50&#8243; gutter_size=&#8221;3&#8243; column_width_percent=&#8221;100&#8243; shift_y=&#8221;0&#8243; z_index=&#8221;0&#8243; uncode_shortcode_id=&#8221;104165&#8243; el_class=&#8221;hh-hero-banner&#8221; back_size=&#8221;contain&#8221;][vc_column width=&#8221;1\/2&#8243;][vc_raw_html]JTNDaW1nJTIwc3JjJTNEJTIyJTJGd3AtY29udGVudCUyRnVwbG9hZHMlMkYyMDIzJTJGMDUlMkZoZWxlbl9oYXJwZXJfc29mdF9kcnlfcG9sYXJvaWRzX2JsdWUucG5nJTIyJTIwYWx0JTNEJTIyQmFieSUyMHBvbGFyb2lkcyUyMiUyMGNsYXNzJTNEJTIyaGgtaGVyby1wb2xhcm9pZHMlMjIlMkYlM0U=[\/vc_raw_html][\/vc_column][vc_column width=&#8221;1\/2&#8243;][vc_custom_heading text_font=&#8221;font-heading-font&#8221; text_size=&#8221;h1&#8243; text_weight=&#8221;500&#8243; text_transform=&#8221;uppercase&#8221; uncode_shortcode_id=&#8221;198227&#8243; el_class=&#8221;hh-hero-heading hh-hero-subtitle-blue&#8221; subheading=&#8221;\u201ePENTRU MOMENTE DE FERICIRE PUR\u0102.\u201d&#8221;]Despre Helen Harper[\/vc_custom_heading][\/vc_column][\/vc_row][vc_row][vc_column width=&#8221;1\/1&#8243;][uncode_breadcrumbs][\/vc_column][\/vc_row][vc_row row_height_percent=&#8221;0&#8243; override_padding=&#8221;yes&#8221; h_padding=&#8221;2&#8243; top_padding=&#8221;2&#8243; bottom_padding=&#8221;3&#8243; overlay_alpha=&#8221;50&#8243; gutter_size=&#8221;3&#8243; column_width_percent=&#8221;100&#8243; shift_y=&#8221;0&#8243; z_index=&#8221;0&#8243; uncode_shortcode_id=&#8221;975453&#8243; el_id=&#8221;hh-about-belief&#8221;][vc_column column_width_percent=&#8221;100&#8243; align_horizontal=&#8221;align_center&#8221; gutter_size=&#8221;3&#8243; overlay_alpha=&#8221;50&#8243; shift_x=&#8221;0&#8243; shift_y=&#8221;0&#8243; shift_y_down=&#8221;0&#8243; z_index=&#8221;0&#8243; medium_width=&#8221;0&#8243; mobile_width=&#8221;0&#8243; width=&#8221;1\/1&#8243; uncode_shortcode_id=&#8221;201733&#8243;][vc_custom_heading uncode_shortcode_id=&#8221;744019&#8243; el_class=&#8221;center&#8221;]Convingerea noastr\u0103[\/vc_custom_heading][vc_column_text uncode_shortcode_id=&#8221;965527&#8243;]Nu este nimic mai important pentru o mam\u0103 \u0219i un tat\u0103 dec\u00e2t s\u0103-\u0219i vad\u0103 copilul fericit. Bebelu\u0219ul este fericit c\u00e2nd se simte confortabil, astfel \u00eenc\u00e2t s\u0103 se poat\u0103 bucura pe deplin de descoperirile sale de zi cu zi.\u200b<\/p>\n<p>Helen Harper ofer\u0103 produse de \u00eengrijire a bebelu\u0219ilor de \u00eenalt\u0103 calitate, concepute la standarde europene, pentru a veni \u00een \u00eent\u00e2mpinarea necesit\u0103\u021bilor tuturor bebelu\u0219ilor \u0219i p\u0103rin\u021bilor.\u200b<\/p>\n<p>Mai mult confort pentru bebelu\u0219i, mai mult confort pentru p\u0103rin\u021bi[\/vc_column_text][\/vc_column][\/vc_row][vc_row row_height_percent=&#8221;0&#8243; override_padding=&#8221;yes&#8221; h_padding=&#8221;2&#8243; top_padding=&#8221;2&#8243; bottom_padding=&#8221;3&#8243; overlay_alpha=&#8221;50&#8243; gutter_size=&#8221;2&#8243; column_width_percent=&#8221;100&#8243; shift_y=&#8221;0&#8243; z_index=&#8221;0&#8243; uncode_shortcode_id=&#8221;143835&#8243;][vc_column column_width_percent=&#8221;100&#8243; gutter_size=&#8221;3&#8243; overlay_alpha=&#8221;50&#8243; shift_x=&#8221;0&#8243; shift_y=&#8221;0&#8243; shift_y_down=&#8221;0&#8243; z_index=&#8221;0&#8243; medium_width=&#8221;0&#8243; mobile_width=&#8221;0&#8243; width=&#8221;1\/2&#8243; uncode_shortcode_id=&#8221;166364&#8243;][vc_custom_heading uncode_shortcode_id=&#8221;388628&#8243; el_class=&#8221;hh-mobile&#8221;]Cine este Helen Harper?[\/vc_custom_heading][vc_single_image media=&#8221;85&#8243; media_width_percent=&#8221;100&#8243; shape=&#8221;img-round&#8221; radius=&#8221;std&#8221; uncode_shortcode_id=&#8221;200673&#8243; el_class=&#8221;m-0&#8243;][\/vc_column][vc_column column_width_percent=&#8221;100&#8243; gutter_size=&#8221;3&#8243; overlay_alpha=&#8221;50&#8243; shift_x=&#8221;0&#8243; shift_y=&#8221;0&#8243; shift_y_down=&#8221;0&#8243; z_index=&#8221;0&#8243; medium_width=&#8221;0&#8243; mobile_width=&#8221;0&#8243; width=&#8221;1\/2&#8243; uncode_shortcode_id=&#8221;983574&#8243;][vc_custom_heading uncode_shortcode_id=&#8221;105188&#8243; el_class=&#8221;hh-desktop&#8221;]Cine este Helen Harper?[\/vc_custom_heading][vc_column_text text_color=&#8221;color-dark-blue&#8221; uncode_shortcode_id=&#8221;178424&#8243; text_color_type=&#8221;uncode-palette&#8221;]Helen Harper este cea mai bun\u0103 prieten\u0103 a ta, este cealalt\u0103 mam\u0103 care locuie\u0219te al\u0103turi, sau doamna care are copilul la aceea\u0219i gr\u0103dini\u021b\u0103 ca al t\u0103u. Sunt mama \u0219i tat\u0103l pe care \u00eei vezi aduc\u00e2nd copiii \u00een parc \u0219i juc\u00e2ndu-se cu ei, sau cei care fac cump\u0103r\u0103turile cu copilul \u00een c\u0103rucior. Helen Harper e\u0219ti tu.\u200b<\/p>\n<p>Am creat marca Helen Harper pornind de la ideea c\u0103 atunci c\u00e2nd \u00eencepem incredibila misiune de p\u0103rinte, avem nevoie de un prieten bun, \u00een care putem avea \u00eencredere. Un prieten pe care ne putem baza la nevoie, c\u00e2nd avem nevoie de un sfat, c\u00e2nd avem nevoie de cineva care s\u0103 ne spun\u0103 adev\u0103rul.\u200b<\/p>\n<p>Iat\u0103 cine este Helen Harper: este cel mai bun prieten al t\u0103u \u00een domeniul produselor pentru bebelu\u0219i, lucreaz\u0103 \u00eentotdeauna al\u0103turi de tine pentru a-\u021bi oferi cel mai bun produs de pe pia\u021b\u0103. Dorim s\u0103 te concentrezi asupra momentelor fericite cu copilul t\u0103u, bucur\u00e2ndu-te de acestea f\u0103r\u0103 stres. Pentru c\u0103 ceea ce ne intereseaz\u0103 sunt momentele fericite cu copilul t\u0103u. \u00cen rest, ne ocup\u0103m noi.\u200b[\/vc_column_text][\/vc_column][\/vc_row][vc_row row_height_percent=&#8221;0&#8243; override_padding=&#8221;yes&#8221; h_padding=&#8221;2&#8243; top_padding=&#8221;3&#8243; bottom_padding=&#8221;5&#8243; overlay_alpha=&#8221;50&#8243; gutter_size=&#8221;3&#8243; column_width_percent=&#8221;100&#8243; shift_y=&#8221;0&#8243; z_index=&#8221;0&#8243; uncode_shortcode_id=&#8221;837269&#8243; el_class=&#8221;hh-purple-row&#8221; el_id=&#8221;hh-about-values&#8221;][vc_column column_width_percent=&#8221;100&#8243; align_horizontal=&#8221;align_center&#8221; gutter_size=&#8221;3&#8243; overlay_alpha=&#8221;50&#8243; shift_x=&#8221;0&#8243; shift_y=&#8221;0&#8243; shift_y_down=&#8221;0&#8243; z_index=&#8221;0&#8243; medium_width=&#8221;0&#8243; mobile_width=&#8221;0&#8243; width=&#8221;1\/1&#8243; uncode_shortcode_id=&#8221;101576&#8243;][vc_custom_heading uncode_shortcode_id=&#8221;132963&#8243; el_class=&#8221;center&#8221;]Valorile noastre[\/vc_custom_heading][vc_empty_space empty_h=&#8221;2&#8243;][uncode_block id=&#8221;27&#8243; inside_column=&#8221;yes&#8221;][\/vc_column][\/vc_row][vc_row row_height_percent=&#8221;0&#8243; override_padding=&#8221;yes&#8221; h_padding=&#8221;0&#8243; top_padding=&#8221;0&#8243; bottom_padding=&#8221;0&#8243; back_color=&#8221;color-light-blue&#8221; overlay_alpha=&#8221;50&#8243; gutter_size=&#8221;3&#8243; column_width_percent=&#8221;100&#8243; shift_y=&#8221;0&#8243; z_index=&#8221;0&#8243; uncode_shortcode_id=&#8221;189592&#8243; back_color_type=&#8221;uncode-palette&#8221; el_class=&#8221;hh-media-up&#8221;][vc_column width=&#8221;1\/2&#8243;][vc_custom_heading uncode_shortcode_id=&#8221;923008&#8243; el_class=&#8221;hh-mobile&#8221;]Despre produc\u021bie[\/vc_custom_heading][vc_raw_html]JTNDaW1nJTIwc3JjJTNEJTIyJTJGd3AtY29udGVudCUyRnVwbG9hZHMlMkYyMDIzJTJGMDQlMkZwb2xhcm9pZHMtNS5wbmclMjIlMjBhbHQlM0QlMjJCYWJ5JTIwcG9sYXJvaWRzJTIyJTIwY2xhc3MlM0QlMjJoaC1oZXJvLXBvbGFyb2lkcyUyMiUyRiUzRQ==[\/vc_raw_html][\/vc_column][vc_column column_width_percent=&#8221;100&#8243; gutter_size=&#8221;3&#8243; overlay_alpha=&#8221;50&#8243; shift_x=&#8221;0&#8243; shift_y=&#8221;0&#8243; shift_y_down=&#8221;0&#8243; z_index=&#8221;0&#8243; medium_width=&#8221;0&#8243; mobile_width=&#8221;0&#8243; width=&#8221;1\/2&#8243; uncode_shortcode_id=&#8221;473379&#8243; el_class=&#8221;hh-text-column&#8221;][vc_custom_heading uncode_shortcode_id=&#8221;137015&#8243; el_class=&#8221;hh-desktop&#8221;]Despre produc\u021bie[\/vc_custom_heading][vc_column_text text_color=&#8221;color-dark-blue&#8221; uncode_shortcode_id=&#8221;433689&#8243; text_color_type=&#8221;uncode-palette&#8221;]Helen Harper este o marc\u0103 a companiei Ontex.\u200b<\/p>\n<p>Ontex este un grup interna\u021bional lider \u00een igiena personal\u0103. Concepem \u0219i realiz\u0103m produse de \u00eenalt\u0103 calitate pentru \u00eengrijirea bebelu\u0219ilor, \u00eengrijirea feminin\u0103<br \/>\n\u0219i \u00eengrijirea adul\u021bilor \u0219i suntem partenerul preferat al consumatorilor, al comercian\u021bilor cu am\u0103nuntul \u0219i al furnizorilor institu\u021bionali \u0219i priva\u021bi de servicii medicale din \u00eentreaga lume.\u200b<\/p>\n<p>Produsele Helen Harper sunt produse \u00een fabricile Ontex din Europa. \u200b<\/p>\n<p>Compania noastr\u0103 este condus\u0103 \u00een conformitate cu principiile noastre etice, bazate pe siguran\u021b\u0103, calitate \u0219i satisfac\u021bia clien\u021bilor. Bunul nostru cel mai de pre\u021b sunt oamenii no\u0219tri, care sunt \u00een centrul a tot ceea ce facem.[\/vc_column_text][vc_button button_color=&#8221;color-magenta&#8221; radius=&#8221;btn-round&#8221; hover_fx=&#8221;full-colored&#8221; border_width=&#8221;0&#8243; icon_position=&#8221;right&#8221; scale_mobile=&#8221;no&#8221; link=&#8221;url:https%3A%2F%2Fontex.com%2F|title:About|target:_blank|rel:nofollow&#8221; el_class=&#8221;hh-btn-secondary hh-btn center&#8221; uncode_shortcode_id=&#8221;600170&#8243; button_color_type=&#8221;uncode-palette&#8221; icon=&#8221;fa fa-chevron-right3&#8243;]Viziteaz\u0103 Ontex.com[\/vc_button][\/vc_column][\/vc_row][vc_row row_height_percent=&#8221;0&#8243; override_padding=&#8221;yes&#8221; h_padding=&#8221;4&#8243; top_padding=&#8221;4&#8243; bottom_padding=&#8221;3&#8243; overlay_alpha=&#8221;50&#8243; gutter_size=&#8221;3&#8243; column_width_percent=&#8221;100&#8243; shift_y=&#8221;0&#8243; z_index=&#8221;0&#8243; uncode_shortcode_id=&#8221;200995&#8243;][vc_column column_width_percent=&#8221;100&#8243; align_horizontal=&#8221;align_center&#8221; gutter_size=&#8221;3&#8243; overlay_alpha=&#8221;50&#8243; shift_x=&#8221;0&#8243; shift_y=&#8221;0&#8243; shift_y_down=&#8221;0&#8243; z_index=&#8221;0&#8243; medium_width=&#8221;0&#8243; mobile_width=&#8221;0&#8243; width=&#8221;1\/1&#8243; uncode_shortcode_id=&#8221;102591&#8243;][vc_custom_heading uncode_shortcode_id=&#8221;216259&#8243;]watch our production video[\/vc_custom_heading][vc_empty_space empty_h=&#8221;1&#8243;][vc_raw_html el_class=&#8221;hh-video&#8221;]JTNDaWZyYW1lJTIwY2xhc3MlM0QlMjJoaC1pZnJhbWUlMjIlMjBzcmMlM0QlMjJodHRwcyUzQSUyRiUyRnBsYXllci52aW1lby5jb20lMkZ2aWRlbyUyRjgyMDAwNjg5MCUzRmglM0Q4Yzc0NGMxODE3JTIyJTIwZnJhbWVib3JkZXIlM0QlMjIwJTIyJTIwYWxsb3clM0QlMjJmdWxsc2NyZWVuJTNCJTIwcGljdHVyZS1pbi1waWN0dXJlJTIyJTIwYWxsb3dmdWxsc2NyZWVuJTNEJTIyJTIyJTIwJTIwdGl0bGUlM0QlMjJIZWxlbiUyMEhhcnAlNUJlciUyMFByb2R1Y3Rpb24lMjBWaWRlbyUyMiUyMGRhdGEtcmVhZHklM0QlMjJ0cnVlJTIyJTNFJTNDJTJGaWZyYW1lJTNF[\/vc_raw_html][\/vc_column][\/vc_row][vc_row row_height_percent=&#8221;0&#8243; override_padding=&#8221;yes&#8221; h_padding=&#8221;0&#8243; top_padding=&#8221;0&#8243; bottom_padding=&#8221;0&#8243; back_color=&#8221;color-light-purple&#8221; overlay_alpha=&#8221;50&#8243; gutter_size=&#8221;3&#8243; column_width_percent=&#8221;100&#8243; shift_y=&#8221;0&#8243; z_index=&#8221;0&#8243; inverted_device_order=&#8221;yes&#8221; uncode_shortcode_id=&#8221;323620&#8243; back_color_type=&#8221;uncode-palette&#8221; el_id=&#8221;hh-join-block&#8221; el_class=&#8221;hh-media-up-small&#8221;][vc_column column_width_percent=&#8221;100&#8243; gutter_size=&#8221;3&#8243; overlay_alpha=&#8221;50&#8243; shift_x=&#8221;0&#8243; shift_y=&#8221;0&#8243; shift_y_down=&#8221;0&#8243; z_index=&#8221;0&#8243; medium_width=&#8221;0&#8243; mobile_width=&#8221;0&#8243; width=&#8221;1\/2&#8243; uncode_shortcode_id=&#8221;157452&#8243; el_class=&#8221;hh-larger-half hh-text-column&#8221;][vc_custom_heading uncode_shortcode_id=&#8221;307885&#8243; el_class=&#8221;hh-desktop&#8221;]Vino al\u0103turi de noi, de alte mame \u0219i al\u021bi ta\u021bi[\/vc_custom_heading][vc_column_text text_color=&#8221;color-nhtu&#8221; uncode_shortcode_id=&#8221;852710&#8243; text_color_type=&#8221;uncode-palette&#8221;]Al\u0103tur\u0103-te comunit\u0103\u021bii noastre de mame \u0219i ta\u021bi pe re\u021belele sociale. Fii aproape de o comunitate grijulie, f\u0103 schimb de sfaturi cu privire la via\u021ba de zi cu zi a copiilor vo\u0219tri.\u200b<\/p>\n<p>\u00cemp\u0103rt\u0103\u0219im emo\u021bii, fotografii \u0219i sfaturi: al\u0103tur\u0103-te familiei noastre extinse \u0219i nu ezita s\u0103 comentezi! Uneori, vei g\u0103si \u0219i anumite promo\u021bii, jocuri \u0219i cadouri<\/p>\n<p>Ai \u00eentreb\u0103ri? CONTACTEAZ\u0102-NE.[\/vc_column_text][uncode_block id=&#8221;90&#8243; inside_column=&#8221;yes&#8221;][\/vc_column][vc_column column_width_percent=&#8221;100&#8243; gutter_size=&#8221;3&#8243; overlay_alpha=&#8221;50&#8243; shift_x=&#8221;0&#8243; shift_y=&#8221;0&#8243; shift_y_down=&#8221;0&#8243; z_index=&#8221;0&#8243; medium_width=&#8221;0&#8243; mobile_width=&#8221;0&#8243; width=&#8221;1\/2&#8243; uncode_shortcode_id=&#8221;272383&#8243; el_class=&#8221;hh-smaller-half&#8221;][vc_custom_heading uncode_shortcode_id=&#8221;128664&#8243; el_class=&#8221;hh-mobile&#8221;]Vino al\u0103turi de noi, de alte mame \u0219i al\u021bi ta\u021bi[\/vc_custom_heading][vc_raw_html]JTNDaW1nJTIwc3JjJTNEJTIyJTJGd3AtY29udGVudCUyRnVwbG9hZHMlMkYyMDIzJTJGMDUlMkZIZWxlbl9IYXJwZXJfU29mdF9Ecnlfam9pbl91c19zb2NpYWxfbWVkaWEucG5nJTIyJTIwYWx0JTNEJTIyQmFieSUyMHBvbGFyb2lkcyUyMiUyMGNsYXNzJTNEJTIyaGgtaGVyby1wb2xhcm9pZHMlMjIlMkYlM0U=[\/vc_raw_html][\/vc_column][\/vc_row][vc_row][vc_column width=&#8221;1\/1&#8243;][vc_empty_space empty_h=&#8221;2&#8243; el_class=&#8221;hh-desktop&#8221;][\/vc_column][\/vc_row]<\/p>\n<\/div>","protected":false},"excerpt":{"rendered":"<p>Am creat marca Helen Harper pentru c\u0103, atunci c\u00e2nd \u00eencepem incredibila misiune de a fi p\u0103rin\u021bi, avem nevoie de un prieten bun, \u00een care putem avea \u00eencredere.<\/p>\n","protected":false},"author":4,"featured_media":0,"parent":0,"menu_order":0,"comment_status":"closed","ping_status":"closed","template":"","meta":{"_acf_changed":false,"footnotes":""},"class_list":["post-2008","page","type-page","status-publish","hentry"],"acf":[],"yoast_head":"<!-- This site is optimized with the Yoast SEO Premium plugin v27.5 (Yoast SEO v27.5) - https:\/\/yoast.com\/product\/yoast-seo-premium-wordpress\/ -->\n<title>Despre Helen Harper &#183; Helen Harper Soft and Dry<\/title>\n<meta name=\"description\" content=\"Am creat marca Helen Harper pentru c\u0103, atunci c\u00e2nd \u00eencepem incredibila misiune de a fi p\u0103rin\u021bi, avem nevoie de un prieten bun, \u00een care putem avea \u00eencredere.\" \/>\n<meta name=\"robots\" content=\"index, follow, max-snippet:-1, max-image-preview:large, max-video-preview:-1\" \/>\n<link rel=\"canonical\" href=\"https:\/\/www.helenharperbaby.com\/ro\/despre-helen-harper\/\" \/>\n<meta property=\"og:locale\" content=\"ro_RO\" \/>\n<meta property=\"og:type\" content=\"article\" \/>\n<meta property=\"og:title\" content=\"Despre Helen Harper\" \/>\n<meta property=\"og:description\" content=\"Am creat marca Helen Harper pentru c\u0103, atunci c\u00e2nd \u00eencepem incredibila misiune de a fi p\u0103rin\u021bi, avem nevoie de un prieten bun, \u00een care putem avea \u00eencredere.\" \/>\n<meta property=\"og:url\" content=\"https:\/\/www.helenharperbaby.com\/ro\/despre-helen-harper\/\" \/>\n<meta property=\"og:site_name\" content=\"Helen Harper Soft and Dry\" \/>\n<meta property=\"article:modified_time\" content=\"2023-06-21T14:19:17+00:00\" \/>\n<meta property=\"og:image\" content=\"https:\/\/www.helenharperbaby.com\/wp-content\/uploads\/2023\/05\/Helen_harper_soft_dry_main_image.jpg\" \/>\n\t<meta property=\"og:image:width\" content=\"1200\" \/>\n\t<meta property=\"og:image:height\" content=\"675\" \/>\n\t<meta property=\"og:image:type\" content=\"image\/jpeg\" \/>\n<meta name=\"twitter:card\" content=\"summary_large_image\" \/>\n<meta name=\"twitter:label1\" content=\"Timp estimat pentru citire\" \/>\n\t<meta name=\"twitter:data1\" content=\"4 minute\" \/>\n<script type=\"application\/ld+json\" class=\"yoast-schema-graph\">{\"@context\":\"https:\\\/\\\/schema.org\",\"@graph\":[{\"@type\":\"WebPage\",\"@id\":\"https:\\\/\\\/www.helenharperbaby.com\\\/ro\\\/despre-helen-harper\\\/\",\"url\":\"https:\\\/\\\/www.helenharperbaby.com\\\/ro\\\/despre-helen-harper\\\/\",\"name\":\"Despre Helen Harper &#183; Helen Harper Soft and Dry\",\"isPartOf\":{\"@id\":\"https:\\\/\\\/www.helenharperbaby.com\\\/ro\\\/#website\"},\"datePublished\":\"2023-04-25T17:59:44+00:00\",\"dateModified\":\"2023-06-21T14:19:17+00:00\",\"description\":\"Am creat marca Helen Harper pentru c\u0103, atunci c\u00e2nd \u00eencepem incredibila misiune de a fi p\u0103rin\u021bi, avem nevoie de un prieten bun, \u00een care putem avea \u00eencredere.\",\"breadcrumb\":{\"@id\":\"https:\\\/\\\/www.helenharperbaby.com\\\/ro\\\/despre-helen-harper\\\/#breadcrumb\"},\"inLanguage\":\"ro-RO\",\"potentialAction\":[{\"@type\":\"ReadAction\",\"target\":[\"https:\\\/\\\/www.helenharperbaby.com\\\/ro\\\/despre-helen-harper\\\/\"]}]},{\"@type\":\"BreadcrumbList\",\"@id\":\"https:\\\/\\\/www.helenharperbaby.com\\\/ro\\\/despre-helen-harper\\\/#breadcrumb\",\"itemListElement\":[{\"@type\":\"ListItem\",\"position\":1,\"name\":\"Home\",\"item\":\"https:\\\/\\\/www.helenharperbaby.com\\\/ro\\\/\"},{\"@type\":\"ListItem\",\"position\":2,\"name\":\"Despre Helen Harper\"}]},{\"@type\":\"WebSite\",\"@id\":\"https:\\\/\\\/www.helenharperbaby.com\\\/ro\\\/#website\",\"url\":\"https:\\\/\\\/www.helenharperbaby.com\\\/ro\\\/\",\"name\":\"Helen Harper Baby\",\"description\":\"For moments of pure happiness.\",\"publisher\":{\"@id\":\"https:\\\/\\\/www.helenharperbaby.com\\\/ro\\\/#organization\"},\"potentialAction\":[{\"@type\":\"SearchAction\",\"target\":{\"@type\":\"EntryPoint\",\"urlTemplate\":\"https:\\\/\\\/www.helenharperbaby.com\\\/ro\\\/?s={search_term_string}\"},\"query-input\":{\"@type\":\"PropertyValueSpecification\",\"valueRequired\":true,\"valueName\":\"search_term_string\"}}],\"inLanguage\":\"ro-RO\"},{\"@type\":\"Organization\",\"@id\":\"https:\\\/\\\/www.helenharperbaby.com\\\/ro\\\/#organization\",\"name\":\"Helen Harper Baby\",\"url\":\"https:\\\/\\\/www.helenharperbaby.com\\\/ro\\\/\",\"logo\":{\"@type\":\"ImageObject\",\"inLanguage\":\"ro-RO\",\"@id\":\"https:\\\/\\\/www.helenharperbaby.com\\\/ro\\\/#\\\/schema\\\/logo\\\/image\\\/\",\"url\":\"https:\\\/\\\/www.helenharperbaby.com\\\/wp-content\\\/uploads\\\/2023\\\/04\\\/hh-logo.png\",\"contentUrl\":\"https:\\\/\\\/www.helenharperbaby.com\\\/wp-content\\\/uploads\\\/2023\\\/04\\\/hh-logo.png\",\"width\":350,\"height\":227,\"caption\":\"Helen Harper Baby\"},\"image\":{\"@id\":\"https:\\\/\\\/www.helenharperbaby.com\\\/ro\\\/#\\\/schema\\\/logo\\\/image\\\/\"}}]}<\/script>\n<!-- \/ Yoast SEO Premium plugin. -->","yoast_head_json":{"title":"Despre Helen Harper &#183; Helen Harper Soft and Dry","description":"Am creat marca Helen Harper pentru c\u0103, atunci c\u00e2nd \u00eencepem incredibila misiune de a fi p\u0103rin\u021bi, avem nevoie de un prieten bun, \u00een care putem avea \u00eencredere.","robots":{"index":"index","follow":"follow","max-snippet":"max-snippet:-1","max-image-preview":"max-image-preview:large","max-video-preview":"max-video-preview:-1"},"canonical":"https:\/\/www.helenharperbaby.com\/ro\/despre-helen-harper\/","og_locale":"ro_RO","og_type":"article","og_title":"Despre Helen Harper","og_description":"Am creat marca Helen Harper pentru c\u0103, atunci c\u00e2nd \u00eencepem incredibila misiune de a fi p\u0103rin\u021bi, avem nevoie de un prieten bun, \u00een care putem avea \u00eencredere.","og_url":"https:\/\/www.helenharperbaby.com\/ro\/despre-helen-harper\/","og_site_name":"Helen Harper Soft and Dry","article_modified_time":"2023-06-21T14:19:17+00:00","og_image":[{"width":1200,"height":675,"url":"https:\/\/www.helenharperbaby.com\/wp-content\/uploads\/2023\/05\/Helen_harper_soft_dry_main_image.jpg","type":"image\/jpeg"}],"twitter_card":"summary_large_image","twitter_misc":{"Timp estimat pentru citire":"4 minute"},"schema":{"@context":"https:\/\/schema.org","@graph":[{"@type":"WebPage","@id":"https:\/\/www.helenharperbaby.com\/ro\/despre-helen-harper\/","url":"https:\/\/www.helenharperbaby.com\/ro\/despre-helen-harper\/","name":"Despre Helen Harper &#183; Helen Harper Soft and Dry","isPartOf":{"@id":"https:\/\/www.helenharperbaby.com\/ro\/#website"},"datePublished":"2023-04-25T17:59:44+00:00","dateModified":"2023-06-21T14:19:17+00:00","description":"Am creat marca Helen Harper pentru c\u0103, atunci c\u00e2nd \u00eencepem incredibila misiune de a fi p\u0103rin\u021bi, avem nevoie de un prieten bun, \u00een care putem avea \u00eencredere.","breadcrumb":{"@id":"https:\/\/www.helenharperbaby.com\/ro\/despre-helen-harper\/#breadcrumb"},"inLanguage":"ro-RO","potentialAction":[{"@type":"ReadAction","target":["https:\/\/www.helenharperbaby.com\/ro\/despre-helen-harper\/"]}]},{"@type":"BreadcrumbList","@id":"https:\/\/www.helenharperbaby.com\/ro\/despre-helen-harper\/#breadcrumb","itemListElement":[{"@type":"ListItem","position":1,"name":"Home","item":"https:\/\/www.helenharperbaby.com\/ro\/"},{"@type":"ListItem","position":2,"name":"Despre Helen Harper"}]},{"@type":"WebSite","@id":"https:\/\/www.helenharperbaby.com\/ro\/#website","url":"https:\/\/www.helenharperbaby.com\/ro\/","name":"Helen Harper Baby","description":"For moments of pure happiness.","publisher":{"@id":"https:\/\/www.helenharperbaby.com\/ro\/#organization"},"potentialAction":[{"@type":"SearchAction","target":{"@type":"EntryPoint","urlTemplate":"https:\/\/www.helenharperbaby.com\/ro\/?s={search_term_string}"},"query-input":{"@type":"PropertyValueSpecification","valueRequired":true,"valueName":"search_term_string"}}],"inLanguage":"ro-RO"},{"@type":"Organization","@id":"https:\/\/www.helenharperbaby.com\/ro\/#organization","name":"Helen Harper Baby","url":"https:\/\/www.helenharperbaby.com\/ro\/","logo":{"@type":"ImageObject","inLanguage":"ro-RO","@id":"https:\/\/www.helenharperbaby.com\/ro\/#\/schema\/logo\/image\/","url":"https:\/\/www.helenharperbaby.com\/wp-content\/uploads\/2023\/04\/hh-logo.png","contentUrl":"https:\/\/www.helenharperbaby.com\/wp-content\/uploads\/2023\/04\/hh-logo.png","width":350,"height":227,"caption":"Helen Harper Baby"},"image":{"@id":"https:\/\/www.helenharperbaby.com\/ro\/#\/schema\/logo\/image\/"}}]}},"_links":{"self":[{"href":"https:\/\/www.helenharperbaby.com\/ro\/wp-json\/wp\/v2\/pages\/2008","targetHints":{"allow":["GET"]}}],"collection":[{"href":"https:\/\/www.helenharperbaby.com\/ro\/wp-json\/wp\/v2\/pages"}],"about":[{"href":"https:\/\/www.helenharperbaby.com\/ro\/wp-json\/wp\/v2\/types\/page"}],"author":[{"embeddable":true,"href":"https:\/\/www.helenharperbaby.com\/ro\/wp-json\/wp\/v2\/users\/4"}],"replies":[{"embeddable":true,"href":"https:\/\/www.helenharperbaby.com\/ro\/wp-json\/wp\/v2\/comments?post=2008"}],"version-history":[{"count":0,"href":"https:\/\/www.helenharperbaby.com\/ro\/wp-json\/wp\/v2\/pages\/2008\/revisions"}],"wp:attachment":[{"href":"https:\/\/www.helenharperbaby.com\/ro\/wp-json\/wp\/v2\/media?parent=2008"}],"curies":[{"name":"wp","href":"https:\/\/api.w.org\/{rel}","templated":true}]}}