{"id":2028,"date":"2023-05-10T14:53:23","date_gmt":"2023-05-10T14:53:23","guid":{"rendered":"https:\/\/www.helenharperbaby.com\/?page_id=2028"},"modified":"2023-06-22T09:21:16","modified_gmt":"2023-06-22T09:21:16","slug":"politica-de-cookie-uri","status":"publish","type":"page","link":"https:\/\/www.helenharperbaby.com\/ro\/politica-de-cookie-uri\/","title":{"rendered":"Politic\u0103 de cookie-uri"},"content":{"rendered":"<div class=\"wpb-content-wrapper\"><p>[vc_row][vc_column width=&#8221;1\/1&#8243;][uncode_breadcrumbs][\/vc_column][\/vc_row][vc_row row_height_percent=&#8221;0&#8243; override_padding=&#8221;yes&#8221; h_padding=&#8221;2&#8243; top_padding=&#8221;2&#8243; bottom_padding=&#8221;4&#8243; overlay_alpha=&#8221;50&#8243; gutter_size=&#8221;3&#8243; column_width_percent=&#8221;100&#8243; shift_y=&#8221;0&#8243; z_index=&#8221;0&#8243; uncode_shortcode_id=&#8221;171431&#8243;][vc_column width=&#8221;1\/1&#8243;][vc_custom_heading uncode_shortcode_id=&#8221;413086&#8243;]Politic\u0103 de cookie-uri[\/vc_custom_heading][vc_column_text uncode_shortcode_id=&#8221;181751&#8243;]Acest site utilizeaz\u0103 cookie-uri. Aceast\u0103 politic\u0103 ofer\u0103 informa\u021bii despre motivul pentru care folosim cookie-uri \u0219i cum le pute\u021bi gestiona.<\/p>\n<p><strong>Ce este un cookie?<\/strong><\/p>\n<p>Un \u201ecookie\u201d este un fi\u0219ier de dimensiuni limitate, care const\u0103 \u00een general din litere \u0219i numere \u0219i este trimis de un server de internet c\u0103tre fi\u0219ierul cookie al browserului, situat pe hard disk-ul computerului (sau pe un alt dispozitiv conectat la internet, cum ar fi un smartphone sau o tablet\u0103) atunci c\u00e2nd vizualiza\u021bi acest site web.<br \/>\nUn cookie include, \u00een general, numele site-ului web de la care provine, ciclul s\u0103u de via\u021b\u0103 (perioada de timp pentru care r\u0103m\u00e2ne pe dispozitiv) \u0219i o valoare, care este, \u00een general, un num\u0103r unic generat aleatoriu.<\/p>\n<p>Pot fi utilizate dou\u0103 tipuri de cookie-uri: cookie-uri temporare \u0219i cookie-uri permanente. Cookie-urile temporare sunt \u0219terse automat la sf\u00e2r\u0219itul sesiunii de navigare. Cookie-urile permanente r\u0103m\u00e2n pe dispozitivul dvs. pentru mai mult timp, pentru o perioad\u0103 de timp specific\u0103 fiec\u0103rui cookie \u0219i r\u0103m\u00e2n valabile p\u00e2n\u0103 la data expir\u0103rii lor (cu excep\u021bia cazului \u00een care sunt \u0219terse de utilizator \u00een prealabil).<\/p>\n<p>Cookie-urile pot fi utilizate de serverele web pentru a identifica \u0219i monitoriza utilizatorii \u00een timp ce navigheaz\u0103 pe diferitele pagini ale unui site web \u0219i pentru a identifica utilizatorii care se \u00eentorc pe site-ul lor web.<\/p>\n<p>Cookie-urile nu con\u021bin informa\u021bii care permit identificarea dvs., dar anumite informa\u021bii cu caracter personal despre dvs., care sunt stocate de Ontex, pot fi legate de informa\u021biile stocate \u00een cookie-uri \u0219i ob\u021binute de la acestea. Pentru informa\u021bii suplimentare cu privire la modul \u00een care sunt prelucrate datele dvs. cu caracter personal, v\u0103 rug\u0103m s\u0103 consulta\u021bi Politica noastr\u0103 de confiden\u021bialitate.<\/p>\n<p><strong>De ce utilizeaz\u0103 acest site cookie-urile?<\/strong><\/p>\n<p>Multe dintre cookie-urile de pe acest site \u00eendeplinesc func\u021biile sau serviciile esen\u021biale pe care le-a\u021bi solicitat, sau ne permit s\u0103 asigur\u0103m securitatea, dup\u0103 cum se indic\u0103 \u00een tabelul de mai jos.<\/p>\n<p>Ontex \u0219i furnizorii s\u0103i de servicii pot utiliza cookie-uri pentru a colecta date agregate, \u00een scopul de a asigura gestionarea corect\u0103 a site-ului s\u0103u \u0219i de a \u00eembun\u0103t\u0103\u021bi navigarea pe site-ul s\u0103u. Putem utiliza aceste dispozitive pentru a monitoriza informa\u021biile despre sistemele noastre \u0219i pentru a identifica categoriile de vizitatori \u00een func\u021bie de elemente precum adresa IP, domeniul, tipul de browser \u0219i paginile vizualizate. Aceste informa\u021bii sunt transmise webmasterilor no\u0219tri care le utilizeaz\u0103 pentru a analiza num\u0103rul de vizitatori ale diverselor sec\u021biuni ale site-ului \u0219i pentru a se asigura c\u0103 site-ul nostru r\u0103m\u00e2ne o surs\u0103 util\u0103 \u0219i eficient\u0103 de informa\u021bii.<\/p>\n<p><strong>Ce tip de cookie-uri utilizeaz\u0103 acest site web?<\/strong><\/p>\n<p>Tabelul de mai jos enumer\u0103 diferitele tipuri de cookie-uri pe care Ontex le utilizeaz\u0103 pe acest site web, precum \u0219i scopul(scopurile) \u0219i ciclul lor de via\u021b\u0103.<\/p>\n<ul>\n<li>Cooki-uri func\u021bionale<\/li>\n<\/ul>\n<p>Aceste cookie-uri permit site-ului s\u0103 func\u021bioneze \u00eentr-un mod optim. Pute\u021bi s\u0103 le refuza\u021bi \u0219i s\u0103 le \u0219terge\u021bi prin set\u0103rile browserului. Cu toate acestea, acest lucru poate afecta negativ experien\u021ba dvs. de utilizator.[\/vc_column_text][vc_raw_html]JTNDZGl2JTIwY2xhc3MlM0QlMjJjdXN0b20tY29va2llLXRhYmxlJTIyJTNFJTBBJTNDZGl2JTIwY2xhc3MlM0QlMjJjdXN0b20tY29va2llLWhlYWRlcnMlMjBjdXN0b20tY29va2llLXJvdyUyMiUzRSUwQSUzQ2RpdiUzRURlbnVtaXJlJTIwY29va2llJTNDJTJGZGl2JTNFJTBBJTNDZGl2JTNFU2NvcCUyMGNvb2tpZSUzQyUyRmRpdiUzRSUwQSUzQ2RpdiUzRUR1cmF0JUM0JTgzJTIwY29va2llJTNDJTJGZGl2JTNFJTBBJTNDJTJGZGl2JTNFJTBBJTNDZGl2JTIwY2xhc3MlM0QlMjJjdXN0b20tY29va2llLXJvdyUyMiUzRSUwQSUzQ2RpdiUyMGNsYXNzJTNEJTIyY29va2llLW5hbWUlMjIlM0VDb29raWUlMjBkZSUyMGF1dGVudGlmaWNhcmUlM0ElMjBKRVNTSU9OSUQlM0MlMkZkaXYlM0UlMEElM0NkaXYlMjBjbGFzcyUzRCUyMmNvb2tpZS1wdXJwb3NlJTIyJTNFQWNlc3QlMjBjb29raWUlMjBkZWZpbmUlQzglOTl0ZSUyMHVuJTIwbnVtZSUyMGRlJTIwY29uZWN0YXJlJTIwcGVudHJ1JTIwbyUyMHNpbmd1ciVDNCU4MyUyMHNlc2l1bmUlMjAlQzglOTlpJTIwcGVybWl0ZSUyMHN0b2NhcmVhJTIwdW5laSUyMHN0JUM0JTgzcmklMjBkZSUyMHV0aWxpemF0b3IlMjBsZWdhdGUlMjBkZSUyMHNvbGljaXQlQzQlODNyaWxlJTIwZGUlMjBwYWdpbiVDNCU4My4lM0MlMkZkaXYlM0UlMEElM0NkaXYlMjBjbGFzcyUzRCUyMmNvb2tpZS1kdXJhdGlvbiUyMiUzRVNlc2l1bmUlM0MlMkZkaXYlM0UlMEElM0MlMkZkaXYlM0UlMEElMEElM0NkaXYlMjBjbGFzcyUzRCUyMmN1c3RvbS1jb29raWUtcm93JTIyJTNFJTBBJTNDZGl2JTIwY2xhc3MlM0QlMjJjb29raWUtbmFtZSUyMiUzRUNvb2tpZSUyMGRlJTIwcHJlZmVyaW4lQzglOUJlJTNBJTIwY29va2llJTIwZGUlMjBjb25mb3JtaXRhdGUlMjAlM0MlMkZkaXYlM0UlMEElM0NkaXYlMjBjbGFzcyUzRCUyMmNvb2tpZS1wdXJwb3NlJTIyJTNFQWNlc3QlMjBjb29raWUlMjBuZSUyMHBlcm1pdGUlMjBzJUM0JTgzJTIwc3RvYyVDNCU4M20lMjBjb29raWUtdXJpbGUlMjBjYXJlJTIwYXUlMjBmb3N0JTIwYWNjZXB0YXRlJTIwZGUlMjB1dGlsaXphdG9yLiUzQyUyRmRpdiUzRSUwQSUzQ2RpdiUyMGNsYXNzJTNEJTIyY29va2llLWR1cmF0aW9uJTIyJTNFU2VzaXVuZSUzQyUyRmRpdiUzRSUwQSUzQyUyRmRpdiUzRSUwQSUwQSUzQ2RpdiUyMGNsYXNzJTNEJTIyY3VzdG9tLWNvb2tpZS1yb3clMjIlM0UlMEElM0NkaXYlMjBjbGFzcyUzRCUyMmNvb2tpZS1uYW1lJTIyJTNFRm9vdHByaW50cyUzQyUyRmRpdiUzRSUwQSUzQ2RpdiUyMGNsYXNzJTNEJTIyY29va2llLXB1cnBvc2UlMjIlM0VBY2VzdCUyMGNvb2tpZSUyMG5lJTIwcGVybWl0ZSUyMHMlQzQlODMlMjBtb25pdG9yaXolQzQlODNtJTIwcHJvZHVzZWxlJTIwdml6dWFsaXphdGUuJTNDJTJGZGl2JTNFJTBBJTNDZGl2JTIwY2xhc3MlM0QlMjJjb29raWUtZHVyYXRpb24lMjIlM0UxMyUyMGx1bmklM0MlMkZkaXYlM0UlMEElM0MlMkZkaXYlM0UlMEElMEElM0NkaXYlMjBjbGFzcyUzRCUyMmN1c3RvbS1jb29raWUtcm93JTIyJTNFJTBBJTNDZGl2JTIwY2xhc3MlM0QlMjJjb29raWUtbmFtZSUyMiUzRUdvb2dsZSUyMHJlQ0FQVENIQSUzQyUyRmRpdiUzRSUwQSUzQ2RpdiUyMGNsYXNzJTNEJTIyY29va2llLXB1cnBvc2UlMjIlM0VBY2VzdCUyMG1vZHVsJTIwdmVyaWZpYyVDNCU4MyUyMGRhYyVDNCU4MyUyMHN1bnRlJUM4JTlCaSUyMG8lMjBwZXJzb2FuJUM0JTgzJTJDJTIwcGVudHJ1JTIwYSUyMCVDMyVBRW1waWVkaWNhJTIwYW51bWl0ZSUyMGZ1bmMlQzglOUJpaSUyMGFsZSUyMHNpdGUtdWx1aSUyMHMlQzQlODMlMjBmaWUlMjB1emF0ZSUyRmFidXphdGUlMjBkZSUyMHJvYm8lQzglOUJpaSUyMGRlJTIwc3BhbSUyMCUyOCVDMyVBRW4lMjBzcGVjaWFsJTIwY29tZW50YXJpaWxlJTI5LiUyMEFjZWFzdCVDNCU4MyUyMGNvbGVjdGFyZSUyMGRlJTIwZGF0ZSUyMGVzdGUlMjBzdXB1cyVDNCU4MyUyMHJlZ2xlbWVudCVDNCU4M3JpbG9yJTIwcHJpdmluZCUyMHByb3RlYyVDOCU5QmlhJTIwZGF0ZWxvciUyMGRlJTIwbGElMjBHb29nbGUlMjAlMjhHb29nbGUlMjBJbmMuJTI5LiUyMFBlbnRydSUyMG1haSUyMG11bHRlJTIwaW5mb3JtYSVDOCU5QmlpJTIwZGVzcHJlJTIwcG9saXRpY2ElMjBkZSUyMGNvbmZpZGVuJUM4JTlCaWFsaXRhdGUlMjBHb29nbGUlMkMlMjB2aXppdGElQzglOUJpJTNBJTIwJTNDYSUyMGhyZWYlM0QlMjJodHRwcyUzQSUyRiUyRnBvbGljaWVzLmdvb2dsZS5jb20lMkZwcml2YWN5JTNGaGwlM0RybyUyMiUyMHRhcmdldCUzRCUyMl9ibGFuayUyMiUyMHJlbCUzRCUyMm5vb3BlbmVyJTIwbm9yZWZlcnJlciUyMiUzRVBvbGl0aWMlQzQlODMlMjBkZSUyMGNvbmZpZGVuJUM4JTlCaWFsaXRhdGUlMjBHb29nbGUlM0MlMkZhJTNFJTNDJTJGZGl2JTNFJTBBJTNDZGl2JTIwY2xhc3MlM0QlMjJjb29raWUtZHVyYXRpb24lMjIlM0VTZXNpdW5lJTNDJTJGZGl2JTNFJTBBJTNDJTJGZGl2JTNFJTBBJTNDJTJGZGl2JTNF[\/vc_raw_html][vc_column_text uncode_shortcode_id=&#8221;192723&#8243;]<\/p>\n<ul>\n<li>Cookie-uri analitice<\/li>\n<\/ul>\n<p>Pentru a adapta site-ul la nevoile vizitatorilor s\u0103i, folosim Google Analytics pentru a m\u0103sura num\u0103rul de vizite, num\u0103rul de pagini vizualizate, activitatea vizitatorilor site-ului nostru \u0219i frecven\u021ba cu care se \u00eentorc. Google Analytics este un serviciu de analiz\u0103 web furnizat de Google, Inc. (Google). Acest instrument genereaz\u0103 urm\u0103toarele cookie-uri: [\/vc_column_text][vc_raw_html]JTNDZGl2JTIwY2xhc3MlM0QlMjJjdXN0b20tY29va2llLXRhYmxlJTIyJTNFJTBBJTNDZGl2JTIwY2xhc3MlM0QlMjJjdXN0b20tY29va2llLWhlYWRlcnMlMjBjdXN0b20tY29va2llLXJvdyUyMiUzRSUwQSUzQ2RpdiUzRU51bWUlMjBjb29raWUlM0MlMkZkaXYlM0UlMEElM0NkaXYlM0VTY29wJTIwY29va2llJTNDJTJGZGl2JTNFJTBBJTNDZGl2JTNFRHVyYXQlQzQlODMlMjBjb29raWUlM0MlMkZkaXYlM0UlMEElM0MlMkZkaXYlM0UlMEElM0NkaXYlMjBjbGFzcyUzRCUyMmN1c3RvbS1jb29raWUtcm93JTIyJTNFJTBBJTNDZGl2JTIwY2xhc3MlM0QlMjJjb29raWUtbmFtZSUyMiUzRV91dG1iJTNDJTJGZGl2JTNFJTBBJTNDZGl2JTIwY2xhc3MlM0QlMjJjb29raWUtcHVycG9zZSUyMiUzRUFjZXN0JTIwY29va2llJTIwcGVybWl0ZSUyMGNyZWFyZWElMjAlQzglOTlpJTIwY29udGludWFyZWElMjB1bmVpJTIwc2VzaXVuaSUyMGRlJTIwdXRpbGl6YXRvci4lM0MlMkZkaXYlM0UlMEElM0NkaXYlMjBjbGFzcyUzRCUyMmNvb2tpZS1kdXJhdGlvbiUyMiUzRVNlc2l1bmUlM0MlMkZkaXYlM0UlMEElM0MlMkZkaXYlM0UlMEElMEElM0NkaXYlMjBjbGFzcyUzRCUyMmN1c3RvbS1jb29raWUtcm93JTIyJTNFJTBBJTNDZGl2JTIwY2xhc3MlM0QlMjJjb29raWUtbmFtZSUyMiUzRV91dG1jJTNDJTJGZGl2JTNFJTBBJTNDZGl2JTIwY2xhc3MlM0QlMjJjb29raWUtcHVycG9zZSUyMiUzRUFjZXN0JTIwY29va2llJTIwbmUlMjBwZXJtaXRlJTIwcyVDNCU4MyUyMHN0YWJpbGltJTIwZGFjJUM0JTgzJTIwdXRpbGl6YXRvcnVsJTIwbmVjZXNpdCVDNCU4MyUyMHNhdSUyMG51JTIwY3JlYXJlYSUyMHVuZWklMjBub2klMjBzZXNpdW5pLiUzQyUyRmRpdiUzRSUwQSUzQ2RpdiUyMGNsYXNzJTNEJTIyY29va2llLWR1cmF0aW9uJTIyJTNFU2VzaXVuZSUzQyUyRmRpdiUzRSUwQSUzQyUyRmRpdiUzRSUwQSUwQSUzQ2RpdiUyMGNsYXNzJTNEJTIyY3VzdG9tLWNvb2tpZS1yb3clMjIlM0UlMEElM0NkaXYlMjBjbGFzcyUzRCUyMmNvb2tpZS1uYW1lJTIyJTNFX3V0bXQlM0MlMkZkaXYlM0UlMEElM0NkaXYlMjBjbGFzcyUzRCUyMmNvb2tpZS1wdXJwb3NlJTIyJTNFQWNlc3QlMjBjb29raWUlMjBpbmRpYyVDNCU4MyUyMHRpcHVsJTIwdW5laSUyMHNvbGljaXQlQzQlODNyaS4lM0MlMkZkaXYlM0UlMEElM0NkaXYlMjBjbGFzcyUzRCUyMmNvb2tpZS1kdXJhdGlvbiUyMiUzRVNlc2l1bmUlM0MlMkZkaXYlM0UlMEElM0MlMkZkaXYlM0UlMEElMEElM0NkaXYlMjBjbGFzcyUzRCUyMmN1c3RvbS1jb29raWUtcm93JTIyJTNFJTBBJTNDZGl2JTIwY2xhc3MlM0QlMjJjb29raWUtbmFtZSUyMiUzRV91dG16JTNDJTJGZGl2JTNFJTBBJTNDZGl2JTIwY2xhc3MlM0QlMjJjb29raWUtcHVycG9zZSUyMiUzRUFjZXN0JTIwY29va2llJTIwbmUlMjBwZXJtaXRlJTIwcyVDNCU4MyUyMHN0b2MlQzQlODNtJTIwdGlwdWwlMjBkZSUyMHRyYXNldSUyMHV0aWxpemF0JTIwZGUlMjB2aXppdGF0b3IlMjBwZW50cnUlMjBhJTIwYWp1bmdlJTIwbGElMjB1biUyMHNpdGUlMjB3ZWIuJTNDJTJGZGl2JTNFJTBBJTNDZGl2JTIwY2xhc3MlM0QlMjJjb29raWUtZHVyYXRpb24lMjIlM0U2JTIwbHVuaSUzQyUyRmRpdiUzRSUwQSUzQyUyRmRpdiUzRSUwQSUzQyUyRmRpdiUzRQ==[\/vc_raw_html][vc_column_text uncode_shortcode_id=&#8221;609485&#8243;]<\/p>\n<ul>\n<li>Cookie-uri de performan\u021b\u0103<\/li>\n<\/ul>\n<p>[\/vc_column_text][vc_raw_html]JTNDZGl2JTIwY2xhc3MlM0QlMjJjdXN0b20tY29va2llLXRhYmxlJTIyJTNFJTBBJTNDZGl2JTIwY2xhc3MlM0QlMjJjdXN0b20tY29va2llLWhlYWRlcnMlMjBjdXN0b20tY29va2llLXJvdyUyMiUzRSUwQSUzQ2RpdiUzRU51bWUlMjBjb29raWUlM0MlMkZkaXYlM0UlMEElM0NkaXYlM0VTY29wJTIwY29va2llJTNDJTJGZGl2JTNFJTBBJTNDZGl2JTNFRHVyYXQlQzQlODMlMjBjb29raWUlM0MlMkZkaXYlM0UlMEElM0MlMkZkaXYlM0UlMEElM0NkaXYlMjBjbGFzcyUzRCUyMmN1c3RvbS1jb29raWUtcm93JTIyJTNFJTBBJTNDZGl2JTIwY2xhc3MlM0QlMjJjb29raWUtbmFtZSUyMiUzRVBsYXllciUyMHZpZGVvJTIwVmltZW8lM0MlMkZkaXYlM0UlMEElM0NkaXYlMjBjbGFzcyUzRCUyMmNvb2tpZS1wdXJwb3NlJTIyJTNFUGxheWVyJTIwdmlkZW8lMjAlQzMlQUVuY29ycG9yYWJpbC4lMjBQZW50cnUlMjBtYWklMjBtdWx0ZSUyMGluZm9ybWElQzglOUJpaSUyQyUyMHZpeml0YSVDOCU5QmklMjBwYWdpbmElRTIlODAlQUYlM0NhJTIwaHJlZiUzRCUyMmh0dHBzJTNBJTJGJTJGdmltZW8uY29tJTJGY29va2llX3BvbGljeSUyMiUzRVZpbWVvJTNDJTJGYSUzRS4lM0MlMkZkaXYlM0UlMEElM0NkaXYlMjBjbGFzcyUzRCUyMmNvb2tpZS1kdXJhdGlvbiUyMiUzRVNlc2l1bmUlM0MlMkZkaXYlM0UlMEElM0MlMkZkaXYlM0UlMEElMEElM0MlMkZkaXYlM0U=[\/vc_raw_html][vc_column_text uncode_shortcode_id=&#8221;273961&#8243;]<strong>Cum pute\u021bi gestiona cookie-urile utilizate de site-ul web?<\/strong><br \/>\nDac\u0103 dori\u021bi s\u0103 refuza\u021bi utilizarea cookie-urilor de c\u0103tre site-ul web sau dac\u0103 dori\u021bi s\u0103 \u0219terge\u021bi sau s\u0103 autoriza\u021bi cookie-uri noi pe dispozitivul dvs., atunci pute\u021bi modifica set\u0103rile browserului dvs. pentru a bloca cookie-urile sau pentru a v\u0103 avertiza c\u00e2nd cookie-urile sunt trimise pe dispozitiv. Cookie-urile pot fi gestionate \u00een moduri diferite. Consulta\u021bi instruc\u021biunile browserului dvs. pentru mai multe informa\u021bii despre modul de setare sau modificare a set\u0103rilor browserului dvs.:<\/p>\n<p>\u2013 <a href=\"http:\/\/windows.microsoft.com\/en-US\/windows-vista\/How-to-manage-cookies-in-Internet-Explorer-9\">Internet Explorer<\/a><\/p>\n<p>\u2013 <a href=\"http:\/\/support.google.com\/chrome\/bin\/answer.py?hl=en-GB&amp;hlrm=nl&amp;answer=95647\">Chrome<\/a><\/p>\n<p>\u2013 <a href=\"http:\/\/support.mozilla.org\/en-US\/kb\/enable-and-disable-cookies-website-preferences?s=cookies&amp;r=5&amp;as=s\">Firefox<\/a><\/p>\n<p>\u2013 <a href=\"http:\/\/support.apple.com\/kb\/PH5042\">Safari<\/a><\/p>\n<p>Dac\u0103 dezactiva\u021bi modulele cookie utilizate de site-ul web sau \u0219terge\u021bi cookie-urile care au fost deja instalate pe dispozitivul dvs. de c\u0103tre site-ul web, acest lucru v\u0103 poate afecta atunci c\u00e2nd naviga\u021bi pe site-ul web (de exemplu, este posibil s\u0103 nu pute\u021bi vizualiza anumite p\u0103r\u021bi ale site-ului web sau s\u0103 nu primi\u021bi informa\u021bii personalizate atunci c\u00e2nd vizualiza\u021bi site-ul web).<\/p>\n<p><strong>Actualizarea Politicii actuale privind cookie-urile<\/strong><br \/>\n\u00cen cazul \u00een care Ontex \u00ee\u0219i modific\u0103 practicile privind cookie-urile, aceste modific\u0103ri vor fi \u00eencorporate \u00eentr-o versiune actualizat\u0103 a prezentei politici. De asemenea, v\u0103 vom informa cu privire la aceste modific\u0103ri prin actualizarea datei de intrare \u00een vigoare \u00een partea de sus a acestei politici. Ontex \u00ee\u0219i rezerv\u0103 dreptul de a modifica periodic aceast\u0103 politic\u0103, pentru a lua \u00een considerare progresul tehnologic, modific\u0103rile aduse legisla\u021biei, reglement\u0103rilor \u0219i bunelor practici comerciale, f\u0103r\u0103 a aduce atingere drepturilor dvs. garantate de legisla\u021bia actual\u0103. [\/vc_column_text][\/vc_column][\/vc_row]<\/p>\n<\/div>","protected":false},"excerpt":{"rendered":"<p>Acest site utilizeaz\u0103 cookie-uri. Aceast\u0103 politic\u0103 ofer\u0103 informa\u021bii despre motivul pentru care folosim cookie-uri \u0219i cum le pute\u021bi gestiona.<\/p>\n","protected":false},"author":3,"featured_media":0,"parent":0,"menu_order":0,"comment_status":"closed","ping_status":"closed","template":"","meta":{"_acf_changed":false,"footnotes":""},"class_list":["post-2028","page","type-page","status-publish","hentry"],"acf":[],"yoast_head":"<!-- This site is optimized with the Yoast SEO Premium plugin v27.4 (Yoast SEO v27.4) - https:\/\/yoast.com\/product\/yoast-seo-premium-wordpress\/ -->\n<title>Politic\u0103 de cookie-uri &#183; Helen Harper Soft and Dry<\/title>\n<meta name=\"description\" content=\"Acest site utilizeaz\u0103 cookie-uri. Aceast\u0103 politic\u0103 ofer\u0103 informa\u021bii despre motivul pentru care folosim cookie-uri \u0219i cum le pute\u021bi gestiona.\" \/>\n<meta name=\"robots\" content=\"index, follow, max-snippet:-1, max-image-preview:large, max-video-preview:-1\" \/>\n<link rel=\"canonical\" href=\"https:\/\/www.helenharperbaby.com\/ro\/politica-de-cookie-uri\/\" \/>\n<meta property=\"og:locale\" content=\"ro_RO\" \/>\n<meta property=\"og:type\" content=\"article\" \/>\n<meta property=\"og:title\" content=\"Politic\u0103 de cookie-uri\" \/>\n<meta property=\"og:description\" content=\"Acest site utilizeaz\u0103 cookie-uri. Aceast\u0103 politic\u0103 ofer\u0103 informa\u021bii despre motivul pentru care folosim cookie-uri \u0219i cum le pute\u021bi gestiona.\" \/>\n<meta property=\"og:url\" content=\"https:\/\/www.helenharperbaby.com\/ro\/politica-de-cookie-uri\/\" \/>\n<meta property=\"og:site_name\" content=\"Helen Harper Soft and Dry\" \/>\n<meta property=\"article:modified_time\" content=\"2023-06-22T09:21:16+00:00\" \/>\n<meta property=\"og:image\" content=\"https:\/\/www.helenharperbaby.com\/wp-content\/uploads\/2023\/05\/Helen_harper_soft_dry_main_image.jpg\" \/>\n\t<meta property=\"og:image:width\" content=\"1200\" \/>\n\t<meta property=\"og:image:height\" content=\"675\" \/>\n\t<meta property=\"og:image:type\" content=\"image\/jpeg\" \/>\n<meta name=\"twitter:card\" content=\"summary_large_image\" \/>\n<meta name=\"twitter:label1\" content=\"Timp estimat pentru citire\" \/>\n\t<meta name=\"twitter:data1\" content=\"4 minute\" \/>\n<script type=\"application\/ld+json\" class=\"yoast-schema-graph\">{\"@context\":\"https:\\\/\\\/schema.org\",\"@graph\":[{\"@type\":\"WebPage\",\"@id\":\"https:\\\/\\\/www.helenharperbaby.com\\\/ro\\\/politica-de-cookie-uri\\\/\",\"url\":\"https:\\\/\\\/www.helenharperbaby.com\\\/ro\\\/politica-de-cookie-uri\\\/\",\"name\":\"Politic\u0103 de cookie-uri &#183; Helen Harper Soft and Dry\",\"isPartOf\":{\"@id\":\"https:\\\/\\\/www.helenharperbaby.com\\\/ro\\\/#website\"},\"datePublished\":\"2023-05-10T14:53:23+00:00\",\"dateModified\":\"2023-06-22T09:21:16+00:00\",\"description\":\"Acest site utilizeaz\u0103 cookie-uri. Aceast\u0103 politic\u0103 ofer\u0103 informa\u021bii despre motivul pentru care folosim cookie-uri \u0219i cum le pute\u021bi gestiona.\",\"breadcrumb\":{\"@id\":\"https:\\\/\\\/www.helenharperbaby.com\\\/ro\\\/politica-de-cookie-uri\\\/#breadcrumb\"},\"inLanguage\":\"ro-RO\",\"potentialAction\":[{\"@type\":\"ReadAction\",\"target\":[\"https:\\\/\\\/www.helenharperbaby.com\\\/ro\\\/politica-de-cookie-uri\\\/\"]}]},{\"@type\":\"BreadcrumbList\",\"@id\":\"https:\\\/\\\/www.helenharperbaby.com\\\/ro\\\/politica-de-cookie-uri\\\/#breadcrumb\",\"itemListElement\":[{\"@type\":\"ListItem\",\"position\":1,\"name\":\"Home\",\"item\":\"https:\\\/\\\/www.helenharperbaby.com\\\/ro\\\/\"},{\"@type\":\"ListItem\",\"position\":2,\"name\":\"Politic\u0103 de cookie-uri\"}]},{\"@type\":\"WebSite\",\"@id\":\"https:\\\/\\\/www.helenharperbaby.com\\\/ro\\\/#website\",\"url\":\"https:\\\/\\\/www.helenharperbaby.com\\\/ro\\\/\",\"name\":\"Helen Harper Baby\",\"description\":\"For moments of pure happiness.\",\"publisher\":{\"@id\":\"https:\\\/\\\/www.helenharperbaby.com\\\/ro\\\/#organization\"},\"potentialAction\":[{\"@type\":\"SearchAction\",\"target\":{\"@type\":\"EntryPoint\",\"urlTemplate\":\"https:\\\/\\\/www.helenharperbaby.com\\\/ro\\\/?s={search_term_string}\"},\"query-input\":{\"@type\":\"PropertyValueSpecification\",\"valueRequired\":true,\"valueName\":\"search_term_string\"}}],\"inLanguage\":\"ro-RO\"},{\"@type\":\"Organization\",\"@id\":\"https:\\\/\\\/www.helenharperbaby.com\\\/ro\\\/#organization\",\"name\":\"Helen Harper Baby\",\"url\":\"https:\\\/\\\/www.helenharperbaby.com\\\/ro\\\/\",\"logo\":{\"@type\":\"ImageObject\",\"inLanguage\":\"ro-RO\",\"@id\":\"https:\\\/\\\/www.helenharperbaby.com\\\/ro\\\/#\\\/schema\\\/logo\\\/image\\\/\",\"url\":\"https:\\\/\\\/www.helenharperbaby.com\\\/wp-content\\\/uploads\\\/2023\\\/04\\\/hh-logo.png\",\"contentUrl\":\"https:\\\/\\\/www.helenharperbaby.com\\\/wp-content\\\/uploads\\\/2023\\\/04\\\/hh-logo.png\",\"width\":350,\"height\":227,\"caption\":\"Helen Harper Baby\"},\"image\":{\"@id\":\"https:\\\/\\\/www.helenharperbaby.com\\\/ro\\\/#\\\/schema\\\/logo\\\/image\\\/\"}}]}<\/script>\n<!-- \/ Yoast SEO Premium plugin. -->","yoast_head_json":{"title":"Politic\u0103 de cookie-uri &#183; Helen Harper Soft and Dry","description":"Acest site utilizeaz\u0103 cookie-uri. Aceast\u0103 politic\u0103 ofer\u0103 informa\u021bii despre motivul pentru care folosim cookie-uri \u0219i cum le pute\u021bi gestiona.","robots":{"index":"index","follow":"follow","max-snippet":"max-snippet:-1","max-image-preview":"max-image-preview:large","max-video-preview":"max-video-preview:-1"},"canonical":"https:\/\/www.helenharperbaby.com\/ro\/politica-de-cookie-uri\/","og_locale":"ro_RO","og_type":"article","og_title":"Politic\u0103 de cookie-uri","og_description":"Acest site utilizeaz\u0103 cookie-uri. Aceast\u0103 politic\u0103 ofer\u0103 informa\u021bii despre motivul pentru care folosim cookie-uri \u0219i cum le pute\u021bi gestiona.","og_url":"https:\/\/www.helenharperbaby.com\/ro\/politica-de-cookie-uri\/","og_site_name":"Helen Harper Soft and Dry","article_modified_time":"2023-06-22T09:21:16+00:00","og_image":[{"width":1200,"height":675,"url":"https:\/\/www.helenharperbaby.com\/wp-content\/uploads\/2023\/05\/Helen_harper_soft_dry_main_image.jpg","type":"image\/jpeg"}],"twitter_card":"summary_large_image","twitter_misc":{"Timp estimat pentru citire":"4 minute"},"schema":{"@context":"https:\/\/schema.org","@graph":[{"@type":"WebPage","@id":"https:\/\/www.helenharperbaby.com\/ro\/politica-de-cookie-uri\/","url":"https:\/\/www.helenharperbaby.com\/ro\/politica-de-cookie-uri\/","name":"Politic\u0103 de cookie-uri &#183; Helen Harper Soft and Dry","isPartOf":{"@id":"https:\/\/www.helenharperbaby.com\/ro\/#website"},"datePublished":"2023-05-10T14:53:23+00:00","dateModified":"2023-06-22T09:21:16+00:00","description":"Acest site utilizeaz\u0103 cookie-uri. Aceast\u0103 politic\u0103 ofer\u0103 informa\u021bii despre motivul pentru care folosim cookie-uri \u0219i cum le pute\u021bi gestiona.","breadcrumb":{"@id":"https:\/\/www.helenharperbaby.com\/ro\/politica-de-cookie-uri\/#breadcrumb"},"inLanguage":"ro-RO","potentialAction":[{"@type":"ReadAction","target":["https:\/\/www.helenharperbaby.com\/ro\/politica-de-cookie-uri\/"]}]},{"@type":"BreadcrumbList","@id":"https:\/\/www.helenharperbaby.com\/ro\/politica-de-cookie-uri\/#breadcrumb","itemListElement":[{"@type":"ListItem","position":1,"name":"Home","item":"https:\/\/www.helenharperbaby.com\/ro\/"},{"@type":"ListItem","position":2,"name":"Politic\u0103 de cookie-uri"}]},{"@type":"WebSite","@id":"https:\/\/www.helenharperbaby.com\/ro\/#website","url":"https:\/\/www.helenharperbaby.com\/ro\/","name":"Helen Harper Baby","description":"For moments of pure happiness.","publisher":{"@id":"https:\/\/www.helenharperbaby.com\/ro\/#organization"},"potentialAction":[{"@type":"SearchAction","target":{"@type":"EntryPoint","urlTemplate":"https:\/\/www.helenharperbaby.com\/ro\/?s={search_term_string}"},"query-input":{"@type":"PropertyValueSpecification","valueRequired":true,"valueName":"search_term_string"}}],"inLanguage":"ro-RO"},{"@type":"Organization","@id":"https:\/\/www.helenharperbaby.com\/ro\/#organization","name":"Helen Harper Baby","url":"https:\/\/www.helenharperbaby.com\/ro\/","logo":{"@type":"ImageObject","inLanguage":"ro-RO","@id":"https:\/\/www.helenharperbaby.com\/ro\/#\/schema\/logo\/image\/","url":"https:\/\/www.helenharperbaby.com\/wp-content\/uploads\/2023\/04\/hh-logo.png","contentUrl":"https:\/\/www.helenharperbaby.com\/wp-content\/uploads\/2023\/04\/hh-logo.png","width":350,"height":227,"caption":"Helen Harper Baby"},"image":{"@id":"https:\/\/www.helenharperbaby.com\/ro\/#\/schema\/logo\/image\/"}}]}},"_links":{"self":[{"href":"https:\/\/www.helenharperbaby.com\/ro\/wp-json\/wp\/v2\/pages\/2028","targetHints":{"allow":["GET"]}}],"collection":[{"href":"https:\/\/www.helenharperbaby.com\/ro\/wp-json\/wp\/v2\/pages"}],"about":[{"href":"https:\/\/www.helenharperbaby.com\/ro\/wp-json\/wp\/v2\/types\/page"}],"author":[{"embeddable":true,"href":"https:\/\/www.helenharperbaby.com\/ro\/wp-json\/wp\/v2\/users\/3"}],"replies":[{"embeddable":true,"href":"https:\/\/www.helenharperbaby.com\/ro\/wp-json\/wp\/v2\/comments?post=2028"}],"version-history":[{"count":0,"href":"https:\/\/www.helenharperbaby.com\/ro\/wp-json\/wp\/v2\/pages\/2028\/revisions"}],"wp:attachment":[{"href":"https:\/\/www.helenharperbaby.com\/ro\/wp-json\/wp\/v2\/media?parent=2028"}],"curies":[{"name":"wp","href":"https:\/\/api.w.org\/{rel}","templated":true}]}}