{"id":2075,"date":"2023-04-28T18:58:07","date_gmt":"2023-04-28T18:58:07","guid":{"rendered":"https:\/\/www.helenharperbaby.com\/?page_id=2075"},"modified":"2023-06-21T20:41:43","modified_gmt":"2023-06-21T20:41:43","slug":"scutece-newborn","status":"publish","type":"page","link":"https:\/\/www.helenharperbaby.com\/ro\/produse\/scutece-newborn\/","title":{"rendered":"Newborn"},"content":{"rendered":"<div class=\"wpb-content-wrapper\"><p>[vc_row][vc_column width=&#8221;1\/1&#8243;][uncode_breadcrumbs][\/vc_column][\/vc_row][vc_row row_height_percent=&#8221;0&#8243; override_padding=&#8221;yes&#8221; h_padding=&#8221;2&#8243; top_padding=&#8221;2&#8243; bottom_padding=&#8221;4&#8243; overlay_alpha=&#8221;50&#8243; gutter_size=&#8221;3&#8243; column_width_percent=&#8221;100&#8243; shift_y=&#8221;0&#8243; z_index=&#8221;0&#8243; uncode_shortcode_id=&#8221;127551&#8243; el_class=&#8221;hh-single-product-block&#8221;][vc_column column_width_use_pixel=&#8221;yes&#8221; align_horizontal=&#8221;align_center&#8221; gutter_size=&#8221;3&#8243; override_padding=&#8221;yes&#8221; column_padding=&#8221;3&#8243; back_color=&#8221;color-lxmt&#8221; overlay_alpha=&#8221;50&#8243; shift_x=&#8221;0&#8243; shift_y=&#8221;0&#8243; shift_y_down=&#8221;0&#8243; z_index=&#8221;0&#8243; medium_width=&#8221;0&#8243; mobile_width=&#8221;0&#8243; sticky=&#8221;yes&#8221; radius=&#8221;xl&#8221; width=&#8221;5\/12&#8243; column_width_pixel=&#8221;250&#8243; uncode_shortcode_id=&#8221;776868&#8243; back_color_type=&#8221;uncode-palette&#8221;][vc_gallery el_id=&#8221;gallery-454102&#8243; type=&#8221;carousel&#8221; medias=&#8221;304,305,307,308,309,306&#8243; carousel_lg=&#8221;1&#8243; carousel_md=&#8221;1&#8243; carousel_sm=&#8221;1&#8243; thumb_size=&#8221;one-one&#8221; gutter_size=&#8221;3&#8243; media_items=&#8221;media|lightbox|original&#8221; carousel_v_align=&#8221;middle&#8221; carousel_interval=&#8221;3000&#8243; carousel_navspeed=&#8221;400&#8243; carousel_dots=&#8221;yes&#8221; carousel_dots_mobile=&#8221;yes&#8221; stage_padding=&#8221;0&#8243; single_overlay_opacity=&#8221;50&#8243; single_overlay_anim=&#8221;no&#8221; single_text_anim=&#8221;no&#8221; single_image_anim=&#8221;no&#8221; single_padding=&#8221;2&#8243; single_border=&#8221;yes&#8221; uncode_shortcode_id=&#8221;193454&#8243; el_class=&#8221;hh-custom-controls&#8221;][\/vc_column][vc_column column_width_percent=&#8221;100&#8243; gutter_size=&#8221;2&#8243; overlay_alpha=&#8221;50&#8243; shift_x=&#8221;0&#8243; shift_y=&#8221;0&#8243; shift_y_down=&#8221;0&#8243; z_index=&#8221;0&#8243; medium_width=&#8221;0&#8243; mobile_width=&#8221;0&#8243; width=&#8221;7\/12&#8243; el_class=&#8221;bloc-product&#8221; uncode_shortcode_id=&#8221;124400&#8243;][vc_empty_space empty_h=&#8221;2&#8243; mobile_visibility=&#8221;yes&#8221;][vc_custom_heading heading_semantic=&#8221;h1&#8243; uncode_shortcode_id=&#8221;105012&#8243; el_class=&#8221;mobile-left&#8221;]SCUTECE NEWBORN[\/vc_custom_heading][uncode_list uncode_shortcode_id=&#8221;108396&#8243; el_class=&#8221;hh-list&#8221;]<\/p>\n<ul>\n<li class=\"blue\">DIAPERS<\/li>\n<li class=\"green\">NEWBORN<\/li>\n<\/ul>\n<p>[\/uncode_list][vc_empty_space empty_h=&#8221;2&#8243; el_class=&#8221;hh-mobile&#8221;][vc_column_text uncode_shortcode_id=&#8221;272781&#8243;]Produsele Newborn sunt concepute pentru bebelu\u0219i \u00eentre 2 \u0219i 5 kg.\u200b<\/p>\n<p>Felicit\u0103ri! Aceast\u0103 mic\u0103 minune, pe care ai a\u0219teptat-o at\u00e2t de mult timp, este \u00een sf\u00e2r\u0219it \u00een bra\u021bele tale. Vei crea o leg\u0103tur\u0103 cu bebelu\u0219ul t\u0103u \u0219i ve\u021bi tr\u0103i momente fericite \u00eempreun\u0103.\u200b<br \/>\nSarcina a fost o aventur\u0103 lung\u0103 at\u00e2t pentru tine, c\u00e2t \u0219i pentru bebelu\u0219ul t\u0103u. Acum, pielea lor este foarte delicat\u0103 \u0219i are nevoie de un strat foarte moale \u00een contact cu pielea. Scutecele noastre, testate dermatologic, au o tehnologie de uscare rapid\u0103, care face ca absorb\u021bia s\u0103 fie rapid\u0103, astfel \u00eenc\u00e2t bebelu\u0219ul t\u0103u s\u0103 aib\u0103 \u00eentotdeauna o piele uscat\u0103.\u200b[\/vc_column_text][vc_row_inner row_inner_height_percent=&#8221;0&#8243; overlay_alpha=&#8221;50&#8243; gutter_size=&#8221;0&#8243; shift_y=&#8221;0&#8243; z_index=&#8221;0&#8243; uncode_shortcode_id=&#8221;806762&#8243; el_class=&#8221;hh-product-icons-block&#8221;][vc_column_inner column_width_percent=&#8221;100&#8243; gutter_size=&#8221;3&#8243; overlay_alpha=&#8221;50&#8243; shift_x=&#8221;0&#8243; shift_y=&#8221;0&#8243; shift_y_down=&#8221;0&#8243; z_index=&#8221;0&#8243; medium_width=&#8221;0&#8243; mobile_width=&#8221;4&#8243; width=&#8221;1\/2&#8243; uncode_shortcode_id=&#8221;181010&#8243;][vc_icon position=&#8221;left&#8221; icon_image=&#8221;143&#8243; heading_semantic=&#8221;p&#8221; text_size=&#8221;&#8221; uncode_shortcode_id=&#8221;167107&#8243; title=&#8221;24 de buc\u0103\u021bi per pachet&#8221; el_class=&#8221;hh-grayscale-icon&#8221;][\/vc_icon][vc_icon position=&#8221;left&#8221; icon_image=&#8221;142&#8243; heading_semantic=&#8221;p&#8221; text_size=&#8221;&#8221; uncode_shortcode_id=&#8221;129393&#8243; title=&#8221;\u00centre 2 \u0219i 5 kg&#8221; el_class=&#8221;hh-grayscale-icon&#8221;][\/vc_icon][\/vc_column_inner][vc_column_inner column_width_percent=&#8221;100&#8243; gutter_size=&#8221;3&#8243; overlay_alpha=&#8221;50&#8243; shift_x=&#8221;0&#8243; shift_y=&#8221;0&#8243; shift_y_down=&#8221;0&#8243; z_index=&#8221;0&#8243; medium_width=&#8221;0&#8243; mobile_width=&#8221;4&#8243; width=&#8221;1\/2&#8243; uncode_shortcode_id=&#8221;209351&#8243; css=&#8221;.vc_custom_1683117039093{padding-left: 5px !important;}&#8221;][vc_icon position=&#8221;left&#8221; icon_image=&#8221;145&#8243; heading_semantic=&#8221;p&#8221; text_size=&#8221;&#8221; uncode_shortcode_id=&#8221;140991&#8243; title=&#8221;12 ore de protec\u021bie&#8221; el_class=&#8221;hh-grayscale-icon&#8221;][\/vc_icon][vc_icon position=&#8221;left&#8221; icon_image=&#8221;144&#8243; heading_semantic=&#8221;p&#8221; text_size=&#8221;&#8221; uncode_shortcode_id=&#8221;192716&#8243; title=&#8221;Zi \u0219i noapte&#8221; el_class=&#8221;hh-grayscale-icon&#8221;][\/vc_icon][\/vc_column_inner][\/vc_row_inner][vc_button hover_fx=&#8221;full-colored&#8221; border_width=&#8221;0&#8243; scale_mobile=&#8221;no&#8221; link=&#8221;url:%2Fwhere-to-buy%2F|title:Where%20To%20Buy&#8221; uncode_shortcode_id=&#8221;205903&#8243; el_class=&#8221;hh-btn-primary hh-btn hh-hidden&#8221;]De unde cumperi[\/vc_button][vc_empty_space empty_h=&#8221;3&#8243;][vc_custom_heading text_color=&#8221;color-jevc&#8221; heading_semantic=&#8221;h4&#8243; text_size=&#8221;h5&#8243; text_weight=&#8221;500&#8243; uncode_shortcode_id=&#8221;453835&#8243; text_color_type=&#8221;uncode-palette&#8221;]Disponibile \u0219i \u00een alte m\u0103rimi:[\/vc_custom_heading][uncode_list uncode_shortcode_id=&#8221;164490&#8243; el_class=&#8221;hh-list&#8221; el_id=&#8221;hh-size-links&#8221;]<\/p>\n<ul>\n<li class=\"lgreen\"><a href=\"https:\/\/www.helenharperbaby.com\/ro\/produse\/scutece-mini\/\">MINI<\/a><\/li>\n<li class=\"lblue\"><a href=\"https:\/\/www.helenharperbaby.com\/ro\/produse\/scutece-midi\/\">MIDI<\/a><\/li>\n<li class=\"turq\"><a href=\"https:\/\/www.helenharperbaby.com\/ro\/produse\/scutece-maxi\/\">MAXI<\/a><\/li>\n<li class=\"purple\"><a href=\"https:\/\/www.helenharperbaby.com\/ro\/produse\/scutece-junior\/\">JUNIOR<\/a><\/li>\n<li class=\"pink\"><a href=\"https:\/\/www.helenharperbaby.com\/ro\/produse\/scutece-xl\/\">XL<\/a><\/li>\n<\/ul>\n<p>[\/uncode_list][vc_empty_space empty_h=&#8221;3&#8243;][vc_custom_heading text_color=&#8221;color-jevc&#8221; heading_semantic=&#8221;h4&#8243; text_size=&#8221;h5&#8243; text_weight=&#8221;500&#8243; uncode_shortcode_id=&#8221;160496&#8243; text_color_type=&#8221;uncode-palette&#8221;]Compozi\u021bie[\/vc_custom_heading][vc_single_image media=&#8221;303&#8243; media_width_percent=&#8221;100&#8243; uncode_shortcode_id=&#8221;144666&#8243; el_class=&#8221;hh-max-100&#8243;][vc_raw_html]JTNDZGl2JTIwY2xhc3MlM0QlMjJoaC1nYW1tZS1idXR0b25zJTIyJTNFJTBBJTNDYnV0dG9uJTIwaWQlM0QlMjJidXR0b24tMSUyMiUzRTElM0MlMkZidXR0b24lM0UlMEElM0NidXR0b24lMjBpZCUzRCUyMmJ1dHRvbi0yJTIyJTNFMiUzQyUyRmJ1dHRvbiUzRSUwQSUzQ2J1dHRvbiUyMGlkJTNEJTIyYnV0dG9uLTMlMjIlM0UzJTNDJTJGYnV0dG9uJTNFJTBBJTNDYnV0dG9uJTIwaWQlM0QlMjJidXR0b24tNCUyMiUzRTQlM0MlMkZidXR0b24lM0UlMEElM0NidXR0b24lMjBpZCUzRCUyMmJ1dHRvbi01JTIyJTNFNSUzQyUyRmJ1dHRvbiUzRSUwQSUzQ2J1dHRvbiUyMGlkJTNEJTIyYnV0dG9uLTYlMjIlM0U2JTNDJTJGYnV0dG9uJTNFJTBBJTNDYnV0dG9uJTIwaWQlM0QlMjJidXR0b24tNyUyMiUzRTclM0MlMkZidXR0b24lM0UlMEElM0MlMkZkaXYlM0UlMEElM0NwJTNFU2VsZWN0ZWF6JUM0JTgzJTIwdW4lMjBudW0lQzQlODNyJTIwcGVudHJ1JTIwYSUyMGFmaSVDOCU5OWElMjBvJTIwYW51bWl0JUM0JTgzJTIwcGFydGUlMjBhJTIwY29tcG96aSVDOCU5QmllaSUzQyUyRnAlM0U=[\/vc_raw_html][uncode_block id=&#8221;141&#8243; inside_column=&#8221;yes&#8221;][\/vc_column][\/vc_row][vc_row][vc_column width=&#8221;1\/1&#8243;][uncode_block id=&#8221;137&#8243;][\/vc_column][\/vc_row][vc_row row_height_percent=&#8221;0&#8243; override_padding=&#8221;yes&#8221; h_padding=&#8221;0&#8243; top_padding=&#8221;0&#8243; bottom_padding=&#8221;0&#8243; overlay_alpha=&#8221;50&#8243; gutter_size=&#8221;3&#8243; column_width_percent=&#8221;100&#8243; shift_y=&#8221;0&#8243; z_index=&#8221;0&#8243; uncode_shortcode_id=&#8221;886594&#8243;][vc_column width=&#8221;1\/1&#8243;][vc_empty_space empty_h=&#8221;2&#8243;][\/vc_column][\/vc_row][vc_row][vc_column width=&#8221;1\/1&#8243;][uncode_block id=&#8221;69&#8243;][\/vc_column][\/vc_row]<\/p>\n<\/div>","protected":false},"excerpt":{"rendered":"<p>Scutecele Helen Harper Soft &#038; Dry sunt testate dermatologic \u0219i au un strat absorbant special care va men\u021bine pielea bebelu\u0219ului uscat\u0103.<\/p>\n","protected":false},"author":3,"featured_media":647,"parent":2102,"menu_order":1,"comment_status":"closed","ping_status":"closed","template":"","meta":{"_acf_changed":false,"footnotes":""},"class_list":["post-2075","page","type-page","status-publish","has-post-thumbnail","hentry","page_category-scutece"],"acf":[],"yoast_head":"<!-- This site is optimized with the Yoast SEO Premium plugin v27.4 (Yoast SEO v27.4) - https:\/\/yoast.com\/product\/yoast-seo-premium-wordpress\/ -->\n<title>Scutec pentru bebelu\u0219i Newborn \u00eentre 2-5 kg &#183; Helen Harper Soft and Dry<\/title>\n<meta name=\"description\" content=\"Scutecele Helen Harper Soft &amp; Dry sunt testate dermatologic \u0219i au un strat absorbant special care va men\u021bine pielea bebelu\u0219ului uscat\u0103.\" \/>\n<meta name=\"robots\" content=\"index, follow, max-snippet:-1, max-image-preview:large, max-video-preview:-1\" \/>\n<link rel=\"canonical\" href=\"https:\/\/www.helenharperbaby.com\/ro\/produse\/scutece-newborn\/\" \/>\n<meta property=\"og:locale\" content=\"ro_RO\" \/>\n<meta property=\"og:type\" content=\"article\" \/>\n<meta property=\"og:title\" content=\"Newborn\" \/>\n<meta property=\"og:description\" content=\"Scutecele Helen Harper Soft &amp; Dry sunt testate dermatologic \u0219i au un strat absorbant special care va men\u021bine pielea bebelu\u0219ului uscat\u0103.\" \/>\n<meta property=\"og:url\" content=\"https:\/\/www.helenharperbaby.com\/ro\/produse\/scutece-newborn\/\" \/>\n<meta property=\"og:site_name\" content=\"Helen Harper Soft and Dry\" \/>\n<meta property=\"article:modified_time\" content=\"2023-06-21T20:41:43+00:00\" \/>\n<meta property=\"og:image\" content=\"https:\/\/www.helenharperbaby.com\/wp-content\/uploads\/2023\/04\/d-1.png\" \/>\n\t<meta property=\"og:image:width\" content=\"600\" \/>\n\t<meta property=\"og:image:height\" content=\"600\" \/>\n\t<meta property=\"og:image:type\" content=\"image\/png\" \/>\n<meta name=\"twitter:card\" content=\"summary_large_image\" \/>\n<meta name=\"twitter:label1\" content=\"Timp estimat pentru citire\" \/>\n\t<meta name=\"twitter:data1\" content=\"2 minute\" \/>\n<script type=\"application\/ld+json\" class=\"yoast-schema-graph\">{\"@context\":\"https:\\\/\\\/schema.org\",\"@graph\":[{\"@type\":\"WebPage\",\"@id\":\"https:\\\/\\\/www.helenharperbaby.com\\\/ro\\\/produse\\\/scutece-newborn\\\/\",\"url\":\"https:\\\/\\\/www.helenharperbaby.com\\\/ro\\\/produse\\\/scutece-newborn\\\/\",\"name\":\"Scutec pentru bebelu\u0219i Newborn \u00eentre 2-5 kg &#183; Helen Harper Soft and Dry\",\"isPartOf\":{\"@id\":\"https:\\\/\\\/www.helenharperbaby.com\\\/ro\\\/#website\"},\"primaryImageOfPage\":{\"@id\":\"https:\\\/\\\/www.helenharperbaby.com\\\/ro\\\/produse\\\/scutece-newborn\\\/#primaryimage\"},\"image\":{\"@id\":\"https:\\\/\\\/www.helenharperbaby.com\\\/ro\\\/produse\\\/scutece-newborn\\\/#primaryimage\"},\"thumbnailUrl\":\"https:\\\/\\\/www.helenharperbaby.com\\\/wp-content\\\/uploads\\\/2023\\\/04\\\/d-1.png\",\"datePublished\":\"2023-04-28T18:58:07+00:00\",\"dateModified\":\"2023-06-21T20:41:43+00:00\",\"description\":\"Scutecele Helen Harper Soft & Dry sunt testate dermatologic \u0219i au un strat absorbant special care va men\u021bine pielea bebelu\u0219ului uscat\u0103.\",\"breadcrumb\":{\"@id\":\"https:\\\/\\\/www.helenharperbaby.com\\\/ro\\\/produse\\\/scutece-newborn\\\/#breadcrumb\"},\"inLanguage\":\"ro-RO\",\"potentialAction\":[{\"@type\":\"ReadAction\",\"target\":[\"https:\\\/\\\/www.helenharperbaby.com\\\/ro\\\/produse\\\/scutece-newborn\\\/\"]}]},{\"@type\":\"ImageObject\",\"inLanguage\":\"ro-RO\",\"@id\":\"https:\\\/\\\/www.helenharperbaby.com\\\/ro\\\/produse\\\/scutece-newborn\\\/#primaryimage\",\"url\":\"https:\\\/\\\/www.helenharperbaby.com\\\/wp-content\\\/uploads\\\/2023\\\/04\\\/d-1.png\",\"contentUrl\":\"https:\\\/\\\/www.helenharperbaby.com\\\/wp-content\\\/uploads\\\/2023\\\/04\\\/d-1.png\",\"width\":600,\"height\":600},{\"@type\":\"BreadcrumbList\",\"@id\":\"https:\\\/\\\/www.helenharperbaby.com\\\/ro\\\/produse\\\/scutece-newborn\\\/#breadcrumb\",\"itemListElement\":[{\"@type\":\"ListItem\",\"position\":1,\"name\":\"Home\",\"item\":\"https:\\\/\\\/www.helenharperbaby.com\\\/ro\\\/\"},{\"@type\":\"ListItem\",\"position\":2,\"name\":\"Produse\",\"item\":\"https:\\\/\\\/www.helenharperbaby.com\\\/ro\\\/produse\\\/\"},{\"@type\":\"ListItem\",\"position\":3,\"name\":\"Newborn\"}]},{\"@type\":\"WebSite\",\"@id\":\"https:\\\/\\\/www.helenharperbaby.com\\\/ro\\\/#website\",\"url\":\"https:\\\/\\\/www.helenharperbaby.com\\\/ro\\\/\",\"name\":\"Helen Harper Baby\",\"description\":\"For moments of pure happiness.\",\"publisher\":{\"@id\":\"https:\\\/\\\/www.helenharperbaby.com\\\/ro\\\/#organization\"},\"potentialAction\":[{\"@type\":\"SearchAction\",\"target\":{\"@type\":\"EntryPoint\",\"urlTemplate\":\"https:\\\/\\\/www.helenharperbaby.com\\\/ro\\\/?s={search_term_string}\"},\"query-input\":{\"@type\":\"PropertyValueSpecification\",\"valueRequired\":true,\"valueName\":\"search_term_string\"}}],\"inLanguage\":\"ro-RO\"},{\"@type\":\"Organization\",\"@id\":\"https:\\\/\\\/www.helenharperbaby.com\\\/ro\\\/#organization\",\"name\":\"Helen Harper Baby\",\"url\":\"https:\\\/\\\/www.helenharperbaby.com\\\/ro\\\/\",\"logo\":{\"@type\":\"ImageObject\",\"inLanguage\":\"ro-RO\",\"@id\":\"https:\\\/\\\/www.helenharperbaby.com\\\/ro\\\/#\\\/schema\\\/logo\\\/image\\\/\",\"url\":\"https:\\\/\\\/www.helenharperbaby.com\\\/wp-content\\\/uploads\\\/2023\\\/04\\\/hh-logo.png\",\"contentUrl\":\"https:\\\/\\\/www.helenharperbaby.com\\\/wp-content\\\/uploads\\\/2023\\\/04\\\/hh-logo.png\",\"width\":350,\"height\":227,\"caption\":\"Helen Harper Baby\"},\"image\":{\"@id\":\"https:\\\/\\\/www.helenharperbaby.com\\\/ro\\\/#\\\/schema\\\/logo\\\/image\\\/\"}}]}<\/script>\n<!-- \/ Yoast SEO Premium plugin. -->","yoast_head_json":{"title":"Scutec pentru bebelu\u0219i Newborn \u00eentre 2-5 kg &#183; Helen Harper Soft and Dry","description":"Scutecele Helen Harper Soft & Dry sunt testate dermatologic \u0219i au un strat absorbant special care va men\u021bine pielea bebelu\u0219ului uscat\u0103.","robots":{"index":"index","follow":"follow","max-snippet":"max-snippet:-1","max-image-preview":"max-image-preview:large","max-video-preview":"max-video-preview:-1"},"canonical":"https:\/\/www.helenharperbaby.com\/ro\/produse\/scutece-newborn\/","og_locale":"ro_RO","og_type":"article","og_title":"Newborn","og_description":"Scutecele Helen Harper Soft & Dry sunt testate dermatologic \u0219i au un strat absorbant special care va men\u021bine pielea bebelu\u0219ului uscat\u0103.","og_url":"https:\/\/www.helenharperbaby.com\/ro\/produse\/scutece-newborn\/","og_site_name":"Helen Harper Soft and Dry","article_modified_time":"2023-06-21T20:41:43+00:00","og_image":[{"width":600,"height":600,"url":"https:\/\/www.helenharperbaby.com\/wp-content\/uploads\/2023\/04\/d-1.png","type":"image\/png"}],"twitter_card":"summary_large_image","twitter_misc":{"Timp estimat pentru citire":"2 minute"},"schema":{"@context":"https:\/\/schema.org","@graph":[{"@type":"WebPage","@id":"https:\/\/www.helenharperbaby.com\/ro\/produse\/scutece-newborn\/","url":"https:\/\/www.helenharperbaby.com\/ro\/produse\/scutece-newborn\/","name":"Scutec pentru bebelu\u0219i Newborn \u00eentre 2-5 kg &#183; Helen Harper Soft and Dry","isPartOf":{"@id":"https:\/\/www.helenharperbaby.com\/ro\/#website"},"primaryImageOfPage":{"@id":"https:\/\/www.helenharperbaby.com\/ro\/produse\/scutece-newborn\/#primaryimage"},"image":{"@id":"https:\/\/www.helenharperbaby.com\/ro\/produse\/scutece-newborn\/#primaryimage"},"thumbnailUrl":"https:\/\/www.helenharperbaby.com\/wp-content\/uploads\/2023\/04\/d-1.png","datePublished":"2023-04-28T18:58:07+00:00","dateModified":"2023-06-21T20:41:43+00:00","description":"Scutecele Helen Harper Soft & Dry sunt testate dermatologic \u0219i au un strat absorbant special care va men\u021bine pielea bebelu\u0219ului uscat\u0103.","breadcrumb":{"@id":"https:\/\/www.helenharperbaby.com\/ro\/produse\/scutece-newborn\/#breadcrumb"},"inLanguage":"ro-RO","potentialAction":[{"@type":"ReadAction","target":["https:\/\/www.helenharperbaby.com\/ro\/produse\/scutece-newborn\/"]}]},{"@type":"ImageObject","inLanguage":"ro-RO","@id":"https:\/\/www.helenharperbaby.com\/ro\/produse\/scutece-newborn\/#primaryimage","url":"https:\/\/www.helenharperbaby.com\/wp-content\/uploads\/2023\/04\/d-1.png","contentUrl":"https:\/\/www.helenharperbaby.com\/wp-content\/uploads\/2023\/04\/d-1.png","width":600,"height":600},{"@type":"BreadcrumbList","@id":"https:\/\/www.helenharperbaby.com\/ro\/produse\/scutece-newborn\/#breadcrumb","itemListElement":[{"@type":"ListItem","position":1,"name":"Home","item":"https:\/\/www.helenharperbaby.com\/ro\/"},{"@type":"ListItem","position":2,"name":"Produse","item":"https:\/\/www.helenharperbaby.com\/ro\/produse\/"},{"@type":"ListItem","position":3,"name":"Newborn"}]},{"@type":"WebSite","@id":"https:\/\/www.helenharperbaby.com\/ro\/#website","url":"https:\/\/www.helenharperbaby.com\/ro\/","name":"Helen Harper Baby","description":"For moments of pure happiness.","publisher":{"@id":"https:\/\/www.helenharperbaby.com\/ro\/#organization"},"potentialAction":[{"@type":"SearchAction","target":{"@type":"EntryPoint","urlTemplate":"https:\/\/www.helenharperbaby.com\/ro\/?s={search_term_string}"},"query-input":{"@type":"PropertyValueSpecification","valueRequired":true,"valueName":"search_term_string"}}],"inLanguage":"ro-RO"},{"@type":"Organization","@id":"https:\/\/www.helenharperbaby.com\/ro\/#organization","name":"Helen Harper Baby","url":"https:\/\/www.helenharperbaby.com\/ro\/","logo":{"@type":"ImageObject","inLanguage":"ro-RO","@id":"https:\/\/www.helenharperbaby.com\/ro\/#\/schema\/logo\/image\/","url":"https:\/\/www.helenharperbaby.com\/wp-content\/uploads\/2023\/04\/hh-logo.png","contentUrl":"https:\/\/www.helenharperbaby.com\/wp-content\/uploads\/2023\/04\/hh-logo.png","width":350,"height":227,"caption":"Helen Harper Baby"},"image":{"@id":"https:\/\/www.helenharperbaby.com\/ro\/#\/schema\/logo\/image\/"}}]}},"_links":{"self":[{"href":"https:\/\/www.helenharperbaby.com\/ro\/wp-json\/wp\/v2\/pages\/2075","targetHints":{"allow":["GET"]}}],"collection":[{"href":"https:\/\/www.helenharperbaby.com\/ro\/wp-json\/wp\/v2\/pages"}],"about":[{"href":"https:\/\/www.helenharperbaby.com\/ro\/wp-json\/wp\/v2\/types\/page"}],"author":[{"embeddable":true,"href":"https:\/\/www.helenharperbaby.com\/ro\/wp-json\/wp\/v2\/users\/3"}],"replies":[{"embeddable":true,"href":"https:\/\/www.helenharperbaby.com\/ro\/wp-json\/wp\/v2\/comments?post=2075"}],"version-history":[{"count":0,"href":"https:\/\/www.helenharperbaby.com\/ro\/wp-json\/wp\/v2\/pages\/2075\/revisions"}],"up":[{"embeddable":true,"href":"https:\/\/www.helenharperbaby.com\/ro\/wp-json\/wp\/v2\/pages\/2102"}],"wp:featuredmedia":[{"embeddable":true,"href":"https:\/\/www.helenharperbaby.com\/ro\/wp-json\/wp\/v2\/media\/647"}],"wp:attachment":[{"href":"https:\/\/www.helenharperbaby.com\/ro\/wp-json\/wp\/v2\/media?parent=2075"}],"curies":[{"name":"wp","href":"https:\/\/api.w.org\/{rel}","templated":true}]}}