{"id":2102,"date":"2023-04-25T18:00:43","date_gmt":"2023-04-25T18:00:43","guid":{"rendered":"https:\/\/www.helenharperbaby.com\/?page_id=2102"},"modified":"2023-06-21T14:52:08","modified_gmt":"2023-06-21T14:52:08","slug":"produse","status":"publish","type":"page","link":"https:\/\/www.helenharperbaby.com\/ro\/produse\/","title":{"rendered":"Produse"},"content":{"rendered":"<div class=\"wpb-content-wrapper\"><p>[vc_row][vc_column width=&#8221;1\/1&#8243;][uncode_breadcrumbs][\/vc_column][\/vc_row][vc_row][vc_column column_width_percent=&#8221;100&#8243; align_horizontal=&#8221;align_center&#8221; gutter_size=&#8221;3&#8243; overlay_alpha=&#8221;50&#8243; shift_x=&#8221;0&#8243; shift_y=&#8221;0&#8243; shift_y_down=&#8221;0&#8243; z_index=&#8221;0&#8243; medium_width=&#8221;0&#8243; mobile_width=&#8221;0&#8243; width=&#8221;1\/1&#8243; uncode_shortcode_id=&#8221;123477&#8243;][vc_custom_heading text_size=&#8221;h1&#8243; uncode_shortcode_id=&#8221;174933&#8243; el_class=&#8221;center page-title&#8221;]PRODUSE[\/vc_custom_heading][vc_column_text uncode_shortcode_id=&#8221;173406&#8243;]A fi p\u0103rinte nu este \u00eentotdeauna u\u0219or, dar este o mare fericire! Helen Harper este \u00eentotdeauna aproape de fiecare dintre voi.<\/p>\n<p>Ne dorim ca tu \u0219i copiii t\u0103i s\u0103 v\u0103 bucura\u021bi de produsele noastre: cre\u0103m solu\u021bii inovatoare \u0219i le test\u0103m \u00eempreun\u0103 cu p\u0103rin\u021bii \u0219i copiii, pentru a se potrivi nevoilor vie\u021bii de zi cu zi. Dorim s\u0103 le oferim p\u0103rin\u021bilor \u0219i copiilor libertatea de a descoperi lucruri noi, deoarece credem \u00een libertate \u0219i fericire. Prin urmare, atunci c\u00e2nd bebelu\u0219ii t\u0103i exploreaz\u0103 \u00een mod liber lumea nou\u0103, suntem al\u0103turi de ei.[\/vc_column_text][\/vc_column][\/vc_row][vc_row row_height_percent=&#8221;0&#8243; override_padding=&#8221;yes&#8221; h_padding=&#8221;0&#8243; top_padding=&#8221;2&#8243; bottom_padding=&#8221;3&#8243; overlay_alpha=&#8221;50&#8243; gutter_size=&#8221;0&#8243; column_width_percent=&#8221;100&#8243; shift_y=&#8221;0&#8243; z_index=&#8221;0&#8243; uncode_shortcode_id=&#8221;208814&#8243; el_id=&#8221;hh-products-diapers&#8221; row_name=&#8221;scutece&#8221;][vc_column column_width_percent=&#8221;100&#8243; align_horizontal=&#8221;align_center&#8221; gutter_size=&#8221;3&#8243; overlay_alpha=&#8221;50&#8243; shift_x=&#8221;0&#8243; shift_y=&#8221;0&#8243; shift_y_down=&#8221;0&#8243; z_index=&#8221;0&#8243; medium_width=&#8221;0&#8243; mobile_width=&#8221;0&#8243; css_animation=&#8221;alpha-anim&#8221; animation_delay=&#8221;100&#8243; width=&#8221;1\/1&#8243; uncode_shortcode_id=&#8221;925940&#8243;][vc_custom_heading uncode_shortcode_id=&#8221;129541&#8243; el_class=&#8221;center&#8221;]SCUTECE[\/vc_custom_heading][uncode_index el_id=&#8221;feed-products-diapers&#8221; index_type=&#8221;carousel&#8221; loop=&#8221;size:All|order_by:menu_order|order:ASC|post_type:page|tax_query:10|taxonomy_count:All&#8221; carousel_lg=&#8221;4&#8243; carousel_md=&#8221;3&#8243; carousel_sm=&#8221;1&#8243; gutter_size=&#8221;2&#8243; page_items=&#8221;media|featured|onpost|original,title&#8221; portfolio_items=&#8221;media|featured|onpost|original,title,text|excerpt|100&#8243; carousel_interval=&#8221;0&#8243; carousel_navspeed=&#8221;400&#8243; carousel_nav=&#8221;yes&#8221; carousel_nav_mobile=&#8221;yes&#8221; stage_padding=&#8221;0&#8243; single_shape=&#8221;round&#8221; radius=&#8221;std&#8221; single_overlay_opacity=&#8221;1&#8243; single_overlay_anim=&#8221;no&#8221; single_text_visible=&#8221;yes&#8221; single_text_anim=&#8221;no&#8221; single_h_align=&#8221;center&#8221; single_h_align_mobile=&#8221;center&#8221; single_padding=&#8221;0&#8243; single_title_dimension=&#8221;h6&#8243; single_title_transform=&#8221;uppercase&#8221; single_border=&#8221;yes&#8221; uncode_shortcode_id=&#8221;323587&#8243; el_class=&#8221;hh-carousel show-nav&#8221;][\/vc_column][\/vc_row][vc_row row_height_percent=&#8221;0&#8243; override_padding=&#8221;yes&#8221; h_padding=&#8221;0&#8243; top_padding=&#8221;2&#8243; bottom_padding=&#8221;3&#8243; overlay_alpha=&#8221;50&#8243; gutter_size=&#8221;0&#8243; column_width_percent=&#8221;100&#8243; shift_y=&#8221;0&#8243; z_index=&#8221;0&#8243; uncode_shortcode_id=&#8221;165618&#8243; el_class=&#8221;row-of-3&#8243; el_id=&#8221;hh-products-pants&#8221; row_name=&#8221;pantaloni&#8221;][vc_column column_width_percent=&#8221;100&#8243; align_horizontal=&#8221;align_center&#8221; gutter_size=&#8221;3&#8243; overlay_alpha=&#8221;50&#8243; shift_x=&#8221;0&#8243; shift_y=&#8221;0&#8243; shift_y_down=&#8221;0&#8243; z_index=&#8221;0&#8243; medium_width=&#8221;0&#8243; mobile_width=&#8221;0&#8243; css_animation=&#8221;alpha-anim&#8221; animation_delay=&#8221;100&#8243; width=&#8221;1\/1&#8243; uncode_shortcode_id=&#8221;925940&#8243;][vc_custom_heading uncode_shortcode_id=&#8221;190420&#8243; el_class=&#8221;center&#8221;]PANTALONI[\/vc_custom_heading][uncode_index el_id=&#8221;feed-products-pants&#8221; index_type=&#8221;carousel&#8221; loop=&#8221;size:All|order_by:menu_order|order:ASC|post_type:page|tax_query:11|taxonomy_count:All&#8221; carousel_lg=&#8221;3&#8243; carousel_md=&#8221;3&#8243; carousel_sm=&#8221;1&#8243; gutter_size=&#8221;2&#8243; page_items=&#8221;media|featured|onpost|original,title&#8221; portfolio_items=&#8221;media|featured|onpost|original,title,text|excerpt|100&#8243; carousel_interval=&#8221;0&#8243; carousel_navspeed=&#8221;400&#8243; carousel_nav=&#8221;yes&#8221; carousel_nav_mobile=&#8221;yes&#8221; stage_padding=&#8221;0&#8243; single_shape=&#8221;round&#8221; radius=&#8221;std&#8221; single_overlay_opacity=&#8221;1&#8243; single_overlay_anim=&#8221;no&#8221; single_text_visible=&#8221;yes&#8221; single_text_anim=&#8221;no&#8221; single_h_align=&#8221;center&#8221; single_h_align_mobile=&#8221;center&#8221; single_padding=&#8221;0&#8243; single_title_dimension=&#8221;h6&#8243; single_title_transform=&#8221;uppercase&#8221; single_border=&#8221;yes&#8221; uncode_shortcode_id=&#8221;432452&#8243; el_class=&#8221;hh-carousel show-nav mobile-nav-only&#8221;][\/vc_column][\/vc_row][vc_row row_height_percent=&#8221;0&#8243; override_padding=&#8221;yes&#8221; h_padding=&#8221;0&#8243; top_padding=&#8221;2&#8243; bottom_padding=&#8221;3&#8243; overlay_alpha=&#8221;50&#8243; gutter_size=&#8221;0&#8243; column_width_percent=&#8221;100&#8243; shift_y=&#8221;0&#8243; z_index=&#8221;0&#8243; uncode_shortcode_id=&#8221;194967&#8243; el_class=&#8221;row-of-2&#8243; el_id=&#8221;hh-products-care&#8221; row_name=&#8221;produse-de-ingrijire&#8221;][vc_column column_width_percent=&#8221;100&#8243; align_horizontal=&#8221;align_center&#8221; gutter_size=&#8221;3&#8243; overlay_alpha=&#8221;50&#8243; shift_x=&#8221;0&#8243; shift_y=&#8221;0&#8243; shift_y_down=&#8221;0&#8243; z_index=&#8221;0&#8243; medium_width=&#8221;0&#8243; mobile_width=&#8221;0&#8243; css_animation=&#8221;alpha-anim&#8221; animation_delay=&#8221;100&#8243; width=&#8221;1\/1&#8243; uncode_shortcode_id=&#8221;925940&#8243;][vc_custom_heading uncode_shortcode_id=&#8221;140043&#8243; el_class=&#8221;center&#8221;]PRODUSE DE \u00ceNGRIJIRE[\/vc_custom_heading][vc_gallery el_id=&#8221;feed-products-care&#8221; type=&#8221;carousel&#8221; medias=&#8221;116,165&#8243; carousel_lg=&#8221;2&#8243; carousel_md=&#8221;2&#8243; carousel_sm=&#8221;1&#8243; gutter_size=&#8221;3&#8243; media_items=&#8221;media|custom_link|original,title&#8221; carousel_interval=&#8221;3000&#8243; carousel_navspeed=&#8221;400&#8243; carousel_nav=&#8221;yes&#8221; carousel_nav_mobile=&#8221;yes&#8221; stage_padding=&#8221;0&#8243; single_text=&#8221;under&#8221; single_shape=&#8221;round&#8221; radius=&#8221;std&#8221; single_overlay_opacity=&#8221;1&#8243; single_h_align=&#8221;center&#8221; single_padding=&#8221;0&#8243; single_title_dimension=&#8221;h6&#8243; single_title_transform=&#8221;uppercase&#8221; single_border=&#8221;yes&#8221; uncode_shortcode_id=&#8221;609551&#8243; single_link=&#8221;url:%2Fproducts%2Fcare-products%2F|title:Care%20Products&#8221; el_class=&#8221;hh-carousel show-nav mobile-nav-only&#8221; items=&#8221;eyIxMTZfaSI6eyJzaW5nbGVfbGluayI6InVybDolMkZybyUyRnByb2R1c2UlMkZwcm9kdXNlbGUtbm9hc3RyZS1kZS1pbmdyaWppcmUlMkZ8dGl0bGU6UHJvZHVzZWxlJTIwbm9hc3RyZSUyMGRlJTIwJUMzJUFFbmdyaWppcmUifSwiMTY1X2kiOnsic2luZ2xlX2xpbmsiOiJ1cmw6JTJGcm8lMkZwcm9kdXNlJTJGcHJvZHVzZWxlLW5vYXN0cmUtZGUtaW5ncmlqaXJlJTJGfHRpdGxlOlByb2R1c2VsZSUyMG5vYXN0cmUlMjBkZSUyMCVDMyVBRW5ncmlqaXJlIn19&#8243;][\/vc_column][\/vc_row][vc_row][vc_column width=&#8221;1\/1&#8243;][uncode_block id=&#8221;137&#8243;][\/vc_column][\/vc_row][vc_row][vc_column width=&#8221;1\/1&#8243;][vc_empty_space empty_h=&#8221;2&#8243;][\/vc_column][\/vc_row][vc_row][vc_column width=&#8221;1\/1&#8243;][uncode_block id=&#8221;69&#8243;][\/vc_column][\/vc_row]<\/p>\n<\/div>","protected":false},"excerpt":{"rendered":"<p>Ne dorim ca tu \u0219i copiii t\u0103i s\u0103 v\u0103 bucura\u021bi de produse: cre\u0103m solu\u021bii inovatoare \u0219i le test\u0103m \u00eempreun\u0103 cu p\u0103rin\u021bii \u0219i copiii, pentru a se potrivi nevoilor vie\u021bii de zi cu zi.<\/p>\n","protected":false},"author":3,"featured_media":0,"parent":0,"menu_order":0,"comment_status":"closed","ping_status":"closed","template":"","meta":{"_acf_changed":false,"footnotes":""},"class_list":["post-2102","page","type-page","status-publish","hentry"],"acf":[],"yoast_head":"<!-- This site is optimized with the Yoast SEO Premium plugin v27.4 (Yoast SEO v27.4) - https:\/\/yoast.com\/product\/yoast-seo-premium-wordpress\/ -->\n<title>Scutece, pantaloni pentru bebelu\u0219i \u0219i multe altele &#183; Helen Harper Soft and Dry<\/title>\n<meta name=\"description\" content=\"Ne dorim ca tu \u0219i copiii t\u0103i s\u0103 v\u0103 bucura\u021bi de produse: cre\u0103m solu\u021bii inovatoare \u0219i le test\u0103m \u00eempreun\u0103 cu p\u0103rin\u021bii \u0219i copiii, pentru a se potrivi nevoilor vie\u021bii de zi cu zi.\" \/>\n<meta name=\"robots\" content=\"index, follow, max-snippet:-1, max-image-preview:large, max-video-preview:-1\" \/>\n<link rel=\"canonical\" href=\"https:\/\/www.helenharperbaby.com\/ro\/produse\/\" \/>\n<meta property=\"og:locale\" content=\"ro_RO\" \/>\n<meta property=\"og:type\" content=\"article\" \/>\n<meta property=\"og:title\" content=\"Produse\" \/>\n<meta property=\"og:description\" content=\"Ne dorim ca tu \u0219i copiii t\u0103i s\u0103 v\u0103 bucura\u021bi de produse: cre\u0103m solu\u021bii inovatoare \u0219i le test\u0103m \u00eempreun\u0103 cu p\u0103rin\u021bii \u0219i copiii, pentru a se potrivi nevoilor vie\u021bii de zi cu zi.\" \/>\n<meta property=\"og:url\" content=\"https:\/\/www.helenharperbaby.com\/ro\/produse\/\" \/>\n<meta property=\"og:site_name\" content=\"Helen Harper Soft and Dry\" \/>\n<meta property=\"article:modified_time\" content=\"2023-06-21T14:52:08+00:00\" \/>\n<meta property=\"og:image\" content=\"https:\/\/www.helenharperbaby.com\/wp-content\/uploads\/2023\/05\/Helen_harper_soft_dry_main_image.jpg\" \/>\n\t<meta property=\"og:image:width\" content=\"1200\" \/>\n\t<meta property=\"og:image:height\" content=\"675\" \/>\n\t<meta property=\"og:image:type\" content=\"image\/jpeg\" \/>\n<meta name=\"twitter:card\" content=\"summary_large_image\" \/>\n<meta name=\"twitter:label1\" content=\"Timp estimat pentru citire\" \/>\n\t<meta name=\"twitter:data1\" content=\"2 minute\" \/>\n<script type=\"application\/ld+json\" class=\"yoast-schema-graph\">{\"@context\":\"https:\\\/\\\/schema.org\",\"@graph\":[{\"@type\":\"WebPage\",\"@id\":\"https:\\\/\\\/www.helenharperbaby.com\\\/ro\\\/produse\\\/\",\"url\":\"https:\\\/\\\/www.helenharperbaby.com\\\/ro\\\/produse\\\/\",\"name\":\"Scutece, pantaloni pentru bebelu\u0219i \u0219i multe altele &#183; Helen Harper Soft and Dry\",\"isPartOf\":{\"@id\":\"https:\\\/\\\/www.helenharperbaby.com\\\/ro\\\/#website\"},\"datePublished\":\"2023-04-25T18:00:43+00:00\",\"dateModified\":\"2023-06-21T14:52:08+00:00\",\"description\":\"Ne dorim ca tu \u0219i copiii t\u0103i s\u0103 v\u0103 bucura\u021bi de produse: cre\u0103m solu\u021bii inovatoare \u0219i le test\u0103m \u00eempreun\u0103 cu p\u0103rin\u021bii \u0219i copiii, pentru a se potrivi nevoilor vie\u021bii de zi cu zi.\",\"breadcrumb\":{\"@id\":\"https:\\\/\\\/www.helenharperbaby.com\\\/ro\\\/produse\\\/#breadcrumb\"},\"inLanguage\":\"ro-RO\",\"potentialAction\":[{\"@type\":\"ReadAction\",\"target\":[\"https:\\\/\\\/www.helenharperbaby.com\\\/ro\\\/produse\\\/\"]}]},{\"@type\":\"BreadcrumbList\",\"@id\":\"https:\\\/\\\/www.helenharperbaby.com\\\/ro\\\/produse\\\/#breadcrumb\",\"itemListElement\":[{\"@type\":\"ListItem\",\"position\":1,\"name\":\"Home\",\"item\":\"https:\\\/\\\/www.helenharperbaby.com\\\/ro\\\/\"},{\"@type\":\"ListItem\",\"position\":2,\"name\":\"Produse\"}]},{\"@type\":\"WebSite\",\"@id\":\"https:\\\/\\\/www.helenharperbaby.com\\\/ro\\\/#website\",\"url\":\"https:\\\/\\\/www.helenharperbaby.com\\\/ro\\\/\",\"name\":\"Helen Harper Baby\",\"description\":\"For moments of pure happiness.\",\"publisher\":{\"@id\":\"https:\\\/\\\/www.helenharperbaby.com\\\/ro\\\/#organization\"},\"potentialAction\":[{\"@type\":\"SearchAction\",\"target\":{\"@type\":\"EntryPoint\",\"urlTemplate\":\"https:\\\/\\\/www.helenharperbaby.com\\\/ro\\\/?s={search_term_string}\"},\"query-input\":{\"@type\":\"PropertyValueSpecification\",\"valueRequired\":true,\"valueName\":\"search_term_string\"}}],\"inLanguage\":\"ro-RO\"},{\"@type\":\"Organization\",\"@id\":\"https:\\\/\\\/www.helenharperbaby.com\\\/ro\\\/#organization\",\"name\":\"Helen Harper Baby\",\"url\":\"https:\\\/\\\/www.helenharperbaby.com\\\/ro\\\/\",\"logo\":{\"@type\":\"ImageObject\",\"inLanguage\":\"ro-RO\",\"@id\":\"https:\\\/\\\/www.helenharperbaby.com\\\/ro\\\/#\\\/schema\\\/logo\\\/image\\\/\",\"url\":\"https:\\\/\\\/www.helenharperbaby.com\\\/wp-content\\\/uploads\\\/2023\\\/04\\\/hh-logo.png\",\"contentUrl\":\"https:\\\/\\\/www.helenharperbaby.com\\\/wp-content\\\/uploads\\\/2023\\\/04\\\/hh-logo.png\",\"width\":350,\"height\":227,\"caption\":\"Helen Harper Baby\"},\"image\":{\"@id\":\"https:\\\/\\\/www.helenharperbaby.com\\\/ro\\\/#\\\/schema\\\/logo\\\/image\\\/\"}}]}<\/script>\n<!-- \/ Yoast SEO Premium plugin. -->","yoast_head_json":{"title":"Scutece, pantaloni pentru bebelu\u0219i \u0219i multe altele &#183; Helen Harper Soft and Dry","description":"Ne dorim ca tu \u0219i copiii t\u0103i s\u0103 v\u0103 bucura\u021bi de produse: cre\u0103m solu\u021bii inovatoare \u0219i le test\u0103m \u00eempreun\u0103 cu p\u0103rin\u021bii \u0219i copiii, pentru a se potrivi nevoilor vie\u021bii de zi cu zi.","robots":{"index":"index","follow":"follow","max-snippet":"max-snippet:-1","max-image-preview":"max-image-preview:large","max-video-preview":"max-video-preview:-1"},"canonical":"https:\/\/www.helenharperbaby.com\/ro\/produse\/","og_locale":"ro_RO","og_type":"article","og_title":"Produse","og_description":"Ne dorim ca tu \u0219i copiii t\u0103i s\u0103 v\u0103 bucura\u021bi de produse: cre\u0103m solu\u021bii inovatoare \u0219i le test\u0103m \u00eempreun\u0103 cu p\u0103rin\u021bii \u0219i copiii, pentru a se potrivi nevoilor vie\u021bii de zi cu zi.","og_url":"https:\/\/www.helenharperbaby.com\/ro\/produse\/","og_site_name":"Helen Harper Soft and Dry","article_modified_time":"2023-06-21T14:52:08+00:00","og_image":[{"width":1200,"height":675,"url":"https:\/\/www.helenharperbaby.com\/wp-content\/uploads\/2023\/05\/Helen_harper_soft_dry_main_image.jpg","type":"image\/jpeg"}],"twitter_card":"summary_large_image","twitter_misc":{"Timp estimat pentru citire":"2 minute"},"schema":{"@context":"https:\/\/schema.org","@graph":[{"@type":"WebPage","@id":"https:\/\/www.helenharperbaby.com\/ro\/produse\/","url":"https:\/\/www.helenharperbaby.com\/ro\/produse\/","name":"Scutece, pantaloni pentru bebelu\u0219i \u0219i multe altele &#183; Helen Harper Soft and Dry","isPartOf":{"@id":"https:\/\/www.helenharperbaby.com\/ro\/#website"},"datePublished":"2023-04-25T18:00:43+00:00","dateModified":"2023-06-21T14:52:08+00:00","description":"Ne dorim ca tu \u0219i copiii t\u0103i s\u0103 v\u0103 bucura\u021bi de produse: cre\u0103m solu\u021bii inovatoare \u0219i le test\u0103m \u00eempreun\u0103 cu p\u0103rin\u021bii \u0219i copiii, pentru a se potrivi nevoilor vie\u021bii de zi cu zi.","breadcrumb":{"@id":"https:\/\/www.helenharperbaby.com\/ro\/produse\/#breadcrumb"},"inLanguage":"ro-RO","potentialAction":[{"@type":"ReadAction","target":["https:\/\/www.helenharperbaby.com\/ro\/produse\/"]}]},{"@type":"BreadcrumbList","@id":"https:\/\/www.helenharperbaby.com\/ro\/produse\/#breadcrumb","itemListElement":[{"@type":"ListItem","position":1,"name":"Home","item":"https:\/\/www.helenharperbaby.com\/ro\/"},{"@type":"ListItem","position":2,"name":"Produse"}]},{"@type":"WebSite","@id":"https:\/\/www.helenharperbaby.com\/ro\/#website","url":"https:\/\/www.helenharperbaby.com\/ro\/","name":"Helen Harper Baby","description":"For moments of pure happiness.","publisher":{"@id":"https:\/\/www.helenharperbaby.com\/ro\/#organization"},"potentialAction":[{"@type":"SearchAction","target":{"@type":"EntryPoint","urlTemplate":"https:\/\/www.helenharperbaby.com\/ro\/?s={search_term_string}"},"query-input":{"@type":"PropertyValueSpecification","valueRequired":true,"valueName":"search_term_string"}}],"inLanguage":"ro-RO"},{"@type":"Organization","@id":"https:\/\/www.helenharperbaby.com\/ro\/#organization","name":"Helen Harper Baby","url":"https:\/\/www.helenharperbaby.com\/ro\/","logo":{"@type":"ImageObject","inLanguage":"ro-RO","@id":"https:\/\/www.helenharperbaby.com\/ro\/#\/schema\/logo\/image\/","url":"https:\/\/www.helenharperbaby.com\/wp-content\/uploads\/2023\/04\/hh-logo.png","contentUrl":"https:\/\/www.helenharperbaby.com\/wp-content\/uploads\/2023\/04\/hh-logo.png","width":350,"height":227,"caption":"Helen Harper Baby"},"image":{"@id":"https:\/\/www.helenharperbaby.com\/ro\/#\/schema\/logo\/image\/"}}]}},"_links":{"self":[{"href":"https:\/\/www.helenharperbaby.com\/ro\/wp-json\/wp\/v2\/pages\/2102","targetHints":{"allow":["GET"]}}],"collection":[{"href":"https:\/\/www.helenharperbaby.com\/ro\/wp-json\/wp\/v2\/pages"}],"about":[{"href":"https:\/\/www.helenharperbaby.com\/ro\/wp-json\/wp\/v2\/types\/page"}],"author":[{"embeddable":true,"href":"https:\/\/www.helenharperbaby.com\/ro\/wp-json\/wp\/v2\/users\/3"}],"replies":[{"embeddable":true,"href":"https:\/\/www.helenharperbaby.com\/ro\/wp-json\/wp\/v2\/comments?post=2102"}],"version-history":[{"count":0,"href":"https:\/\/www.helenharperbaby.com\/ro\/wp-json\/wp\/v2\/pages\/2102\/revisions"}],"wp:attachment":[{"href":"https:\/\/www.helenharperbaby.com\/ro\/wp-json\/wp\/v2\/media?parent=2102"}],"curies":[{"name":"wp","href":"https:\/\/api.w.org\/{rel}","templated":true}]}}