{"id":2238,"date":"2023-04-24T11:35:19","date_gmt":"2023-04-24T11:35:19","guid":{"rendered":"https:\/\/www.helenharperbaby.com\/?page_id=2238"},"modified":"2023-06-22T20:05:12","modified_gmt":"2023-06-22T20:05:12","slug":"home-ro","status":"publish","type":"page","link":"https:\/\/www.helenharperbaby.com\/ro\/","title":{"rendered":"Home &#8211; RO"},"content":{"rendered":"<div class=\"wpb-content-wrapper\"><p>[vc_row row_height_percent=&#8221;0&#8243; override_padding=&#8221;yes&#8221; h_padding=&#8221;2&#8243; top_padding=&#8221;0&#8243; bottom_padding=&#8221;0&#8243; overlay_alpha=&#8221;50&#8243; gutter_size=&#8221;3&#8243; column_width_percent=&#8221;100&#8243; shift_y=&#8221;0&#8243; z_index=&#8221;0&#8243; uncode_shortcode_id=&#8221;975011&#8243; el_id=&#8221;hh-hero&#8221;][vc_column column_width_percent=&#8221;100&#8243; gutter_size=&#8221;3&#8243; overlay_alpha=&#8221;50&#8243; shift_x=&#8221;0&#8243; shift_y=&#8221;0&#8243; shift_y_down=&#8221;0&#8243; z_index=&#8221;0&#8243; medium_width=&#8221;0&#8243; mobile_width=&#8221;0&#8243; css_animation=&#8221;left-t-right&#8221; animation_delay=&#8221;100&#8243; width=&#8221;1\/1&#8243; uncode_shortcode_id=&#8221;519375&#8243;][uncode_slider slider_interval=&#8221;3000&#8243; slider_navspeed=&#8221;400&#8243; slider_loop=&#8221;yes&#8221; slider_hide_arrows=&#8221;yes&#8221; slider_hide_dots=&#8221;yes&#8221;][vc_row_inner row_inner_height_percent=&#8221;0&#8243; back_image=&#8221;33&#8243; overlay_alpha=&#8221;50&#8243; gutter_size=&#8221;3&#8243; shift_y=&#8221;0&#8243; z_index=&#8221;0&#8243; uncode_shortcode_id=&#8221;363790&#8243; el_class=&#8221;slide-1-row hh-hero-slide hh-green-row&#8221;][vc_column_inner width=&#8221;1\/1&#8243;][uncode_block id=&#8221;29&#8243; inside_column=&#8221;yes&#8221;][uncode_block id=&#8221;27&#8243; inside_column=&#8221;yes&#8221;][\/vc_column_inner][\/vc_row_inner][vc_row_inner row_inner_height_percent=&#8221;0&#8243; back_image=&#8221;39&#8243; overlay_alpha=&#8221;50&#8243; gutter_size=&#8221;3&#8243; shift_y=&#8221;0&#8243; z_index=&#8221;0&#8243; uncode_shortcode_id=&#8221;726132&#8243; el_class=&#8221;slide-2-row hh-hero-slide hh-purple-row&#8221;][vc_column_inner width=&#8221;1\/1&#8243;][uncode_block id=&#8221;40&#8243; inside_column=&#8221;yes&#8221;][uncode_block id=&#8221;27&#8243; inside_column=&#8221;yes&#8221;][\/vc_column_inner][\/vc_row_inner][\/uncode_slider][\/vc_column][\/vc_row][vc_row row_height_percent=&#8221;0&#8243; override_padding=&#8221;yes&#8221; h_padding=&#8221;2&#8243; top_padding=&#8221;4&#8243; bottom_padding=&#8221;5&#8243; overlay_alpha=&#8221;50&#8243; gutter_size=&#8221;3&#8243; column_width_percent=&#8221;100&#8243; shift_y=&#8221;0&#8243; z_index=&#8221;0&#8243; uncode_shortcode_id=&#8221;296806&#8243; el_id=&#8221;hh-products&#8221;][vc_column column_width_percent=&#8221;100&#8243; align_horizontal=&#8221;align_center&#8221; gutter_size=&#8221;3&#8243; overlay_alpha=&#8221;50&#8243; shift_x=&#8221;0&#8243; shift_y=&#8221;0&#8243; shift_y_down=&#8221;0&#8243; z_index=&#8221;0&#8243; medium_width=&#8221;0&#8243; mobile_width=&#8221;0&#8243; css_animation=&#8221;alpha-anim&#8221; animation_delay=&#8221;100&#8243; width=&#8221;1\/1&#8243; uncode_shortcode_id=&#8221;925940&#8243;][vc_custom_heading uncode_shortcode_id=&#8221;920143&#8243; el_class=&#8221;center&#8221;]PRODUSELE NOASTRE[\/vc_custom_heading][vc_gallery el_id=&#8221;gallery-home-products&#8221; type=&#8221;carousel&#8221; medias=&#8221;45,46,47&#8243; carousel_lg=&#8221;3&#8243; carousel_md=&#8221;1&#8243; carousel_sm=&#8221;1&#8243; thumb_size=&#8221;one-one&#8221; gutter_size=&#8221;3&#8243; media_items=&#8221;media|custom_link|original,title&#8221; carousel_interval=&#8221;0&#8243; carousel_navspeed=&#8221;400&#8243; carousel_overflow=&#8221;yes&#8221; stage_padding=&#8221;0&#8243; single_text=&#8221;under&#8221; single_shape=&#8221;round&#8221; radius=&#8221;std&#8221; single_overlay_opacity=&#8221;1&#8243; single_overlay_anim=&#8221;no&#8221; single_text_visible=&#8221;yes&#8221; single_text_anim=&#8221;no&#8221; single_h_align=&#8221;center&#8221; single_padding=&#8221;0&#8243; single_title_dimension=&#8221;h6&#8243; single_title_transform=&#8221;uppercase&#8221; single_shadow=&#8221;yes&#8221; shadow_weight=&#8221;std&#8221; single_border=&#8221;yes&#8221; uncode_shortcode_id=&#8221;198323&#8243; el_class=&#8221;show-nav-mobile&#8221; items=&#8221;eyI0NV9pIjp7InNpbmdsZV9saW5rIjoidXJsOiUyRnByb2R1Y3RzJTIzZGlhcGVyc3x0aXRsZTpQcm9kdWN0cyJ9LCI0Nl9pIjp7InNpbmdsZV9saW5rIjoidXJsOiUyRnByb2R1Y3RzJTIzcGFudHMifSwiNDdfaSI6eyJzaW5nbGVfbGluayI6InVybDolMkZwcm9kdWN0cyUyM2NhcmUtcHJvZHVjdHMifX0=&#8221;][vc_button button_color=&#8221;color-magenta&#8221; radius=&#8221;btn-round&#8221; hover_fx=&#8221;full-colored&#8221; border_width=&#8221;0&#8243; scale_mobile=&#8221;no&#8221; link=&#8221;url:https%3A%2F%2Fwww.helenharperbaby.com%2Fro%2Fproduse%2F|title:Products|&#8221; el_class=&#8221;hh-btn-secondary hh-btn center&#8221; uncode_shortcode_id=&#8221;170857&#8243; button_color_type=&#8221;uncode-palette&#8221;]Descoper\u0103 toate produsele[\/vc_button][\/vc_column][\/vc_row][vc_row unlock_row_content=&#8221;yes&#8221; row_height_percent=&#8221;0&#8243; back_color=&#8221;color-light-pink&#8221; overlay_alpha=&#8221;50&#8243; gutter_size=&#8221;3&#8243; column_width_percent=&#8221;100&#8243; shift_y=&#8221;0&#8243; z_index=&#8221;0&#8243; uncode_shortcode_id=&#8221;123009&#8243; back_color_type=&#8221;uncode-palette&#8221;][vc_column width=&#8221;1\/2&#8243;][vc_custom_heading uncode_shortcode_id=&#8221;505301&#8243; el_class=&#8221;hh-mobile&#8221;]About Helen Harper[\/vc_custom_heading][vc_single_image media=&#8221;48&#8243; media_width_percent=&#8221;100&#8243; uncode_shortcode_id=&#8221;166334&#8243;][\/vc_column][vc_column width=&#8221;1\/2&#8243;][vc_custom_heading uncode_shortcode_id=&#8221;705030&#8243; el_class=&#8221;hh-desktop&#8221;]Despre Helen Harper[\/vc_custom_heading][vc_column_text text_color=&#8221;color-dark-blue&#8221; uncode_shortcode_id=&#8221;895753&#8243; text_color_type=&#8221;uncode-palette&#8221;]Nu este nimic mai important pentru o mam\u0103 \u0219i un tat\u0103 dec\u00e2t s\u0103-\u0219i vad\u0103 copilul fericit. Bebelu\u0219ul este fericit atunci c\u00e2nd se simte confortabil, astfel \u00eenc\u00e2t s\u0103 se poat\u0103 bucura pe deplin de descoperirile sale de zi cu zi.\u200b<\/p>\n<p>Helen Harper ofer\u0103 produse de \u00eengrijire a bebelu\u0219ilor de \u00eenalt\u0103 calitate, concepute la standarde europene, pentru a veni \u00een \u00eent\u00e2mpinarea necesit\u0103\u021bilor tuturor bebelu\u0219ilor \u0219i p\u0103rin\u021bilor acestora.\u200b<br \/>\n\u200b<br \/>\nMai mult confort pentru bebelu\u0219i, mai mult confort pentru p\u0103rin\u021bi!\u200b[\/vc_column_text][vc_button button_color=&#8221;color-magenta&#8221; radius=&#8221;btn-round&#8221; hover_fx=&#8221;full-colored&#8221; border_width=&#8221;0&#8243; scale_mobile=&#8221;no&#8221; link=&#8221;url:https%3A%2F%2Fwww.helenharperbaby.com%2Fro%2Fdespre-helen-harper%2F|title:About|&#8221; el_class=&#8221;hh-btn-secondary hh-btn center&#8221; uncode_shortcode_id=&#8221;204193&#8243; button_color_type=&#8221;uncode-palette&#8221;]Afl\u0103 mai multe[\/vc_button][\/vc_column][\/vc_row][vc_row row_height_percent=&#8221;0&#8243; override_padding=&#8221;yes&#8221; h_padding=&#8221;2&#8243; top_padding=&#8221;4&#8243; bottom_padding=&#8221;5&#8243; overlay_alpha=&#8221;50&#8243; gutter_size=&#8221;3&#8243; column_width_percent=&#8221;100&#8243; shift_y=&#8221;0&#8243; z_index=&#8221;0&#8243; uncode_shortcode_id=&#8221;989259&#8243; el_id=&#8221;hh-baby-club&#8221;][vc_column column_width_percent=&#8221;100&#8243; align_horizontal=&#8221;align_center&#8221; gutter_size=&#8221;3&#8243; overlay_alpha=&#8221;50&#8243; shift_x=&#8221;0&#8243; shift_y=&#8221;0&#8243; shift_y_down=&#8221;0&#8243; z_index=&#8221;0&#8243; medium_width=&#8221;0&#8243; mobile_width=&#8221;0&#8243; width=&#8221;1\/1&#8243; uncode_shortcode_id=&#8221;117592&#8243;][vc_custom_heading uncode_shortcode_id=&#8221;198386&#8243; el_class=&#8221;center&#8221;]Clubul bebelu\u0219ilor[\/vc_custom_heading][uncode_index el_id=&#8221;index-blog-roll&#8221; isotope_mode=&#8221;fitRows&#8221; loop=&#8221;size:3|order_by:date|order:DESC|post_type:post|taxonomy_count:10&#8243; screen_lg=&#8221;1000&#8243; screen_md=&#8221;600&#8243; screen_sm=&#8221;480&#8243; gutter_size=&#8221;3&#8243; post_items=&#8221;media|featured|onpost|original,title,category|yesbg|relative|hide-icon,text|excerpt|200&#8243; single_overlay_opacity=&#8221;50&#8243; single_padding=&#8221;0&#8243; uncode_shortcode_id=&#8221;937093&#8243; items=&#8221;e30=&#8221; el_class=&#8221;hh-blog-grid&#8221;][vc_empty_space empty_h=&#8221;2&#8243;][vc_button button_color=&#8221;color-magenta&#8221; radius=&#8221;btn-round&#8221; hover_fx=&#8221;full-colored&#8221; border_width=&#8221;0&#8243; scale_mobile=&#8221;no&#8221; link=&#8221;url:https%3A%2F%2Fwww.helenharperbaby.com%2Fro%2Fclubul-bebelusilor%2F|title:Baby%20Club|&#8221; el_class=&#8221;hh-btn-secondary hh-btn center&#8221; uncode_shortcode_id=&#8221;592796&#8243; button_color_type=&#8221;uncode-palette&#8221;]Consult\u0103 toate articolele[\/vc_button][\/vc_column][\/vc_row][vc_row][vc_column width=&#8221;1\/1&#8243;][uncode_block id=&#8221;69&#8243;][\/vc_column][\/vc_row][vc_row row_height_percent=&#8221;0&#8243; override_padding=&#8221;yes&#8221; h_padding=&#8221;2&#8243; top_padding=&#8221;0&#8243; bottom_padding=&#8221;2&#8243; overlay_alpha=&#8221;50&#8243; gutter_size=&#8221;3&#8243; column_width_percent=&#8221;100&#8243; shift_y=&#8221;0&#8243; z_index=&#8221;0&#8243; uncode_shortcode_id=&#8221;462724&#8243;][vc_column width=&#8221;1\/1&#8243;][vc_empty_space empty_h=&#8221;2&#8243; el_class=&#8221;hh-desktop&#8221;][\/vc_column][\/vc_row]<\/p>\n<\/div>","protected":false},"excerpt":{"rendered":"<p>Helen Harper Soft &#038; Dry ofer\u0103 produse de \u00eengrijire a bebelu\u0219ilor de \u00eenalt\u0103 calitate, la standarde europene, pentru a satisface nevoile bebelu\u0219ilor \u0219i p\u0103rin\u021bilor.\u200b<\/p>\n","protected":false},"author":3,"featured_media":0,"parent":0,"menu_order":0,"comment_status":"closed","ping_status":"closed","template":"","meta":{"_acf_changed":false,"footnotes":""},"class_list":["post-2238","page","type-page","status-publish","hentry"],"acf":[],"yoast_head":"<!-- This site is optimized with the Yoast SEO Premium plugin v27.4 (Yoast SEO v27.4) - https:\/\/yoast.com\/product\/yoast-seo-premium-wordpress\/ -->\n<title>Pentru un moment de fericire pur\u0103 &#183; Helen Harper Soft and Dry<\/title>\n<meta name=\"description\" content=\"Helen Harper Soft &amp; Dry ofer\u0103 produse de \u00eengrijire a bebelu\u0219ilor de \u00eenalt\u0103 calitate, la standarde europene, pentru a satisface nevoile bebelu\u0219ilor \u0219i p\u0103rin\u021bilor.\u200b\" \/>\n<meta name=\"robots\" content=\"index, follow, max-snippet:-1, max-image-preview:large, max-video-preview:-1\" \/>\n<link rel=\"canonical\" href=\"https:\/\/www.helenharperbaby.com\/ro\/\" \/>\n<meta property=\"og:locale\" content=\"ro_RO\" \/>\n<meta property=\"og:type\" content=\"article\" \/>\n<meta property=\"og:title\" content=\"Home - RO\" \/>\n<meta property=\"og:description\" content=\"Helen Harper Soft &amp; Dry ofer\u0103 produse de \u00eengrijire a bebelu\u0219ilor de \u00eenalt\u0103 calitate, la standarde europene, pentru a satisface nevoile bebelu\u0219ilor \u0219i p\u0103rin\u021bilor.\u200b\" \/>\n<meta property=\"og:url\" content=\"https:\/\/www.helenharperbaby.com\/ro\/\" \/>\n<meta property=\"og:site_name\" content=\"Helen Harper Soft and Dry\" \/>\n<meta property=\"article:modified_time\" content=\"2023-06-22T20:05:12+00:00\" \/>\n<meta property=\"og:image\" content=\"https:\/\/www.helenharperbaby.com\/wp-content\/uploads\/2023\/05\/Helen_harper_soft_dry_main_image.jpg\" \/>\n\t<meta property=\"og:image:width\" content=\"1200\" \/>\n\t<meta property=\"og:image:height\" content=\"675\" \/>\n\t<meta property=\"og:image:type\" content=\"image\/jpeg\" \/>\n<meta name=\"twitter:card\" content=\"summary_large_image\" \/>\n<meta name=\"twitter:label1\" content=\"Timp estimat pentru citire\" \/>\n\t<meta name=\"twitter:data1\" content=\"2 minute\" \/>\n<script type=\"application\/ld+json\" class=\"yoast-schema-graph\">{\"@context\":\"https:\\\/\\\/schema.org\",\"@graph\":[{\"@type\":\"WebPage\",\"@id\":\"https:\\\/\\\/www.helenharperbaby.com\\\/ro\\\/\",\"url\":\"https:\\\/\\\/www.helenharperbaby.com\\\/ro\\\/\",\"name\":\"Pentru un moment de fericire pur\u0103 &#183; Helen Harper Soft and Dry\",\"isPartOf\":{\"@id\":\"https:\\\/\\\/www.helenharperbaby.com\\\/ro\\\/#website\"},\"datePublished\":\"2023-04-24T11:35:19+00:00\",\"dateModified\":\"2023-06-22T20:05:12+00:00\",\"description\":\"Helen Harper Soft & Dry ofer\u0103 produse de \u00eengrijire a bebelu\u0219ilor de \u00eenalt\u0103 calitate, la standarde europene, pentru a satisface nevoile bebelu\u0219ilor \u0219i p\u0103rin\u021bilor.\u200b\",\"breadcrumb\":{\"@id\":\"https:\\\/\\\/www.helenharperbaby.com\\\/ro\\\/#breadcrumb\"},\"inLanguage\":\"ro-RO\",\"potentialAction\":[{\"@type\":\"ReadAction\",\"target\":[\"https:\\\/\\\/www.helenharperbaby.com\\\/ro\\\/\"]}]},{\"@type\":\"BreadcrumbList\",\"@id\":\"https:\\\/\\\/www.helenharperbaby.com\\\/ro\\\/#breadcrumb\",\"itemListElement\":[{\"@type\":\"ListItem\",\"position\":1,\"name\":\"Home\",\"item\":\"https:\\\/\\\/www.helenharperbaby.com\\\/ro\\\/\"},{\"@type\":\"ListItem\",\"position\":2,\"name\":\"Home &#8211; RO\"}]},{\"@type\":\"WebSite\",\"@id\":\"https:\\\/\\\/www.helenharperbaby.com\\\/ro\\\/#website\",\"url\":\"https:\\\/\\\/www.helenharperbaby.com\\\/ro\\\/\",\"name\":\"Helen Harper Baby\",\"description\":\"For moments of pure happiness.\",\"publisher\":{\"@id\":\"https:\\\/\\\/www.helenharperbaby.com\\\/ro\\\/#organization\"},\"potentialAction\":[{\"@type\":\"SearchAction\",\"target\":{\"@type\":\"EntryPoint\",\"urlTemplate\":\"https:\\\/\\\/www.helenharperbaby.com\\\/ro\\\/?s={search_term_string}\"},\"query-input\":{\"@type\":\"PropertyValueSpecification\",\"valueRequired\":true,\"valueName\":\"search_term_string\"}}],\"inLanguage\":\"ro-RO\"},{\"@type\":\"Organization\",\"@id\":\"https:\\\/\\\/www.helenharperbaby.com\\\/ro\\\/#organization\",\"name\":\"Helen Harper Baby\",\"url\":\"https:\\\/\\\/www.helenharperbaby.com\\\/ro\\\/\",\"logo\":{\"@type\":\"ImageObject\",\"inLanguage\":\"ro-RO\",\"@id\":\"https:\\\/\\\/www.helenharperbaby.com\\\/ro\\\/#\\\/schema\\\/logo\\\/image\\\/\",\"url\":\"https:\\\/\\\/www.helenharperbaby.com\\\/wp-content\\\/uploads\\\/2023\\\/04\\\/hh-logo.png\",\"contentUrl\":\"https:\\\/\\\/www.helenharperbaby.com\\\/wp-content\\\/uploads\\\/2023\\\/04\\\/hh-logo.png\",\"width\":350,\"height\":227,\"caption\":\"Helen Harper Baby\"},\"image\":{\"@id\":\"https:\\\/\\\/www.helenharperbaby.com\\\/ro\\\/#\\\/schema\\\/logo\\\/image\\\/\"}}]}<\/script>\n<!-- \/ Yoast SEO Premium plugin. -->","yoast_head_json":{"title":"Pentru un moment de fericire pur\u0103 &#183; Helen Harper Soft and Dry","description":"Helen Harper Soft & Dry ofer\u0103 produse de \u00eengrijire a bebelu\u0219ilor de \u00eenalt\u0103 calitate, la standarde europene, pentru a satisface nevoile bebelu\u0219ilor \u0219i p\u0103rin\u021bilor.\u200b","robots":{"index":"index","follow":"follow","max-snippet":"max-snippet:-1","max-image-preview":"max-image-preview:large","max-video-preview":"max-video-preview:-1"},"canonical":"https:\/\/www.helenharperbaby.com\/ro\/","og_locale":"ro_RO","og_type":"article","og_title":"Home - RO","og_description":"Helen Harper Soft & Dry ofer\u0103 produse de \u00eengrijire a bebelu\u0219ilor de \u00eenalt\u0103 calitate, la standarde europene, pentru a satisface nevoile bebelu\u0219ilor \u0219i p\u0103rin\u021bilor.\u200b","og_url":"https:\/\/www.helenharperbaby.com\/ro\/","og_site_name":"Helen Harper Soft and Dry","article_modified_time":"2023-06-22T20:05:12+00:00","og_image":[{"width":1200,"height":675,"url":"https:\/\/www.helenharperbaby.com\/wp-content\/uploads\/2023\/05\/Helen_harper_soft_dry_main_image.jpg","type":"image\/jpeg"}],"twitter_card":"summary_large_image","twitter_misc":{"Timp estimat pentru citire":"2 minute"},"schema":{"@context":"https:\/\/schema.org","@graph":[{"@type":"WebPage","@id":"https:\/\/www.helenharperbaby.com\/ro\/","url":"https:\/\/www.helenharperbaby.com\/ro\/","name":"Pentru un moment de fericire pur\u0103 &#183; Helen Harper Soft and Dry","isPartOf":{"@id":"https:\/\/www.helenharperbaby.com\/ro\/#website"},"datePublished":"2023-04-24T11:35:19+00:00","dateModified":"2023-06-22T20:05:12+00:00","description":"Helen Harper Soft & Dry ofer\u0103 produse de \u00eengrijire a bebelu\u0219ilor de \u00eenalt\u0103 calitate, la standarde europene, pentru a satisface nevoile bebelu\u0219ilor \u0219i p\u0103rin\u021bilor.\u200b","breadcrumb":{"@id":"https:\/\/www.helenharperbaby.com\/ro\/#breadcrumb"},"inLanguage":"ro-RO","potentialAction":[{"@type":"ReadAction","target":["https:\/\/www.helenharperbaby.com\/ro\/"]}]},{"@type":"BreadcrumbList","@id":"https:\/\/www.helenharperbaby.com\/ro\/#breadcrumb","itemListElement":[{"@type":"ListItem","position":1,"name":"Home","item":"https:\/\/www.helenharperbaby.com\/ro\/"},{"@type":"ListItem","position":2,"name":"Home &#8211; RO"}]},{"@type":"WebSite","@id":"https:\/\/www.helenharperbaby.com\/ro\/#website","url":"https:\/\/www.helenharperbaby.com\/ro\/","name":"Helen Harper Baby","description":"For moments of pure happiness.","publisher":{"@id":"https:\/\/www.helenharperbaby.com\/ro\/#organization"},"potentialAction":[{"@type":"SearchAction","target":{"@type":"EntryPoint","urlTemplate":"https:\/\/www.helenharperbaby.com\/ro\/?s={search_term_string}"},"query-input":{"@type":"PropertyValueSpecification","valueRequired":true,"valueName":"search_term_string"}}],"inLanguage":"ro-RO"},{"@type":"Organization","@id":"https:\/\/www.helenharperbaby.com\/ro\/#organization","name":"Helen Harper Baby","url":"https:\/\/www.helenharperbaby.com\/ro\/","logo":{"@type":"ImageObject","inLanguage":"ro-RO","@id":"https:\/\/www.helenharperbaby.com\/ro\/#\/schema\/logo\/image\/","url":"https:\/\/www.helenharperbaby.com\/wp-content\/uploads\/2023\/04\/hh-logo.png","contentUrl":"https:\/\/www.helenharperbaby.com\/wp-content\/uploads\/2023\/04\/hh-logo.png","width":350,"height":227,"caption":"Helen Harper Baby"},"image":{"@id":"https:\/\/www.helenharperbaby.com\/ro\/#\/schema\/logo\/image\/"}}]}},"_links":{"self":[{"href":"https:\/\/www.helenharperbaby.com\/ro\/wp-json\/wp\/v2\/pages\/2238","targetHints":{"allow":["GET"]}}],"collection":[{"href":"https:\/\/www.helenharperbaby.com\/ro\/wp-json\/wp\/v2\/pages"}],"about":[{"href":"https:\/\/www.helenharperbaby.com\/ro\/wp-json\/wp\/v2\/types\/page"}],"author":[{"embeddable":true,"href":"https:\/\/www.helenharperbaby.com\/ro\/wp-json\/wp\/v2\/users\/3"}],"replies":[{"embeddable":true,"href":"https:\/\/www.helenharperbaby.com\/ro\/wp-json\/wp\/v2\/comments?post=2238"}],"version-history":[{"count":0,"href":"https:\/\/www.helenharperbaby.com\/ro\/wp-json\/wp\/v2\/pages\/2238\/revisions"}],"wp:attachment":[{"href":"https:\/\/www.helenharperbaby.com\/ro\/wp-json\/wp\/v2\/media?parent=2238"}],"curies":[{"name":"wp","href":"https:\/\/api.w.org\/{rel}","templated":true}]}}